{"id":6396,"date":"2020-04-02T14:25:23","date_gmt":"2020-04-02T12:25:23","guid":{"rendered":"https:\/\/evc.ee\/?page_id=6396"},"modified":"2024-09-13T13:02:54","modified_gmt":"2024-09-13T10:02:54","slug":"rassrochka","status":"publish","type":"page","link":"https:\/\/evc.ee\/ru\/rassrochka\/","title":{"rendered":"\u0420\u0430\u0441\u0441\u0440\u043e\u0447\u043a\u0430"},"content":{"rendered":"<p>[et_pb_section fb_built=&#187;1&#8243; admin_label=&#187;section&#187; _builder_version=&#187;4.16&#8243; global_colors_info=&#187;{}&#187;][et_pb_row _builder_version=&#187;4.16&#8243; _module_preset=&#187;default&#187; global_colors_info=&#187;{}&#187;][et_pb_column type=&#187;4_4&#8243; _builder_version=&#187;4.16&#8243; _module_preset=&#187;default&#187; global_colors_info=&#187;{}&#187;][et_pb_text _builder_version=&#187;4.16&#8243; _module_preset=&#187;default&#187; global_colors_info=&#187;{}&#187;]<\/p>\n<h1>\u0420\u0430\u0441\u0441\u0440\u043e\u0447\u043a\u0430<\/h1>\n<p>[\/et_pb_text][et_pb_image src=&#187;https:\/\/evc.ee\/wp-content\/uploads\/2022\/02\/unnamed.png&#187; title_text=&#187;unnamed&#187; _builder_version=&#187;4.16&#8243; max_width=&#187;252px&#187; global_colors_info=&#187;{}&#187;][\/et_pb_image][et_pb_toggle title=&#187;\u041f\u043e\u0434\u0440\u043e\u0431\u043d\u0435\u0435 &#8212; \u0440\u0430\u0441\u0441\u0440\u043e\u0447\u043a\u0430 Placet&#187; _builder_version=&#187;4.16&#8243; _module_preset=&#187;default&#187; global_colors_info=&#187;{}&#187;]<iframe loading=\"lazy\" width=\"100%\" height=\"1930\" src=\"https:\/\/partner.laen.ee\/evc\/iframeLarge\"><\/iframe>[\/et_pb_toggle][et_pb_image src=&#187;https:\/\/evc.ee\/wp-content\/uploads\/2021\/07\/medicr.jpg&#187; title_text=&#187;medicr&#187; _builder_version=&#187;4.16&#8243; max_width=&#187;350px&#187; global_colors_info=&#187;{}&#187;][\/et_pb_image][et_pb_toggle title=&#187;\u041f\u043e\u0434\u0440\u043e\u0431\u043d\u0435\u0435 &#8212; \u0440\u0430\u0441\u0441\u0440\u043e\u0447\u043a\u0430 MediCredit&#187; _builder_version=&#187;4.16&#8243; _module_preset=&#187;default&#187; global_colors_info=&#187;{}&#187;]<\/p>\n<h2>MediCrediti soodne j\u00e4relmaks<\/h2>\n<p>VipMedicum pakub koost\u00f6\u00f6s MediCredit O\u00dc\u2019ga head v\u00f5imalust tasuda protseduuride eest osadena ja seda soodsatel tingimustel.<\/p>\n<p><iframe loading=\"lazy\" src=\"https:\/\/www.medicredit.ee\/api\/?showcalc=1&#038;skin=2\" width=\"430\" height=\"250\" style=\"border:0\"><\/iframe><\/p>\n<h3>Miks kasutada MediCredit terviselaenu<\/h3>\n<p><i class=\"fa pink fa-leaf\"><\/i> Laenu summa 150 kuni 6000 euroni<br \/>\n<i class=\"fa pink fa-leaf\"><\/i> Esmane sissemakse 0 eurot<br \/>\n<i class=\"fa pink fa-leaf\"><\/i> Lepingutasu 0 eurot<br \/>\n<i class=\"fa pink fa-leaf\"><\/i> Igakuine haldustasu 0 eurot<br \/>\n<i class=\"fa pink fa-leaf\"><\/i> Soodne intress alates 7%<br \/>\n<i class=\"fa pink fa-leaf\"><\/i> Intressi arvutatakse vaid laenuj\u00e4\u00e4gilt!<br \/>\n<i class=\"fa pink fa-leaf\"><\/i> Laenu v\u00f5id tagasi maksta endale sobiva perioodi jooksul \u2013 3 kuust kuni 4 aastani<br \/>\n<i class=\"fa pink fa-leaf\"><\/i> Muude laenusummade puhul palume kontakteeruda Medicrediti spetsialistidega, et kokku leppida t\u00e4psete kuumaksete osas<\/p>\n<p>MediCredit O\u00dc poolt v\u00e4ljastatav laen on finantskohustus. Soovitame enne laenu taotlemist l\u00e4bi m\u00f5elda oma rahalised v\u00f5imalused ning periood, mille jooksul on v\u00f5imalik laen tagastada. M\u00f5elge oma otsus hoolikalt l\u00e4bi, tutvuge tingimustega ja vajadusel pidage n\u00f5u meie spetsialistidega, kes leiavad Teile sobiva lahenduse. N\u00e4iteks 1200 euro laenamisel 48 kuuks on intress 17,6% aastas laenuj\u00e4\u00e4gilt, sissemakse 0%, lepingutasu 0 eurot, maksete kogusumma 1680 eurot, tasumine igakuiste annuiteetmaksetena 35 eurot kuus. Aastane krediidi kulukuse m\u00e4\u00e4r on 19,1%.[\/et_pb_toggle][et_pb_image src=&#187;https:\/\/www.shop.vipmedicum.ee\/image\/bank\/estojarelmaks-logo.png&#187; _builder_version=&#187;4.16&#8243; max_width=&#187;180px&#187; global_colors_info=&#187;{}&#187;][\/et_pb_image][et_pb_toggle title=&#187;\u041f\u043e\u0434\u0440\u043e\u0431\u043d\u0435\u0435 &#8212; \u0440\u0430\u0441\u0441\u0440\u043e\u0447\u043a\u0430 ESTO&#187; _builder_version=&#187;4.16&#8243; _module_preset=&#187;default&#187; global_colors_info=&#187;{}&#187;]<\/p>\n<p>\u0420\u0430\u0441\u0441\u0440\u043e\u0447\u043a\u0430 ESTO \u2013 \u043d\u0435 \u0445\u043e\u0442\u0438\u0442\u0435 \u043f\u043b\u0430\u0442\u0438\u0442\u044c \u043f\u043e\u043b\u043d\u0443\u044e \u0441\u0443\u043c\u043c\u0443 \u0441\u0440\u0430\u0437\u0443? \u041f\u043b\u0430\u0442\u0438\u0442\u0435 \u0447\u0430\u0441\u0442\u044f\u043c\u0438!<\/p>\n<p>\u0414\u043b\u044f \u043e\u043f\u043b\u0430\u0442\u044b \u0442\u043e\u0432\u0430\u0440\u043e\u0432 \u0438\u043b\u0438 \u0443\u0441\u043b\u0443\u0433, \u0438\u0441\u043f\u043e\u043b\u044c\u0437\u0443\u0439\u0442\u0435 \u0440\u0430\u0441\u0441\u0440\u043e\u0447\u043a\u0443 ESTO &#8212; \u0441\u0430\u043c\u0430\u044f \u0434\u043e\u0441\u0442\u0443\u043f\u043d\u0430\u044f, \u0443\u0434\u043e\u0431\u043d\u0430\u044f \u0438 \u0431\u044b\u0441\u0442\u0440\u0430\u044f \u0441\u0441\u044b\u043b\u043a\u0430<\/p>\n<p>\u0440\u0430\u0441\u0441\u0440\u043e\u0447\u043a\u0438 \u0432 \u042d\u0441\u0442\u043e\u043d\u0438\u0438!<\/p>\n<p>\u0414\u043e\u0431\u0430\u0432\u044c\u0442\u0435 \u0442\u043e\u0432\u0430\u0440\u044b \u0432 \u043a\u043e\u0440\u0437\u0438\u043d\u0443, \u043f\u043e\u0434\u0442\u0432\u0435\u0440\u0434\u0438\u0442\u0435 \u0441\u0432\u043e\u0439 \u0437\u0430\u043a\u0430\u0437 \u0438 \u0432\u044b\u0431\u0435\u0440\u0438\u0442\u0435 \u0441\u0441\u044b\u043b\u043a\u0443 \u0440\u0430\u0441\u0441\u0440\u043e\u0447\u043a\u0438 ESTO \u0438\u0437 \u0441\u043f\u043e\u0441\u043e\u0431\u043e\u0432 \u043e\u043f\u043b\u0430\u0442\u044b. \u0414\u043b\u044f \u043e\u043f\u043b\u0430\u0442\u044b \u0432\u044b\u0431\u0435\u0440\u0438\u0442\u0435 \u0441\u043e\u043e\u0442\u0432\u0435\u0442\u0441\u0442\u0432\u0443\u044e\u0449\u0438\u0439 \u043f\u0435\u0440\u0438\u043e\u0434, \u0435\u0436\u0435\u043c\u0435\u0441\u044f\u0447\u043d\u0443\u044e \u0441\u0443\u043c\u043c\u0443 \u0440\u0430\u0441\u0441\u0440\u043e\u0447\u043a\u0438 \u0438 \u043f\u043e\u0434\u043f\u0438\u0448\u0438\u0442\u0435 \u0434\u0438\u0433\u0438\u0442\u0430\u043b\u044c\u043d\u043e \u0441 \u043f\u043e\u043c\u043e\u0449\u044c\u044e ID-\u043a\u0430\u0440\u0442\u044b \u0438\u043b\u0438 Mobiili-ID. \u0420\u0430\u0441\u0441\u0440\u043e\u0447\u043a\u0430 ESTO &#8212; \u044d\u0442\u043e \u0447\u0440\u0435\u0437\u0432\u044b\u0447\u0430\u0439\u043d\u043e \u0431\u044b\u0441\u0442\u0440\u043e\u0435 \u0438 \u0443\u0434\u043e\u0431\u043d\u043e\u0435 \u043f\u043b\u0430\u0442\u0435\u0436\u043d\u043e\u0435 \u0440\u0435\u0448\u0435\u043d\u0438\u0435, \u043a\u043e\u0442\u043e\u0440\u043e\u0435 \u043f\u043e\u043c\u043e\u0436\u0435\u0442 \u0432\u0430\u043c \u043f\u043e\u0434\u0433\u043e\u0442\u043e\u0432\u0438\u0442\u044c \u0433\u0440\u0430\u0444\u0438\u043a \u043f\u043b\u0430\u0442\u0435\u0436\u0435\u0439 \u043d\u0430 \u043e\u0441\u043d\u043e\u0432\u0435 \u0432\u044b\u0431\u0440\u0430\u043d\u043d\u043e\u0433\u043e \u0432\u0430\u043c\u0438 \u043f\u0435\u0440\u0438\u043e\u0434\u0430, \u0442\u043e \u0435\u0441\u0442\u044c \u043f\u043b\u0430\u0442\u0438\u0442\u044c \u0447\u0430\u0441\u0442\u044f\u043c\u0438. \u042d\u0442\u043e \u043f\u043b\u0430\u0442\u0435\u0436\u043d\u043e\u0435 \u0440\u0435\u0448\u0435\u043d\u0438\u0435 \u043f\u0440\u0438\u043d\u0438\u043c\u0430\u0435\u0442 \u043a\u0440\u0435\u0434\u0438\u0442\u043d\u043e\u0435 \u0440\u0435\u0448\u0435\u043d\u0438\u0435 \u0432 \u0440\u0435\u0430\u043b\u044c\u043d\u043e\u043c \u0432\u0440\u0435\u043c\u0435\u043d\u0438 \u0438 \u043f\u043e\u043c\u043e\u0433\u0430\u0435\u0442 \u0441\u043e\u0432\u0435\u0440\u0448\u0438\u0442\u044c \u043f\u043e\u043a\u0443\u043f\u043a\u0443 \u043c\u0435\u043d\u0435\u0435 \u0447\u0435\u043c \u0437\u0430 60 \u0441\u0435\u043a\u0443\u043d\u0434.<\/p>\n<p>\u0412\u041d\u0418\u041c\u0410\u041d\u0418\u0415! \u041a\u0430\u0436\u0434\u0430\u044f \u0440\u0430\u0441\u0441\u0440\u043e\u0447\u043a\u0430 \u043f\u0440\u0435\u0434\u0441\u0442\u0430\u0432\u043b\u044f\u0435\u0442 \u0441\u043e\u0431\u043e\u0439 \u0444\u0438\u043d\u0430\u043d\u0441\u043e\u0432\u043e\u0435 \u043e\u0431\u044f\u0437\u0430\u0442\u0435\u043b\u044c\u0441\u0442\u0432\u043e. \u041f\u0440\u0435\u0436\u0434\u0435 \u0447\u0435\u043c \u0437\u0430\u043a\u043b\u044e\u0447\u0430\u0442\u044c \u0434\u043e\u0433\u043e\u0432\u043e\u0440 \u0440\u0430\u0441\u0441\u0440\u043e\u0447\u043a\u0438, \u043e\u0437\u043d\u0430\u043a\u043e\u043c\u044c\u0442\u0435\u0441\u044c \u0441 \u0443\u0441\u043b\u043e\u0432\u0438\u044f\u043c\u0438 \u0443\u0441\u043b\u0443\u0433\u0438 \u0438 \u043f\u0440\u0438 \u043d\u0435\u043e\u0431\u0445\u043e\u0434\u0438\u043c\u043e\u0441\u0442\u0438 \u043e\u0431\u0440\u0430\u0442\u0438\u0442\u0435\u0441\u044c \u043a \u044d\u043a\u0441\u043f\u0435\u0440\u0442\u0443.<\/p>\n<p>\u041f\u043e\u0441\u0442\u0430\u0432\u0449\u0438\u043a \u0443\u0441\u043b\u0443\u0433\u0438 \u0440\u0430\u0441\u0441\u0440\u043e\u0447\u043a\u0438 EST\u041e \u044f\u0432\u043b\u044f\u0435\u0442\u0441\u044f ESTO AS (\u0440\u0435\u0433. \u043a\u043e\u0434 14180709).<\/p>\n<p>\u0420\u0435\u0433\u0443\u043b\u044f\u0440\u043d\u044b\u0435 \u0443\u0441\u043b\u043e\u0432\u0438\u044f \u0440\u0430\u0441\u0441\u0440\u043e\u0447\u043a\u0438 ESTO \u0437\u0430\u043a\u043b\u044e\u0447\u0430\u044e\u0442\u0441\u044f \u0432 \u0441\u043b\u0435\u0434\u0443\u044e\u0449\u0435\u043c:<br \/>\n\u2022 \u0418\u043d\u0442\u0440\u0435\u0441\u0441 \u043e\u0442 0%<br \/>\n\u2022 \u041a\u043e\u043d\u0442\u0440\u0430\u043a\u0442\u043d\u044b\u0439 \u0441\u0431\u043e\u0440 \u043e\u0442 0 \u0435\u0432\u0440\u043e<br \/>\n\u2022 \u041f\u0435\u0440\u0438\u043e\u0434 \u0434\u043e 4 \u043b\u0435\u0442<\/p>\n<p>\u0412\u0441\u0435 \u0433\u0440\u0430\u0436\u0434\u0430\u043d\u0435 \u042d\u0441\u0442\u043e\u043d\u0441\u043a\u043e\u0439 \u0420\u0435\u0441\u043f\u0443\u0431\u043b\u0438\u043a\u0438 \u0432 \u0432\u043e\u0437\u0440\u0430\u0441\u0442\u0435 \u043e\u0442 18 \u0434\u043e 70 \u043b\u0435\u0442 \u043c\u043e\u0433\u0443\u0442 \u043f\u043e\u0434\u0430\u0442\u044c \u0437\u0430\u044f\u0432\u043a\u0443 \u043d\u0430 \u0440\u0430\u0441\u0441\u0440\u043e\u0447\u043a\u0443 ESTO.<\/p>\n<p>\u041a\u0430\u0436\u0434\u043e\u0435 \u0444\u0438\u043d\u0430\u043d\u0441\u043e\u0432\u043e\u0435 \u0440\u0435\u0448\u0435\u043d\u0438\u0435 \u0441\u0432\u044f\u0437\u0430\u043d\u043e \u0441 \u0440\u0438\u0441\u043a\u0430\u043c\u0438 \u0438 \u043e\u0431\u044f\u0437\u0430\u0442\u0435\u043b\u044c\u0441\u0442\u0432\u0430\u043c\u0438, \u0438 \u043f\u043e\u044d\u0442\u043e\u043c\u0443 \u043c\u044b \u0442\u0440\u0435\u0431\u0443\u0435\u043c \u0442\u0449\u0430\u0442\u0435\u043b\u044c\u043d\u043e\u0433\u043e \u0440\u0430\u0441\u0441\u043c\u043e\u0442\u0440\u0435\u043d\u0438\u044f \u043d\u0435\u043e\u0431\u0445\u043e\u0434\u0438\u043c\u043e\u0441\u0442\u0438 \u043f\u043e\u0442\u0440\u0435\u0431\u043b\u0435\u043d\u0438\u044f \u043a\u0440\u0435\u0434\u0438\u0442\u043d\u044b\u0445 \u043f\u0440\u043e\u0434\u0443\u043a\u0442\u043e\u0432. \u041d\u0430\u043f\u0440\u0438\u043c\u0435\u0440, \u0434\u043b\u044f \u043a\u0440\u0435\u0434\u0438\u0442\u0430 \u0432 \u0440\u0430\u0437\u043c\u0435\u0440\u0435 2049 \u0435\u0432\u0440\u043e \u043d\u0430 12 \u043c\u0435\u0441\u044f\u0446\u0435\u0432 \u0441 \u0444\u0438\u043a\u0441\u0438\u0440\u043e\u0432\u0430\u043d\u043d\u043e\u0439 \u043f\u0440\u043e\u0446\u0435\u043d\u0442\u043d\u043e\u0439 \u0441\u0442\u0430\u0432\u043a\u043e\u0439 \u0432 \u0440\u0430\u0437\u043c\u0435\u0440\u0435 14.90% \u043e\u0442 \u043f\u0435\u0440\u0432\u043e\u043d\u0430\u0447\u0430\u043b\u044c\u043d\u043e\u0439 \u0441\u0443\u043c\u043c\u044b \u0432 \u0433\u043e\u0434, \u0441 \u043a\u043e\u043d\u0442\u0440\u0430\u043a\u0442\u043d\u043e\u0439 \u043f\u043b\u0430\u0442\u043e\u0439 \u0432 \u0440\u0430\u0437\u043c\u0435\u0440\u0435 14.90 \u0435\u0432\u0440\u043e, \u0441\u043e\u0441\u0442\u0430\u0432\u043b\u044f\u0435\u0442 \u0441\u0442\u043e\u0438\u043c\u043e\u0441\u0442\u044c \u043a\u0440\u0435\u0434\u0438\u0442\u0430 34.74%, \u0435\u0436\u0435\u043c\u0435\u0441\u044f\u0447\u043d\u044b\u0439 \u043f\u043b\u0430\u0442\u0435\u0436 \u0432 \u0440\u0430\u0437\u043c\u0435\u0440\u0435 146.37 \u0435\u0432\u0440\u043e.[\/et_pb_toggle][et_pb_image src=&#187;https:\/\/evc.ee\/wp-content\/uploads\/2024\/09\/liisi.jpg&#187; title_text=&#187;liisi&#187; _builder_version=&#187;4.26.0&#8243; max_width=&#187;170px&#187; hover_enabled=&#187;0&#8243; global_colors_info=&#187;{}&#187; sticky_enabled=&#187;0&#8243;][\/et_pb_image][et_pb_toggle title=&#187;\u041f\u043e\u0434\u0440\u043e\u0431\u043d\u0435\u0435 &#8212; \u0440\u0430\u0441\u0441\u0440\u043e\u0447\u043a\u0430 Liisi&#187; _builder_version=&#187;4.16&#8243; _module_preset=&#187;default&#187; global_colors_info=&#187;{}&#187;]<a href=\"https:\/\/evc.ee\/wp-content\/uploads\/2021\/07\/liisijpg.jpg\"><img loading=\"lazy\" decoding=\"async\" src=\"https:\/\/evc.ee\/wp-content\/uploads\/2021\/07\/liisijpg.jpg\" width=\"691\" height=\"567\" alt=\"-\" class=\"wp-image-8222 alignleft size-full\" srcset=\"https:\/\/evc.ee\/wp-content\/uploads\/2021\/07\/liisijpg.jpg 691w, https:\/\/evc.ee\/wp-content\/uploads\/2021\/07\/liisijpg-480x394.jpg 480w\" sizes=\"(min-width: 0px) and (max-width: 480px) 480px, (min-width: 481px) 691px, 100vw\" \/><\/a>[\/et_pb_toggle][\/et_pb_column][\/et_pb_row][\/et_pb_section]<\/p>\n","protected":false},"excerpt":{"rendered":"<p>\u0420\u0430\u0441\u0441\u0440\u043e\u0447\u043a\u0430MediCrediti soodne j\u00e4relmaks VipMedicum pakub koost\u00f6\u00f6s MediCredit O\u00dc\u2019ga head v\u00f5imalust tasuda protseduuride eest osadena ja seda soodsatel tingimustel. Miks kasutada MediCredit terviselaenu Laenu summa 150 kuni 6000 euroni Esmane sissemakse 0 eurot Lepingutasu 0 eurot Igakuine haldustasu 0 eurot Soodne intress alates 7% Intressi arvutatakse vaid laenuj\u00e4\u00e4gilt! Laenu v\u00f5id tagasi maksta endale sobiva perioodi jooksul [&hellip;]<\/p>\n","protected":false},"author":2,"featured_media":0,"parent":0,"menu_order":0,"comment_status":"closed","ping_status":"closed","template":"","meta":{"_et_pb_use_builder":"on","_et_pb_old_content":"","_et_gb_content_width":"","footnotes":""},"dipi_cpt_category":[],"class_list":["post-6396","page","type-page","status-publish","hentry"],"_links":{"self":[{"href":"https:\/\/evc.ee\/ru\/wp-json\/wp\/v2\/pages\/6396","targetHints":{"allow":["GET"]}}],"collection":[{"href":"https:\/\/evc.ee\/ru\/wp-json\/wp\/v2\/pages"}],"about":[{"href":"https:\/\/evc.ee\/ru\/wp-json\/wp\/v2\/types\/page"}],"author":[{"embeddable":true,"href":"https:\/\/evc.ee\/ru\/wp-json\/wp\/v2\/users\/2"}],"replies":[{"embeddable":true,"href":"https:\/\/evc.ee\/ru\/wp-json\/wp\/v2\/comments?post=6396"}],"version-history":[{"count":5,"href":"https:\/\/evc.ee\/ru\/wp-json\/wp\/v2\/pages\/6396\/revisions"}],"predecessor-version":[{"id":16665,"href":"https:\/\/evc.ee\/ru\/wp-json\/wp\/v2\/pages\/6396\/revisions\/16665"}],"wp:attachment":[{"href":"https:\/\/evc.ee\/ru\/wp-json\/wp\/v2\/media?parent=6396"}],"wp:term":[{"taxonomy":"dipi_cpt_category","embeddable":true,"href":"https:\/\/evc.ee\/ru\/wp-json\/wp\/v2\/dipi_cpt_category?post=6396"}],"curies":[{"name":"wp","href":"https:\/\/api.w.org\/{rel}","templated":true}]}}