{"id":5148,"date":"2019-01-28T11:37:26","date_gmt":"2019-01-28T09:37:26","guid":{"rendered":"https:\/\/evc.ee\/pakkume-tood\/"},"modified":"2021-10-04T15:16:29","modified_gmt":"2021-10-04T13:16:29","slug":"predlagaem-raboty","status":"publish","type":"page","link":"https:\/\/evc.ee\/ru\/predlagaem-raboty\/","title":{"rendered":"\u041f\u0440\u0435\u0434\u043b\u0430\u0433\u0430\u0435\u043c \u0440\u0430\u0431\u043e\u0442\u0443"},"content":{"rendered":"<p>[et_pb_section fb_built=&#187;1&#8243; _builder_version=&#187;3.22&#8243; global_colors_info=&#187;{}&#187;][et_pb_row _builder_version=&#187;3.25&#8243; background_size=&#187;initial&#187; background_position=&#187;top_left&#187; background_repeat=&#187;repeat&#187; global_colors_info=&#187;{}&#187;][et_pb_column type=&#187;4_4&#8243; _builder_version=&#187;3.25&#8243; custom_padding=&#187;|||&#187; global_colors_info=&#187;{}&#187; custom_padding__hover=&#187;|||&#187;][et_pb_text _builder_version=&#187;3.27.4&#8243; header_text_align=&#187;center&#187; text_orientation=&#187;center&#187; global_colors_info=&#187;{}&#187;]<\/p>\n<h1>\u0416\u0414\u0415\u041c \u0412 \u041d\u0410\u0428\u0423 \u041a\u041e\u041c\u0410\u041d\u0414\u0423 \u041f\u0420\u0418\u0412\u0415\u0422\u041b\u0418\u0412\u042b\u0425 \u0418 \u041f\u041e\u0417\u0418\u0422\u0418\u0412\u041d\u042b\u0425 \u0410\u0414\u041c\u0418\u041d\u0418\u0421\u0422\u0420\u0410\u0422\u041e\u0420\u041e\u0412<\/h1>\n<p>[\/et_pb_text][\/et_pb_column][\/et_pb_row][et_pb_row column_structure=&#187;1_3,1_3,1_3&#8243; _builder_version=&#187;3.25&#8243; background_size=&#187;initial&#187; background_position=&#187;top_left&#187; background_repeat=&#187;repeat&#187; global_colors_info=&#187;{}&#187;][et_pb_column type=&#187;1_3&#8243; _builder_version=&#187;3.25&#8243; custom_padding=&#187;|||&#187; global_colors_info=&#187;{}&#187; custom_padding__hover=&#187;|||&#187;][\/et_pb_column][et_pb_column type=&#187;1_3&#8243; _builder_version=&#187;3.25&#8243; custom_padding=&#187;|||&#187; global_colors_info=&#187;{}&#187; custom_padding__hover=&#187;|||&#187;][et_pb_image src=&#187;https:\/\/evc.ee\/wp-content\/uploads\/2017\/09\/logo.png&#187; align_tablet=&#187;center&#187; align_phone=&#187;&#187; align_last_edited=&#187;on|desktop&#187; _builder_version=&#187;3.23&#8243; global_colors_info=&#187;{}&#187;][\/et_pb_image][\/et_pb_column][et_pb_column type=&#187;1_3&#8243; _builder_version=&#187;3.25&#8243; custom_padding=&#187;|||&#187; global_colors_info=&#187;{}&#187; custom_padding__hover=&#187;|||&#187;][\/et_pb_column][\/et_pb_row][et_pb_row _builder_version=&#187;3.25&#8243; background_size=&#187;initial&#187; background_position=&#187;top_left&#187; background_repeat=&#187;repeat&#187; global_colors_info=&#187;{}&#187;][et_pb_column type=&#187;4_4&#8243; _builder_version=&#187;3.25&#8243; custom_padding=&#187;|||&#187; global_colors_info=&#187;{}&#187; custom_padding__hover=&#187;|||&#187;][et_pb_text _builder_version=&#187;4.9.3&#8243; header_text_align=&#187;center&#187; text_orientation=&#187;center&#187; global_colors_info=&#187;{}&#187;]Estonian Vein Clinic &#8212; \u044d\u0442\u043e \u0441\u043e\u0432\u043c\u0435\u0441\u0442\u043d\u044b\u0439 \u043f\u0440\u043e\u0435\u043a\u0442 \u043a\u043b\u0438\u043d\u0438\u043a\u0438 \u043a\u0440\u0430\u0441\u043e\u0442\u044b vipMedicum \u0438 \u043b\u0430\u0442\u0432\u0438\u0439\u0441\u043a\u043e\u0439 \u043a\u043e\u043c\u043f\u0430\u043d\u0438\u0438 Balti Veeniklinik. Estonian Vein Clinic \u043f\u0440\u0435\u0434\u043b\u0430\u0433\u0430\u0435\u0442 \u0441\u0432\u043e\u0438\u043c \u043f\u0430\u0446\u0438\u0435\u043d\u0442\u0430\u043c \u0441\u0430\u043c\u044b\u0435 \u0441\u043e\u0432\u0440\u0435\u043c\u0435\u043d\u043d\u044b\u0435 \u043c\u0435\u0442\u043e\u0434\u044b \u0434\u0438\u0430\u0433\u043d\u043e\u0441\u0442\u0438\u043a\u0438 \u0438 \u043b\u0435\u0447\u0435\u043d\u0438\u044f \u0432\u0435\u043d\u043e\u0437\u043d\u044b\u0445 \u0437\u0430\u0431\u043e\u043b\u0435\u0432\u0430\u043d\u0438\u0439.<\/p>\n<p>Estonian Vein Clinic \u043e\u0441\u043d\u043e\u0432\u0430\u043d\u0430 \u043d\u0430 \u043c\u0435\u0436\u0434\u0443\u043d\u0430\u0440\u043e\u0434\u043d\u044b\u0445 \u0441\u0442\u0430\u043d\u0434\u0430\u0440\u0442\u0430\u0445 \u0438 \u0440\u0443\u043a\u043e\u0432\u043e\u0434\u0441\u0442\u0432\u0430\u0445 \u043f\u043e \u043b\u0435\u0447\u0435\u043d\u0438\u044e, \u043f\u0440\u0435\u0434\u043b\u0430\u0433\u0430\u044f \u0442\u043e\u043b\u044c\u043a\u043e \u0441\u0430\u043c\u044b\u0435 \u043f\u043e\u0441\u043b\u0435\u0434\u043d\u0438\u0435 \u0438 \u043f\u0440\u043e\u0432\u0435\u0440\u0435\u043d\u043d\u044b\u0435 \u043c\u0435\u0442\u043e\u0434\u044b \u043b\u0435\u0447\u0435\u043d\u0438\u044f \u0432\u0430\u0440\u0438\u043a\u043e\u0437\u043d\u043e\u0433\u043e \u0440\u0430\u0441\u0448\u0438\u0440\u0435\u043d\u0438\u044f \u0432\u0435\u043d.<\/p>\n<p>\u041d\u0430\u0448\u0430 \u043a\u043e\u043c\u0430\u043d\u0434\u0430 \u043e\u043f\u044b\u0442\u043d\u044b\u0445 \u0445\u0438\u0440\u0443\u0440\u0433\u043e\u0432, \u043c\u0435\u0434\u0441\u0435\u0441\u0442\u0435\u0440 \u0438 \u0430\u0441\u0441\u0438\u0441\u0442\u0435\u043d\u0442\u043e\u0432 \u043f\u043e\u0437\u0430\u0431\u043e\u0442\u0438\u0442\u0441\u044f \u043e \u0442\u043e\u043c, \u0447\u0442\u043e\u0431\u044b \u043f\u0430\u0446\u0438\u0435\u043d\u0442\u044b \u0447\u0443\u0432\u0441\u0442\u0432\u043e\u0432\u0430\u043b\u0438 \u0441\u0435\u0431\u044f \u0431\u0435\u0437\u043e\u043f\u0430\u0441\u043d\u043e \u0438 \u043a\u043e\u043c\u0444\u043e\u0440\u0442\u043d\u043e \u0432 \u0442\u0435\u0447\u0435\u043d\u0438\u0435 \u0432\u0441\u0435\u0433\u043e \u043f\u0435\u0440\u0438\u043e\u0434\u0430 \u043b\u0435\u0447\u0435\u043d\u0438\u044f.<br \/>\n[\/et_pb_text][\/et_pb_column][\/et_pb_row][et_pb_row column_structure=&#187;1_2,1_2&#8243; _builder_version=&#187;3.25&#8243; global_colors_info=&#187;{}&#187;][et_pb_column type=&#187;1_2&#8243; _builder_version=&#187;3.25&#8243; custom_padding=&#187;|||&#187; global_colors_info=&#187;{}&#187; custom_padding__hover=&#187;|||&#187;][et_pb_image src=&#187;https:\/\/evc.ee\/wp-content\/uploads\/2021\/07\/Teal-Typewriter-Job-Vacancy-Announcement.png&#187; title_text=&#187;Teal Typewriter Job Vacancy Announcement&#187; _builder_version=&#187;4.9.3&#8243; _module_preset=&#187;default&#187; global_colors_info=&#187;{}&#187;][\/et_pb_image][\/et_pb_column][et_pb_column type=&#187;1_2&#8243; _builder_version=&#187;3.25&#8243; custom_padding=&#187;|||&#187; global_colors_info=&#187;{}&#187; custom_padding__hover=&#187;|||&#187;][et_pb_blurb title=&#187;P\u00f5hilised t\u00f6\u00f6\u00fclesanded:&#187; use_icon=&#187;on&#187; font_icon=&#187;%%290%%&#187; icon_placement=&#187;left&#187; content_max_width=&#187;1100px&#187; _builder_version=&#187;4.9.3&#8243; global_colors_info=&#187;{}&#187;]- s\u00f5bralik klientide vastuv\u00f5tt ja n\u00f5ustamine;<br \/>\n&#8212; kohene reageerimine telefonik\u00f5nedele ja e-kirjadele;<br \/>\n&#8212; teabe operatiivne t\u00f6\u00f6tlemine ja edastamine;<br \/>\n&#8212; kliiniku personali katkematu t\u00f6\u00f6 korraldamine;<br \/>\n&#8212; teenuste ja toodete m\u00fc\u00fck ja tutvustamine;<br \/>\n&#8212; andmete sisestamine arvutiprogrammi ja \u00f5igete arvete esitamine.[\/et_pb_blurb][et_pb_blurb title=&#187;N\u00f5uded kandidaadile:&#187; use_icon=&#187;on&#187; font_icon=&#187;%%171%%&#187; icon_placement=&#187;left&#187; content_max_width=&#187;1100px&#187; use_icon_font_size=&#187;on&#187; _builder_version=&#187;4.9.3&#8243; global_colors_info=&#187;{}&#187;]- positiivne ja elur\u00f5\u00f5mus hoiak;<br \/>\n&#8212; ausus, kohusetundlikkus, pingetaluvus;<br \/>\n&#8212; hea suhtlemis- ja kuulamisoskus;<br \/>\n&#8212; klienditeeninduse kogemusega;<br \/>\n&#8212; v\u00e4ga hea eesti ja vene keele oskus nii ko\u0303nes kui ka kirjas, kasuks tuleb inglise ja soome keelte oskus;<br \/>\n&#8212; arvuti- ja kontoriseadmete hea k\u00e4sitlemise oskus;<br \/>\n&#8212; valmis t\u00f6\u00f6tama graafiku alusel.[\/et_pb_blurb][et_pb_blurb title=&#187;Omalt poolt pakume:&#187; use_icon=&#187;on&#187; font_icon=&#187;%%49%%&#187; icon_placement=&#187;left&#187; content_max_width=&#187;1100px&#187; use_icon_font_size=&#187;on&#187; _builder_version=&#187;4.10.4&#8243; hover_enabled=&#187;0&#8243; global_colors_info=&#187;{}&#187; sticky_enabled=&#187;0&#8243;]- \u00e4gedat meeskonda, toetust sisse elamisel ning vajalikku koolitust;<br \/>\n&#8212; t\u00f6\u00f6alast arengut ja v\u00f5imalusi mitmekesiseks t\u00f6\u00f6ks;<br \/>\n&#8212; kaasaegseid t\u00f6\u00f6tingimusi, paindliku graafikuga t\u00f6\u00f6aega;<br \/>\n&#8212; firmasiseseid soodustusi ja \u00fchis\u00fcritusi.[\/et_pb_blurb][\/et_pb_column][\/et_pb_row][et_pb_row _builder_version=&#187;3.25&#8243; background_size=&#187;initial&#187; background_position=&#187;top_left&#187; background_repeat=&#187;repeat&#187; global_colors_info=&#187;{}&#187;][et_pb_column type=&#187;4_4&#8243; _builder_version=&#187;3.25&#8243; custom_padding=&#187;|||&#187; global_colors_info=&#187;{}&#187; custom_padding__hover=&#187;|||&#187;][et_pb_text _builder_version=&#187;4.9.3&#8243; header_text_align=&#187;center&#187; header_3_text_color=&#187;#97cc06&#8243; text_orientation=&#187;center&#187; global_colors_info=&#187;{}&#187;]\u0415\u0441\u043b\u0438 \u0432\u044b \u0447\u0443\u0432\u0441\u0442\u0432\u0443\u0435\u0442\u0435, \u0447\u0442\u043e \u043c\u043e\u0436\u0435\u0442\u0435 \u0441\u0442\u0430\u0442\u044c \u0447\u0430\u0441\u0442\u044c\u044e \u043d\u0430\u0448\u0435\u0439 \u043f\u0440\u043e\u0444\u0435\u0441\u0441\u0438\u043e\u043d\u0430\u043b\u044c\u043d\u043e\u0439 \u0438 \u0442\u0440\u0443\u0434\u043e\u043b\u044e\u0431\u0438\u0432\u043e\u0439 \u043a\u043e\u043c\u0430\u043d\u0434\u044b, \u043e\u0442\u043f\u0440\u0430\u0432\u044c\u0442\u0435 \u043d\u0430\u043c \u0441\u0432\u043e\u0435 \u0440\u0435\u0437\u044e\u043c\u0435 \u043f\u043e \u0430\u0434\u0440\u0435\u0441\u0443 olga@evc.ee[\/et_pb_text][\/et_pb_column][\/et_pb_row][et_pb_row column_structure=&#187;1_2,1_2&#8243; _builder_version=&#187;3.25&#8243; global_colors_info=&#187;{}&#187;][et_pb_column type=&#187;1_2&#8243; _builder_version=&#187;3.25&#8243; custom_padding=&#187;|||&#187; global_colors_info=&#187;{}&#187; custom_padding__hover=&#187;|||&#187;][et_pb_text _builder_version=&#187;3.27.4&#8243; global_colors_info=&#187;{}&#187;]\n<div class=\"wpcf7 no-js\" id=\"wpcf7-f5150-o1\" lang=\"en-US\" dir=\"ltr\" data-wpcf7-id=\"5150\">\n<div class=\"screen-reader-response\"><p role=\"status\" aria-live=\"polite\" aria-atomic=\"true\"><\/p> <ul><\/ul><\/div>\n<form action=\"\/ru\/wp-json\/wp\/v2\/pages\/5148#wpcf7-f5150-o1\" method=\"post\" class=\"wpcf7-form init\" aria-label=\"Contact form\" enctype=\"multipart\/form-data\" novalidate=\"novalidate\" data-status=\"init\">\n<fieldset class=\"hidden-fields-container\"><input type=\"hidden\" name=\"_wpcf7\" value=\"5150\" \/><input type=\"hidden\" name=\"_wpcf7_version\" value=\"6.1.5\" \/><input type=\"hidden\" name=\"_wpcf7_locale\" value=\"en_US\" \/><input type=\"hidden\" name=\"_wpcf7_unit_tag\" value=\"wpcf7-f5150-o1\" \/><input type=\"hidden\" name=\"_wpcf7_container_post\" value=\"0\" \/><input type=\"hidden\" name=\"_wpcf7_posted_data_hash\" value=\"\" \/><input type=\"hidden\" name=\"_wpcf7_recaptcha_response\" value=\"\" \/>\n<\/fieldset>\n<h3>\u041f\u0440\u0438\u0448\u043b\u0438\u0442\u0435 \u043d\u0430\u043c \u0441\u0432\u043e\u0435 \u0440\u0435\u0437\u044e\u043c\u0435\n<\/h3>\n<p>\u0418\u043c\u044f (*\u041e\u0431\u044f\u0437\u0430\u0442\u0435\u043b\u044c\u043d\u043e)<br \/>\n<span class=\"wpcf7-form-control-wrap\" data-name=\"your-name\"><input size=\"40\" maxlength=\"400\" class=\"wpcf7-form-control wpcf7-text wpcf7-validates-as-required\" aria-required=\"true\" aria-invalid=\"false\" value=\"\" type=\"text\" name=\"your-name\" \/><\/span>\n<\/p>\n<p>Email *<br \/>\n<span class=\"wpcf7-form-control-wrap\" data-name=\"your-email\"><input size=\"40\" maxlength=\"400\" class=\"wpcf7-form-control wpcf7-email wpcf7-validates-as-required wpcf7-text wpcf7-validates-as-email\" aria-required=\"true\" aria-invalid=\"false\" value=\"\" type=\"email\" name=\"your-email\" \/><\/span>\n<\/p>\n<p>\u0422\u0435\u043b\u0435\u0444\u043e\u043d *<br \/>\n<span class=\"wpcf7-form-control-wrap\" data-name=\"tel-100\"><input size=\"40\" maxlength=\"400\" class=\"wpcf7-form-control wpcf7-tel wpcf7-validates-as-required wpcf7-text wpcf7-validates-as-tel\" aria-required=\"true\" aria-invalid=\"false\" value=\"\" type=\"tel\" name=\"tel-100\" \/><\/span>\n<\/p>\n<p>\u041a\u043e\u043c\u043c\u0435\u043d\u0442\u0430\u0440\u0438\u0438<br \/>\n<span class=\"wpcf7-form-control-wrap\" data-name=\"your-message\"><textarea cols=\"40\" rows=\"3\" maxlength=\"2000\" class=\"wpcf7-form-control wpcf7-textarea\" aria-invalid=\"false\" name=\"your-message\"><\/textarea><\/span>\n<\/p>\n<p>\u041f\u0440\u0438\u043b\u043e\u0436\u0438\u0442\u0435 \u0444\u0430\u0439\u043b ( pdf, xlsx, xls, doc, docx )\n<\/p>\n<p><span class=\"wpcf7-form-control-wrap\" data-name=\"file-171\"><input size=\"40\" class=\"wpcf7-form-control wpcf7-file\" accept=\".pdf,.docx,.xlsx,.doc,.xls\" aria-invalid=\"false\" type=\"file\" name=\"file-171\" \/><\/span>\n<\/p>\n<p style=\"line-height: 1em; padding-bottom: 1em;\"><span class=\"wpcf7-form-control-wrap\" data-name=\"acceptance-12\"><span class=\"wpcf7-form-control wpcf7-acceptance\"><span class=\"wpcf7-list-item\"><label><input type=\"checkbox\" name=\"acceptance-12\" value=\"1\" checked=\"checked\" class=\"littleFont withMarin\" aria-invalid=\"false\" \/><span class=\"wpcf7-list-item-label\">\u0414\u0430\u044e \u0441\u043e\u0433\u043b\u0430\u0441\u0438\u0435 \u043d\u0430 \u043e\u0431\u0440\u0430\u0431\u043e\u0442\u043a\u0443 \u043b\u0438\u0447\u043d\u044b\u0445 \u0434\u0430\u043d\u043d\u044b\u0445*<\/span><\/label><\/span><\/span><\/span><br \/>\n(<a  class=\"littleFont\" href=\"https:\/\/evc.ee\/ru\/poryadok-obrabotki-dannyh-klienta\/\" target=\"_blank\">\u0427\u0438\u0442\u0430\u0442\u044c \u043f\u043e\u0434\u0440\u043e\u0431\u043d\u0435\u0435 \u043e\u0431 \u0438\u0441\u043f\u043e\u043b\u044c\u0437\u043e\u0432\u0430\u043d\u0438\u0438 \u043b\u0438\u0447\u043d\u044b\u0445 \u0434\u0430\u043d\u043d\u044b\u0445<\/a>)\n<\/p>\n\n<p><input class=\"wpcf7-form-control wpcf7-submit has-spinner\" type=\"submit\" value=\"\u041e\u0442\u043f\u0440\u0430\u0432\u0438\u0442\u044c\" \/>\n<\/p><p style=\"display: none !important;\" class=\"akismet-fields-container\" data-prefix=\"_wpcf7_ak_\"><label>&#916;<textarea name=\"_wpcf7_ak_hp_textarea\" cols=\"45\" rows=\"8\" maxlength=\"100\"><\/textarea><\/label><input type=\"hidden\" id=\"ak_js_1\" name=\"_wpcf7_ak_js\" value=\"240\"\/><script>document.getElementById( \"ak_js_1\" ).setAttribute( \"value\", ( new Date() ).getTime() );<\/script><\/p><input type='hidden' class='wpcf7-pum' value='{\"closepopup\":false,\"closedelay\":0,\"openpopup\":false,\"openpopup_id\":0}' \/><div class=\"wpcf7-response-output\" aria-hidden=\"true\"><\/div>\n<\/form>\n<\/div>\n<br \/>\n[\/et_pb_text][\/et_pb_column][et_pb_column type=&#187;1_2&#8243; _builder_version=&#187;3.25&#8243; custom_padding=&#187;|||&#187; global_colors_info=&#187;{}&#187; custom_padding__hover=&#187;|||&#187;][et_pb_text admin_label=&#187;\u0410\u0434\u043c\u0438\u043d\u0438\u0441\u0442\u0440\u0430\u0442\u043e\u0440 RU&#187; _builder_version=&#187;4.9.10&#8243; text_font=&#187;||||&#187; header_font=&#187;||||&#187; background_size=&#187;initial&#187; background_position=&#187;top_left&#187; background_repeat=&#187;repeat&#187; max_width=&#187;100%&#187; module_alignment=&#187;left&#187; use_border_color=&#187;off&#187; border_color=&#187;#ffffff&#187; border_width=&#187;1px&#187; border_style=&#187;solid&#187; global_module=&#187;3451&#8243; saved_tabs=&#187;all&#187; global_colors_info=&#187;{}&#187;]<\/p>\n<p style=\"text-align: center;\"><img loading=\"lazy\" decoding=\"async\" class=\"aligncenter size-full wp-image-8312 round\" src=\"https:\/\/evc.ee\/wp-content\/uploads\/2017\/10\/anitra.jpg\" width=\"190\" height=\"190\" alt=\"-\"><br \/>\u0410\u0434\u043c\u0438\u043d\u0438\u0441\u0442\u0440\u0430\u0442\u043e\u0440<\/p>\n<p>\u041f\u043e\u0441\u043b\u0435 \u0437\u0430\u043f\u043e\u043b\u043d\u0435\u043d\u0438\u044f \u0444\u043e\u0440\u043c\u044b, \u043c\u044b \u0441\u0432\u044f\u0436\u0435\u043c\u0441\u044f \u0441 \u0432\u0430\u043c\u0438 \u0432 \u0442\u0435\u0447\u0435\u043d\u0438\u0438 \u0440\u0430\u0431\u043e\u0447\u0435\u0433\u043e \u0434\u043d\u044f \u0438 \u0434\u043e\u0433\u043e\u0432\u043e\u0440\u0438\u043c\u0441\u044f \u043e \u0432\u0440\u0435\u043c\u0435\u043d\u0438 \u043f\u0440\u0438\u0435\u043c\u0430.<\/p>\n<p>\u041f\u0440\u0438 \u0432\u043e\u0437\u043d\u0438\u043a\u043d\u043e\u0432\u0435\u043d\u0438\u0438 \u0434\u043e\u043f\u043e\u043b\u043d\u0438\u0442\u0435\u043b\u044c\u043d\u044b\u0445 \u0432\u043e\u043f\u0440\u043e\u0441\u043e\u0432,<br \/>\u0437\u0432\u043e\u043d\u0438\u0442\u0435 \u043f\u043e \u0442\u0435\u043b\u0435\u0444\u043e\u043d\u0443 <strong>619 0022<\/strong>.<\/p>\n<p>[\/et_pb_text][\/et_pb_column][\/et_pb_row][\/et_pb_section]<\/p>\n","protected":false},"excerpt":{"rendered":"<p>\u0416\u0414\u0415\u041c \u0412 \u041d\u0410\u0428\u0423 \u041a\u041e\u041c\u0410\u041d\u0414\u0423 \u041f\u0420\u0418\u0412\u0415\u0422\u041b\u0418\u0412\u042b\u0425 \u0418 \u041f\u041e\u0417\u0418\u0422\u0418\u0412\u041d\u042b\u0425 \u0410\u0414\u041c\u0418\u041d\u0418\u0421\u0422\u0420\u0410\u0422\u041e\u0420\u041e\u0412 Estonian Vein Clinic &#8212; \u044d\u0442\u043e \u0441\u043e\u0432\u043c\u0435\u0441\u0442\u043d\u044b\u0439 \u043f\u0440\u043e\u0435\u043a\u0442 \u043a\u043b\u0438\u043d\u0438\u043a\u0438 \u043a\u0440\u0430\u0441\u043e\u0442\u044b vipMedicum \u0438 \u043b\u0430\u0442\u0432\u0438\u0439\u0441\u043a\u043e\u0439 \u043a\u043e\u043c\u043f\u0430\u043d\u0438\u0438 Balti Veeniklinik. Estonian Vein Clinic \u043f\u0440\u0435\u0434\u043b\u0430\u0433\u0430\u0435\u0442 \u0441\u0432\u043e\u0438\u043c \u043f\u0430\u0446\u0438\u0435\u043d\u0442\u0430\u043c \u0441\u0430\u043c\u044b\u0435 \u0441\u043e\u0432\u0440\u0435\u043c\u0435\u043d\u043d\u044b\u0435 \u043c\u0435\u0442\u043e\u0434\u044b \u0434\u0438\u0430\u0433\u043d\u043e\u0441\u0442\u0438\u043a\u0438 \u0438 \u043b\u0435\u0447\u0435\u043d\u0438\u044f \u0432\u0435\u043d\u043e\u0437\u043d\u044b\u0445 \u0437\u0430\u0431\u043e\u043b\u0435\u0432\u0430\u043d\u0438\u0439. Estonian Vein Clinic \u043e\u0441\u043d\u043e\u0432\u0430\u043d\u0430 \u043d\u0430 \u043c\u0435\u0436\u0434\u0443\u043d\u0430\u0440\u043e\u0434\u043d\u044b\u0445 \u0441\u0442\u0430\u043d\u0434\u0430\u0440\u0442\u0430\u0445 \u0438 \u0440\u0443\u043a\u043e\u0432\u043e\u0434\u0441\u0442\u0432\u0430\u0445 \u043f\u043e \u043b\u0435\u0447\u0435\u043d\u0438\u044e, \u043f\u0440\u0435\u0434\u043b\u0430\u0433\u0430\u044f \u0442\u043e\u043b\u044c\u043a\u043e \u0441\u0430\u043c\u044b\u0435 \u043f\u043e\u0441\u043b\u0435\u0434\u043d\u0438\u0435 \u0438 \u043f\u0440\u043e\u0432\u0435\u0440\u0435\u043d\u043d\u044b\u0435 \u043c\u0435\u0442\u043e\u0434\u044b [&hellip;]<\/p>\n","protected":false},"author":3,"featured_media":0,"parent":0,"menu_order":0,"comment_status":"closed","ping_status":"closed","template":"","meta":{"_et_pb_use_builder":"on","_et_pb_old_content":"","_et_gb_content_width":"","footnotes":""},"dipi_cpt_category":[],"class_list":["post-5148","page","type-page","status-publish","hentry"],"_links":{"self":[{"href":"https:\/\/evc.ee\/ru\/wp-json\/wp\/v2\/pages\/5148","targetHints":{"allow":["GET"]}}],"collection":[{"href":"https:\/\/evc.ee\/ru\/wp-json\/wp\/v2\/pages"}],"about":[{"href":"https:\/\/evc.ee\/ru\/wp-json\/wp\/v2\/types\/page"}],"author":[{"embeddable":true,"href":"https:\/\/evc.ee\/ru\/wp-json\/wp\/v2\/users\/3"}],"replies":[{"embeddable":true,"href":"https:\/\/evc.ee\/ru\/wp-json\/wp\/v2\/comments?post=5148"}],"version-history":[{"count":5,"href":"https:\/\/evc.ee\/ru\/wp-json\/wp\/v2\/pages\/5148\/revisions"}],"predecessor-version":[{"id":8949,"href":"https:\/\/evc.ee\/ru\/wp-json\/wp\/v2\/pages\/5148\/revisions\/8949"}],"wp:attachment":[{"href":"https:\/\/evc.ee\/ru\/wp-json\/wp\/v2\/media?parent=5148"}],"wp:term":[{"taxonomy":"dipi_cpt_category","embeddable":true,"href":"https:\/\/evc.ee\/ru\/wp-json\/wp\/v2\/dipi_cpt_category?post=5148"}],"curies":[{"name":"wp","href":"https:\/\/api.w.org\/{rel}","templated":true}]}}