{"id":16998,"date":"2025-01-24T15:07:33","date_gmt":"2025-01-24T12:07:33","guid":{"rendered":"https:\/\/evc.ee\/?page_id=16998"},"modified":"2025-01-24T15:07:36","modified_gmt":"2025-01-24T12:07:36","slug":"allan-aim","status":"publish","type":"page","link":"https:\/\/evc.ee\/ru\/spetsialisty\/allan-aim\/","title":{"rendered":"\u0410\u043b\u043b\u0430\u043d \u0410\u0439\u043c"},"content":{"rendered":"<p>[et_pb_section fb_built=&#187;1&#8243; _builder_version=&#187;4.26.0&#8243; _module_preset=&#187;default&#187; global_colors_info=&#187;{}&#187; theme_builder_area=&#187;post_content&#187;][et_pb_row column_structure=&#187;1_3,2_3&#8243; _builder_version=&#187;4.26.0&#8243; _module_preset=&#187;default&#187; global_colors_info=&#187;{}&#187; theme_builder_area=&#187;post_content&#187;][et_pb_column type=&#187;1_3&#8243; _builder_version=&#187;4.26.0&#8243; _module_preset=&#187;default&#187; global_colors_info=&#187;{}&#187; theme_builder_area=&#187;post_content&#187;][et_pb_image src=&#187;https:\/\/evc.ee\/wp-content\/uploads\/2025\/01\/KS-61.jpg&#187; title_text=&#187;KS-61&#8243; _builder_version=&#187;4.26.0&#8243; _module_preset=&#187;default&#187; hover_enabled=&#187;0&#8243; global_colors_info=&#187;{}&#187; theme_builder_area=&#187;post_content&#187; sticky_enabled=&#187;0&#8243;][\/et_pb_image][\/et_pb_column][et_pb_column type=&#187;2_3&#8243; _builder_version=&#187;4.26.0&#8243; _module_preset=&#187;default&#187; global_colors_info=&#187;{}&#187; theme_builder_area=&#187;post_content&#187;][et_pb_text _builder_version=&#187;4.26.0&#8243; _module_preset=&#187;default&#187; hover_enabled=&#187;0&#8243; global_colors_info=&#187;{}&#187; theme_builder_area=&#187;post_content&#187; sticky_enabled=&#187;0&#8243;]<\/p>\n<h1>\u0414\u043e\u043a\u0442\u043e\u0440 \u0410\u043b\u043b\u0430\u043d \u0410\u0439\u043c <\/h1>\n<p>\u0414\u043e\u043a\u0442\u043e\u0440 \u0410\u043b\u043b\u0430\u043d \u0410\u0439\u043c \u0437\u0430\u043d\u0438\u043c\u0430\u0435\u0442\u0441\u044f \u0444\u043b\u0435\u0431\u043e\u043b\u043e\u0433\u0438\u0435\u0439 \u0432 \u043a\u043b\u0438\u043d\u0438\u043a\u0435 Estonian Vein Clinic \u0441 2019 \u0433\u043e\u0434\u0430. \u041e\u043d \u0442\u0432\u0435\u0440\u0434\u043e \u0443\u0431\u0435\u0436\u0434\u0435\u043d, \u0447\u0442\u043e \u0433\u043b\u0430\u0432\u043d\u0430\u044f \u0446\u0435\u043b\u044c \u0441\u043e\u0432\u0440\u0435\u043c\u0435\u043d\u043d\u043e\u0439 \u043c\u0435\u0434\u0438\u0446\u0438\u043d\u044b \u2014 \u043f\u0440\u0435\u0434\u043b\u043e\u0436\u0438\u0442\u044c \u043f\u0430\u0446\u0438\u0435\u043d\u0442\u0430\u043c \u043f\u0435\u0440\u0435\u0434\u043e\u0432\u044b\u0435 \u043c\u0435\u0442\u043e\u0434\u044b \u043b\u0435\u0447\u0435\u043d\u0438\u044f, \u043a\u043e\u0442\u043e\u0440\u044b\u0435 \u043f\u043e\u043c\u043e\u0433\u0443\u0442 \u0432\u0435\u0440\u043d\u0443\u0442\u044c \u0440\u0430\u0434\u043e\u0441\u0442\u044c \u0436\u0438\u0437\u043d\u0438 \u0438 \u0443\u0432\u0435\u0440\u0435\u043d\u043d\u043e\u0441\u0442\u044c \u0432 \u0441\u0435\u0431\u0435. \u0421\u0432\u043e\u0438 \u043f\u0440\u043e\u0444\u0435\u0441\u0441\u0438\u043e\u043d\u0430\u043b\u044c\u043d\u044b\u0435 \u043d\u0430\u0432\u044b\u043a\u0438 \u043e\u043d \u0441\u043e\u0432\u0435\u0440\u0448\u0435\u043d\u0441\u0442\u0432\u043e\u0432\u0430\u043b \u0432 \u0413\u0435\u0440\u043c\u0430\u043d\u0438\u0438, \u0432 \u0446\u0435\u043d\u0442\u0440\u0435 \u043b\u0435\u0447\u0435\u043d\u0438\u044f \u0432\u0435\u043d \u0432 \u041f\u0444\u043e\u0440\u0446\u0445\u0430\u0439\u043c\u0435, \u0433\u0434\u0435 \u043e\u0441\u0432\u043e\u0438\u043b \u044d\u0444\u0444\u0435\u043a\u0442\u0438\u0432\u043d\u044b\u0435 \u0442\u0435\u0445\u043d\u0438\u043a\u0438 \u0438 \u043f\u043e\u0434\u0445\u043e\u0434\u044b \u043a \u043a\u043e\u043c\u043f\u043b\u0435\u043a\u0441\u043d\u043e\u043c\u0443 \u043b\u0435\u0447\u0435\u043d\u0438\u044e \u043f\u0430\u0446\u0438\u0435\u043d\u0442\u043e\u0432.<\/p>\n<p>\u0414\u043e\u043a\u0442\u043e\u0440 \u0410\u0439\u043c \u044f\u0432\u043b\u044f\u0435\u0442\u0441\u044f \u0447\u043b\u0435\u043d\u043e\u043c \u042d\u0441\u0442\u043e\u043d\u0441\u043a\u043e\u0433\u043e \u043e\u0431\u0449\u0435\u0441\u0442\u0432\u0430 \u0441\u043e\u0441\u0443\u0434\u0438\u0441\u0442\u043e\u0439 \u0438 \u044d\u043d\u0434\u043e\u0432\u0430\u0441\u043a\u0443\u043b\u044f\u0440\u043d\u043e\u0439 \u0445\u0438\u0440\u0443\u0440\u0433\u0438\u0438 \u0438 \u0430\u043a\u0442\u0438\u0432\u043d\u043e \u0441\u043e\u0442\u0440\u0443\u0434\u043d\u0438\u0447\u0430\u0435\u0442 \u0441 \u043a\u043e\u043b\u043b\u0435\u0433\u0430\u043c\u0438 \u043a\u0430\u043a \u043d\u0430 \u043d\u0430\u0446\u0438\u043e\u043d\u0430\u043b\u044c\u043d\u043e\u043c, \u0442\u0430\u043a \u0438 \u043d\u0430 \u043c\u0435\u0436\u0434\u0443\u043d\u0430\u0440\u043e\u0434\u043d\u043e\u043c \u0443\u0440\u043e\u0432\u043d\u0435. \u0412 2016 \u0433\u043e\u0434\u0443 \u043e\u043d \u043e\u043a\u043e\u043d\u0447\u0438\u043b \u043c\u0435\u0434\u0438\u0446\u0438\u043d\u0441\u043a\u0438\u0439 \u0444\u0430\u043a\u0443\u043b\u044c\u0442\u0435\u0442 \u0422\u0430\u0440\u0442\u0443\u0441\u043a\u043e\u0433\u043e \u0443\u043d\u0438\u0432\u0435\u0440\u0441\u0438\u0442\u0435\u0442\u0430, \u0430 \u0432 2021 \u0433\u043e\u0434\u0443 \u0437\u0430\u043a\u043e\u043d\u0447\u0438\u043b \u043e\u0440\u0434\u0438\u043d\u0430\u0442\u0443\u0440\u0443 \u043f\u043e \u043e\u0431\u0449\u0435\u0439 \u0445\u0438\u0440\u0443\u0440\u0433\u0438\u0438, \u043f\u0440\u0438\u043e\u0431\u0440\u0435\u0442\u044f \u043e\u0431\u0448\u0438\u0440\u043d\u044b\u0435 \u043f\u0440\u0430\u043a\u0442\u0438\u0447\u0435\u0441\u043a\u0438\u0435 \u043d\u0430\u0432\u044b\u043a\u0438. \u0412 \u0440\u0430\u043c\u043a\u0430\u0445 \u043e\u0431\u0443\u0447\u0435\u043d\u0438\u044f \u043e\u043d \u043f\u043e\u043b\u0433\u043e\u0434\u0430 \u043f\u0440\u043e\u0445\u043e\u0434\u0438\u043b \u0441\u0442\u0430\u0436\u0438\u0440\u043e\u0432\u043a\u0443 \u0432 \u0419\u043e\u0445\u0430\u043d\u043d\u0435\u0441\u0431\u0443\u0440\u0433\u0435, \u042e\u0436\u043d\u0430\u044f \u0410\u0444\u0440\u0438\u043a\u0430, \u0432 \u043a\u0440\u0443\u043f\u043d\u043e\u0439 \u043c\u043d\u043e\u0433\u043e\u043f\u0440\u043e\u0444\u0438\u043b\u044c\u043d\u043e\u0439 \u0431\u043e\u043b\u044c\u043d\u0438\u0446\u0435, \u0433\u0434\u0435 \u043f\u043e\u043b\u0443\u0447\u0438\u043b \u0446\u0435\u043d\u043d\u044b\u0439 \u043e\u043f\u044b\u0442 \u0432 \u043e\u0431\u043b\u0430\u0441\u0442\u0438 \u0442\u0440\u0430\u0432\u043c\u0430\u0442\u043e\u043b\u043e\u0433\u0438\u0447\u0435\u0441\u043a\u043e\u0439 \u0445\u0438\u0440\u0443\u0440\u0433\u0438\u0438.<\/p>\n<p>\u0412 \u0441\u0432\u043e\u0435\u0439 \u043f\u043e\u0432\u0441\u0435\u0434\u043d\u0435\u0432\u043d\u043e\u0439 \u0440\u0430\u0431\u043e\u0442\u0435 \u0434\u043e\u043a\u0442\u043e\u0440 \u0410\u0439\u043c \u0443\u0434\u0435\u043b\u044f\u0435\u0442 \u043e\u0441\u043e\u0431\u043e\u0435 \u0432\u043d\u0438\u043c\u0430\u043d\u0438\u0435 \u0440\u0430\u0437\u0432\u0438\u0442\u0438\u044e \u0433\u0440\u044b\u0436\u0435\u0432\u043e\u0439 \u0438 \u0431\u0430\u0440\u0438\u0430\u0442\u0440\u0438\u0447\u0435\u0441\u043a\u043e\u0439 \u0445\u0438\u0440\u0443\u0440\u0433\u0438\u0438, \u043f\u0440\u0438\u043c\u0435\u043d\u044f\u044f \u043f\u0435\u0440\u0435\u0434\u043e\u0432\u044b\u0435 \u0442\u0435\u0445\u043d\u043e\u043b\u043e\u0433\u0438\u0438 \u0438 \u0434\u043e\u043a\u0430\u0437\u0430\u0442\u0435\u043b\u044c\u043d\u044b\u0435 \u043c\u0435\u0442\u043e\u0434\u044b \u043b\u0435\u0447\u0435\u043d\u0438\u044f. \u041e\u043d \u044f\u0432\u043b\u044f\u0435\u0442\u0441\u044f \u0447\u043b\u0435\u043d\u043e\u043c \u0415\u0432\u0440\u043e\u043f\u0435\u0439\u0441\u043a\u043e\u0433\u043e \u043e\u0431\u0449\u0435\u0441\u0442\u0432\u0430 \u043f\u043e \u0445\u0438\u0440\u0443\u0440\u0433\u0438\u0438 \u0433\u0440\u044b\u0436 \u0438 \u043f\u0440\u0438\u043d\u0438\u043c\u0430\u0435\u0442 \u0443\u0447\u0430\u0441\u0442\u0438\u0435 \u0432 \u0440\u0430\u0437\u0440\u0430\u0431\u043e\u0442\u043a\u0435 \u043c\u0435\u0436\u0434\u0443\u043d\u0430\u0440\u043e\u0434\u043d\u044b\u0445 \u043a\u043b\u0438\u043d\u0438\u0447\u0435\u0441\u043a\u0438\u0445 \u0440\u0435\u043a\u043e\u043c\u0435\u043d\u0434\u0430\u0446\u0438\u0439, \u0447\u0442\u043e\u0431\u044b \u043e\u0431\u0435\u0441\u043f\u0435\u0447\u0438\u0442\u044c \u043f\u0430\u0446\u0438\u0435\u043d\u0442\u0430\u043c \u043d\u0430\u0438\u043b\u0443\u0447\u0448\u0438\u0435 \u0440\u0435\u0437\u0443\u043b\u044c\u0442\u0430\u0442\u044b \u043b\u0435\u0447\u0435\u043d\u0438\u044f.[\/et_pb_text][\/et_pb_column][\/et_pb_row][et_pb_row _builder_version=&#187;4.26.0&#8243; _module_preset=&#187;default&#187; global_colors_info=&#187;{}&#187; theme_builder_area=&#187;post_content&#187;][et_pb_column type=&#187;4_4&#8243; _builder_version=&#187;4.26.0&#8243; _module_preset=&#187;default&#187; global_colors_info=&#187;{}&#187; theme_builder_area=&#187;post_content&#187;][et_pb_text _builder_version=&#187;4.26.0&#8243; _module_preset=&#187;default&#187; hover_enabled=&#187;0&#8243; global_colors_info=&#187;{}&#187; theme_builder_area=&#187;post_content&#187; sticky_enabled=&#187;0&#8243;]<\/p>\n<h3>\u041e\u0431\u0440\u0430\u0437\u043e\u0432\u0430\u043d\u0438\u0435:<\/h3>\n<p>\u2022\t2016 \u2014 \u0422\u0430\u0440\u0442\u0443\u0441\u043a\u0438\u0439 \u0443\u043d\u0438\u0432\u0435\u0440\u0441\u0438\u0442\u0435\u0442, \u043c\u0435\u0434\u0438\u0446\u0438\u043d\u0441\u043a\u0438\u0439 \u0444\u0430\u043a\u0443\u043b\u044c\u0442\u0435\u0442<br \/>\n\u2022\t2016\u20132021 \u2014 \u043e\u0440\u0434\u0438\u043d\u0430\u0442\u0443\u0440\u0430 \u043f\u043e \u043e\u0431\u0449\u0435\u0439 \u0445\u0438\u0440\u0443\u0440\u0433\u0438\u0438, \u0422\u0430\u0440\u0442\u0443\u0441\u043a\u0438\u0439 \u0443\u043d\u0438\u0432\u0435\u0440\u0441\u0438\u0442\u0435\u0442<\/p>\n<h3>\u041a\u0430\u0440\u044c\u0435\u0440\u0430:<\/h3>\n<p>\u2022\t2019 \u2013 \u043d\u0430\u0441\u0442\u043e\u044f\u0449\u0435\u0435 \u0432\u0440\u0435\u043c\u044f \u2014 \u0444\u043b\u0435\u0431\u043e\u043b\u043e\u0433\/\u043e\u0431\u0449\u0438\u0439 \u0445\u0438\u0440\u0443\u0440\u0433, Estonian Vein Clinic<br \/>\n\u2022\t2021 \u2013 \u043d\u0430\u0441\u0442\u043e\u044f\u0449\u0435\u0435 \u0432\u0440\u0435\u043c\u044f \u2014 \u043e\u0431\u0449\u0438\u0439 \u0445\u0438\u0440\u0443\u0440\u0433, Ida-Tallinna Keskhaigla<\/p>\n<h3>\u042f\u0437\u044b\u043a\u0438:<\/h3>\n<p>\u2022\t\u042d\u0441\u0442\u043e\u043d\u0441\u043a\u0438\u0439<br \/>\n\u2022\t\u0410\u043d\u0433\u043b\u0438\u0439\u0441\u043a\u0438\u0439<br \/>\n\u2022\t\u0420\u0443\u0441\u0441\u043a\u0438\u0439<\/p>\n<h3>\u0423\u0432\u043b\u0435\u0447\u0435\u043d\u0438\u044f<\/h3>\n<p>\u0412 \u0441\u0432\u043e\u0431\u043e\u0434\u043d\u043e\u0435 \u0432\u0440\u0435\u043c\u044f \u0434\u043e\u043a\u0442\u043e\u0440 \u0410\u0439\u043c \u0443\u0432\u043b\u0435\u043a\u0430\u0435\u0442\u0441\u044f \u0433\u0440\u0435\u0431\u043b\u0435\u0439, \u043b\u0451\u0433\u043a\u043e\u0439 \u0430\u0442\u043b\u0435\u0442\u0438\u043a\u043e\u0439 \u0438 \u043c\u0443\u0437\u044b\u043a\u043e\u0439, \u0447\u0442\u043e \u043f\u043e\u043c\u043e\u0433\u0430\u0435\u0442 \u0435\u043c\u0443 \u043f\u043e\u0434\u0434\u0435\u0440\u0436\u0438\u0432\u0430\u0442\u044c \u0444\u0438\u0437\u0438\u0447\u0435\u0441\u043a\u043e\u0435 \u0438 \u043c\u0435\u043d\u0442\u0430\u043b\u044c\u043d\u043e\u0435 \u0440\u0430\u0432\u043d\u043e\u0432\u0435\u0441\u0438\u0435.[\/et_pb_text][\/et_pb_column][\/et_pb_row][et_pb_row _builder_version=&#187;4.26.0&#8243; _module_preset=&#187;default&#187; global_colors_info=&#187;{}&#187; theme_builder_area=&#187;post_content&#187;][et_pb_column type=&#187;4_4&#8243; _builder_version=&#187;4.26.0&#8243; _module_preset=&#187;default&#187; global_colors_info=&#187;{}&#187; theme_builder_area=&#187;post_content&#187;][et_pb_text _builder_version=&#187;4.26.0&#8243; _module_preset=&#187;default&#187; hover_enabled=&#187;0&#8243; global_colors_info=&#187;{}&#187; theme_builder_area=&#187;post_content&#187; sticky_enabled=&#187;0&#8243;]<\/p>\n<h3>\u041f\u0443\u0431\u043b\u0438\u043a\u0430\u0446\u0438\u0438<\/h3>\n<p>Aim A, Almre I, Vanakesa T. Combined approach using uniportal video-assisted thoracoscopic surgery in left tracheal sleeve pneumonectomy. J Thorac Dis. 2018 Jul;10(7):E584-E586. doi: 10.21037\/jtd.2018.06.39. PMID: 30174939; PMCID: PMC6106011.<\/p>\n<p>Aim A. Liiteline soolesulgus. Lege Artis. 2019.<\/p>\n<p>Aim, A., &#038; Lauer, O. (2024). Keskjoone armisongade t\u00e4nap\u00e4evane k\u00e4sitlus ja uued ravimeetodid . Eesti Arst. 2024.[\/et_pb_text][\/et_pb_column][\/et_pb_row][\/et_pb_section]<\/p>\n","protected":false},"excerpt":{"rendered":"<p>\u0414\u043e\u043a\u0442\u043e\u0440 \u0410\u043b\u043b\u0430\u043d \u0410\u0439\u043c \u0414\u043e\u043a\u0442\u043e\u0440 \u0410\u043b\u043b\u0430\u043d \u0410\u0439\u043c \u0437\u0430\u043d\u0438\u043c\u0430\u0435\u0442\u0441\u044f \u0444\u043b\u0435\u0431\u043e\u043b\u043e\u0433\u0438\u0435\u0439 \u0432 \u043a\u043b\u0438\u043d\u0438\u043a\u0435 Estonian Vein Clinic \u0441 2019 \u0433\u043e\u0434\u0430. \u041e\u043d \u0442\u0432\u0435\u0440\u0434\u043e \u0443\u0431\u0435\u0436\u0434\u0435\u043d, \u0447\u0442\u043e \u0433\u043b\u0430\u0432\u043d\u0430\u044f \u0446\u0435\u043b\u044c \u0441\u043e\u0432\u0440\u0435\u043c\u0435\u043d\u043d\u043e\u0439 \u043c\u0435\u0434\u0438\u0446\u0438\u043d\u044b \u2014 \u043f\u0440\u0435\u0434\u043b\u043e\u0436\u0438\u0442\u044c \u043f\u0430\u0446\u0438\u0435\u043d\u0442\u0430\u043c \u043f\u0435\u0440\u0435\u0434\u043e\u0432\u044b\u0435 \u043c\u0435\u0442\u043e\u0434\u044b \u043b\u0435\u0447\u0435\u043d\u0438\u044f, \u043a\u043e\u0442\u043e\u0440\u044b\u0435 \u043f\u043e\u043c\u043e\u0433\u0443\u0442 \u0432\u0435\u0440\u043d\u0443\u0442\u044c \u0440\u0430\u0434\u043e\u0441\u0442\u044c \u0436\u0438\u0437\u043d\u0438 \u0438 \u0443\u0432\u0435\u0440\u0435\u043d\u043d\u043e\u0441\u0442\u044c \u0432 \u0441\u0435\u0431\u0435. \u0421\u0432\u043e\u0438 \u043f\u0440\u043e\u0444\u0435\u0441\u0441\u0438\u043e\u043d\u0430\u043b\u044c\u043d\u044b\u0435 \u043d\u0430\u0432\u044b\u043a\u0438 \u043e\u043d \u0441\u043e\u0432\u0435\u0440\u0448\u0435\u043d\u0441\u0442\u0432\u043e\u0432\u0430\u043b \u0432 \u0413\u0435\u0440\u043c\u0430\u043d\u0438\u0438, \u0432 \u0446\u0435\u043d\u0442\u0440\u0435 \u043b\u0435\u0447\u0435\u043d\u0438\u044f \u0432\u0435\u043d \u0432 \u041f\u0444\u043e\u0440\u0446\u0445\u0430\u0439\u043c\u0435, \u0433\u0434\u0435 \u043e\u0441\u0432\u043e\u0438\u043b \u044d\u0444\u0444\u0435\u043a\u0442\u0438\u0432\u043d\u044b\u0435 [&hellip;]<\/p>\n","protected":false},"author":6,"featured_media":0,"parent":182,"menu_order":0,"comment_status":"closed","ping_status":"closed","template":"","meta":{"_et_pb_use_builder":"on","_et_pb_old_content":"","_et_gb_content_width":"","footnotes":""},"dipi_cpt_category":[],"class_list":["post-16998","page","type-page","status-publish","hentry"],"_links":{"self":[{"href":"https:\/\/evc.ee\/ru\/wp-json\/wp\/v2\/pages\/16998","targetHints":{"allow":["GET"]}}],"collection":[{"href":"https:\/\/evc.ee\/ru\/wp-json\/wp\/v2\/pages"}],"about":[{"href":"https:\/\/evc.ee\/ru\/wp-json\/wp\/v2\/types\/page"}],"author":[{"embeddable":true,"href":"https:\/\/evc.ee\/ru\/wp-json\/wp\/v2\/users\/6"}],"replies":[{"embeddable":true,"href":"https:\/\/evc.ee\/ru\/wp-json\/wp\/v2\/comments?post=16998"}],"version-history":[{"count":2,"href":"https:\/\/evc.ee\/ru\/wp-json\/wp\/v2\/pages\/16998\/revisions"}],"predecessor-version":[{"id":17005,"href":"https:\/\/evc.ee\/ru\/wp-json\/wp\/v2\/pages\/16998\/revisions\/17005"}],"up":[{"embeddable":true,"href":"https:\/\/evc.ee\/ru\/wp-json\/wp\/v2\/pages\/182"}],"wp:attachment":[{"href":"https:\/\/evc.ee\/ru\/wp-json\/wp\/v2\/media?parent=16998"}],"wp:term":[{"taxonomy":"dipi_cpt_category","embeddable":true,"href":"https:\/\/evc.ee\/ru\/wp-json\/wp\/v2\/dipi_cpt_category?post=16998"}],"curies":[{"name":"wp","href":"https:\/\/api.w.org\/{rel}","templated":true}]}}