{"id":16913,"date":"2025-01-09T13:16:38","date_gmt":"2025-01-09T10:16:38","guid":{"rendered":"https:\/\/evc.ee\/?page_id=16913"},"modified":"2026-03-10T15:22:45","modified_gmt":"2026-03-10T12:22:45","slug":"edgar-lipping","status":"publish","type":"page","link":"https:\/\/evc.ee\/ru\/spetsialisty\/edgar-lipping\/","title":{"rendered":"\u042d\u0434\u0433\u0430\u0440 \u041b\u0438\u043f\u043f\u0438\u043d\u0433"},"content":{"rendered":"<p>[et_pb_section fb_built=&#187;1&#8243; _builder_version=&#187;4.26.0&#8243; _module_preset=&#187;default&#187; global_colors_info=&#187;{}&#187;][et_pb_row column_structure=&#187;1_3,2_3&#8243; _builder_version=&#187;4.26.0&#8243; _module_preset=&#187;default&#187; global_colors_info=&#187;{}&#187;][et_pb_column type=&#187;1_3&#8243; _builder_version=&#187;4.26.0&#8243; _module_preset=&#187;default&#187; global_colors_info=&#187;{}&#187;][et_pb_image src=&#187;https:\/\/evc.ee\/wp-content\/uploads\/2025\/01\/KS-55.jpg&#187; title_text=&#187;KS-55&#8243; _builder_version=&#187;4.26.0&#8243; _module_preset=&#187;default&#187; global_colors_info=&#187;{}&#187;][\/et_pb_image][\/et_pb_column][et_pb_column type=&#187;2_3&#8243; _builder_version=&#187;4.26.0&#8243; _module_preset=&#187;default&#187; global_colors_info=&#187;{}&#187;][et_pb_text _builder_version=&#187;4.26.0&#8243; _module_preset=&#187;default&#187; global_colors_info=&#187;{}&#187;]<\/p>\n<h1>\u042d\u0434\u0433\u0430\u0440 \u041b\u0438\u043f\u043f\u0438\u043d\u0433, MD, PhD <\/h1>\n<p>\u042d\u0434\u0433\u0430\u0440 \u041b\u0438\u043f\u043f\u0438\u043d\u0433 \u0440\u043e\u0434\u0438\u043b\u0441\u044f \u0432 1986 \u0433\u043e\u0434\u0443 \u0438 \u0441 \u0441\u0430\u043c\u043e\u0433\u043e \u043e\u0441\u043d\u043e\u0432\u0430\u043d\u0438\u044f \u043a\u043b\u0438\u043d\u0438\u043a\u0438 Estonian Vein Clinic \u043f\u043e\u0441\u0432\u044f\u0442\u0438\u043b \u0441\u0435\u0431\u044f \u0440\u0430\u0431\u043e\u0442\u0435 \u0437\u0434\u0435\u0441\u044c. \u0412\u0434\u043e\u0445\u043d\u043e\u0432\u0435\u043d\u0438\u0435 \u0432 \u043f\u0440\u043e\u0444\u0435\u0441\u0441\u0438\u0438 \u0445\u0438\u0440\u0443\u0440\u0433\u0430 \u043e\u043d \u0447\u0435\u0440\u043f\u0430\u0435\u0442 \u0432 \u0432\u043e\u0437\u043c\u043e\u0436\u043d\u043e\u0441\u0442\u0438 \u043f\u0440\u0438\u043d\u043e\u0441\u0438\u0442\u044c \u0440\u0430\u0434\u043e\u0441\u0442\u044c \u0438 \u0443\u0434\u043e\u0432\u043b\u0435\u0442\u0432\u043e\u0440\u0435\u043d\u0438\u0435 \u043f\u0430\u0446\u0438\u0435\u043d\u0442\u0430\u043c, \u0438\u0441\u043f\u043e\u043b\u044c\u0437\u0443\u044f \u0434\u043e\u0441\u0442\u0438\u0436\u0435\u043d\u0438\u044f \u0441\u043e\u0432\u0440\u0435\u043c\u0435\u043d\u043d\u043e\u0439 \u0438 \u043d\u0430\u0443\u0447\u043d\u043e \u043e\u0431\u043e\u0441\u043d\u043e\u0432\u0430\u043d\u043d\u043e\u0439 \u043c\u0435\u0434\u0438\u0446\u0438\u043d\u044b. \u041f\u0430\u0446\u0438\u0435\u043d\u0442\u044b \u043e\u0442\u043c\u0435\u0447\u0430\u044e\u0442 \u0435\u0433\u043e \u043a\u0430\u043a \u0434\u043e\u0431\u0440\u043e\u0436\u0435\u043b\u0430\u0442\u0435\u043b\u044c\u043d\u043e\u0433\u043e, \u043e\u0442\u0437\u044b\u0432\u0447\u0438\u0432\u043e\u0433\u043e \u0438 \u0443\u043c\u0435\u043b\u043e\u0433\u043e \u0441\u043f\u0435\u0446\u0438\u0430\u043b\u0438\u0441\u0442\u0430, \u043a\u043e\u0442\u043e\u0440\u043e\u0433\u043e \u043e\u0442\u043b\u0438\u0447\u0430\u044e\u0442 &#171;\u043b\u0435\u0433\u043a\u0438\u0435 \u0440\u0443\u043a\u0438&#187;.<\/p>\n<p>\u0421\u0432\u043e\u044e \u043a\u0432\u0430\u043b\u0438\u0444\u0438\u043a\u0430\u0446\u0438\u044e \u043e\u043d \u0441\u043e\u0432\u0435\u0440\u0448\u0435\u043d\u0441\u0442\u0432\u043e\u0432\u0430\u043b \u0432 \u0432\u0435\u0434\u0443\u0449\u0438\u0445 \u043c\u0435\u0434\u0438\u0446\u0438\u043d\u0441\u043a\u0438\u0445 \u0446\u0435\u043d\u0442\u0440\u0430\u0445 \u041b\u0430\u0442\u0432\u0438\u0438, \u0424\u0440\u0430\u043d\u0446\u0438\u0438, \u041d\u0438\u0434\u0435\u0440\u043b\u0430\u043d\u0434\u043e\u0432, \u0413\u0435\u0440\u043c\u0430\u043d\u0438\u0438 \u0438 \u0412\u0435\u043b\u0438\u043a\u043e\u0431\u0440\u0438\u0442\u0430\u043d\u0438\u0438. <\/p>\n<p>\u041f\u043e\u043c\u0438\u043c\u043e \u0441\u0432\u043e\u0435\u0439 \u043f\u043e\u0432\u0441\u0435\u0434\u043d\u0435\u0432\u043d\u043e\u0439 \u0440\u0430\u0431\u043e\u0442\u044b, \u043e\u043d \u0430\u043a\u0442\u0438\u0432\u043d\u043e \u0443\u0447\u0430\u0441\u0442\u0432\u0443\u0435\u0442 \u0432 \u0433\u0443\u043c\u0430\u043d\u0438\u0442\u0430\u0440\u043d\u043e\u0439 \u0434\u0435\u044f\u0442\u0435\u043b\u044c\u043d\u043e\u0441\u0442\u0438, \u043e\u043a\u0430\u0437\u044b\u0432\u0430\u044f \u043f\u043e\u043c\u043e\u0449\u044c \u043f\u0430\u0446\u0438\u0435\u043d\u0442\u0430\u043c, \u043a\u043e\u0442\u043e\u0440\u044b\u0435 \u0432 \u043d\u0435\u0439 \u0431\u043e\u043b\u044c\u0448\u0435 \u0432\u0441\u0435\u0433\u043e \u043d\u0443\u0436\u0434\u0430\u044e\u0442\u0441\u044f. \u0412 2010 \u0433\u043e\u0434\u0443 \u043e\u043d \u0440\u0430\u0431\u043e\u0442\u0430\u043b \u0432\u043e\u043b\u043e\u043d\u0442\u0435\u0440\u043e\u043c \u0432 \u041a\u0435\u043d\u0438\u0438, \u0432 2023 \u0433\u043e\u0434\u0443 \u2014 \u043d\u0430 \u043c\u0438\u0441\u0441\u0438\u0438 \u0432 \u042e\u0436\u043d\u043e\u043c \u0421\u0443\u0434\u0430\u043d\u0435. \u0412 \u043d\u0430\u0441\u0442\u043e\u044f\u0449\u0435\u0435 \u0432\u0440\u0435\u043c\u044f \u043e\u043d \u0434\u043e\u0431\u0440\u043e\u0432\u043e\u043b\u044c\u043d\u043e \u043a\u043e\u043d\u0441\u0443\u043b\u044c\u0442\u0438\u0440\u0443\u0435\u0442 \u043a\u043e\u043b\u043b\u0435\u0433 \u0432 \u043c\u0435\u0436\u0434\u0443\u043d\u0430\u0440\u043e\u0434\u043d\u043e\u0439 \u043e\u0440\u0433\u0430\u043d\u0438\u0437\u0430\u0446\u0438\u0438 \u00ab\u0412\u0440\u0430\u0447\u0438 \u0431\u0435\u0437 \u0433\u0440\u0430\u043d\u0438\u0446\u00bb (M\u00e9decins Sans Fronti\u00e8res, MSF) \u043f\u043e \u0440\u0435\u0448\u0435\u043d\u0438\u044e \u0441\u043b\u043e\u0436\u043d\u044b\u0445 \u043c\u0435\u0434\u0438\u0446\u0438\u043d\u0441\u043a\u0438\u0445 \u0441\u043b\u0443\u0447\u0430\u0435\u0432.<br \/>\n\u0412 2023 \u0433\u043e\u0434\u0443 \u042d\u0434\u0433\u0430\u0440 \u0437\u0430\u0449\u0438\u0442\u0438\u043b \u0434\u043e\u043a\u0442\u043e\u0440\u0441\u043a\u0443\u044e \u0434\u0438\u0441\u0441\u0435\u0440\u0442\u0430\u0446\u0438\u044e \u0432 \u0422\u0430\u0440\u0442\u0443\u0441\u043a\u043e\u043c \u0443\u043d\u0438\u0432\u0435\u0440\u0441\u0438\u0442\u0435\u0442\u0435, \u0434\u043e\u0431\u0430\u0432\u0438\u0432 \u0432 \u0441\u0432\u043e\u0439 \u043f\u0440\u043e\u0444\u0435\u0441\u0441\u0438\u043e\u043d\u0430\u043b\u044c\u043d\u044b\u0439 \u0431\u0430\u0433\u0430\u0436 \u0441\u0442\u0435\u043f\u0435\u043d\u044c \u0434\u043e\u043a\u0442\u043e\u0440\u0430 \u043c\u0435\u0434\u0438\u0446\u0438\u043d\u0441\u043a\u0438\u0445 \u043d\u0430\u0443\u043a.<\/p>\n<p>\u0412 \u0441\u0432\u043e\u0431\u043e\u0434\u043d\u043e\u0435 \u0432\u0440\u0435\u043c\u044f \u0435\u0433\u043e \u043c\u043e\u0436\u043d\u043e \u0443\u0432\u0438\u0434\u0435\u0442\u044c \u0437\u0430 \u0441\u0435\u0440\u0444\u0438\u043d\u0433\u043e\u043c \u043d\u0430 \u043c\u043e\u0440\u0441\u043a\u0438\u0445 \u0432\u043e\u043b\u043d\u0430\u0445, \u0432\u043e \u0432\u0440\u0435\u043c\u044f \u043f\u0440\u043e\u0431\u0435\u0436\u0435\u043a \u0438\u043b\u0438 \u0441 \u043a\u0430\u043c\u0435\u0440\u043e\u0439 \u0432 \u0440\u0443\u043a\u0430\u0445, \u0444\u043e\u0442\u043e\u0433\u0440\u0430\u0444\u0438\u0440\u0443\u044e\u0449\u0438\u043c \u043f\u0442\u0438\u0446.[\/et_pb_text][\/et_pb_column][\/et_pb_row][et_pb_row _builder_version=&#187;4.26.0&#8243; _module_preset=&#187;default&#187; global_colors_info=&#187;{}&#187;][et_pb_column type=&#187;4_4&#8243; _builder_version=&#187;4.26.0&#8243; _module_preset=&#187;default&#187; global_colors_info=&#187;{}&#187;][et_pb_text _builder_version=&#187;4.26.0&#8243; _module_preset=&#187;default&#187; global_colors_info=&#187;{}&#187;]<\/p>\n<h3>\u041e\u0431\u0440\u0430\u0437\u043e\u0432\u0430\u043d\u0438\u0435:<\/h3>\n<p>\u2022\t2020\u20132023 \u2013 \u0422\u0430\u0440\u0442\u0443\u0441\u043a\u0438\u0439 \u0443\u043d\u0438\u0432\u0435\u0440\u0441\u0438\u0442\u0435\u0442, \u0434\u043e\u043a\u0442\u043e\u0440\u0430\u043d\u0442\u0443\u0440\u0430, \u0434\u043e\u043a\u0442\u043e\u0440 \u043c\u0435\u0434\u0438\u0446\u0438\u043d\u0441\u043a\u0438\u0445 \u043d\u0430\u0443\u043a<br \/>\n\u2022\t2012\u20132017 \u2013 \u0422\u0430\u0440\u0442\u0443\u0441\u043a\u0438\u0439 \u0443\u043d\u0438\u0432\u0435\u0440\u0441\u0438\u0442\u0435\u0442, \u0440\u0435\u0437\u0438\u0434\u0435\u043d\u0442\u0443\u0440\u0430 \u043f\u043e \u043e\u0431\u0449\u0435\u0439 \u0445\u0438\u0440\u0443\u0440\u0433\u0438\u0438<br \/>\n\u2022\t2006\u20132012 \u2013 \u0422\u0430\u0440\u0442\u0443\u0441\u043a\u0438\u0439 \u0443\u043d\u0438\u0432\u0435\u0440\u0441\u0438\u0442\u0435\u0442, \u0444\u0430\u043a\u0443\u043b\u044c\u0442\u0435\u0442 \u043c\u0435\u0434\u0438\u0446\u0438\u043d\u044b<\/p>\n<h3>\u041a\u0430\u0440\u044c\u0435\u0440\u0430:<\/h3>\n<p>\u2022\t2017 \u2013 \u043d\u0430\u0441\u0442. \u0432\u0440\u0435\u043c\u044f \u2013 \u043e\u0431\u0449\u0438\u0439 \u0445\u0438\u0440\u0443\u0440\u0433, \u0441\u0442\u0430\u0440\u0448\u0438\u0439 \u0432\u0440\u0430\u0447, \u0437\u0430\u0432\u0435\u0434\u0443\u044e\u0449\u0438\u0439 \u043e\u0442\u0434\u0435\u043b\u0435\u043d\u0438\u0435\u043c \u0432 \u0421\u0435\u0432\u0435\u0440\u043e-\u042d\u0441\u0442\u043e\u043d\u0441\u043a\u043e\u0439 \u0440\u0435\u0433\u0438\u043e\u043d\u0430\u043b\u044c\u043d\u043e\u0439 \u0431\u043e\u043b\u044c\u043d\u0438\u0446\u0435<br \/>\n\u2022\t2014 \u2013 \u043d\u0430\u0441\u0442. \u0432\u0440\u0435\u043c\u044f \u2013 \u043e\u0431\u0449\u0438\u0439 \u0445\u0438\u0440\u0443\u0440\u0433, Estonian Vein Clinic<br \/>\n\u2022\t2013\u20132017 \u2013 \u0432\u0440\u0430\u0447-\u0440\u0435\u0437\u0438\u0434\u0435\u043d\u0442 \u0432 \u0421\u0435\u0432\u0435\u0440\u043e-\u042d\u0441\u0442\u043e\u043d\u0441\u043a\u043e\u0439 \u0440\u0435\u0433\u0438\u043e\u043d\u0430\u043b\u044c\u043d\u043e\u0439 \u0431\u043e\u043b\u044c\u043d\u0438\u0446\u0435<br \/>\n\u2022\t2012\u20132013 \u2013 \u0432\u0440\u0430\u0447-\u0440\u0435\u0437\u0438\u0434\u0435\u043d\u0442 \u0432 \u0426\u0435\u043d\u0442\u0440\u0430\u043b\u044c\u043d\u043e\u0439 \u0431\u043e\u043b\u044c\u043d\u0438\u0446\u0435 \u0412\u043e\u0441\u0442\u043e\u0447\u043d\u043e\u0433\u043e \u0422\u0430\u043b\u043b\u0438\u043d\u0430<\/p>\n<h3>\u042f\u0437\u044b\u043a\u0438:<\/h3>\n<p>\u042d\u0434\u0433\u0430\u0440 \u0432\u043b\u0430\u0434\u0435\u0435\u0442 \u044d\u0441\u0442\u043e\u043d\u0441\u043a\u0438\u043c, \u0430\u043d\u0433\u043b\u0438\u0439\u0441\u043a\u0438\u043c, \u0444\u0440\u0430\u043d\u0446\u0443\u0437\u0441\u043a\u0438\u043c \u0438 \u0440\u0443\u0441\u0441\u043a\u0438\u043c \u044f\u0437\u044b\u043a\u0430\u043c\u0438[\/et_pb_text][\/et_pb_column][\/et_pb_row][et_pb_row _builder_version=&#187;4.26.0&#8243; _module_preset=&#187;default&#187; global_colors_info=&#187;{}&#187;][et_pb_column type=&#187;4_4&#8243; _builder_version=&#187;4.26.0&#8243; _module_preset=&#187;default&#187; global_colors_info=&#187;{}&#187;][et_pb_text _builder_version=&#187;4.26.0&#8243; _module_preset=&#187;default&#187; global_colors_info=&#187;{}&#187;]<\/p>\n<h3>\u041f\u0443\u0431\u043b\u0438\u043a\u0430\u0446\u0438\u0438<\/h3>\n<p>Saar, Sten; Lipping, Edgar; Bahhir, Artjom; Talviste, Maarja; Lepp, Jaak; V\u00e4li, Marika; Talving, Peep (2024). <strong>Outcomes of resuscitative and emergent thoracotomies following injury at the largest trauma center in Estonia.<\/strong> European Journal of Trauma and Emergency Surgery, 50 (1), 243\u2212248. DOI: 10.1007\/s00068-023-02284-y.<\/p>\n<p>Lipping, Edgar; Saar, Sten; Reinsoo, Arvo; Bahhir, Artjom; Kirsim\u00e4gi, \u00dclle; Lepner, Urmas; Talving, Peep (2024). <strong>Short Postoperative Intravenous Versus Oral Antibacterial Therapy in Complicated Acute Appendicitis \u2013 A Pilot Non-Inferiority Randomized Trial.<\/strong> Annals of Surgery, 279 (2), 191\u2212195. DOI: 10.1097\/sla.0000000000006103.<\/p>\n<p>Reintam Blaser, A.; M\u00e4ndul, M.; Bj\u00f6rck, M.; Acosta, S.; Bala, M.; Bodnar, Z.; Casian, D.; Demetrashvili, Z.; D\u2019Oria, M.; Dur\u00e1n Mu\u00f1oz-Cruzado, V.; Forbes, A.; Fuglseth, H.; Hellerman Itzhaki, M.; Hess, B.; Kase, K.; Kirov, M.; Lein, K.; Lindner, M.; Loudet, C.I.; Mole, D.J. &#8230; Mah, J.J. (2024<strong>). Incidence, diagnosis, management and outcome of acute mesenteric ischaemia: a prospective, multicentre observational study (AMESI Study).<\/strong> Critical Care, 28 (1). DOI: 10.1186\/s13054-024-04807-4.open access<\/p>\n<p>Bass, Gary Alan; Kaplan, Lewis J.; Forssten, Maximilian Peter; Walsh, Thomas N.; Cao, Yang; Mohseni, Shahin; Ahl Hulme, Rebecka; Biloslavo, Alan; Kurihara, Hayato; Martinez-Casas, Isidro; Pereira, Jorge; Pourlotfi, Arvid; Ryan, \u00c9anna J.; Tolonen, Matti; Louri, Nayef; Nedham, Fatema; Hashem, Jamal; Corbally, Martin; Farhan, Abeer; Al Hamad, Hamad &#8230; Edwards, Sara (2023). <strong>Techniques for mesoappendix transection and appendix resection: insights from the ESTES SnapAppy study. <\/strong>European Journal of Trauma and Emergency Surgery. DOI: 10.1007\/s00068-022-02191-8.open access<\/p>\n<p>Forssten, Maximilian Peter; Kaplan, Lewis J.; Tolonen, Matti; Martinez-Casas, Isidro; Cao, Yang; Walsh, Thomas N.; Bass, Gary Alan; Mohseni, Shahin; Ahl Hulme, Rebecka; Biloslavo, Alan; Kurihara, Hayato; Pereira, Jorge; Pourlotfi, Arvid; Ryan, \u00c9anna J.; Louri, Nayef; Nedham, Fatema; Walsh, Thomas Noel; Hashem, Jamal; Corbally, Martin; Farhan, Abeer &#8230; Edwards, Sara (2023). <strong>Surgical management of acute appendicitis during the European COVID-19 second wave: safe and effective. <\/strong>European Journal of Trauma and Emergency Surgery. DOI: 10.1007\/s00068-022-02149-w.open access<\/p>\n<p>Young, Nathalie; Ahl Hulme, Rebecka; Forssten, Maximilian Peter; Kaplan, Lewis Jay; Walsh, Thomas Noel; Cao, Yang; Mohseni, Shahin; Bass, Gary Alan; Biloslavo, Alan; Kurihara, Hayato; Martinez-Casas, Isidro; Pereira, Jorge; Pourlotfi, Arvid; Ryan, \u00c9anna J.; Tolonen, Matti; Louri, Nayef; Nedham, Fatema; Walsh, Thomas Noel; Hashem, Jamal; Corbally, Martin &#8230; Edward, Sara (2023). <strong>Graded operative autonomy in emergency appendectomy mirrors case-complexity: surgical training insights from the SnapAppy prospective observational study.<\/strong> European Journal of Trauma and Emergency Surgery. DOI: 10.1007\/s00068-022-02142-3.<\/p>\n<p>Lipping, Edgar; Saar, Sten; Rull, Kristiina; Tark, Airi; Tiiman, Mari; Jaanim\u00e4e, Liis; Lepner, Urmas; Talving, Peep (2023). <strong>Open versus laparoscopic appendectomy for acute appendicitis in pregnancy: a population-based study.<\/strong> Surgical Endoscopy, 37 (8), 6025\u22126031. DOI: 10.1007\/s00464-023-10075-0.<\/p>\n<p>Gary Alan Bass, Shahin Mohseni, \u00c9anna J. Ryan, Maximilian Peter Forssten, Matti Tolonen, Yang Cao, Lewis J. Kaplan on behalf of ESTES SnapAppy Group (2023). <strong>Clinical practice selectively follows acute appendicitis guidelines.<\/strong> European Journal of Trauma and Emergency Surgery, 49 (1), 45\u221256. DOI: 10.1007\/s00068-022-02208-2.open access<\/p>\n<p>Padar, Martin; Blaser, Annika Reintam; Talving, Peep; Lipping, Edgar; Starkopf, Joel (2019). <strong>Abdominal Compartment Syndrome: Improving Outcomes With A Multidisciplinary Approach &#8212; A Narrative Review.<\/strong> Journal of Multidisciplinary Healthcare, 12, 1061\u22121074. DOI: 10.2147\/JMDH.S205608.open access<\/p>\n<p>Saar, S.; Mihnovit\u0161, V.; Lustenberger, T.; Rauk, M.; Noor, E.H.; Lipping, E.; Isand, K.G.; Lepp, J.; Lomp, A.; Lepner, U.; Talving, P. (2019<strong>). Twenty-four hour versus extended antibiotic administration after surgery in complicated appendicitis: A randomized controlled trial.<\/strong> Journal of Trauma and Acute Care Surgery, 86 (1), 36\u221242. DOI: 10.1097\/TA.0000000000002086.<\/p>\n<p>Saar, Sten; Kangur, Toomas; Oganjan, Juri; Kiisler, Rein; Pintsaar, Karl; Lipping, Edgar; Ver\u0161inina, Tatjana (2024). <strong>Printsess Diana vigastusega patsient P\u00f5hja-Eesti Regionaalhaigla traumakeskuses: haigusjuhu kirjeldus ja kirjanduse \u00fclevaade.<\/strong> Eesti Arst, 103 (10), 504\u2212506. DOI: 10.15157\/ea24559.open access<\/p>\n<p>Saar, Sten; Lipping, Edgar; Lepp, Jaak; Lepner, Urmas; Talving, Peep (2022). <strong>L\u00e4bivate k\u00f5huvigastuste selektiivne mitteoperatiivne k\u00e4sitlus ning praktika P\u00f5hja-Euroopa traumakeskustes. <\/strong>Eesti Arst, 101 (4), 225\u2212227. DOI: 10.15157\/ea.vi.18962.open access<\/p>\n<p>Viks, Dagny; Lipping, Edgar (2020). <strong>Emf\u00fcsematoosne gastriit. Haigusjuhu kirjeldus ja kirjanduse \u00fclevaade.<\/strong> Eesti Arst, 99 (3), 163\u2212166.open access<\/p>\n<p>Saar, Sten; Lipping, Edgar; Lepp, Jaak; Jaanson, Teele; Laar, Peep; Talving, Peep (2020). <strong>Vasakpoolne paraduodenaalne song: kirjanduse \u00fclevaade ja haigusjuhu kirjeldus.<\/strong> Eesti Arst, 99 (1), 40\u221242. DOI: 10.15157\/ea.v0i0.16363.<\/p>\n<p>Lipping, E.; Saar, S.; Rull, K.; Tark, A.; Tiimann, M.; Jaanim\u00e4e, L.; Lepner, U.; Talving, P. (2023). <strong>Avatud versus laparoskoopiline apendektoomia \u00e4geda apenditsiidi korral rasedatel: populatsiooniuuring.<\/strong> Eesti Arst, 102 (11), 619.<\/p>\n<p>[\/et_pb_text][\/et_pb_column][\/et_pb_row][\/et_pb_section]<\/p>\n","protected":false},"excerpt":{"rendered":"<p>\u042d\u0434\u0433\u0430\u0440 \u041b\u0438\u043f\u043f\u0438\u043d\u0433, MD, PhD \u042d\u0434\u0433\u0430\u0440 \u041b\u0438\u043f\u043f\u0438\u043d\u0433 \u0440\u043e\u0434\u0438\u043b\u0441\u044f \u0432 1986 \u0433\u043e\u0434\u0443 \u0438 \u0441 \u0441\u0430\u043c\u043e\u0433\u043e \u043e\u0441\u043d\u043e\u0432\u0430\u043d\u0438\u044f \u043a\u043b\u0438\u043d\u0438\u043a\u0438 Estonian Vein Clinic \u043f\u043e\u0441\u0432\u044f\u0442\u0438\u043b \u0441\u0435\u0431\u044f \u0440\u0430\u0431\u043e\u0442\u0435 \u0437\u0434\u0435\u0441\u044c. \u0412\u0434\u043e\u0445\u043d\u043e\u0432\u0435\u043d\u0438\u0435 \u0432 \u043f\u0440\u043e\u0444\u0435\u0441\u0441\u0438\u0438 \u0445\u0438\u0440\u0443\u0440\u0433\u0430 \u043e\u043d \u0447\u0435\u0440\u043f\u0430\u0435\u0442 \u0432 \u0432\u043e\u0437\u043c\u043e\u0436\u043d\u043e\u0441\u0442\u0438 \u043f\u0440\u0438\u043d\u043e\u0441\u0438\u0442\u044c \u0440\u0430\u0434\u043e\u0441\u0442\u044c \u0438 \u0443\u0434\u043e\u0432\u043b\u0435\u0442\u0432\u043e\u0440\u0435\u043d\u0438\u0435 \u043f\u0430\u0446\u0438\u0435\u043d\u0442\u0430\u043c, \u0438\u0441\u043f\u043e\u043b\u044c\u0437\u0443\u044f \u0434\u043e\u0441\u0442\u0438\u0436\u0435\u043d\u0438\u044f \u0441\u043e\u0432\u0440\u0435\u043c\u0435\u043d\u043d\u043e\u0439 \u0438 \u043d\u0430\u0443\u0447\u043d\u043e \u043e\u0431\u043e\u0441\u043d\u043e\u0432\u0430\u043d\u043d\u043e\u0439 \u043c\u0435\u0434\u0438\u0446\u0438\u043d\u044b. \u041f\u0430\u0446\u0438\u0435\u043d\u0442\u044b \u043e\u0442\u043c\u0435\u0447\u0430\u044e\u0442 \u0435\u0433\u043e \u043a\u0430\u043a \u0434\u043e\u0431\u0440\u043e\u0436\u0435\u043b\u0430\u0442\u0435\u043b\u044c\u043d\u043e\u0433\u043e, \u043e\u0442\u0437\u044b\u0432\u0447\u0438\u0432\u043e\u0433\u043e \u0438 \u0443\u043c\u0435\u043b\u043e\u0433\u043e \u0441\u043f\u0435\u0446\u0438\u0430\u043b\u0438\u0441\u0442\u0430, \u043a\u043e\u0442\u043e\u0440\u043e\u0433\u043e \u043e\u0442\u043b\u0438\u0447\u0430\u044e\u0442 &#171;\u043b\u0435\u0433\u043a\u0438\u0435 \u0440\u0443\u043a\u0438&#187;. [&hellip;]<\/p>\n","protected":false},"author":6,"featured_media":0,"parent":182,"menu_order":0,"comment_status":"closed","ping_status":"closed","template":"","meta":{"_et_pb_use_builder":"on","_et_pb_old_content":"","_et_gb_content_width":"","footnotes":""},"dipi_cpt_category":[],"class_list":["post-16913","page","type-page","status-publish","hentry"],"_links":{"self":[{"href":"https:\/\/evc.ee\/ru\/wp-json\/wp\/v2\/pages\/16913","targetHints":{"allow":["GET"]}}],"collection":[{"href":"https:\/\/evc.ee\/ru\/wp-json\/wp\/v2\/pages"}],"about":[{"href":"https:\/\/evc.ee\/ru\/wp-json\/wp\/v2\/types\/page"}],"author":[{"embeddable":true,"href":"https:\/\/evc.ee\/ru\/wp-json\/wp\/v2\/users\/6"}],"replies":[{"embeddable":true,"href":"https:\/\/evc.ee\/ru\/wp-json\/wp\/v2\/comments?post=16913"}],"version-history":[{"count":5,"href":"https:\/\/evc.ee\/ru\/wp-json\/wp\/v2\/pages\/16913\/revisions"}],"predecessor-version":[{"id":18172,"href":"https:\/\/evc.ee\/ru\/wp-json\/wp\/v2\/pages\/16913\/revisions\/18172"}],"up":[{"embeddable":true,"href":"https:\/\/evc.ee\/ru\/wp-json\/wp\/v2\/pages\/182"}],"wp:attachment":[{"href":"https:\/\/evc.ee\/ru\/wp-json\/wp\/v2\/media?parent=16913"}],"wp:term":[{"taxonomy":"dipi_cpt_category","embeddable":true,"href":"https:\/\/evc.ee\/ru\/wp-json\/wp\/v2\/dipi_cpt_category?post=16913"}],"curies":[{"name":"wp","href":"https:\/\/api.w.org\/{rel}","templated":true}]}}