{"id":11278,"date":"2022-04-26T08:59:14","date_gmt":"2022-04-26T06:59:14","guid":{"rendered":"https:\/\/evc.ee\/?page_id=11278"},"modified":"2022-06-02T12:09:32","modified_gmt":"2022-06-02T10:09:32","slug":"o-nas","status":"publish","type":"page","link":"https:\/\/evc.ee\/ru\/o-nas\/","title":{"rendered":"\u041e \u043d\u0430\u0441"},"content":{"rendered":"<p>[et_pb_section fb_built=&#187;1&#8243; _builder_version=&#187;4.17.1&#8243; _module_preset=&#187;default&#187; global_colors_info=&#187;{}&#187;][et_pb_row _builder_version=&#187;4.17.1&#8243; _module_preset=&#187;default&#187; global_colors_info=&#187;{}&#187;][et_pb_column type=&#187;4_4&#8243; _builder_version=&#187;4.17.1&#8243; _module_preset=&#187;default&#187; global_colors_info=&#187;{}&#187;][et_pb_text _builder_version=&#187;4.17.1&#8243; _module_preset=&#187;default&#187; global_colors_info=&#187;{}&#187;]<\/p>\n<h1>\u041e \u043d\u0430\u0441<\/h1>\n<p>[\/et_pb_text][\/et_pb_column][\/et_pb_row][\/et_pb_section][et_pb_section fb_built=&#187;1&#8243; _builder_version=&#187;4.17.1&#8243; _module_preset=&#187;default&#187; background_color=&#187;#f5f5f5&#8243; global_colors_info=&#187;{}&#187;][et_pb_row _builder_version=&#187;4.17.1&#8243; _module_preset=&#187;default&#187; global_colors_info=&#187;{}&#187;][et_pb_column type=&#187;4_4&#8243; _builder_version=&#187;4.17.1&#8243; _module_preset=&#187;default&#187; global_colors_info=&#187;{}&#187;][et_pb_text _builder_version=&#187;4.17.1&#8243; _module_preset=&#187;default&#187; global_colors_info=&#187;{}&#187; disabled_on=&#187;on|on|on&#187; disabled=&#187;on&#187;]\u0420\u043e\u043c\u0430\u043d \u0425\u0435\u043d\u0441\u043e\u043d (\u042d\u0441\u0442\u043e\u043d\u0438\u044f), \u041f\u0440\u0438\u0439\u0442 \u041f\u044b\u0434\u0435\u0440 (\u042d\u0441\u0442\u043e\u043d\u0438\u044f) \u0438 \u041c\u0430\u0440\u0438\u0441 \u0420\u0435\u0432\u0430\u043b\u0434\u0441 (\u041b\u0430\u0442\u0432\u0438\u044f) \u0432 2013 \u0433\u043e\u0434\u0443 \u043e\u0441\u043d\u043e\u0432\u0430\u043b\u0438 \u043a\u043b\u0438\u043d\u0438\u043a\u0443 \u043b\u0435\u0447\u0435\u043d\u0438\u044f \u0432\u0435\u043d Estonian Vein Clinic. \u0421 \u0442\u0435\u0445 \u043f\u043e\u0440 \u043a\u043b\u0438\u043d\u0438\u043a\u0430 \u043b\u0435\u0447\u0435\u043d\u0438\u044f \u0432\u0435\u043d \u0434\u0435\u0439\u0441\u0442\u0432\u0443\u0435\u0442 \u043f\u043e \u0432\u0441\u0435\u0439 \u042d\u0441\u0442\u043e\u043d\u0438\u0438.<\/p>\n<p>\u041c\u044b \u043f\u0440\u0435\u0434\u043b\u0430\u0433\u0430\u0435\u043c \u043d\u0430\u0448\u0438\u043c \u043a\u043b\u0438\u0435\u043d\u0442\u0430\u043c \u0443\u0441\u043b\u0443\u0433\u0438 \u0434\u0438\u0430\u0433\u043d\u043e\u0441\u0442\u0438\u043a\u0438 \u0438 \u043b\u0435\u0447\u0435\u043d\u0438\u044f \u0437\u0430\u0431\u043e\u043b\u0435\u0432\u0430\u043d\u0438\u0439 \u0432\u0435\u043d, \u0430 \u0442\u0430\u043a\u0436\u0435 \u0443\u0441\u0442\u0440\u0430\u043d\u0435\u043d\u0438\u0435 \u0441\u0432\u044f\u0437\u0430\u043d\u043d\u044b\u0445 \u0441 \u044d\u0442\u0438\u043c \u044d\u0441\u0442\u0435\u0442\u0438\u0447\u0435\u0441\u043a\u0438\u0445 \u043f\u0440\u043e\u0431\u043b\u0435\u043c. \u0423 \u043d\u0430\u0441 \u0441\u0430\u043c\u043e\u0435 \u0441\u043e\u0432\u0440\u0435\u043c\u0435\u043d\u043d\u043e\u0435 \u0442\u0435\u0445\u043d\u0438\u0447\u0435\u0441\u043a\u043e\u0435 \u043e\u0441\u043d\u0430\u0449\u0435\u043d\u0438\u0435: \u0443\u043b\u044c\u0442\u0440\u0430\u0437\u0432\u0443\u043a\u043e\u0432\u043e\u0435, \u0445\u0438\u0440\u0443\u0440\u0433\u0438\u0447\u0435\u0441\u043a\u043e\u0435 \u043b\u0430\u0437\u0435\u0440\u043d\u043e\u0435 \u0438 \u0440\u0430\u0434\u0438\u043e\u0447\u0430\u0441\u0442\u043e\u0442\u043d\u043e\u0435 \u043e\u0431\u043e\u0440\u0443\u0434\u043e\u0432\u0430\u043d\u0438\u0435. Estonian Vein Clinic \u0432\u0445\u043e\u0434\u0438\u0442 \u0432 \u0441\u0435\u0442\u044c \u044d\u043a\u0441\u043f\u0435\u0440\u0442\u043d\u044b\u0445 \u043a\u043b\u0438\u043d\u0438\u043a Balmed.<\/p>\n<p>\u0412 2021 \u0433\u043e\u0434\u0443 \u043a\u043b\u0438\u043d\u0438\u043a\u0430 \u043f\u0435\u0440\u0435\u0435\u0445\u0430\u043b\u0430 \u0432 \u043d\u043e\u0432\u043e\u0435 \u043f\u043e\u043c\u0435\u0449\u0435\u043d\u0438\u0435, \u0431\u043b\u0430\u0433\u043e\u0434\u0430\u0440\u044f \u0447\u0435\u043c\u0443 \u043a\u043b\u0438\u043d\u0438\u043a\u0430 \u043e\u0431\u0440\u0435\u043b\u0430 \u043d\u043e\u0432\u044b\u0435 \u043f\u0440\u043e\u0441\u0442\u043e\u0440\u043d\u044b\u0435 \u043e\u043f\u0435\u0440\u0430\u0446\u0438\u043e\u043d\u043d\u044b\u0435. [\/et_pb_text][et_pb_text _builder_version=&#187;4.17.1&#8243; _module_preset=&#187;default&#187; hover_enabled=&#187;0&#8243; global_colors_info=&#187;{}&#187; sticky_enabled=&#187;0&#8243;]\u0420\u043e\u043c\u0430\u043d \u0425\u0435\u043d\u0441\u043e\u043d (\u042d\u0441\u0442\u043e\u043d\u0438\u044f), \u041f\u0440\u0438\u0439\u0442 \u041f\u044b\u0434\u0435\u0440 (\u042d\u0441\u0442\u043e\u043d\u0438\u044f) \u0438 \u041c\u0430\u0440\u0438\u0441 \u0420\u0435\u0432\u0430\u043b\u0434\u0441 (\u041b\u0430\u0442\u0432\u0438\u044f) \u0432 2013 \u0433\u043e\u0434\u0443 \u043e\u0441\u043d\u043e\u0432\u0430\u043b\u0438 \u043a\u043b\u0438\u043d\u0438\u043a\u0443 \u043b\u0435\u0447\u0435\u043d\u0438\u044f \u0432\u0435\u043d Estonian Vein Clinic. \u0421 \u0442\u0435\u0445 \u043f\u043e\u0440 \u043a\u043b\u0438\u043d\u0438\u043a\u0430 \u043b\u0435\u0447\u0435\u043d\u0438\u044f \u0432\u0435\u043d \u0434\u0435\u0439\u0441\u0442\u0432\u0443\u0435\u0442 \u043f\u043e \u0432\u0441\u0435\u0439 \u042d\u0441\u0442\u043e\u043d\u0438\u0438.<\/p>\n<p>\u041c\u044b \u043f\u0440\u0435\u0434\u043b\u0430\u0433\u0430\u0435\u043c \u043d\u0430\u0448\u0438\u043c \u043a\u043b\u0438\u0435\u043d\u0442\u0430\u043c \u0443\u0441\u043b\u0443\u0433\u0438 \u0434\u0438\u0430\u0433\u043d\u043e\u0441\u0442\u0438\u043a\u0438 \u0438 \u043b\u0435\u0447\u0435\u043d\u0438\u044f \u0437\u0430\u0431\u043e\u043b\u0435\u0432\u0430\u043d\u0438\u0439 \u0432\u0435\u043d, \u0430 \u0442\u0430\u043a\u0436\u0435 \u0443\u0441\u0442\u0440\u0430\u043d\u0435\u043d\u0438\u0435 \u0441\u0432\u044f\u0437\u0430\u043d\u043d\u044b\u0445 \u0441 \u044d\u0442\u0438\u043c \u044d\u0441\u0442\u0435\u0442\u0438\u0447\u0435\u0441\u043a\u0438\u0445 \u043f\u0440\u043e\u0431\u043b\u0435\u043c. \u0423 \u043d\u0430\u0441 \u0441\u0430\u043c\u043e\u0435 \u0441\u043e\u0432\u0440\u0435\u043c\u0435\u043d\u043d\u043e\u0435 \u0442\u0435\u0445\u043d\u0438\u0447\u0435\u0441\u043a\u043e\u0435 \u043e\u0441\u043d\u0430\u0449\u0435\u043d\u0438\u0435: \u0443\u043b\u044c\u0442\u0440\u0430\u0437\u0432\u0443\u043a\u043e\u0432\u043e\u0435, \u0445\u0438\u0440\u0443\u0440\u0433\u0438\u0447\u0435\u0441\u043a\u043e\u0435 \u043b\u0430\u0437\u0435\u0440\u043d\u043e\u0435 \u0438 \u0440\u0430\u0434\u0438\u043e\u0447\u0430\u0441\u0442\u043e\u0442\u043d\u043e\u0435 \u043e\u0431\u043e\u0440\u0443\u0434\u043e\u0432\u0430\u043d\u0438\u0435. Estonian Vein Clinic \u0432\u0445\u043e\u0434\u0438\u0442 \u0432 \u0441\u0435\u0442\u044c \u044d\u043a\u0441\u043f\u0435\u0440\u0442\u043d\u044b\u0445 \u043a\u043b\u0438\u043d\u0438\u043a Balmed.<\/p>\n<p>[\/et_pb_text][\/et_pb_column][\/et_pb_row][\/et_pb_section][et_pb_section fb_built=&#187;1&#8243; _builder_version=&#187;4.17.1&#8243; _module_preset=&#187;default&#187; custom_padding=&#187;||6%||false|false&#187; global_colors_info=&#187;{}&#187;][et_pb_row column_structure=&#187;1_3,1_3,1_3&#8243; use_custom_gutter=&#187;on&#187; gutter_width=&#187;3&#8243; _builder_version=&#187;4.17.1&#8243; _module_preset=&#187;default&#187; global_colors_info=&#187;{}&#187;][et_pb_column type=&#187;1_3&#8243; _builder_version=&#187;4.17.1&#8243; _module_preset=&#187;default&#187; global_colors_info=&#187;{}&#187;][et_pb_blurb title=&#187;\u0414\u0440. \u041f\u0440\u0438\u0439\u0442 \u041f\u044b\u0434\u0435\u0440&#187; image=&#187;https:\/\/evc.ee\/wp-content\/uploads\/2022\/04\/meist_priit.jpg&#187; _builder_version=&#187;4.17.1&#8243; _module_preset=&#187;default&#187; header_font=&#187;|700|||||||&#187; header_text_color=&#187;#97CC06&#8243; header_font_size=&#187;24px&#187; custom_css_blurb_image=&#187;margin-bottom: 20px;&#187; custom_css_blurb_title=&#187;padding-left: 10px;||padding-bottom: 20px;&#187; box_shadow_style=&#187;preset2&#8243; global_colors_info=&#187;{}&#187;][\/et_pb_blurb][et_pb_text _builder_version=&#187;4.17.1&#8243; _module_preset=&#187;default&#187; global_colors_info=&#187;{}&#187;]\u0414\u0440. \u041f\u0440\u0438\u0439\u0442 \u041f\u044b\u0434\u0435\u0440 \u2014 \u0441\u043e\u0441\u0443\u0434\u0438\u0441\u0442\u044b\u0439 \u0445\u0438\u0440\u0443\u0440\u0433, \u043e\u0441\u043d\u043e\u0432\u043d\u043e\u0439 \u043e\u0431\u043b\u0430\u0441\u0442\u044c\u044e \u0438\u043d\u0442\u0435\u0440\u0435\u0441\u043e\u0432 \u043a\u043e\u0442\u043e\u0440\u043e\u0433\u043e \u044f\u0432\u043b\u044f\u044e\u0442\u0441\u044f \u043d\u043e\u0432\u044b\u0435 \u044d\u043d\u0434\u043e\u0432\u0430\u0441\u043a\u0443\u043b\u044f\u0440\u043d\u044b\u0435 \u043c\u0435\u0442\u043e\u0434\u0438\u043a\u0438. \u0412 2006 \u0433. \u043e\u043d \u0437\u0430\u0449\u0438\u0442\u0438\u043b \u0434\u043e\u043a\u0442\u043e\u0440\u0441\u043a\u0443\u044e \u0434\u0438\u0441\u0441\u0435\u0440\u0442\u0430\u0446\u0438\u044e \u0432 \u0422\u0430\u0440\u0442\u0443\u0441\u043a\u043e\u043c \u0443\u043d\u0438\u0432\u0435\u0440\u0441\u0438\u0442\u0435\u0442\u0435, \u043f\u043e\u0432\u044b\u0448\u0430\u043b \u043a\u0432\u0430\u043b\u0438\u0444\u0438\u043a\u0430\u0446\u0438\u044e \u043f\u043e \u0441\u043f\u0435\u0446\u0438\u0430\u043b\u044c\u043d\u043e\u0441\u0442\u0438 \u0441\u043e\u0441\u0443\u0434\u0438\u0441\u0442\u043e\u0439 \u0438 \u044d\u043d\u0434\u043e\u0432\u0430\u0441\u043a\u0443\u043b\u044f\u0440\u043d\u043e\u0439 \u0445\u0438\u0440\u0443\u0440\u0433\u0438\u0438 \u0432 \u0424\u0438\u043d\u043b\u044f\u043d\u0434\u0438\u0438, \u0428\u0432\u0435\u0446\u0438\u0438 \u0438 \u0418\u0442\u0430\u043b\u0438\u0438.<br \/>\n\u0414\u0440. \u041f\u0440\u0438\u0439\u0442 \u041f\u044b\u0434\u0435\u0440 \u044f\u0432\u043b\u044f\u0435\u0442\u0441\u044f \u043e\u0434\u043d\u0438\u043c \u0438\u0437 \u043e\u0441\u043d\u043e\u0432\u0430\u0442\u0435\u043b\u0435\u0439 \u0438 \u043f\u0440\u0435\u0434\u0441\u0435\u0434\u0430\u0442\u0435\u043b\u0435\u043c \u042d\u0441\u0442\u043e\u043d\u0441\u043a\u043e\u0433\u043e \u043e\u0431\u0449\u0435\u0441\u0442\u0432\u0430 \u0441\u043e\u0441\u0443\u0434\u0438\u0441\u0442\u043e\u0439 \u0438 \u044d\u043d\u0434\u043e\u0432\u0430\u0441\u043a\u0443\u043b\u044f\u0440\u043d\u043e\u0439 \u0445\u0438\u0440\u0443\u0440\u0433\u0438\u0438.[\/et_pb_text][\/et_pb_column][et_pb_column type=&#187;1_3&#8243; _builder_version=&#187;4.17.1&#8243; _module_preset=&#187;default&#187; global_colors_info=&#187;{}&#187;][et_pb_blurb title=&#187;\u0420\u043e\u043c\u0430\u043d \u0425\u0435\u043d\u0441\u043e\u043d&#187; image=&#187;https:\/\/evc.ee\/wp-content\/uploads\/2022\/04\/meist_roman.jpg&#187; _builder_version=&#187;4.17.1&#8243; _module_preset=&#187;default&#187; header_font=&#187;|700|||||||&#187; header_text_color=&#187;#97CC06&#8243; header_font_size=&#187;24px&#187; custom_css_blurb_image=&#187;margin-bottom: 20px;&#187; custom_css_blurb_title=&#187;padding-left: 10px;||padding-bottom: 20px;&#187; box_shadow_style=&#187;preset2&#8243; global_colors_info=&#187;{}&#187;][\/et_pb_blurb][et_pb_text _builder_version=&#187;4.17.1&#8243; _module_preset=&#187;default&#187; global_colors_info=&#187;{}&#187;]\u0420\u043e\u043c\u0430\u043d \u0425\u0435\u043d\u0441\u043e\u043d \u044f\u0432\u043b\u044f\u0435\u0442\u0441\u044f \u043e\u0441\u043d\u043e\u0432\u0430\u0442\u0435\u043b\u0435\u043c \u0433\u0440\u0443\u043f\u043f\u044b \u043a\u043b\u0438\u043d\u0438\u043a Balmed Expert Clinics. \u0412 \u0433\u0440\u0443\u043f\u043f\u0443 \u044d\u043a\u0441\u043f\u0435\u0440\u0442\u043d\u044b\u0445 \u043a\u043b\u0438\u043d\u0438\u043a Balmed \u0432\u0445\u043e\u0434\u044f\u0442 \u0441\u043b\u0435\u0434\u0443\u044e\u0449\u0438\u0435 \u043a\u043e\u043c\u043f\u0430\u043d\u0438\u0438: Veeniravikliinik, Sooleravi kliinik, Jalakliinik, Laserg\u00fcnekoloogia kliinik, ilukliinik vipMedicum, \u0441\u0435\u0442\u044c \u043b\u0430\u0437\u0435\u0440\u043d\u043e\u0439 \u044d\u043f\u0438\u043b\u044f\u0446\u0438\u0438 LaserSecret, \u043a\u043e\u043c\u043f\u0430\u043d\u0438\u044f \u043f\u043e \u043f\u0440\u043e\u0434\u0430\u0436\u0435 \u043c\u0435\u0434\u0438\u0446\u0438\u043d\u0441\u043a\u043e\u0433\u043e \u043e\u0431\u043e\u0440\u0443\u0434\u043e\u0432\u0430\u043d\u0438\u044f \u0438 \u043e\u0431\u0443\u0447\u0435\u043d\u0438\u044e Baltic Lasers. [\/et_pb_text][\/et_pb_column][et_pb_column type=&#187;1_3&#8243; _builder_version=&#187;4.17.1&#8243; _module_preset=&#187;default&#187; global_colors_info=&#187;{}&#187;][et_pb_blurb title=&#187;\u041c\u0430\u0440\u0438\u0441 \u0420\u0435\u0432\u0430\u043b\u0434\u0441&#187; image=&#187;https:\/\/evc.ee\/wp-content\/uploads\/2022\/04\/meist_maris.jpg&#187; _builder_version=&#187;4.17.1&#8243; _module_preset=&#187;default&#187; header_font=&#187;|700|||||||&#187; header_text_color=&#187;#97CC06&#8243; header_font_size=&#187;24px&#187; custom_css_blurb_image=&#187;margin-bottom: 20px;&#187; custom_css_blurb_title=&#187;padding-left: 10px;||padding-bottom: 20px;&#187; box_shadow_style=&#187;preset2&#8243; global_colors_info=&#187;{}&#187;][\/et_pb_blurb][et_pb_text _builder_version=&#187;4.17.1&#8243; _module_preset=&#187;default&#187; global_colors_info=&#187;{}&#187;]\u041c\u0430\u0440\u0438\u0441 \u0420\u0435\u0432\u0430\u043b\u0434\u0441 \u044f\u0432\u043b\u044f\u0435\u0442\u0441\u044f \u043f\u0440\u0435\u0434\u0441\u0435\u0434\u0430\u0442\u0435\u043b\u0435\u043c \u043f\u0440\u0430\u0432\u043b\u0435\u043d\u0438\u044f Ltd Vesel\u012bbas centrs 4. Vesel\u012bbas centrs 4 \u2013 \u043e\u0434\u043d\u043e \u0438\u0437 \u043a\u0440\u0443\u043f\u043d\u0435\u0439\u0448\u0438\u0445 \u0447\u0430\u0441\u0442\u043d\u044b\u0445 \u043c\u0435\u0434\u0438\u0446\u0438\u043d\u0441\u043a\u0438\u0445 \u0443\u0447\u0440\u0435\u0436\u0434\u0435\u043d\u0438\u0439 \u0432 \u041b\u0430\u0442\u0432\u0438\u0438, \u043a\u043e\u0442\u043e\u0440\u043e\u0435 \u0432\u043e\u0442 \u0443\u0436\u0435 25 \u043b\u0435\u0442 \u043e\u043a\u0430\u0437\u044b\u0432\u0430\u0435\u0442 \u0441\u0432\u043e\u0438\u043c \u043f\u0430\u0446\u0438\u0435\u043d\u0442\u0430\u043c \u043a\u0430\u0447\u0435\u0441\u0442\u0432\u0435\u043d\u043d\u0443\u044e \u043c\u0435\u0434\u0438\u0446\u0438\u043d\u0441\u043a\u0443\u044e \u043f\u043e\u043c\u043e\u0449\u044c. Vesel\u012bbas centrs 4 \u043e\u043a\u0430\u0437\u044b\u0432\u0430\u0435\u0442 \u0443\u0441\u043b\u0443\u0433\u0438 \u043f\u043e \u043b\u0435\u0447\u0435\u043d\u0438\u044e \u0432\u0435\u043d \u0441 1996 \u0433\u043e\u0434\u0430 (Baltic Vein Clinic).[\/et_pb_text][\/et_pb_column][\/et_pb_row][\/et_pb_section]<\/p>\n","protected":false},"excerpt":{"rendered":"<p>\u041e \u043d\u0430\u0441\u0420\u043e\u043c\u0430\u043d \u0425\u0435\u043d\u0441\u043e\u043d (\u042d\u0441\u0442\u043e\u043d\u0438\u044f), \u041f\u0440\u0438\u0439\u0442 \u041f\u044b\u0434\u0435\u0440 (\u042d\u0441\u0442\u043e\u043d\u0438\u044f) \u0438 \u041c\u0430\u0440\u0438\u0441 \u0420\u0435\u0432\u0430\u043b\u0434\u0441 (\u041b\u0430\u0442\u0432\u0438\u044f) \u0432 2013 \u0433\u043e\u0434\u0443 \u043e\u0441\u043d\u043e\u0432\u0430\u043b\u0438 \u043a\u043b\u0438\u043d\u0438\u043a\u0443 \u043b\u0435\u0447\u0435\u043d\u0438\u044f \u0432\u0435\u043d Estonian Vein Clinic. \u0421 \u0442\u0435\u0445 \u043f\u043e\u0440 \u043a\u043b\u0438\u043d\u0438\u043a\u0430 \u043b\u0435\u0447\u0435\u043d\u0438\u044f \u0432\u0435\u043d \u0434\u0435\u0439\u0441\u0442\u0432\u0443\u0435\u0442 \u043f\u043e \u0432\u0441\u0435\u0439 \u042d\u0441\u0442\u043e\u043d\u0438\u0438. \u041c\u044b \u043f\u0440\u0435\u0434\u043b\u0430\u0433\u0430\u0435\u043c \u043d\u0430\u0448\u0438\u043c \u043a\u043b\u0438\u0435\u043d\u0442\u0430\u043c \u0443\u0441\u043b\u0443\u0433\u0438 \u0434\u0438\u0430\u0433\u043d\u043e\u0441\u0442\u0438\u043a\u0438 \u0438 \u043b\u0435\u0447\u0435\u043d\u0438\u044f \u0437\u0430\u0431\u043e\u043b\u0435\u0432\u0430\u043d\u0438\u0439 \u0432\u0435\u043d, \u0430 \u0442\u0430\u043a\u0436\u0435 \u0443\u0441\u0442\u0440\u0430\u043d\u0435\u043d\u0438\u0435 \u0441\u0432\u044f\u0437\u0430\u043d\u043d\u044b\u0445 \u0441 \u044d\u0442\u0438\u043c \u044d\u0441\u0442\u0435\u0442\u0438\u0447\u0435\u0441\u043a\u0438\u0445 \u043f\u0440\u043e\u0431\u043b\u0435\u043c. \u0423 \u043d\u0430\u0441 \u0441\u0430\u043c\u043e\u0435 \u0441\u043e\u0432\u0440\u0435\u043c\u0435\u043d\u043d\u043e\u0435 \u0442\u0435\u0445\u043d\u0438\u0447\u0435\u0441\u043a\u043e\u0435 \u043e\u0441\u043d\u0430\u0449\u0435\u043d\u0438\u0435: [&hellip;]<\/p>\n","protected":false},"author":6,"featured_media":0,"parent":0,"menu_order":0,"comment_status":"closed","ping_status":"closed","template":"","meta":{"_et_pb_use_builder":"on","_et_pb_old_content":"[et_pb_section fb_built=\"1\" _builder_version=\"4.17.1\" _module_preset=\"default\" global_colors_info=\"{}\"][et_pb_row _builder_version=\"4.17.1\" _module_preset=\"default\" global_colors_info=\"{}\"][et_pb_column type=\"4_4\" _builder_version=\"4.17.1\" _module_preset=\"default\" global_colors_info=\"{}\"][et_pb_text _builder_version=\"4.17.1\" _module_preset=\"default\" global_colors_info=\"{}\"]<h1>Meist<\/h1>[\/et_pb_text][\/et_pb_column][\/et_pb_row][\/et_pb_section][et_pb_section fb_built=\"1\" _builder_version=\"4.17.1\" _module_preset=\"default\" background_color=\"#f5f5f5\" global_colors_info=\"{}\"][et_pb_row _builder_version=\"4.17.1\" _module_preset=\"default\" global_colors_info=\"{}\"][et_pb_column type=\"4_4\" _builder_version=\"4.17.1\" _module_preset=\"default\" global_colors_info=\"{}\"][et_pb_text _builder_version=\"4.17.1\" _module_preset=\"default\" global_colors_info=\"{}\"]Roman Henson (Eesti), Priit P\u00f5der (Eesti)  ja Maris Revalds (L\u00e4ti) asutasid 2013 aastal veeniravikliiniku Estonian Vein Clinic. Veeniravi kliinik on sellest ajast aktiivselt tegutsenud \u00fcle terve Eesti, avades erinevates linnades diagnostikaga tegelevaid harusid.\r\n\r\nPakume oma klientidele veenihaiguste diagnostikateenust ja ravi ning ka esteetiliste probleemide eemaldamist. Meil on k\u00f5ige kaasaegsem tehniline varustus: ultraheliseadmed, kirurgilised laser- ja raadiosagedusseadmed. Estonian Vein Clinic kuulub Balmed ekspertkliinikutte gruppi.\r\n\r\n2021 aastal vahetas kliinik asukohta, liikudes suuremale ning rohkemate operatsiooniruumidega pinnale.[\/et_pb_text][\/et_pb_column][\/et_pb_row][\/et_pb_section][et_pb_section fb_built=\"1\" _builder_version=\"4.17.1\" _module_preset=\"default\" custom_padding=\"||6%||false|false\" global_colors_info=\"{}\"][et_pb_row column_structure=\"1_3,1_3,1_3\" _builder_version=\"4.17.1\" _module_preset=\"default\" hover_enabled=\"0\" global_colors_info=\"{}\" use_custom_gutter=\"on\" gutter_width=\"3\" sticky_enabled=\"0\"][et_pb_column type=\"1_3\" _builder_version=\"4.17.1\" _module_preset=\"default\" global_colors_info=\"{}\"][et_pb_blurb title=\"Dr. Priit P\u00f5der\" image=\"https:\/\/evc.ee\/wp-content\/uploads\/2022\/04\/meist_priit.jpg\" _builder_version=\"4.17.1\" _module_preset=\"default\" header_font=\"|700|||||||\" header_text_color=\"#97CC06\" header_font_size=\"24px\" custom_css_blurb_image=\"margin-bottom: 20px;\" custom_css_blurb_title=\"padding-left: 10px;||padding-bottom: 20px;\" box_shadow_style=\"preset2\" global_colors_info=\"{}\"][\/et_pb_blurb][et_pb_text _builder_version=\"4.17.1\" _module_preset=\"default\" global_colors_info=\"{}\"]Dr. Priit P\u00f5der on vaskulaarkirurg, kelle peamiseks huvialaks on uued endovaskulaarsed tehnikad. Ta on kaitsnud doktorit\u00f6\u00f6 2006 aastal Tartu \u00dcikooli juures, t\u00e4iendanud ennast vaskulaar- ja endovaskulaarkirurgia erialal Soomes, Rootsis ja Itaalias. Dr. Priit P\u00f5der on Eesti Veresoonte- ja Endovaskulaarkirurgia Seltsi asutajaliige ja esimees.[\/et_pb_text][\/et_pb_column][et_pb_column type=\"1_3\" _builder_version=\"4.17.1\" _module_preset=\"default\" global_colors_info=\"{}\"][et_pb_blurb title=\"Roman Henson\" image=\"https:\/\/evc.ee\/wp-content\/uploads\/2022\/04\/meist_roman.jpg\" _builder_version=\"4.17.1\" _module_preset=\"default\" header_font=\"|700|||||||\" header_text_color=\"#97CC06\" header_font_size=\"24px\" custom_css_blurb_image=\"margin-bottom: 20px;\" custom_css_blurb_title=\"padding-left: 10px;||padding-bottom: 20px;\" box_shadow_style=\"preset2\" global_colors_info=\"{}\"][\/et_pb_blurb][et_pb_text _builder_version=\"4.17.1\" _module_preset=\"default\" global_colors_info=\"{}\"]Roman Henson on Balmed Expert Clinics Group asutaja. Balmed ekspertkliinikute gruppi kuuluvad j\u00e4rgmised ettev\u00f5tted: Veeniravikliinik, Sooleravi kliinik, Jalakliinik, Laserg\u00fcnekoloogia kliinik, ilukliinik vipMedicum, laserepilatsiooni kett LaserSecret, meditsiinitehnika m\u00fc\u00fcgi ja koolitustega tegelev ettev\u00f5te Baltic Lasers.[\/et_pb_text][\/et_pb_column][et_pb_column type=\"1_3\" _builder_version=\"4.17.1\" _module_preset=\"default\" global_colors_info=\"{}\"][et_pb_blurb title=\"Maris Revalds\" image=\"https:\/\/evc.ee\/wp-content\/uploads\/2022\/04\/meist_maris.jpg\" _builder_version=\"4.17.1\" _module_preset=\"default\" header_font=\"|700|||||||\" header_text_color=\"#97CC06\" header_font_size=\"24px\" custom_css_blurb_image=\"margin-bottom: 20px;\" custom_css_blurb_title=\"padding-left: 10px;||padding-bottom: 20px;\" box_shadow_style=\"preset2\" global_colors_info=\"{}\"][\/et_pb_blurb][et_pb_text _builder_version=\"4.17.1\" _module_preset=\"default\" global_colors_info=\"{}\"]Maris Revalds on Vesel\u012bbas centrs 4, Ltd juhatuse esimees. Vesel\u012bbas centrs 4 on \u00fcks suurimaid erameditsiiniasutusi L\u00e4tis, mis on pakkunud k\u00f5rgkvaliteetset meditsiiniteenust oma patsientidele juba 25 aastat. Vesel\u012bbas centrs 4 osutab veeniravi teenust alates 1996 (Baltic Vein Clinic).[\/et_pb_text][\/et_pb_column][\/et_pb_row][\/et_pb_section]","_et_gb_content_width":"","footnotes":""},"dipi_cpt_category":[],"class_list":["post-11278","page","type-page","status-publish","hentry"],"_links":{"self":[{"href":"https:\/\/evc.ee\/ru\/wp-json\/wp\/v2\/pages\/11278","targetHints":{"allow":["GET"]}}],"collection":[{"href":"https:\/\/evc.ee\/ru\/wp-json\/wp\/v2\/pages"}],"about":[{"href":"https:\/\/evc.ee\/ru\/wp-json\/wp\/v2\/types\/page"}],"author":[{"embeddable":true,"href":"https:\/\/evc.ee\/ru\/wp-json\/wp\/v2\/users\/6"}],"replies":[{"embeddable":true,"href":"https:\/\/evc.ee\/ru\/wp-json\/wp\/v2\/comments?post=11278"}],"version-history":[{"count":5,"href":"https:\/\/evc.ee\/ru\/wp-json\/wp\/v2\/pages\/11278\/revisions"}],"predecessor-version":[{"id":11786,"href":"https:\/\/evc.ee\/ru\/wp-json\/wp\/v2\/pages\/11278\/revisions\/11786"}],"wp:attachment":[{"href":"https:\/\/evc.ee\/ru\/wp-json\/wp\/v2\/media?parent=11278"}],"wp:term":[{"taxonomy":"dipi_cpt_category","embeddable":true,"href":"https:\/\/evc.ee\/ru\/wp-json\/wp\/v2\/dipi_cpt_category?post=11278"}],"curies":[{"name":"wp","href":"https:\/\/api.w.org\/{rel}","templated":true}]}}