{"id":4562,"date":"2018-09-11T09:36:19","date_gmt":"2018-09-11T07:36:19","guid":{"rendered":"https:\/\/evc.ee\/?page_id=4562"},"modified":"2026-04-20T12:43:55","modified_gmt":"2026-04-20T09:43:55","slug":"usein-kysytyt-kysymykset","status":"publish","type":"page","link":"https:\/\/evc.ee\/fi\/usein-kysytyt-kysymykset\/","title":{"rendered":"Usein kysytyt kysymykset"},"content":{"rendered":"<p>[et_pb_section fb_built=&#8221;1&#8243; _builder_version=&#8221;4.16&#8243; global_colors_info=&#8221;{}&#8221;][et_pb_row column_structure=&#8221;1_4,1_2,1_4&#8243; _builder_version=&#8221;4.16&#8243; global_colors_info=&#8221;{}&#8221;][et_pb_column type=&#8221;1_4&#8243; _builder_version=&#8221;4.16&#8243; custom_padding=&#8221;|||&#8221; global_colors_info=&#8221;{}&#8221; custom_padding__hover=&#8221;|||&#8221;][\/et_pb_column][et_pb_column type=&#8221;1_2&#8243; _builder_version=&#8221;4.16&#8243; custom_padding=&#8221;|||&#8221; global_colors_info=&#8221;{}&#8221; custom_padding__hover=&#8221;|||&#8221;][et_pb_video src=&#8221;https:\/\/www.youtube.com\/watch?v=LZnRdqcw718&#038;feature=youtu.be&#8221; image_src=&#8221;\/\/i.ytimg.com\/vi\/LZnRdqcw718\/hqdefault.jpg&#8221; _builder_version=&#8221;4.27.6&#8243; global_colors_info=&#8221;{}&#8221;][\/et_pb_video][\/et_pb_column][et_pb_column type=&#8221;1_4&#8243; _builder_version=&#8221;4.16&#8243; custom_padding=&#8221;|||&#8221; global_colors_info=&#8221;{}&#8221; custom_padding__hover=&#8221;|||&#8221;][\/et_pb_column][\/et_pb_row][et_pb_row _builder_version=&#8221;4.16&#8243; background_size=&#8221;initial&#8221; background_position=&#8221;top_left&#8221; background_repeat=&#8221;repeat&#8221; global_colors_info=&#8221;{}&#8221;][et_pb_column type=&#8221;4_4&#8243; _builder_version=&#8221;4.16&#8243; custom_padding=&#8221;|||&#8221; global_colors_info=&#8221;{}&#8221; custom_padding__hover=&#8221;|||&#8221;][et_pb_text _builder_version=&#8221;4.16&#8243; global_colors_info=&#8221;{}&#8221;]<\/p>\n<h1>Usein kysytyt kysymykset<\/h1>\n<p>[\/et_pb_text][dipi_faq faq_categories=&#8221;62&#8243; faq_order_by=&#8221;date&#8221; heading_tag=&#8221;h2&#8243; faq_layout=&#8221;accordion&#8221; accordion_open_first=&#8221;on&#8221; _builder_version=&#8221;4.27.6&#8243; _module_preset=&#8221;default&#8221; title_closed_font=&#8221;||||||||&#8221; title_closed_font_size=&#8221;14px&#8221; locked=&#8221;off&#8221; global_colors_info=&#8221;{}&#8221;][\/dipi_faq][\/et_pb_column][\/et_pb_row][\/et_pb_section]<\/p>\n","protected":false},"excerpt":{"rendered":"<p>Usein kysytyt kysymykset <div class=\"et_pb_module dipi_faq dipi_faq_0\">\n\t\t\t\t\n\t\t\t\t\n\t\t\t\t\n\t\t\t\t\n\t\t\t\t\n\t\t\t\t\n\t\t\t\t<div class=\"et_pb_module_inner\">\n\t\t\t\t\t<div class=\"dipi-faq-wrapper dipi-faq-accordion loading dipi-faq-accordion-not-closable\" style=\"display: none;\" data-config=\"{&quot;layout&quot;:&quot;accordion&quot;,&quot;open_first&quot;:true}\">\n\t\t\t\t<script type=\"application\/ld+json\">{\"@context\":\"https:\\\/\\\/schema.org\",\"@type\":\"FAQPage\",\"@id\":false,\"mainEntity\":[{\"@type\":\"Question\",\"name\":\"Miten nopeasti voi taas aloittaa harrastamaan liikuntaa (jooga, juoksu, kuntosali)?\",\"acceptedAnswer\":{\"@type\":\"Answer\",\"text\":\"<p>Riippuen yleisvoinnista kevytt\\u00e4 liikuntaa voi aloittaa noin kolmen p\\u00e4iv\\u00e4n p\\u00e4\\u00e4st\\u00e4 leikkauksesta. Riippuen yleisvoinnista, kuormittavampaa liikuntaa, kuten kuntosalilla k\\u00e4yminen, voi aloittaa noin kahden viikon p\\u00e4\\u00e4st\\u00e4 leikkauksesta. Jokainen ihminen on yksil\\u00f6llinen, joten on mahdollista, ett\\u00e4 jotkut tulevat tarvitsemaan enemm\\u00e4n aikaa toipumiseen. Molemmissa tapauksissa on liikuttava kompressiosukat jalassa.<\\\/p>\\n\"}},{\"@type\":\"Question\",\"name\":\"Kompressiosukissa on vaikeampaa liikkua, mist\\u00e4 t\\u00e4m\\u00e4 johtuu? V\\u00e4\\u00e4r\\u00e4 koko? Onko niit\\u00e4 silti pakollista laittaa jalkaan?\",\"acceptedAnswer\":{\"@type\":\"Answer\",\"text\":\"<p>Skleroterapian j\\u00e4lkeen kompressiosukat on ehdottamasti laitettava jalkaan, sill\\u00e4 kompressiosukien k\\u00e4ytt\\u00f6 on hoidon t\\u00e4rke\\u00e4 osa. Leikkauksen j\\u00e4lkeen (laser- ja radiotajuushoito) kompressihoito on my\\u00f6s t\\u00e4rke\\u00e4\\u00e4, se alentaa leikkauksen j\\u00e4lkeisten sivuoireiden riski\\u00e4 sek\\u00e4 verenpurkautumien synty\\u00e4. Raajan ymp\\u00e4rysmittojen perusteella valitut sukat tulevat aina olemaan oikean kokoiset. Jotkut potilaat eiv\\u00e4t silti tuo oikean kokoista kompressiosukkaa. Mik\\u00e4li kompressiosukkien kanssa ilmenee ongelmia, on konsultoitava oman l\\u00e4\\u00e4k\\u00e4rin kanssa.<\\\/p>\\n\"}},{\"@type\":\"Question\",\"name\":\"Kauanko leikkauksen j\\u00e4lkeiset mustelmat pysyv\\u00e4t ja l\\u00f6ytyyk\\u00f6 hoitoprosessia nopeuttavaa voidetta?\",\"acceptedAnswer\":{\"@type\":\"Answer\",\"text\":\"<p>Leikkauksen j\\u00e4lkeen ilmenev\\u00e4t mustelmat ja verenpurkaumat ovat ihan normaali ilmi\\u00f6. Ne katoavat itsest\\u00e4\\u00e4n noin 4-6 viikon j\\u00e4lkeen eiv\\u00e4tk\\u00e4 vaadi mit\\u00e4\\u00e4n hoitoa. Halutessaan verenpurkautumia voi alkaa hoitaa hepariinigeelill\\u00e4 (esim. Lioton 1000) aikaisintaan kolmen viikon p\\u00e4\\u00e4st\\u00e4 leikkauksesta (haavan umpeutumisen j\\u00e4lkeen). T\\u00e4m\\u00e4 auttaa verenpurkautumien nopeammassa h\\u00e4ivytt\\u00e4misess\\u00e4. Kivuliaat verenpurkaumat, jotka eiv\\u00e4t parane, on syyt\\u00e4 n\\u00e4ytt\\u00e4\\u00e4 l\\u00e4\\u00e4k\\u00e4rille. Ruiskutushoidon j\\u00e4lkeen ihon pigmentaatio l\\u00e4htee noin kahden kuukauden p\\u00e4\\u00e4st\\u00e4 ja useimmissa tapauksissa katoaa kokonaan viimeist\\u00e4\\u00e4n 12 kuukauden kuluttua. Pigmentaation ilmentyess\\u00e4 hepariinigeelin k\\u00e4ytt\\u00f6 ei ole tarkoituksenmukaista.<\\\/p>\\n\"}},{\"@type\":\"Question\",\"name\":\"Kuinka kauan jalan nykimisen tunne voi kest\\u00e4\\u00e4?\",\"acceptedAnswer\":{\"@type\":\"Answer\",\"text\":\"<p>Jalan nykimisen tunne voi kest\\u00e4\\u00e4 2 \\u2013 8 viikkoa leikkauksen j\\u00e4lkeen, joskus kauemmin. Syyn\\u00e4 on se, ett\\u00e4 suljetun suonen sein\\u00e4m\\u00e4 on kiristynyt ja ei en\\u00e4\\u00e4 aiheuta vaaraa.<\\\/p>\\n\"}},{\"@type\":\"Question\",\"name\":\"Milloin voi alkaa ottaa aurinkoa (laser- ja radiotajuushoito, skleropatia)? Onko auringon ottaminen kahden viikon kuluttua leikkauksesta vaarallista?\",\"acceptedAnswer\":{\"@type\":\"Answer\",\"text\":\"<p>Laser- ja radiotajuushoito, VenaSeal ja skleropatia kaltaisten toimenpiteiden j\\u00e4lkeen on suositeltavaa v\\u00e4ltt\\u00e4\\u00e4 suoraa auringonvaloa noin 4-6 viikkoa. T\\u00e4m\\u00e4n aikav\\u00e4lin sis\\u00e4ll\\u00e4 elimist\\u00f6n voimakas tulehdusreaktio p\\u00e4\\u00e4ttyy (paranemisprosessi toimenpiteen j\\u00e4lkeen) ja pigmentaation vaara l\\u00e4htee. Miniflebektomian j\\u00e4lkeen tai sit\\u00e4 suurempien ihohaavojen j\\u00e4lkeen suoraa auringon valoa on v\\u00e4ltett\\u00e4v\\u00e4 viel\\u00e4 pidemp\\u00e4\\u00e4n, noin 6 kuukautta. T\\u00e4m\\u00e4n aikav\\u00e4lin sis\\u00e4ll\\u00e4 leikkaushaavalle tulisi levitt\\u00e4\\u00e4 v\\u00e4hint\\u00e4\\u00e4n SPF 30 suojakerroin voidetta, jotta v\\u00e4lttyy pigmentaatiolta ja leikkaushaavan alueen ylim\\u00e4\\u00e4r\\u00e4isen painon kertymiselt\\u00e4.<\\\/p>\\n\"}},{\"@type\":\"Question\",\"name\":\"Milloin lentokoneella matkustaminen on sallittua?\",\"acceptedAnswer\":{\"@type\":\"Answer\",\"text\":\"<p>Yleens\\u00e4 lennot v\\u00e4litt\\u00f6m\\u00e4sti leikkauksen j\\u00e4lkeen eiv\\u00e4t ole kielletty\\u00e4, ellei ole muita riskitekij\\u00f6it\\u00e4. Lennon aikana suosittelemme k\\u00e4ytt\\u00e4m\\u00e4\\u00e4n tukisukkia, juomaan v\\u00e4hint\\u00e4\\u00e4n 1,5 litraa nestett\\u00e4, liikkua ja suorittaa jalkajumppaa mik\\u00e4li se on mahdollista. Lentokoneella matkustamisesta on syyt\\u00e4 k\\u00e4yd\\u00e4 konsultoimassa oman l\\u00e4\\u00e4k\\u00e4rin kanssa.<\\\/p>\\n\"}},{\"@type\":\"Question\",\"name\":\"Onko toimenpiteet sallittuja raskauden ja imetyksen aikana?\",\"acceptedAnswer\":{\"@type\":\"Answer\",\"text\":\"<p>Raskauden aikana suoritettujen toimenpiteiden turvallisuutta koskevia tutkimuksia ei ole saatavilla. T\\u00e4st\\u00e4 johtuen raskauden aikana tapahtuvaa hoitoa ei voida pit\\u00e4\\u00e4 j\\u00e4rkev\\u00e4n\\u00e4. Mutta tukisukkien k\\u00e4ytt\\u00f6 raskauden aikana on suositeltavaa. Ne v\\u00e4hent\\u00e4v\\u00e4t valituksia laajentuneista valtimoista sek\\u00e4 hidastavat taudin etenemist\\u00e4. Imetyst\\u00e4 ei pidet\\u00e4 esteen\\u00e4 joko leikkaukselle tai vaahtoruiskutukselle.<\\\/p>\\n\"}},{\"@type\":\"Question\",\"name\":\"Miksi minulle on m\\u00e4\\u00e4r\\u00e4tty laserhoito, eik\\u00e4 radiotaajuushoito tai laskimoiden sulkeminen liimalla?\",\"acceptedAnswer\":{\"@type\":\"Answer\",\"text\":\"<p>Vaikka nykyaikaiset toimenpidemenetelm\\u00e4t n\\u00e4ytt\\u00e4v\\u00e4t hyvin samanlaisilta, kullakin on omat erityispiirteens\\u00e4 ja vivahteensa. Ensisijaisesti hoitomenetelm\\u00e4n valinta riippuu potilaan anatomisista piirteist\\u00e4 (laskimoiden halkaisija, sijainti, tukkoisuus jne.) ja v\\u00e4h\\u00e4isemm\\u00e4ss\\u00e4 m\\u00e4\\u00e4rin asiakkaan mieltymyksist\\u00e4.<\\\/p>\\n\"}},{\"@type\":\"Question\",\"name\":\"Miten tukisukkien k\\u00e4ytt\\u00f6 vaikuttaa minun omiin jalkoihin? Pit\\u00e4\\u00e4k\\u00f6 niit\\u00e4 k\\u00e4ytt\\u00e4\\u00e4 loppuun?\",\"acceptedAnswer\":{\"@type\":\"Answer\",\"text\":\"<p>Tukisukkien k\\u00e4ytt\\u00f6\\u00e4 suositellaan my\\u00f6s onnistuneen toimenpiteen j\\u00e4lkeen. T\\u00e4m\\u00e4 on yksi harvoista keinoista, joka est\\u00e4\\u00e4 laskimoiden uudelleen laajentumista ja taudin pahenemista. Tukisukkia suositellaan pitki\\u00e4 matkoja varten sek\\u00e4 henkil\\u00f6ille, joiden ty\\u00f6 vaatii pitk\\u00e4\\u00e4n paikallaan istumista tai seisomista. Tukisukat voivat olla ainoa hoitomenetelm\\u00e4 niille potilaalle, joille muut hoitomenetelm\\u00e4t eiv\\u00e4t ole jostain syyst\\u00e4 mahdollisia.<\\\/p>\\n\"}},{\"@type\":\"Question\",\"name\":\"Mitk\\u00e4 sivuoireet ovat normaaleja ja milloin on hakeuduttava l\\u00e4\\u00e4k\\u00e4riin?\",\"acceptedAnswer\":{\"@type\":\"Answer\",\"text\":\"<p>Mik\\u00e4li ongelmia ilmenee, niist\\u00e4 on ilmoitettava omalle l\\u00e4\\u00e4k\\u00e4rille tai hoitajalle. L\\u00e4\\u00e4k\\u00e4rin on p\\u00e4\\u00e4tett\\u00e4v\\u00e4 miten ongelma ratkaistaan ja onko syyt\\u00e4 v\\u00e4litt\\u00f6m\\u00e4sti tulla n\\u00e4ytt\\u00e4ytym\\u00e4\\u00e4n vastaanotolle vai ei.<\\\/p>\\n\"}}]}<\/script><div class=\"dipi-faq-entry\" data-entry-number=\"0\">\n                        <div class=\"dipi-faq-title\"><i class=\"dipi-faq-icon-open\">:<\/i>\n                                    <i class=\"dipi-faq-icon-closed\">;<\/i><h2>Miten nopeasti voi taas aloittaa harrastamaan liikuntaa (jooga, juoksu, kuntosali)?<\/h2><\/div>\n                        <div class=\"dipi-faq-content\"><p>Riippuen yleisvoinnista kevytt\u00e4 liikuntaa voi aloittaa noin kolmen p\u00e4iv\u00e4n p\u00e4\u00e4st\u00e4 leikkauksesta. Riippuen yleisvoinnista, kuormittavampaa liikuntaa, kuten kuntosalilla k\u00e4yminen, voi aloittaa noin kahden viikon p\u00e4\u00e4st\u00e4 leikkauksesta. Jokainen ihminen on yksil\u00f6llinen, joten on mahdollista, ett\u00e4 jotkut tulevat tarvitsemaan enemm\u00e4n aikaa toipumiseen. Molemmissa tapauksissa on liikuttava kompressiosukat jalassa.<\/p>\n<\/div>\n                    <\/div><div class=\"dipi-faq-entry\" data-entry-number=\"1\">\n                        <div class=\"dipi-faq-title\"><i class=\"dipi-faq-icon-open\">:<\/i>\n                                    <i class=\"dipi-faq-icon-closed\">;<\/i><h2>Kompressiosukissa on vaikeampaa liikkua, mist\u00e4 t\u00e4m\u00e4 johtuu? V\u00e4\u00e4r\u00e4 koko? Onko niit\u00e4 silti pakollista laittaa jalkaan?<\/h2><\/div>\n                        <div class=\"dipi-faq-content\"><p>Skleroterapian j\u00e4lkeen kompressiosukat on ehdottamasti laitettava jalkaan, sill\u00e4 kompressiosukien k\u00e4ytt\u00f6 on hoidon t\u00e4rke\u00e4 osa. Leikkauksen j\u00e4lkeen (laser- ja radiotajuushoito) kompressihoito on my\u00f6s t\u00e4rke\u00e4\u00e4, se alentaa leikkauksen j\u00e4lkeisten sivuoireiden riski\u00e4 sek\u00e4 verenpurkautumien synty\u00e4. Raajan ymp\u00e4rysmittojen perusteella valitut sukat tulevat aina olemaan oikean kokoiset. Jotkut potilaat eiv\u00e4t silti tuo oikean kokoista kompressiosukkaa. Mik\u00e4li kompressiosukkien kanssa ilmenee ongelmia, on konsultoitava oman l\u00e4\u00e4k\u00e4rin kanssa.<\/p>\n<\/div>\n                    <\/div><div class=\"dipi-faq-entry\" data-entry-number=\"2\">\n                        <div class=\"dipi-faq-title\"><i class=\"dipi-faq-icon-open\">:<\/i>\n                                    <i class=\"dipi-faq-icon-closed\">;<\/i><h2>Kauanko leikkauksen j\u00e4lkeiset mustelmat pysyv\u00e4t ja l\u00f6ytyyk\u00f6 hoitoprosessia nopeuttavaa voidetta?<\/h2><\/div>\n                        <div class=\"dipi-faq-content\"><p>Leikkauksen j\u00e4lkeen ilmenev\u00e4t mustelmat ja verenpurkaumat ovat ihan normaali ilmi\u00f6. Ne katoavat itsest\u00e4\u00e4n noin 4-6 viikon j\u00e4lkeen eiv\u00e4tk\u00e4 vaadi mit\u00e4\u00e4n hoitoa. Halutessaan verenpurkautumia voi alkaa hoitaa hepariinigeelill\u00e4 (esim. Lioton 1000) aikaisintaan kolmen viikon p\u00e4\u00e4st\u00e4 leikkauksesta (haavan umpeutumisen j\u00e4lkeen). T\u00e4m\u00e4 auttaa verenpurkautumien nopeammassa h\u00e4ivytt\u00e4misess\u00e4. Kivuliaat verenpurkaumat, jotka eiv\u00e4t parane, on syyt\u00e4 n\u00e4ytt\u00e4\u00e4 l\u00e4\u00e4k\u00e4rille. Ruiskutushoidon j\u00e4lkeen ihon pigmentaatio l\u00e4htee noin kahden kuukauden p\u00e4\u00e4st\u00e4 ja useimmissa tapauksissa katoaa kokonaan viimeist\u00e4\u00e4n 12 kuukauden kuluttua. Pigmentaation ilmentyess\u00e4 hepariinigeelin k\u00e4ytt\u00f6 ei ole tarkoituksenmukaista.<\/p>\n<\/div>\n                    <\/div><div class=\"dipi-faq-entry\" data-entry-number=\"3\">\n                        <div class=\"dipi-faq-title\"><i class=\"dipi-faq-icon-open\">:<\/i>\n                                    <i class=\"dipi-faq-icon-closed\">;<\/i><h2>Kuinka kauan jalan nykimisen tunne voi kest\u00e4\u00e4?<\/h2><\/div>\n                        <div class=\"dipi-faq-content\"><p>Jalan nykimisen tunne voi kest\u00e4\u00e4 2 \u2013 8 viikkoa leikkauksen j\u00e4lkeen, joskus kauemmin. Syyn\u00e4 on se, ett\u00e4 suljetun suonen sein\u00e4m\u00e4 on kiristynyt ja ei en\u00e4\u00e4 aiheuta vaaraa.<\/p>\n<\/div>\n                    <\/div><div class=\"dipi-faq-entry\" data-entry-number=\"4\">\n                        <div class=\"dipi-faq-title\"><i class=\"dipi-faq-icon-open\">:<\/i>\n                                    <i class=\"dipi-faq-icon-closed\">;<\/i><h2>Milloin voi alkaa ottaa aurinkoa (laser- ja radiotajuushoito, skleropatia)? Onko auringon ottaminen kahden viikon kuluttua leikkauksesta vaarallista?<\/h2><\/div>\n                        <div class=\"dipi-faq-content\"><p>Laser- ja radiotajuushoito, VenaSeal ja skleropatia kaltaisten toimenpiteiden j\u00e4lkeen on suositeltavaa v\u00e4ltt\u00e4\u00e4 suoraa auringonvaloa noin 4-6 viikkoa. T\u00e4m\u00e4n aikav\u00e4lin sis\u00e4ll\u00e4 elimist\u00f6n voimakas tulehdusreaktio p\u00e4\u00e4ttyy (paranemisprosessi toimenpiteen j\u00e4lkeen) ja pigmentaation vaara l\u00e4htee. Miniflebektomian j\u00e4lkeen tai sit\u00e4 suurempien ihohaavojen j\u00e4lkeen suoraa auringon valoa on v\u00e4ltett\u00e4v\u00e4 viel\u00e4 pidemp\u00e4\u00e4n, noin 6 kuukautta. T\u00e4m\u00e4n aikav\u00e4lin sis\u00e4ll\u00e4 leikkaushaavalle tulisi levitt\u00e4\u00e4 v\u00e4hint\u00e4\u00e4n SPF 30 suojakerroin voidetta, jotta v\u00e4lttyy pigmentaatiolta ja leikkaushaavan alueen ylim\u00e4\u00e4r\u00e4isen painon kertymiselt\u00e4.<\/p>\n<\/div>\n                    <\/div><div class=\"dipi-faq-entry\" data-entry-number=\"5\">\n                        <div class=\"dipi-faq-title\"><i class=\"dipi-faq-icon-open\">:<\/i>\n                                    <i class=\"dipi-faq-icon-closed\">;<\/i><h2>Milloin lentokoneella matkustaminen on sallittua?<\/h2><\/div>\n                        <div class=\"dipi-faq-content\"><p>Yleens\u00e4 lennot v\u00e4litt\u00f6m\u00e4sti leikkauksen j\u00e4lkeen eiv\u00e4t ole kielletty\u00e4, ellei ole muita riskitekij\u00f6it\u00e4. Lennon aikana suosittelemme k\u00e4ytt\u00e4m\u00e4\u00e4n tukisukkia, juomaan v\u00e4hint\u00e4\u00e4n 1,5 litraa nestett\u00e4, liikkua ja suorittaa jalkajumppaa mik\u00e4li se on mahdollista. Lentokoneella matkustamisesta on syyt\u00e4 k\u00e4yd\u00e4 konsultoimassa oman l\u00e4\u00e4k\u00e4rin kanssa.<\/p>\n<\/div>\n                    <\/div><div class=\"dipi-faq-entry\" data-entry-number=\"6\">\n                        <div class=\"dipi-faq-title\"><i class=\"dipi-faq-icon-open\">:<\/i>\n                                    <i class=\"dipi-faq-icon-closed\">;<\/i><h2>Onko toimenpiteet sallittuja raskauden ja imetyksen aikana?<\/h2><\/div>\n                        <div class=\"dipi-faq-content\"><p>Raskauden aikana suoritettujen toimenpiteiden turvallisuutta koskevia tutkimuksia ei ole saatavilla. T\u00e4st\u00e4 johtuen raskauden aikana tapahtuvaa hoitoa ei voida pit\u00e4\u00e4 j\u00e4rkev\u00e4n\u00e4. Mutta tukisukkien k\u00e4ytt\u00f6 raskauden aikana on suositeltavaa. Ne v\u00e4hent\u00e4v\u00e4t valituksia laajentuneista valtimoista sek\u00e4 hidastavat taudin etenemist\u00e4. Imetyst\u00e4 ei pidet\u00e4 esteen\u00e4 joko leikkaukselle tai vaahtoruiskutukselle.<\/p>\n<\/div>\n                    <\/div><div class=\"dipi-faq-entry\" data-entry-number=\"7\">\n                        <div class=\"dipi-faq-title\"><i class=\"dipi-faq-icon-open\">:<\/i>\n                                    <i class=\"dipi-faq-icon-closed\">;<\/i><h2>Miksi minulle on m\u00e4\u00e4r\u00e4tty laserhoito, eik\u00e4 radiotaajuushoito tai laskimoiden sulkeminen liimalla?<\/h2><\/div>\n                        <div class=\"dipi-faq-content\"><p>Vaikka nykyaikaiset toimenpidemenetelm\u00e4t n\u00e4ytt\u00e4v\u00e4t hyvin samanlaisilta, kullakin on omat erityispiirteens\u00e4 ja vivahteensa. Ensisijaisesti hoitomenetelm\u00e4n valinta riippuu potilaan anatomisista piirteist\u00e4 (laskimoiden halkaisija, sijainti, tukkoisuus jne.) ja v\u00e4h\u00e4isemm\u00e4ss\u00e4 m\u00e4\u00e4rin asiakkaan mieltymyksist\u00e4.<\/p>\n<\/div>\n                    <\/div><div class=\"dipi-faq-entry\" data-entry-number=\"8\">\n                        <div class=\"dipi-faq-title\"><i class=\"dipi-faq-icon-open\">:<\/i>\n                                    <i class=\"dipi-faq-icon-closed\">;<\/i><h2>Miten tukisukkien k\u00e4ytt\u00f6 vaikuttaa minun omiin jalkoihin? Pit\u00e4\u00e4k\u00f6 niit\u00e4 k\u00e4ytt\u00e4\u00e4 loppuun?<\/h2><\/div>\n                        <div class=\"dipi-faq-content\"><p>Tukisukkien k\u00e4ytt\u00f6\u00e4 suositellaan my\u00f6s onnistuneen toimenpiteen j\u00e4lkeen. T\u00e4m\u00e4 on yksi harvoista keinoista, joka est\u00e4\u00e4 laskimoiden uudelleen laajentumista ja taudin pahenemista. Tukisukkia suositellaan pitki\u00e4 matkoja varten sek\u00e4 henkil\u00f6ille, joiden ty\u00f6 vaatii pitk\u00e4\u00e4n paikallaan istumista tai seisomista. Tukisukat voivat olla ainoa hoitomenetelm\u00e4 niille potilaalle, joille muut hoitomenetelm\u00e4t eiv\u00e4t ole jostain syyst\u00e4 mahdollisia.<\/p>\n<\/div>\n                    <\/div><div class=\"dipi-faq-entry\" data-entry-number=\"9\">\n                        <div class=\"dipi-faq-title\"><i class=\"dipi-faq-icon-open\">:<\/i>\n                                    <i class=\"dipi-faq-icon-closed\">;<\/i><h2>Mitk\u00e4 sivuoireet ovat normaaleja ja milloin on hakeuduttava l\u00e4\u00e4k\u00e4riin?<\/h2><\/div>\n                        <div class=\"dipi-faq-content\"><p>Mik\u00e4li ongelmia ilmenee, niist\u00e4 on ilmoitettava omalle l\u00e4\u00e4k\u00e4rille tai hoitajalle. L\u00e4\u00e4k\u00e4rin on p\u00e4\u00e4tett\u00e4v\u00e4 miten ongelma ratkaistaan ja onko syyt\u00e4 v\u00e4litt\u00f6m\u00e4sti tulla n\u00e4ytt\u00e4ytym\u00e4\u00e4n vastaanotolle vai ei.<\/p>\n<\/div>\n                    <\/div>\n\t\t\t<\/div>\n\t\t\t\t<\/div>\n\t\t\t<\/div><\/p>\n","protected":false},"author":3,"featured_media":0,"parent":0,"menu_order":0,"comment_status":"closed","ping_status":"closed","template":"","meta":{"_et_pb_use_builder":"on","_et_pb_old_content":"","_et_gb_content_width":"","footnotes":""},"dipi_cpt_category":[],"class_list":["post-4562","page","type-page","status-publish","hentry"],"_links":{"self":[{"href":"https:\/\/evc.ee\/fi\/wp-json\/wp\/v2\/pages\/4562","targetHints":{"allow":["GET"]}}],"collection":[{"href":"https:\/\/evc.ee\/fi\/wp-json\/wp\/v2\/pages"}],"about":[{"href":"https:\/\/evc.ee\/fi\/wp-json\/wp\/v2\/types\/page"}],"author":[{"embeddable":true,"href":"https:\/\/evc.ee\/fi\/wp-json\/wp\/v2\/users\/3"}],"replies":[{"embeddable":true,"href":"https:\/\/evc.ee\/fi\/wp-json\/wp\/v2\/comments?post=4562"}],"version-history":[{"count":5,"href":"https:\/\/evc.ee\/fi\/wp-json\/wp\/v2\/pages\/4562\/revisions"}],"predecessor-version":[{"id":18402,"href":"https:\/\/evc.ee\/fi\/wp-json\/wp\/v2\/pages\/4562\/revisions\/18402"}],"wp:attachment":[{"href":"https:\/\/evc.ee\/fi\/wp-json\/wp\/v2\/media?parent=4562"}],"wp:term":[{"taxonomy":"dipi_cpt_category","embeddable":true,"href":"https:\/\/evc.ee\/fi\/wp-json\/wp\/v2\/dipi_cpt_category?post=4562"}],"curies":[{"name":"wp","href":"https:\/\/api.w.org\/{rel}","templated":true}]}}