{"id":4366,"date":"2018-06-27T12:06:12","date_gmt":"2018-06-27T10:06:12","guid":{"rendered":"https:\/\/evc.ee\/?page_id=4366"},"modified":"2018-06-27T12:11:55","modified_gmt":"2018-06-27T10:11:55","slug":"seloste-asiakasrekisterin-kasittelytoimista","status":"publish","type":"page","link":"https:\/\/evc.ee\/fi\/seloste-asiakasrekisterin-kasittelytoimista\/","title":{"rendered":"Seloste asiakasrekisterin k\u00e4sittelytoimista."},"content":{"rendered":"<p>Voimassa alkaen 25.5.2018<\/p>\n<p>Hyv\u00e4 asiakas!<\/p>\n<p>EU:n yleinen tietosuoja-asetus (General Data Protection Regulation-GDPR) hyv\u00e4ksyttiin 17.12.2015 Euroopan parlamentin ja neuvoston p\u00e4\u00e4t\u00f6ksill\u00e4. Tietosuoja-asetus astuu voimaan 25.5.2018 ja se korvaa tietosuojadirektiivin (95\/46\/EY).<\/p>\n<p>Silloin kun k\u00e4yt\u00e4tte EVC palveluja, pyyd\u00e4mme teit\u00e4 luovuttamaan henkil\u00f6tietoja, joita tarvitsemme suorittaaksemme teille kauneus- ja terveys-palveluja.<\/p>\n<p>T\u00e4ll\u00f6in teid\u00e4n on annettava suostumus henkil\u00f6tietojen k\u00e4sittelyyn.<\/p>\n<p>Henkil\u00f6tiedoilla tarkoitetaan Teid\u00e4n tietoja, jotka kuvaavat Teid\u00e4n ominaisuuksia ja elinolosuhteita luonnollisena henkil\u00f6n\u00e4. <\/p>\n<p>EVC luovuttamanne henkil\u00f6tiedot k\u00e4sitell\u00e4\u00e4n mahdollisimman huolellisesti yksityisyytt\u00e4nne kunnioittaen.<br \/>\nEVC k\u00e4ytt\u00e4\u00e4 henkil\u00f6tietojanne t\u00e4m\u00e4n menettelyn nojalla ainoastaan sovittujen palvelujen tarjoamiseen. <\/p>\n<p>Tietosuojamenettely koskee kaikkia EVC-in asiakkaita mukaan lukien my\u00f6s asiakkuuksia, jotka ovat muodostuneet ennen kuin kyseinen menettely on astunut voimaan. <\/p>\n<p>EVC toteuttaa yksityisyyden suojaa k\u00e4ytt\u00e4m\u00e4ll\u00e4 hyv\u00e4ksi kaikkia tarvittavia organisatorisia, fyysisi\u00e4 sek\u00e4 tietoteknisi\u00e4 turvatoimia.<\/p>\n<p>EVC k\u00e4sittelee p\u00e4\u00e4s\u00e4\u00e4nt\u00f6isesti asiakkaan tietoja kauneus- ja terveyspalvelujen tarjoamiseen. <\/p>\n<p>EVC on oikeus luovuttaa asiakkaan yksityistietoja lakis\u00e4\u00e4teisten syiden perusteella. EVC on oikeus luovuttaa asiakkaan tietoja muille EVC kanssa samaan konserniin kuuluville yhti\u00f6ille. Kyseiset yhti\u00f6t voivat k\u00e4sitell\u00e4 asiakkaan tietoja vastaavissa tarkoituksissa, jotka on mainittu t\u00e4ss\u00e4 menettelyss\u00e4.<\/p>\n<p>Hoitosopimuksen p\u00e4\u00e4tytty\u00e4 EVC jatkaa asiakkaan tietojen k\u00e4sittely\u00e4, mik\u00e4li se johtuu lakis\u00e4\u00e4teisist\u00e4 velvoitteista tai mik\u00e4li on tarpeen s\u00e4ilytt\u00e4\u00e4 asiakkaan tietoja solmitusta hoitosopimuksesta johtuvan riidan ratkaisemiseen. EVC s\u00e4ilytt\u00e4\u00e4 ja k\u00e4sittelee asiakkaan tietoja niin kauan, kuin ne ovat tarpeen rekisterin tarkoituksen toteuttamiseksi tai EVC omien velvoitteiden t\u00e4ytt\u00e4miseksi joko lakis\u00e4\u00e4teisist\u00e4 tai hoitosopimuksesta johtuvista syist\u00e4. <\/p>\n<p>EVC k\u00e4sittelee yksityistietoja asiakkaan suostumuksella ja k\u00e4ytt\u00e4\u00e4 niit\u00e4 mm. seuraaviin k\u00e4ytt\u00f6tarkoituksiin: markkinointikampanjojen, arpajaisten ja kilpailujen j\u00e4rjest\u00e4miseen, asiakkaan k\u00e4ytt\u00e4ytymisen ja tyytyv\u00e4isyystietojen seurantaan ja my\u00f6s sek\u00e4 EVC ett\u00e4 sen yhteisty\u00f6kumppaneiden tarjousten ja palveluiden mainostamiseen.  <\/p>\n<p>Asiakkaalla on aina oikeus kielt\u00e4\u00e4 tietojensa k\u00e4sittely\u00e4 suoramarkkinointitarkoituksiin, asiakkaan k\u00e4ytt\u00e4ytymisen seurantaan sek\u00e4 tietojen luovuttamista kolmannelle osapuolelle suoramarkkinointia ja asiakkaan k\u00e4ytt\u00e4ytymisen seurantaa varten. <\/p>\n<p>EVC asiakkailla on oikeus siirt\u00e4\u00e4 tietonsa toiselle rekisterinpit\u00e4j\u00e4lle. Oikeus tietojen siirtoon tarjoaa lis\u00e4\u00e4 mahdollisuuksia omien yksityistietojen valvontaan. Annamme mahdollisuuden siirt\u00e4\u00e4 omia yksityistietoja suoraan toiselle kauneus- ja terveyspalveluntarjoajalle (mik\u00e4li toisella palveluntarjoajalla on mahdollisuus vastaanottaa mainitut tiedot teknisesti samassa muodossa). Haluamme kiinnitt\u00e4\u00e4 huomionne siihen, ett\u00e4 emme pysty takaamaan emmek\u00e4 ole vastuussa siit\u00e4 voiko toinen osapuoli vastaanottaa Teid\u00e4n yksityistietojanne. <\/p>\n<p>Asiakas voi tarkistaa mit\u00e4 tietoja h\u00e4nest\u00e4 on tallennettu EVC rekisteriin ja tarvittaessa vaatia korjaamaan omia tietojaan mik\u00e4li niiss\u00e4 on tapahtunut muutoksia tai muusta syyst\u00e4. Asiakaan on osoitettava kyseinen pyynt\u00f6 EVC (tarvittaessa kirjallisessa muodossa). <\/p>\n<p>EVC vastaa esitettyihin pyynt\u00f6ihin laissa s\u00e4\u00e4detyss\u00e4 m\u00e4\u00e4r\u00e4ajassa, mutta viimeist\u00e4\u00e4n kuukauden kuluessa pyynn\u00f6n vastaanottamisesta. Jos pyynt\u00f6\u00f6n vastaaminen vaatii lis\u00e4selvityksi\u00e4, EVC voi pident\u00e4\u00e4 pyynn\u00f6n k\u00e4sittelyaikaa.<br \/>\nAsiakas voi vaatia EVC lopettamaan omien tietojensa k\u00e4sittelyn, paitsi tapauksissa, joissa tietojenk\u00e4sittely tapahtuu lains\u00e4\u00e4d\u00e4nn\u00f6n tai hoitosopimuksen perusteella.<\/p>\n<p>Tietojenk\u00e4sittelyyn liittyv\u00e4t erimielisyydet pyrit\u00e4\u00e4n ratkaisemaan ensisijaisesti neuvottelemalla. Mik\u00e4li t\u00e4m\u00e4 ep\u00e4onnistuu, asiakas voi ottaa yhteytt\u00e4 tietosuojavaltuutettuun tai osoittaa valituksensa toimivaltaiselle hallinto-oikeudelle. <\/p>\n","protected":false},"excerpt":{"rendered":"<p>Voimassa alkaen 25.5.2018 Hyv\u00e4 asiakas! EU:n yleinen tietosuoja-asetus (General Data Protection Regulation-GDPR) hyv\u00e4ksyttiin 17.12.2015 Euroopan parlamentin ja neuvoston p\u00e4\u00e4t\u00f6ksill\u00e4. Tietosuoja-asetus astuu voimaan 25.5.2018 ja se korvaa tietosuojadirektiivin (95\/46\/EY). Silloin kun k\u00e4yt\u00e4tte EVC palveluja, pyyd\u00e4mme teit\u00e4 luovuttamaan henkil\u00f6tietoja, joita tarvitsemme suorittaaksemme teille kauneus- ja terveys-palveluja. T\u00e4ll\u00f6in teid\u00e4n on annettava suostumus henkil\u00f6tietojen k\u00e4sittelyyn. Henkil\u00f6tiedoilla tarkoitetaan Teid\u00e4n tietoja, [&hellip;]<\/p>\n","protected":false},"author":3,"featured_media":0,"parent":0,"menu_order":0,"comment_status":"closed","ping_status":"closed","template":"","meta":{"_et_pb_use_builder":"","_et_pb_old_content":"","_et_gb_content_width":"","footnotes":""},"dipi_cpt_category":[],"class_list":["post-4366","page","type-page","status-publish","hentry"],"_links":{"self":[{"href":"https:\/\/evc.ee\/fi\/wp-json\/wp\/v2\/pages\/4366","targetHints":{"allow":["GET"]}}],"collection":[{"href":"https:\/\/evc.ee\/fi\/wp-json\/wp\/v2\/pages"}],"about":[{"href":"https:\/\/evc.ee\/fi\/wp-json\/wp\/v2\/types\/page"}],"author":[{"embeddable":true,"href":"https:\/\/evc.ee\/fi\/wp-json\/wp\/v2\/users\/3"}],"replies":[{"embeddable":true,"href":"https:\/\/evc.ee\/fi\/wp-json\/wp\/v2\/comments?post=4366"}],"version-history":[{"count":3,"href":"https:\/\/evc.ee\/fi\/wp-json\/wp\/v2\/pages\/4366\/revisions"}],"predecessor-version":[{"id":4371,"href":"https:\/\/evc.ee\/fi\/wp-json\/wp\/v2\/pages\/4366\/revisions\/4371"}],"wp:attachment":[{"href":"https:\/\/evc.ee\/fi\/wp-json\/wp\/v2\/media?parent=4366"}],"wp:term":[{"taxonomy":"dipi_cpt_category","embeddable":true,"href":"https:\/\/evc.ee\/fi\/wp-json\/wp\/v2\/dipi_cpt_category?post=4366"}],"curies":[{"name":"wp","href":"https:\/\/api.w.org\/{rel}","templated":true}]}}