{"id":3594,"date":"2017-10-13T10:12:01","date_gmt":"2017-10-13T08:12:01","guid":{"rendered":"https:\/\/evc.ee\/?page_id=3594"},"modified":"2017-10-13T12:27:03","modified_gmt":"2017-10-13T10:27:03","slug":"rahoitus","status":"publish","type":"page","link":"https:\/\/evc.ee\/fi\/hinnat\/rahoitus\/","title":{"rendered":"Rahoitus"},"content":{"rendered":"<p>[et_pb_section bb_built=&#8221;1&#8243; fullwidth=&#8221;off&#8221; specialty=&#8221;on&#8221;][et_pb_column type=&#8221;3_4&#8243; specialty_columns=&#8221;3&#8243;][et_pb_row_inner admin_label=&#8221;Row&#8221;][et_pb_column_inner type=&#8221;4_4&#8243; saved_specialty_column_type=&#8221;3_4&#8243;][et_pb_text background_layout=&#8221;light&#8221; border_style=&#8221;solid&#8221; _builder_version=&#8221;3.0.79&#8243;]<\/p>\n<h1>Rahoitus<\/h1>\n<p>[\/et_pb_text][et_pb_text background_layout=&#8221;light&#8221; border_style=&#8221;solid&#8221; _builder_version=&#8221;3.0.79&#8243;]<\/p>\n<p>Tarjoamme asiakkaillemme my\u00f6s mahdollisuutta toiminpiteiden rahoitukseen yhteisty\u00f6kumppanimme MediiCreditin kautta.<\/p>\n<p>MediCredit on ainutlaatuinen rahoitusyhti\u00f6, joka my\u00f6nt\u00e4\u00e4 lainoja vain l\u00e4\u00e4ketieteellisten toimenpiteiden toteuttamiseen.<\/p>\n<p>MediCreditin lainan avulla voit rahoittaa esimerkiksi niit\u00e4 toimenpiteit\u00e4, jotka eiv\u00e4t kuuluu KELA hyvityksen piiriin.<\/p>\n<p>MediCreditin lainan hakeminen on nopeaa, k\u00e4tev\u00e4\u00e4 ja luottamuksellista. Katso lis\u00e4\u00e4 <a href=\"https:\/\/www.medicredit.ee\/fi\/\" rel=\"nofollow noopener\" target=\"_blank\">t\u00e4\u00e4lt\u00e4<\/a>.<\/p>\n<p>Lainan hakeminen internetist\u00e4 tapahtuu <a href=\"https:\/\/www.medicredit.ee\/fi\/lainanhakeminen\/\" rel=\"nofollow noopener\" target=\"_blank\">t\u00e4\u00e4ll\u00e4<\/a>.<\/p>\n<p>Rahan siirtymisest\u00e4, lainasumman k\u00e4yt\u00f6st\u00e4, lainasummista, takaisinmaksuajoista, jne. voi lukea <a href=\"https:\/\/www.medicredit.ee\/fi\/ukk\/\" rel=\"nofollow noopener\" target=\"_blank\">t\u00e4\u00e4lt\u00e4<\/a>.<\/p>\n<p>[\/et_pb_text][\/et_pb_column_inner][\/et_pb_row_inner][\/et_pb_column][et_pb_column type=&#8221;1_4&#8243;][et_pb_sidebar orientation=&#8221;right&#8221; area=&#8221;sidebar-1&#8243; background_layout=&#8221;light&#8221; remove_border=&#8221;off&#8221; show_border=&#8221;off&#8221; \/][\/et_pb_column][\/et_pb_section]<\/p>\n","protected":false},"excerpt":{"rendered":"<p>Rahoitus Tarjoamme asiakkaillemme my\u00f6s mahdollisuutta toiminpiteiden rahoitukseen yhteisty\u00f6kumppanimme MediiCreditin kautta. MediCredit on ainutlaatuinen rahoitusyhti\u00f6, joka my\u00f6nt\u00e4\u00e4 lainoja vain l\u00e4\u00e4ketieteellisten toimenpiteiden toteuttamiseen. MediCreditin lainan avulla voit rahoittaa esimerkiksi niit\u00e4 toimenpiteit\u00e4, jotka eiv\u00e4t kuuluu KELA hyvityksen piiriin. MediCreditin lainan hakeminen on nopeaa, k\u00e4tev\u00e4\u00e4 ja luottamuksellista. Katso lis\u00e4\u00e4 t\u00e4\u00e4lt\u00e4. Lainan hakeminen internetist\u00e4 tapahtuu t\u00e4\u00e4ll\u00e4. Rahan siirtymisest\u00e4, lainasumman k\u00e4yt\u00f6st\u00e4, [&hellip;]<\/p>\n","protected":false},"author":3,"featured_media":0,"parent":2676,"menu_order":1,"comment_status":"open","ping_status":"open","template":"","meta":{"_et_pb_use_builder":"on","_et_pb_old_content":"<h4>\u0420\u0430\u0441\u0441\u0440\u043e\u0447\u043a\u0430 - \u043f\u0440\u043e\u0441\u0442\u043e, \u0431\u044b\u0441\u0442\u0440\u043e \u0438 \u0443\u0434\u043e\u0431\u043d\u043e!<\/h4>\r\n<p>Estonian Vein Clinic \u043f\u0440\u0435\u0434\u043b\u0430\u0433\u0430\u0435\u0442 \u0441\u0432\u043e\u0438\u043c \u043a\u043b\u0438\u0435\u043d\u0442\u0430\u043c \u0432\u043e\u0437\u043c\u043e\u0436\u043d\u043e\u0441\u0442\u044c \u043e\u043f\u043b\u0430\u0442\u044b \u0443\u0441\u043b\u0443\u0433 \u043f\u043e \u0447\u0430\u0441\u0442\u044f\u043c.<br \/>\u0412\u0430\u043c \u043d\u0435 \u043d\u0443\u0436\u043d\u043e \u0432\u044b\u043f\u043b\u0430\u0447\u0438\u0432\u0430\u0442\u044c \u0432\u0441\u044e \u0441\u0443\u043c\u043c\u0443 \u0446\u0435\u043b\u0438\u043a\u043e\u043c, \u0432\u044b\u043f\u043b\u0430\u0442\u044b \u043c\u043e\u0436\u043d\u043e \u0440\u0430\u0441\u043f\u0440\u0435\u0434\u0435\u043b\u0438\u0442\u044c \u043d\u0430 \u0434\u043b\u0438\u0442\u0435\u043b\u044c\u043d\u044b\u0439 \u043f\u0435\u0440\u0438\u043e\u0434 (\u0434\u043e 6 \u043c\u0435\u0441\u044f\u0446\u0435\u0432).<br \/>\u041f\u0440\u0435\u0438\u043c\u0443\u0449\u0435\u0441\u0442\u0432\u0430 \u0440\u0430\u0441\u0441\u0440\u043e\u0447\u043a\u0438 \u043f\u043b\u0430\u0442\u0435\u0436\u0430<br \/>0% \u0437\u0430 \u0440\u0430\u0441\u0441\u0440\u043e\u0447\u043a\u0443 \u043f\u043b\u0430\u0442\u0435\u0436\u0430<br \/>\u0431\u0435\u0437 \u0434\u043e\u0433\u043e\u0432\u043e\u0440\u0430<br \/>\u0431\u0435\u0437 \u043f\u043e\u0441\u0440\u0435\u0434\u043d\u0438\u043a\u043e\u0432<\/p>\r\n<h4>\u0422\u0440\u0435\u0431\u043e\u0432\u0430\u043d\u0438\u044f \u043f\u043e \u043e\u0444\u043e\u0440\u043c\u043b\u0435\u043d\u0438\u044e \u0440\u0430\u0441\u0441\u0440\u043e\u0447\u043a\u0438<\/h4>\r\n<p>\u0414\u043b\u044f \u043e\u0444\u043e\u0440\u043c\u043b\u0435\u043d\u0438\u044f \u0440\u0430\u0441\u0441\u0440\u043e\u0447\u043a\u0438 \u0442\u0440\u0435\u0431\u0443\u0435\u0442\u0441\u044f \u0434\u043e\u043a\u0443\u043c\u0435\u043d\u0442, \u0443\u0434\u043e\u0441\u0442\u043e\u0432\u0435\u0440\u044f\u044e\u0449\u0438\u0439 \u043b\u0438\u0447\u043d\u043e\u0441\u0442\u044c \u2013 \u0434\u043b\u044f \u044d\u0442\u043e\u0433\u043e \u043f\u043e\u0434\u043e\u0439\u0434\u0451\u0442 \u043f\u0430\u0441\u043f\u043e\u0440\u0442 \u0433\u0440\u0430\u0436\u0434\u0430\u043d\u0438\u043d\u0430 \u042d\u0441\u0442\u043e\u043d\u0441\u043a\u043e\u0439 \u0420\u0435\u0441\u043f\u0443\u0431\u043b\u0438\u043a\u0438, ID-\u043a\u0430\u0440\u0442\u0430, \u043f\u0430\u0441\u043f\u043e\u0440\u0442 \u0438\u043d\u043e\u0441\u0442\u0440\u0430\u043d\u0446\u0430 \u0438\u043b\u0438 \u0432\u043e\u0434\u0438\u0442\u0435\u043b\u044c\u0441\u043a\u043e\u0435 \u0443\u0434\u043e\u0441\u0442\u043e\u0432\u0435\u0440\u0435\u043d\u0438\u0435 \u0433\u0440\u0430\u0436\u0434\u0430\u043d\u0438\u043d\u0430 \u042d\u0441\u0442\u043e\u043d\u0441\u043a\u043e\u0439 \u0420\u0435\u0441\u043f\u0443\u0431\u043b\u0438\u043a\u0438, \u0441\u043e\u043e\u0442\u0432\u0435\u0442\u0441\u0442\u0432\u0443\u044e\u0449\u0435\u0435 \u0442\u0440\u0435\u0431\u043e\u0432\u0430\u043d\u0438\u044f\u043c \u0415\u0421 \u0438 \u0438\u043c\u0435\u044e\u0449\u0435\u0433\u043e \u043c\u0430\u0440\u043a\u0438\u0440\u043e\u0432\u043a\u0443 EE.<br \/>\u0425\u043e\u0434\u0430\u0442\u0430\u0439\u0441\u0442\u0432\u043e \u043e \u0440\u0430\u0441\u0441\u0440\u043e\u0447\u043a\u0435 \u043f\u043b\u0430\u0442\u0435\u0436\u0430 \u043e\u0444\u043e\u0440\u043c\u043b\u044f\u0435\u0442\u0441\u044f \u043d\u0430 \u043c\u0435\u0441\u0442\u0435.<\/p>\r\n<h4>\u0421\u0443\u043c\u043c\u0430 \u0440\u0430\u0441\u0441\u0440\u043e\u0447\u043a\u0438 \u0438 \u043f\u043e\u0440\u044f\u0434\u043e\u043a \u043e\u043f\u043b\u0430\u0442<\/h4>\r\n<p>\u041c\u0438\u043d\u0438\u043c\u0430\u043b\u044c\u043d\u0430\u044f \u0441\u0443\u043c\u043c\u0430 \u0440\u0430\u0441\u0441\u0440\u043e\u0447\u043a\u0438 250 \u0435\u0432\u0440\u043e.<br \/>\u0412\u0430\u043c \u0432\u044b\u0441\u0442\u0430\u0432\u043b\u044f\u0435\u0442\u0441\u044f \u0441\u0447\u0435\u0442, \u043d\u0430 \u043a\u043e\u0442\u043e\u0440\u043e\u043c \u0431\u0443\u0434\u0435\u0442 \u0440\u0430\u0441\u043f\u0438\u0441\u0430\u043d \u0433\u0440\u0430\u0444\u0438\u043a \u043e\u043f\u043b\u0430\u0442\u044b \u0432 \u0437\u0430\u0432\u0438\u0441\u0438\u043c\u043e\u0441\u0442\u0438 \u043e\u0442 \u043a\u043e\u043b\u0438\u0447\u0435\u0441\u0442\u0432\u0430 \u043c\u0435\u0441\u044f\u0446\u0435\u0432 (\u0434\u043e 6 \u043c\u0435\u0441\u044f\u0446\u0435\u0432).<br \/>\u041c\u0438\u043d\u0438\u043c\u0430\u043b\u044c\u043d\u0430\u044f \u043c\u0435\u0441\u044f\u0447\u043d\u0430\u044f \u0441\u0443\u043c\u043c\u0430 \u043e\u043f\u043b\u0430\u0442\u044b \u0434\u043e\u043b\u0436\u043d\u0430 \u0441\u043e\u0441\u0442\u0430\u0432\u043b\u044f\u0442\u044c \u043d\u0435 \u043c\u0435\u043d\u0435\u0435 100 \u0435\u0432\u0440\u043e.<br \/>\u041f\u0435\u0440\u0432\u044b\u0439 \u0432\u0437\u043d\u043e\u0441 \u0434\u043e\u043b\u0436\u0435\u043d \u0441\u043e\u0441\u0442\u0430\u0432\u043b\u044f\u0442\u044c \u043d\u0435 \u043c\u0435\u043d\u0435\u0435 30% \u043e\u0442 \u043e\u0431\u0449\u0435\u0439 \u0441\u0443\u043c\u043c\u044b \u043f\u0440\u043e\u0446\u0435\u0434\u0443\u0440\u044b.<\/p>\r\n<p><em>\u0414\u043e\u043f\u043e\u043b\u043d\u0438\u0442\u0435\u043b\u044c\u043d\u0430\u044f \u0438\u043d\u0444\u043e\u0440\u043c\u0430\u0446\u0438\u044f \u043f\u043e \u0442\u0435\u043b 619 0020<\/em><\/p>","_et_gb_content_width":"","footnotes":""},"dipi_cpt_category":[],"class_list":["post-3594","page","type-page","status-publish","hentry"],"_links":{"self":[{"href":"https:\/\/evc.ee\/fi\/wp-json\/wp\/v2\/pages\/3594","targetHints":{"allow":["GET"]}}],"collection":[{"href":"https:\/\/evc.ee\/fi\/wp-json\/wp\/v2\/pages"}],"about":[{"href":"https:\/\/evc.ee\/fi\/wp-json\/wp\/v2\/types\/page"}],"author":[{"embeddable":true,"href":"https:\/\/evc.ee\/fi\/wp-json\/wp\/v2\/users\/3"}],"replies":[{"embeddable":true,"href":"https:\/\/evc.ee\/fi\/wp-json\/wp\/v2\/comments?post=3594"}],"version-history":[{"count":3,"href":"https:\/\/evc.ee\/fi\/wp-json\/wp\/v2\/pages\/3594\/revisions"}],"predecessor-version":[{"id":3601,"href":"https:\/\/evc.ee\/fi\/wp-json\/wp\/v2\/pages\/3594\/revisions\/3601"}],"up":[{"embeddable":true,"href":"https:\/\/evc.ee\/fi\/wp-json\/wp\/v2\/pages\/2676"}],"wp:attachment":[{"href":"https:\/\/evc.ee\/fi\/wp-json\/wp\/v2\/media?parent=3594"}],"wp:term":[{"taxonomy":"dipi_cpt_category","embeddable":true,"href":"https:\/\/evc.ee\/fi\/wp-json\/wp\/v2\/dipi_cpt_category?post=3594"}],"curies":[{"name":"wp","href":"https:\/\/api.w.org\/{rel}","templated":true}]}}