{"id":3590,"date":"2017-10-13T10:03:49","date_gmt":"2017-10-13T08:03:49","guid":{"rendered":"https:\/\/evc.ee\/?page_id=3590"},"modified":"2021-01-29T09:31:37","modified_gmt":"2021-01-29T07:31:37","slug":"asiakaskokemuksia","status":"publish","type":"page","link":"https:\/\/evc.ee\/fi\/asiakaskokemuksia\/","title":{"rendered":"Asiakaskokemuksia"},"content":{"rendered":"<p>[et_pb_section fb_built=&#8221;1&#8243; admin_label=&#8221;section&#8221; _builder_version=&#8221;3.22&#8243;][et_pb_row _builder_version=&#8221;3.25&#8243; background_size=&#8221;initial&#8221; background_position=&#8221;top_left&#8221; background_repeat=&#8221;repeat&#8221;][et_pb_column type=&#8221;4_4&#8243; _builder_version=&#8221;3.25&#8243; custom_padding=&#8221;|||&#8221; custom_padding__hover=&#8221;|||&#8221;][et_pb_text _builder_version=&#8221;3.27.4&#8243; background_size=&#8221;initial&#8221; background_position=&#8221;top_left&#8221; background_repeat=&#8221;repeat&#8221; border_style=&#8221;solid&#8221;]<\/p>\n<h1>Asiakaskokemuksia<\/h1>\n<p>[\/et_pb_text][\/et_pb_column][\/et_pb_row][et_pb_row _builder_version=&#8221;3.25&#8243; background_size=&#8221;initial&#8221; background_position=&#8221;top_left&#8221; background_repeat=&#8221;repeat&#8221; column_structure=&#8221;1_4,1_2,1_4&#8243;][et_pb_column type=&#8221;1_4&#8243; _builder_version=&#8221;3.25&#8243; custom_padding=&#8221;|||&#8221; custom_padding__hover=&#8221;|||&#8221;][\/et_pb_column][et_pb_column type=&#8221;1_2&#8243; _builder_version=&#8221;3.25&#8243; custom_padding=&#8221;|||&#8221; custom_padding__hover=&#8221;|||&#8221;][et_pb_video src=&#8221;https:\/\/www.youtube.com\/watch?v=_cqoYfWt2T0&#8243; image_src=&#8221;https:\/\/evc.ee\/wp-content\/uploads\/2018\/05\/evc-fi.jpg&#8221; _builder_version=&#8221;3.0.106&#8243;][\/et_pb_video][\/et_pb_column][et_pb_column type=&#8221;1_4&#8243; _builder_version=&#8221;3.25&#8243; custom_padding=&#8221;|||&#8221; custom_padding__hover=&#8221;|||&#8221;][\/et_pb_column][\/et_pb_row][et_pb_row admin_label=&#8221;row&#8221; _builder_version=&#8221;3.25&#8243; background_size=&#8221;initial&#8221; background_position=&#8221;top_left&#8221; background_repeat=&#8221;repeat&#8221; column_structure=&#8221;1_2,1_2&#8243;][et_pb_column type=&#8221;1_2&#8243; _builder_version=&#8221;3.25&#8243; custom_padding=&#8221;|||&#8221; custom_padding__hover=&#8221;|||&#8221;][et_pb_testimonial author=&#8221;Helena, maaliskuu 2018&#8243; admin_label=&#8221;Helena Suominen&#8221; _builder_version=&#8221;4.7.3&#8243; background_size=&#8221;initial&#8221; background_position=&#8221;top_left&#8221; background_repeat=&#8221;repeat&#8221; hover_enabled=&#8221;0&#8243; border_style=&#8221;solid&#8221; sticky_enabled=&#8221;0&#8243;]Laserhoito, vaahtoruiskutus hoito<\/p>\n<p>Olemme puolisoni kanssa eritt\u00e4in tyytyv\u00e4isi\u00e4 hoidon lopputuloksiin. Meill\u00e4 molemmilla oli ollut suonikohjuja jo pitemm\u00e4n aikaa. L\u00f6ysin EVC klinikan Internetist\u00e4. Olen suositellut EVC klinikkaa kaikille ja aion my\u00f6s tulevaisuudessakin suositella EVC klinikkaa tutuilleni.<br \/>\n[\/et_pb_testimonial][et_pb_testimonial author=&#8221;Oskar, huhtikuu 2017&#8243; admin_label=&#8221;Oskar&#8221; _builder_version=&#8221;3.2&#8243; border_style=&#8221;solid&#8221;]Radiotaajuushoito, Vaahtoruiskutushoito<\/p>\n<p>Toiminpide oli kivuton ja se tehtiin yll\u00e4tt\u00e4v\u00e4n nopeasti. K\u00e4velem\u00e4\u00e4n p\u00e4\u00e4sin heti toiminpiteen j\u00e4lkeen ja t\u00f6ihin jo seuraavana p\u00e4iv\u00e4n\u00e4. Urheilemaan p\u00e4\u00e4sin noin kahden viikon kuluttua toiminpiteest\u00e4. Tukisukkien k\u00e4ytt\u00f6 vaati hieman harjoittelua, mutta niihin tottui nopeasti. Toiminpiteen lopputulokseen olen eritt\u00e4in tyytyv\u00e4inen!<br \/>\n[\/et_pb_testimonial][et_pb_testimonial author=&#8221;Anneli, syyskuu 2017&#8243; admin_label=&#8221;Anneli&#8221; _builder_version=&#8221;3.2&#8243; border_style=&#8221;solid&#8221;]Radiotaajuushoito<\/p>\n<p>Kaikki meni oikein hyvin. L\u00e4\u00e4k\u00e4rit, sairaanhoitajat ja vastaanottohenkil\u00f6kunta olivat kaikki oikein yst\u00e4v\u00e4llisi\u00e4 ja selittiv\u00e4t perusteellisesti mit\u00e4 tehd\u00e4\u00e4n. Palvelu oli hyv\u00e4\u00e4 ja asiallista. Jos jollain tutullani sattuu olemaan samanlaisia ongemia, niin varmasti suosittelen!<br \/>\n[\/et_pb_testimonial][et_pb_testimonial author=&#8221;Niina 31 v, lokaku 2017&#8243; admin_label=&#8221;Niina &#8221; _builder_version=&#8221;3.2&#8243; border_style=&#8221;solid&#8221;]Venaseal<\/p>\n<p>Jalkoihini on raskauksien j\u00e4lkeen ilmaantunut ihonl\u00e4pi paistavia tummempia suonia. Jalat ovat ty\u00f6p\u00e4iv\u00e4n j\u00e4lkeen olleet my\u00f6s turvoksissa ja usein my\u00f6s hyvin v\u00e4syneet. Muuta suurempaa haittaa ei ole ollut jaloissa. Ehk\u00e4 l\u00e4hinn\u00e4 kes\u00e4isin kun olen k\u00e4ytt\u00e4nyt hametta tai shortseja. P\u00e4\u00e4tin kuitenkin k\u00e4yd\u00e4 terveysekeskuksessa n\u00e4ytt\u00e4m\u00e4ss\u00e4 jalkojani l\u00e4\u00e4k\u00e4rille. L\u00e4\u00e4k\u00e4rini kertoi niiden olevan suonikohjuja. Olin hieman yll\u00e4ttynyt, koska luulin suonikohjujen olevan erilaisia &#8211; ulosp\u00e4in pullistuvia rumia muhkuroita jaloissa. Terveyskeskusl\u00e4\u00e4k\u00e4ri my\u00f6s kertoi, ett\u00e4 jos haluan hoidattaa suonikohjut heti, on minun ment\u00e4v\u00e4 hoitoon yksityiselle klinikalle. Julkinen sairaanhoito luokittelee ongelmani \u201ekauneusvirheeksi\u201d ja sellaisia ei voida hoitaa kuin yksityisell\u00e4.<\/p>\n<p>Tutkin eri klinikoita ja hintoja, mutta hinnat tuntuvat kalliilta. Tutkittuani internetist\u00e4 vaihtoehtoja hoidoille tutustuin my\u00f6s Tallinnassa sijaitevaan Veeniravi klinikkaan. Palvelut, hoitomenetelm\u00e4t ja hinnat tuntuvat sopivilta ja p\u00e4\u00e4tin l\u00e4hte\u00e4 hoidattamaan jalkani Tallinnaan.<\/p>\n<p>L\u00e4\u00e4k\u00e4ri suositteli laskimoiden sulkemista liimalla. En ollut aikaisemmin kuullut t\u00e4st\u00e4 menetelm\u00e4st\u00e4, mutta toiminpide vaikutti mielenkiintoiselta ja vaivattomalta. Toiminpide sujui nopeasti ja olin erityisen tyytyv\u00e4inen, koska minun ei tarvinnut k\u00e4ytt\u00e4\u00e4 toiminpiteen j\u00e4lkeen tukisukkia. Jalat  tuntuvat nyt hyvilt\u00e4 ja turvotusta en ole en\u00e4\u00e4 havainnut ty\u00f6p\u00e4iv\u00e4n j\u00e4lkeen. Voin suositella t\u00e4t\u00e4 hoitomenetelm\u00e4\u00e4 ja Veeniravi klinikkaa muillekin<br \/>\n[\/et_pb_testimonial][\/et_pb_column][et_pb_column type=&#8221;1_2&#8243; _builder_version=&#8221;3.25&#8243; custom_padding=&#8221;|||&#8221; custom_padding__hover=&#8221;|||&#8221;][et_pb_testimonial author=&#8221;Aldo, maaliskuu 2017&#8243; admin_label=&#8221;Helena Suominen&#8221; _builder_version=&#8221;3.2&#8243; background_size=&#8221;initial&#8221; background_position=&#8221;top_left&#8221; background_repeat=&#8221;repeat&#8221; border_style=&#8221;solid&#8221;]Miniflebektomia ja vaahtoruiskutushoito<\/p>\n<p>Olin kuullut Riikassa olevasta suonikohjujen  hoitoklinikasta. Heidan kotisivujensa kautta l\u00f6ysin EVC klinikan mik\u00e4 toimii Tallinnassa.<\/p>\n<p>Olen k\u00e4rsinyt suonikohjuista jo pidemm\u00e4n aikaa ja nyt p\u00e4\u00e4tin, ett\u00e4 on aika alkaa hoitamaan niit\u00e4.<br \/>\nToiminpiteen teki l\u00e4\u00e4k\u00e4ri Priit P\u00f5der. H\u00e4n on eritt\u00e4in hyv\u00e4 ja taitava l\u00e4\u00e4k\u00e4ri. H\u00e4nen kanssa oli helppo keskustella ongelmastani ja h\u00e4n oli my\u00f6s hyvin perusteellinen<\/p>\n<p>Toiminpiteen j\u00e4lkeen minule tehtiin useita perusteellisia tarkastuksia lopputuloksen varmistamiseksi.<br \/>\nSovitut aikataulut pitiv\u00e4t ja vastaanotolla ei joutunut odottelemaan turhaan.<\/p>\n<p>Olen eritt\u00e4in tyytyv\u00e4inen klinikkaanne ja l\u00e4\u00e4k\u00e4ri Priit P\u00f5drerin ty\u00f6h\u00f6n.<\/p>\n<p>Suosittelen varmasti klinikkaanne my\u00f6s tuttavilleni jos joku tarvitsee vastaavanlaista hoitoa. Olen pian tulossa uudestaan klinikallenne, koska my\u00f6s toinen jalkani t\u00e4ytyy hoitaa.<br \/>\n[\/et_pb_testimonial][et_pb_testimonial author=&#8221;Seija 45 v., syyskuu 2017&#8243; admin_label=&#8221;Seija&#8221; _builder_version=&#8221;3.2&#8243; background_size=&#8221;initial&#8221; background_position=&#8221;top_left&#8221; background_repeat=&#8221;repeat&#8221; border_style=&#8221;solid&#8221;]Radiotaajuushoito, vaahtoskelroterapia<\/p>\n<p>Olen k\u00e4rsinyt vuosia jalkojani rumentavista suonikohjuista. Jaloissani on ollut h\u00e4m\u00e4h\u00e4kkisuonia molemmissa jaloissa. Talvisin n\u00e4m\u00e4 eiv\u00e4t ole haitannut niin paljon, koska jalat ovat kokoajan piilossa\u00e4. Mutta kes\u00e4isin ne ovat olleet erityisesti kosmeettinen haitta ja toivoinkin p\u00e4\u00e4sev\u00e4ni niist\u00e4 eroon vaahtoruiskutushoidolla.<br \/>\nKonsultaatiossa kuitenkin tuli esille, ett\u00e4 ongelma on laajempi ja pelkk\u00e4 vaahtoruiskutushoito ei riit\u00e4 hoidoks. L\u00e4\u00e4k\u00e4ri suosittelinkin, ett\u00e4 voisin hoidattaa suonet radiotaajuushoidolla ja lis\u00e4ksi voisimme hoitaa rumat h\u00e4m\u00e4h\u00e4kkisuonet vaahdolla.<\/p>\n<p>P\u00e4\u00e4sin toimenpiteeseen jo viikon p\u00e4\u00e4sta konsultaatiosta ja toiminpide itsess\u00e4\u00e4n oli todella nopea ja kivuton. Toiminpiteen j\u00e4lkeen jalkoihin laitettiin tukisukat.<\/p>\n<p>Nyt toiminpiteest\u00e4 on muutama kuukausi ja jalkani tuntuvat sek\u00e4 n\u00e4ytt\u00e4v\u00e4t todella hyvilt\u00e4. Turvotusta ei en\u00e4\u00e4 ole eik\u00e4 rumentavista h\u00e4m\u00e4h\u00e4kkisuonista ole tietoakaan.<br \/>\n[\/et_pb_testimonial][et_pb_testimonial author=&#8221;Marjukka,  lokakuu, 2017&#8243; admin_label=&#8221;Marjukka&#8221; _builder_version=&#8221;3.2&#8243; background_size=&#8221;initial&#8221; background_position=&#8221;top_left&#8221; background_repeat=&#8221;repeat&#8221; border_style=&#8221;solid&#8221;]Laser, miniflebektomia<\/p>\n<p>Olin aiemmin hoidattanut h\u00e4m\u00e4h\u00e4kkisuonia vaahtohoidolla, mutta valitettavasti ne palasivat. Olin pettynyt, mutta p\u00e4\u00e4tin kuitenkin viel\u00e4 yritt\u00e4\u00e4 uudestaan hoidattaa jalkojani. Kuulin tutuiltani Tallinnassa olevasta Estonian Vein klinikasta. Tutkin klinikan nettisivuilta lis\u00e4tietoja hinnoista ja hoitomenetelmist\u00e4. Hinnat tuntuivat sopivilta minun kukkarolle ja varasin ajan tutkimukseen.<\/p>\n<p>Tutkimuksessa selvisi ett\u00e4 aiemmin tehty hoito oli kyll\u00e4 onnistunut, mutta hoidettujen suonien viereen oli tullut uusia suonikohjuja ja syy oli syviss\u00e4 laskimoissa. L\u00e4\u00e4k\u00e4ri  suositteli minule laskimoiden sulkemista laserilla ja pinnallisten laskimoiden poistamista koukuttamalla.<\/p>\n<p>Toiminpiteeseen p\u00e4\u00e4sin nopeasti. Toiminpide sujui nopeasti ja kaikki meni hyvin. Klinikan henkil\u00f6kunta teki hyv\u00e4\u00e4 ty\u00f6t\u00e4 ja kirurgini oli oikein p\u00e4tev\u00e4. Tukisukkien kanssa oli hieman opettelemista, mutta nyt niihin on jo tottunut. Jalat n\u00e4ytt\u00e4v\u00e4t nyt jo eritt\u00e4in hyvilt\u00e4. Pienet haavat joista pinnalliset suonet poistettiin on umpeutunut ja niist\u00e4 ei ole juurkaani mit\u00e4\u00e4n j\u00e4lki\u00e4 j\u00e4ljell\u00e4. Olen oikein tyytyv\u00e4inen lopputulokseen ja saamaani hoitoon.<br \/>\n[\/et_pb_testimonial][\/et_pb_column][\/et_pb_row][\/et_pb_section]<\/p>\n","protected":false},"excerpt":{"rendered":"<p>Asiakaskokemuksia Laserhoito, vaahtoruiskutus hoito Olemme puolisoni kanssa eritt\u00e4in tyytyv\u00e4isi\u00e4 hoidon lopputuloksiin. Meill\u00e4 molemmilla oli ollut suonikohjuja jo pitemm\u00e4n aikaa. L\u00f6ysin EVC klinikan Internetist\u00e4. Olen suositellut EVC klinikkaa kaikille ja aion my\u00f6s tulevaisuudessakin suositella EVC klinikkaa tutuilleni. Radiotaajuushoito, Vaahtoruiskutushoito Toiminpide oli kivuton ja se tehtiin yll\u00e4tt\u00e4v\u00e4n nopeasti. K\u00e4velem\u00e4\u00e4n p\u00e4\u00e4sin heti toiminpiteen j\u00e4lkeen ja t\u00f6ihin jo seuraavana [&hellip;]<\/p>\n","protected":false},"author":3,"featured_media":0,"parent":0,"menu_order":0,"comment_status":"closed","ping_status":"closed","template":"","meta":{"_et_pb_use_builder":"on","_et_pb_old_content":"","_et_gb_content_width":"","footnotes":""},"dipi_cpt_category":[],"class_list":["post-3590","page","type-page","status-publish","hentry"],"_links":{"self":[{"href":"https:\/\/evc.ee\/fi\/wp-json\/wp\/v2\/pages\/3590","targetHints":{"allow":["GET"]}}],"collection":[{"href":"https:\/\/evc.ee\/fi\/wp-json\/wp\/v2\/pages"}],"about":[{"href":"https:\/\/evc.ee\/fi\/wp-json\/wp\/v2\/types\/page"}],"author":[{"embeddable":true,"href":"https:\/\/evc.ee\/fi\/wp-json\/wp\/v2\/users\/3"}],"replies":[{"embeddable":true,"href":"https:\/\/evc.ee\/fi\/wp-json\/wp\/v2\/comments?post=3590"}],"version-history":[{"count":5,"href":"https:\/\/evc.ee\/fi\/wp-json\/wp\/v2\/pages\/3590\/revisions"}],"predecessor-version":[{"id":7701,"href":"https:\/\/evc.ee\/fi\/wp-json\/wp\/v2\/pages\/3590\/revisions\/7701"}],"wp:attachment":[{"href":"https:\/\/evc.ee\/fi\/wp-json\/wp\/v2\/media?parent=3590"}],"wp:term":[{"taxonomy":"dipi_cpt_category","embeddable":true,"href":"https:\/\/evc.ee\/fi\/wp-json\/wp\/v2\/dipi_cpt_category?post=3590"}],"curies":[{"name":"wp","href":"https:\/\/api.w.org\/{rel}","templated":true}]}}