{"id":3422,"date":"2017-10-10T09:23:48","date_gmt":"2017-10-10T07:23:48","guid":{"rendered":"https:\/\/evc.ee\/?page_id=3422\/"},"modified":"2017-10-11T08:14:09","modified_gmt":"2017-10-11T06:14:09","slug":"hamahakkisuonien-poistaminen-laserilla","status":"publish","type":"page","link":"https:\/\/evc.ee\/fi\/hamahakkisuonien-poistaminen-laserilla\/","title":{"rendered":"H\u00e4m\u00e4h\u00e4kkisuonien poistaminen laserilla"},"content":{"rendered":"<p>[et_pb_section bb_built=&#8221;1&#8243; fullwidth=&#8221;on&#8221; specialty=&#8221;off&#8221; background_image=&#8221;https:\/\/evc.ee\/wp-content\/uploads\/2017\/03\/fff.jpg&#8221; transparent_background=&#8221;off&#8221; allow_player_pause=&#8221;off&#8221; inner_shadow=&#8221;off&#8221; parallax=&#8221;off&#8221; parallax_method=&#8221;off&#8221; custom_padding=&#8221;100px||100px|&#8221; padding_mobile=&#8221;on&#8221; make_fullwidth=&#8221;off&#8221; use_custom_width=&#8221;off&#8221; width_unit=&#8221;on&#8221; make_equal=&#8221;off&#8221; use_custom_gutter=&#8221;off&#8221; custom_css_main_element=&#8221;background-position: center bottom;&#8221; custom_padding_tablet=&#8221;100px||100px|&#8221;][et_pb_fullwidth_header title=&#8221;H\u00e4m\u00e4h\u00e4kkisuonien poistaminen laserilla&#8221; background_layout=&#8221;light&#8221; text_orientation=&#8221;left&#8221; header_fullscreen=&#8221;off&#8221; header_scroll_down=&#8221;off&#8221; button_one_text=&#8221;Lis\u00e4\u00e4 tietoa&#8221; button_two_text=&#8221;Varaa aika&#8221; content_orientation=&#8221;center&#8221; image_orientation=&#8221;center&#8221; custom_button_one=&#8221;on&#8221; button_one_letter_spacing=&#8221;0&#8243; button_one_icon_placement=&#8221;right&#8221; button_one_letter_spacing_hover=&#8221;0&#8243; custom_button_two=&#8221;on&#8221; button_two_letter_spacing=&#8221;0&#8243; button_two_icon_placement=&#8221;right&#8221; button_two_letter_spacing_hover=&#8221;0&#8243; button_one_url=&#8221;#more&#8221; button_two_url=&#8221;#broneeri&#8221; title_font=&#8221;|on|||&#8221; title_font_size=&#8221;34px&#8221; button_one_text_color=&#8221;#97cc06&#8243; button_one_bg_color=&#8221;#ffffff&#8221; button_one_border_color=&#8221;#97cc06&#8243; button_one_icon_color=&#8221;#97cc06&#8243; button_one_text_color_hover=&#8221;#97cc06&#8243; button_one_bg_color_hover=&#8221;#ffffff&#8221; button_one_border_color_hover=&#8221;#97cc06&#8243; button_two_text_color=&#8221;#ffffff&#8221; _builder_version=&#8221;3.0.73&#8243; \/][\/et_pb_section][et_pb_section bb_built=&#8221;1&#8243; admin_label=&#8221;section&#8221; transparent_background=&#8221;off&#8221; allow_player_pause=&#8221;off&#8221; inner_shadow=&#8221;off&#8221; parallax=&#8221;off&#8221; parallax_method=&#8221;off&#8221; make_fullwidth=&#8221;off&#8221; use_custom_width=&#8221;off&#8221; width_unit=&#8221;on&#8221; make_equal=&#8221;off&#8221; use_custom_gutter=&#8221;off&#8221; module_id=&#8221;more&#8221;][et_pb_row admin_label=&#8221;row&#8221; background_position=&#8221;top_left&#8221; background_repeat=&#8221;repeat&#8221; background_size=&#8221;initial&#8221;][et_pb_column type=&#8221;4_4&#8243;][et_pb_text background_layout=&#8221;light&#8221; border_style=&#8221;solid&#8221; background_position=&#8221;top_left&#8221; background_repeat=&#8221;repeat&#8221; background_size=&#8221;initial&#8221; _builder_version=&#8221;3.0.79&#8243; module_alignment=&#8221;left&#8221;]<\/p>\n<p>Verisuonien ja kapillaarien laajentuminen (telangiektasia) on verisuonisairaus. T\u00e4t\u00e4 esiintyy tavallisemmin kasvoilla ja jaloissa. Vaikka h\u00e4m\u00e4h\u00e4kkisuonet eiv\u00e4t ole kivuliaita, ne ovat n\u00e4kyvi\u00e4. Suonet n\u00e4kyv\u00e4t verkkomaisina tai pistem\u00e4isin\u00e4 kuvioina poskissa, nen\u00e4ss\u00e4, leuassa jne. T\u00e4llaisten verisuonten poistamiseksi suosittelemme laseria.<\/p>\n<p>[\/et_pb_text][et_pb_text background_layout=&#8221;light&#8221; text_orientation=&#8221;left&#8221; border_style=&#8221;solid&#8221; background_position=&#8221;top_left&#8221; background_repeat=&#8221;repeat&#8221; background_size=&#8221;initial&#8221; _builder_version=&#8221;3.0.73&#8243; module_alignment=&#8221;left&#8221;]<\/p>\n<h3>Mit\u00e4 toimenpiteest\u00e4 tulee tiet\u00e4\u00e4?<\/h3>\n<p>Nykyaikana t\u00e4llaista toimenpidett\u00e4 pidet\u00e4\u00e4n kosmeettisena toimenpiteen\u00e4. Uusilla lasereilla voidaan puhdistaa iho kivuttomasti ja nopeasti l\u00e4hestulkoon t\u00e4ydellisesti.<\/p>\n<p>[\/et_pb_text][et_pb_text background_layout=&#8221;light&#8221; border_style=&#8221;solid&#8221; background_position=&#8221;top_left&#8221; background_repeat=&#8221;repeat&#8221; background_size=&#8221;initial&#8221; _builder_version=&#8221;3.0.79&#8243; module_alignment=&#8221;left&#8221;]<\/p>\n<p>H\u00e4m\u00e4h\u00e4kkisuonten syit\u00e4 voi olla esim.:<\/p>\n<ul>\n<li>Huono ymp\u00e4rist\u00f6<\/li>\n<li>hormooni valmisteiden k\u00e4ytt\u00f6<\/li>\n<li>tupakointi<\/li>\n<li>perinn\u00f6llisyys<\/li>\n<li>raskaus<\/li>\n<li>vitamiinipuutos tilat<\/li>\n<li>huonot elintavat<\/li>\n<li>ihon mekaaninen vahingoittaminen (esim. finnien puristelu)<\/li>\n<\/ul>\n<p>[\/et_pb_text][\/et_pb_column][\/et_pb_row][et_pb_row make_fullwidth=&#8221;off&#8221; use_custom_width=&#8221;off&#8221; width_unit=&#8221;on&#8221; use_custom_gutter=&#8221;off&#8221; allow_player_pause=&#8221;off&#8221; parallax=&#8221;off&#8221; parallax_method=&#8221;off&#8221; make_equal=&#8221;off&#8221; parallax_1=&#8221;off&#8221; parallax_method_1=&#8221;off&#8221; custom_css_main_element=&#8221;border: 2px solid #97CC06;&#8221; background_position=&#8221;top_left&#8221; background_repeat=&#8221;repeat&#8221; background_size=&#8221;initial&#8221;][et_pb_column type=&#8221;4_4&#8243;][et_pb_cta admin_label=&#8221;Broneeri Call To Action&#8221; button_url=&#8221;#broneeri&#8221; url_new_window=&#8221;off&#8221; button_text=&#8221;Varaa aika&#8221; use_background_color=&#8221;on&#8221; background_color=&#8221;#ffffff&#8221; background_layout=&#8221;light&#8221; border_style=&#8221;solid&#8221; custom_button=&#8221;on&#8221; button_letter_spacing=&#8221;0&#8243; button_icon_placement=&#8221;right&#8221; button_letter_spacing_hover=&#8221;0&#8243; button_text_color=&#8221;#ffffff&#8221; custom_padding=&#8221;10px|10px|10px|10px&#8221; background_position=&#8221;top_left&#8221; background_repeat=&#8221;repeat&#8221; background_size=&#8221;initial&#8221; _builder_version=&#8221;3.0.79&#8243;]<\/p>\n<h5>L\u00e4\u00e4k\u00e4rit ovat havainneet ett\u00e4 enemm\u00e4n kuin 50 % miehista ja enemm\u00e4n kuin 60 % naisista k\u00e4rsii h\u00e4m\u00e4h\u00e4kkisuonista. Vanhetessa prosenttiluku nousee 80 %.<\/h5>\n<p>[\/et_pb_cta][\/et_pb_column][\/et_pb_row][et_pb_row background_position=&#8221;top_left&#8221; background_repeat=&#8221;repeat&#8221; background_size=&#8221;initial&#8221;][et_pb_column type=&#8221;1_2&#8243;][et_pb_text background_layout=&#8221;light&#8221; text_orientation=&#8221;left&#8221; border_style=&#8221;solid&#8221; background_position=&#8221;top_left&#8221; background_repeat=&#8221;repeat&#8221; background_size=&#8221;initial&#8221; _builder_version=&#8221;3.0.73&#8243; module_alignment=&#8221;left&#8221;]<\/p>\n<h3>Esteeit\u00e4 toimenpiteelle<\/h3>\n<p>[\/et_pb_text][et_pb_blurb admin_label=&#8221;diabeet&#8221; url_new_window=&#8221;off&#8221; use_icon=&#8221;on&#8221; font_icon=&#8221;%%44%%&#8221; icon_color=&#8221;#ea2a45&#8243; use_circle=&#8221;on&#8221; circle_color=&#8221;#ffffff&#8221; use_circle_border=&#8221;on&#8221; circle_border_color=&#8221;#ea2a45&#8243; icon_placement=&#8221;left&#8221; animation=&#8221;off&#8221; background_layout=&#8221;light&#8221; use_icon_font_size=&#8221;off&#8221; body_font_size=&#8221;16&#8243; border_style=&#8221;solid&#8221; saved_tabs=&#8221;all&#8221; background_position=&#8221;top_left&#8221; background_repeat=&#8221;repeat&#8221; background_size=&#8221;initial&#8221; _builder_version=&#8221;3.0.73&#8243;]<\/p>\n<p>diabetes<\/p>\n<p>[\/et_pb_blurb][et_pb_blurb admin_label=&#8221;verehaigused&#8221; url_new_window=&#8221;off&#8221; use_icon=&#8221;on&#8221; font_icon=&#8221;%%44%%&#8221; icon_color=&#8221;#ea2a45&#8243; use_circle=&#8221;on&#8221; circle_color=&#8221;#ffffff&#8221; use_circle_border=&#8221;on&#8221; circle_border_color=&#8221;#ea2a45&#8243; icon_placement=&#8221;left&#8221; animation=&#8221;off&#8221; background_layout=&#8221;light&#8221; use_icon_font_size=&#8221;off&#8221; body_font_size=&#8221;16&#8243; border_style=&#8221;solid&#8221; saved_tabs=&#8221;all&#8221; background_position=&#8221;top_left&#8221; background_repeat=&#8221;repeat&#8221; background_size=&#8221;initial&#8221; _builder_version=&#8221;3.0.73&#8243;]<\/p>\n<p>verisairaudet<\/p>\n<p>[\/et_pb_blurb][et_pb_blurb admin_label=&#8221; onkoloogilised haigused&#8221; url_new_window=&#8221;off&#8221; use_icon=&#8221;on&#8221; font_icon=&#8221;%%44%%&#8221; icon_color=&#8221;#ea2a45&#8243; use_circle=&#8221;on&#8221; circle_color=&#8221;#ffffff&#8221; use_circle_border=&#8221;on&#8221; circle_border_color=&#8221;#ea2a45&#8243; icon_placement=&#8221;left&#8221; animation=&#8221;off&#8221; background_layout=&#8221;light&#8221; use_icon_font_size=&#8221;off&#8221; body_font_size=&#8221;16&#8243; border_style=&#8221;solid&#8221; saved_tabs=&#8221;all&#8221; background_position=&#8221;top_left&#8221; background_repeat=&#8221;repeat&#8221; background_size=&#8221;initial&#8221; _builder_version=&#8221;3.0.73&#8243;]<\/p>\n<p>sy\u00f6p\u00e4<\/p>\n<p>[\/et_pb_blurb][et_pb_blurb admin_label=&#8221;rasedus&#8221; url_new_window=&#8221;off&#8221; use_icon=&#8221;on&#8221; font_icon=&#8221;%%44%%&#8221; icon_color=&#8221;#ea2a45&#8243; use_circle=&#8221;on&#8221; circle_color=&#8221;#ffffff&#8221; use_circle_border=&#8221;on&#8221; circle_border_color=&#8221;#ea2a45&#8243; icon_placement=&#8221;left&#8221; animation=&#8221;off&#8221; background_layout=&#8221;light&#8221; use_icon_font_size=&#8221;off&#8221; body_font_size=&#8221;16&#8243; border_style=&#8221;solid&#8221; saved_tabs=&#8221;all&#8221; background_position=&#8221;top_left&#8221; background_repeat=&#8221;repeat&#8221; background_size=&#8221;initial&#8221; _builder_version=&#8221;3.0.73&#8243;]<\/p>\n<p>raskaus<\/p>\n<p>[\/et_pb_blurb][et_pb_blurb admin_label=&#8221; liigne, piiramatu p\u00e4evitamine&#8221; url_new_window=&#8221;off&#8221; use_icon=&#8221;on&#8221; font_icon=&#8221;%%44%%&#8221; icon_color=&#8221;#ea2a45&#8243; use_circle=&#8221;on&#8221; circle_color=&#8221;#ffffff&#8221; use_circle_border=&#8221;on&#8221; circle_border_color=&#8221;#ea2a45&#8243; icon_placement=&#8221;left&#8221; animation=&#8221;off&#8221; background_layout=&#8221;light&#8221; use_icon_font_size=&#8221;off&#8221; body_font_size=&#8221;16&#8243; border_style=&#8221;solid&#8221; saved_tabs=&#8221;all&#8221; background_position=&#8221;top_left&#8221; background_repeat=&#8221;repeat&#8221; background_size=&#8221;initial&#8221; _builder_version=&#8221;3.0.73&#8243;]<\/p>\n<p>Liika auringonotto<\/p>\n<p>[\/et_pb_blurb][\/et_pb_column][et_pb_column type=&#8221;1_2&#8243;][\/et_pb_column][\/et_pb_row][et_pb_row background_position=&#8221;top_left&#8221; background_repeat=&#8221;repeat&#8221; background_size=&#8221;initial&#8221;][et_pb_column type=&#8221;4_4&#8243;][et_pb_text background_layout=&#8221;light&#8221; border_style=&#8221;solid&#8221; background_position=&#8221;top_left&#8221; background_repeat=&#8221;repeat&#8221; background_size=&#8221;initial&#8221; _builder_version=&#8221;3.0.79&#8243; module_alignment=&#8221;left&#8221;]<\/p>\n<p>2 viikkoa ennen ja j\u00e4lkeen lasertoiminpidett\u00e4 ei suositella auringonottoa. Jos auringossa oleskelua ei voida v\u00e4ltt\u00e4\u00e4, niin tulee k\u00e4ytt\u00e4\u00e4 korkean suojakertoimen aurinkovoidetta.<\/p>\n<p>Toimenpiteen j\u00e4lkeen on suositeltavaa v\u00e4ltt\u00e4\u00e4 raskasta fyysist\u00e4 kuormitusta ja korkeita l\u00e4mp\u00f6tilanvaihteluita 2 viikon ajan (ei saunomista, rankkaa kuntosali treeni\u00e4, jne.)<\/p>\n<p>[\/et_pb_text][\/et_pb_column][\/et_pb_row][et_pb_row][et_pb_column type=&#8221;4_4&#8243;][et_pb_video _builder_version=&#8221;3.0.73&#8243; src=&#8221;https:\/\/www.youtube.com\/watch?v=_k8P1bGlehg&#8221; image_src=&#8221;\/\/i.ytimg.com\/vi\/_k8P1bGlehg\/hqdefault.jpg&#8221; \/][\/et_pb_column][\/et_pb_row][\/et_pb_section][et_pb_section bb_built=&#8221;1&#8243; fullwidth=&#8221;off&#8221; specialty=&#8221;off&#8221;][et_pb_row background_position=&#8221;top_left&#8221; background_repeat=&#8221;repeat&#8221; background_size=&#8221;initial&#8221;][et_pb_column type=&#8221;1_2&#8243;][et_pb_text _builder_version=&#8221;3.0.79&#8243; saved_tabs=&#8221;all&#8221; background_layout=&#8221;light&#8221; border_style=&#8221;solid&#8221; module_id=&#8221;broneeri&#8221; global_module=&#8221;3467&#8243;]<\/p>\n\n<div class=\"wpcf7 no-js\" id=\"wpcf7-f2565-o1\" lang=\"et\" dir=\"ltr\" data-wpcf7-id=\"2565\">\n<div class=\"screen-reader-response\"><p role=\"status\" aria-live=\"polite\" aria-atomic=\"true\"><\/p> <ul><\/ul><\/div>\n<form action=\"\/fi\/wp-json\/wp\/v2\/pages\/3422#wpcf7-f2565-o1\" method=\"post\" class=\"wpcf7-form init wpcf7-acceptance-as-validation\" aria-label=\"Contact form\" novalidate=\"novalidate\" data-status=\"init\">\n<fieldset class=\"hidden-fields-container\"><input type=\"hidden\" name=\"_wpcf7\" value=\"2565\" \/><input type=\"hidden\" name=\"_wpcf7_version\" value=\"6.1.5\" \/><input type=\"hidden\" name=\"_wpcf7_locale\" value=\"et\" \/><input type=\"hidden\" name=\"_wpcf7_unit_tag\" value=\"wpcf7-f2565-o1\" \/><input type=\"hidden\" name=\"_wpcf7_container_post\" value=\"0\" \/><input type=\"hidden\" name=\"_wpcf7_posted_data_hash\" value=\"\" \/><input type=\"hidden\" name=\"_wpcf7_recaptcha_response\" value=\"\" \/>\n<\/fieldset>\n<p><label> Nimi (*pakollinen):<br \/>\n<span class=\"wpcf7-form-control-wrap\" data-name=\"your-name\"><input size=\"40\" maxlength=\"400\" class=\"wpcf7-form-control wpcf7-text wpcf7-validates-as-required\" aria-required=\"true\" aria-invalid=\"false\" value=\"\" type=\"text\" name=\"your-name\" \/><\/span> <\/label>\n<\/p>\n<p><label> S\u00e4hk\u00f6postiosoite *:<br \/>\n<span class=\"wpcf7-form-control-wrap\" data-name=\"your-email\"><input size=\"40\" maxlength=\"400\" class=\"wpcf7-form-control wpcf7-email wpcf7-validates-as-required wpcf7-text wpcf7-validates-as-email\" aria-required=\"true\" aria-invalid=\"false\" value=\"\" type=\"email\" name=\"your-email\" \/><\/span> <\/label>\n<\/p>\n<p><label> Puhelinnumero *:<br \/>\n<span class=\"wpcf7-form-control-wrap\" data-name=\"tel-118\"><input size=\"40\" maxlength=\"400\" class=\"wpcf7-form-control wpcf7-tel wpcf7-validates-as-required wpcf7-text wpcf7-validates-as-tel\" aria-required=\"true\" aria-invalid=\"false\" value=\"\" type=\"tel\" name=\"tel-118\" \/><\/span><\/label>\n<\/p>\n<p><label> Toivottu p\u00e4iv\u00e4 *<br \/>\n<span class=\"wpcf7-form-control-wrap\" data-name=\"text-410\"><input size=\"40\" maxlength=\"400\" class=\"wpcf7-form-control wpcf7-text wpcf7-validates-as-required walcf7-datepicker\" aria-required=\"true\" aria-invalid=\"false\" value=\"\" type=\"text\" name=\"text-410\" \/><\/span><\/label>\n<\/p>\n<p><label> Viesti<br \/>\n<span class=\"wpcf7-form-control-wrap\" data-name=\"your-message\"><textarea cols=\"40\" rows=\"3\" maxlength=\"2000\" class=\"wpcf7-form-control wpcf7-textarea\" aria-invalid=\"false\" name=\"your-message\"><\/textarea><\/span> <\/label>\n<\/p>\n<p style=\"line-height: 1em; padding-bottom: 1em;\"><span class=\"wpcf7-form-control-wrap\" data-name=\"acceptance-12\"><span class=\"wpcf7-form-control wpcf7-acceptance\"><span class=\"wpcf7-list-item\"><label><input type=\"checkbox\" name=\"acceptance-12\" value=\"1\" checked=\"checked\" class=\"littleFont withMarin\" aria-invalid=\"false\" \/><span class=\"wpcf7-list-item-label\">Hyv\u00e4ksyn henkil\u00f6tietojeni k\u00e4sittelyn*<\/span><\/label><\/span><\/span><\/span><br \/>\n(<a  class=\"littleFont\" href=\"https:\/\/evc.ee\/fi\/seloste-asiakasrekisterin-kasittelytoimista\/\" target=\"_blank\">Lue lis\u00e4\u00e4 henkil\u00f6tietojen k\u00e4yt\u00f6st\u00e4<\/a>)\n<\/p>\n<p><input class=\"wpcf7-form-control wpcf7-submit has-spinner\" type=\"submit\" value=\"L\u00c4HET\u00c4\" \/>\n<\/p><p style=\"display: none !important;\" class=\"akismet-fields-container\" data-prefix=\"_wpcf7_ak_\"><label>&#916;<textarea name=\"_wpcf7_ak_hp_textarea\" cols=\"45\" rows=\"8\" maxlength=\"100\"><\/textarea><\/label><input type=\"hidden\" id=\"ak_js_1\" name=\"_wpcf7_ak_js\" value=\"61\"\/><script>document.getElementById( \"ak_js_1\" ).setAttribute( \"value\", ( new Date() ).getTime() );<\/script><\/p><input type='hidden' class='wpcf7-pum' value='{\"closepopup\":false,\"closedelay\":0,\"openpopup\":false,\"openpopup_id\":0}' \/><div class=\"wpcf7-response-output\" aria-hidden=\"true\"><\/div>\n<\/form>\n<\/div>\n\n<p>[\/et_pb_text][\/et_pb_column][et_pb_column type=&#8221;1_2&#8243;][et_pb_text _builder_version=&#8221;3.0.79&#8243; background_layout=&#8221;light&#8221; text_orientation=&#8221;left&#8221; border_style=&#8221;solid&#8221; saved_tabs=&#8221;all&#8221; use_background_color_gradient=&#8221;off&#8221; background_color_gradient_start=&#8221;#2b87da&#8221; background_color_gradient_end=&#8221;#29c4a9&#8243; background_color_gradient_type=&#8221;linear&#8221; background_color_gradient_direction=&#8221;180deg&#8221; background_color_gradient_direction_radial=&#8221;center&#8221; background_color_gradient_start_position=&#8221;0%&#8221; background_color_gradient_end_position=&#8221;100%&#8221; parallax=&#8221;off&#8221; parallax_method=&#8221;on&#8221; background_size=&#8221;cover&#8221; background_position=&#8221;center&#8221; background_repeat=&#8221;no-repeat&#8221; background_blend=&#8221;normal&#8221; allow_player_pause=&#8221;off&#8221; text_font=&#8221;||||&#8221; text_font_size=&#8221;14&#8243; text_font_size_tablet=&#8221;14&#8243; text_font_size_phone=&#8221;14&#8243; text_letter_spacing=&#8221;0px&#8221; text_letter_spacing_tablet=&#8221;0px&#8221; text_letter_spacing_phone=&#8221;0px&#8221; text_line_height=&#8221;1.7em&#8221; text_line_height_tablet=&#8221;1.7em&#8221; text_line_height_phone=&#8221;1.7em&#8221; header_font=&#8221;||||&#8221; header_font_size=&#8221;30px&#8221; header_font_size_tablet=&#8221;30px&#8221; header_font_size_phone=&#8221;30px&#8221; header_letter_spacing=&#8221;0px&#8221; header_letter_spacing_tablet=&#8221;0px&#8221; header_letter_spacing_phone=&#8221;0px&#8221; header_line_height=&#8221;1em&#8221; header_line_height_tablet=&#8221;1em&#8221; header_line_height_phone=&#8221;1em&#8221; use_border_color=&#8221;off&#8221; border_color=&#8221;#ffffff&#8221; border_width=&#8221;1px&#8221; animation_style=&#8221;none&#8221; animation_repeat=&#8221;once&#8221; animation_direction=&#8221;center&#8221; animation_duration=&#8221;1000ms&#8221; animation_delay=&#8221;0ms&#8221; animation_intensity_slide=&#8221;50%&#8221; animation_intensity_zoom=&#8221;50%&#8221; animation_intensity_flip=&#8221;50%&#8221; animation_intensity_fold=&#8221;50%&#8221; animation_intensity_roll=&#8221;50%&#8221; animation_starting_opacity=&#8221;0%&#8221; animation_speed_curve=&#8221;ease-in-out&#8221; max_width=&#8221;100%&#8221; max_width_tablet=&#8221;50px&#8221; max_width_phone=&#8221;50px&#8221; global_module=&#8221;3407&#8243; module_alignment=&#8221;left&#8221;]<\/p>\n<p style=\"text-align: center;\"><img loading=\"lazy\" decoding=\"async\" class=\"alignnone size-full wp-image-1506 round\" src=\"https:\/\/evc.ee\/wp-content\/uploads\/2016\/12\/greete-1.png\" alt=\"Administraator\" width=\"190\" height=\"190\"><\/p>\n<p style=\"text-align: center;\"><strong>Vastaanottovirkailija<\/strong><br \/>Greete Tomson<\/p>\n<p>T\u00e4ytetty\u00e4nne lomakkeen Teihin otetaan yhteytt\u00e4 24 h kuluessa ja sovitaan vastaanottoaika.<\/p>\n<p>Lis\u00e4kysymyksiin vastaamme numerosta <strong>619 0020<\/strong>.<\/p>\n<p>[\/et_pb_text][\/et_pb_column][\/et_pb_row][\/et_pb_section]<\/p>\n","protected":false},"excerpt":{"rendered":"<p>Verisuonien ja kapillaarien laajentuminen (telangiektasia) on verisuonisairaus. T\u00e4t\u00e4 esiintyy tavallisemmin kasvoilla ja jaloissa. Vaikka h\u00e4m\u00e4h\u00e4kkisuonet eiv\u00e4t ole kivuliaita, ne ovat n\u00e4kyvi\u00e4. Suonet n\u00e4kyv\u00e4t verkkomaisina tai pistem\u00e4isin\u00e4 kuvioina poskissa, nen\u00e4ss\u00e4, leuassa jne. T\u00e4llaisten verisuonten poistamiseksi suosittelemme laseria. Mit\u00e4 toimenpiteest\u00e4 tulee tiet\u00e4\u00e4? Nykyaikana t\u00e4llaista toimenpidett\u00e4 pidet\u00e4\u00e4n kosmeettisena toimenpiteen\u00e4. Uusilla lasereilla voidaan puhdistaa iho kivuttomasti ja nopeasti l\u00e4hestulkoon [&hellip;]<\/p>\n","protected":false},"author":3,"featured_media":0,"parent":0,"menu_order":0,"comment_status":"closed","ping_status":"closed","template":"","meta":{"_et_pb_use_builder":"on","_et_pb_old_content":"","_et_gb_content_width":"","footnotes":""},"dipi_cpt_category":[],"class_list":["post-3422","page","type-page","status-publish","hentry"],"_links":{"self":[{"href":"https:\/\/evc.ee\/fi\/wp-json\/wp\/v2\/pages\/3422","targetHints":{"allow":["GET"]}}],"collection":[{"href":"https:\/\/evc.ee\/fi\/wp-json\/wp\/v2\/pages"}],"about":[{"href":"https:\/\/evc.ee\/fi\/wp-json\/wp\/v2\/types\/page"}],"author":[{"embeddable":true,"href":"https:\/\/evc.ee\/fi\/wp-json\/wp\/v2\/users\/3"}],"replies":[{"embeddable":true,"href":"https:\/\/evc.ee\/fi\/wp-json\/wp\/v2\/comments?post=3422"}],"version-history":[{"count":5,"href":"https:\/\/evc.ee\/fi\/wp-json\/wp\/v2\/pages\/3422\/revisions"}],"predecessor-version":[{"id":3539,"href":"https:\/\/evc.ee\/fi\/wp-json\/wp\/v2\/pages\/3422\/revisions\/3539"}],"wp:attachment":[{"href":"https:\/\/evc.ee\/fi\/wp-json\/wp\/v2\/media?parent=3422"}],"wp:term":[{"taxonomy":"dipi_cpt_category","embeddable":true,"href":"https:\/\/evc.ee\/fi\/wp-json\/wp\/v2\/dipi_cpt_category?post=3422"}],"curies":[{"name":"wp","href":"https:\/\/api.w.org\/{rel}","templated":true}]}}