{"id":2676,"date":"2017-07-27T13:56:12","date_gmt":"2017-07-27T11:56:12","guid":{"rendered":"https:\/\/evc.ee\/fi\/?page_id=2676"},"modified":"2024-09-05T11:26:45","modified_gmt":"2024-09-05T08:26:45","slug":"hinnat","status":"publish","type":"page","link":"https:\/\/evc.ee\/fi\/hinnat\/","title":{"rendered":"Hinnat"},"content":{"rendered":"<p>[et_pb_section fb_built=&#8221;1&#8243; _builder_version=&#8221;4.16&#8243; global_colors_info=&#8221;{}&#8221;][et_pb_row _builder_version=&#8221;4.16&#8243; background_size=&#8221;initial&#8221; background_position=&#8221;top_left&#8221; background_repeat=&#8221;repeat&#8221; global_colors_info=&#8221;{}&#8221;][et_pb_column type=&#8221;4_4&#8243; _builder_version=&#8221;4.16&#8243; custom_padding=&#8221;|||&#8221; global_colors_info=&#8221;{}&#8221; custom_padding__hover=&#8221;|||&#8221;][et_pb_text _builder_version=&#8221;4.16&#8243; background_size=&#8221;initial&#8221; background_position=&#8221;top_left&#8221; background_repeat=&#8221;repeat&#8221; module_alignment=&#8221;left&#8221; use_border_color=&#8221;off&#8221; border_color=&#8221;#ffffff&#8221; border_style=&#8221;solid&#8221; global_colors_info=&#8221;{}&#8221;]<\/p>\n<h1>Hinnat<\/h1>\n<p>[\/et_pb_text][et_pb_text admin_label=&#8221;price table&#8221; _builder_version=&#8221;4.26.0&#8243; background_size=&#8221;initial&#8221; background_position=&#8221;top_left&#8221; background_repeat=&#8221;repeat&#8221; module_alignment=&#8221;left&#8221; hover_enabled=&#8221;0&#8243; border_style=&#8221;solid&#8221; global_colors_info=&#8221;{}&#8221; sticky_enabled=&#8221;0&#8243;]<\/p>\n<table>\n<tbody>\n<tr>\n<td class=\"sixty\">Kirurgin vastaanotto + ultra\u00e4\u00e4nidiagnostiikka<\/td>\n<td class=\"fourty\"><strong>120 \u20ac<\/strong><\/td>\n<\/tr>\n<tr>\n<td class=\"sixty\">Operaation j\u00e4lkeinen tarkistus<\/td>\n<td class=\"fourty\"><strong>85 \u20ac<\/strong><\/td>\n<\/tr>\n<tr>\n<td class=\"sixty\">Laskimonsis\u00e4inen laserhoito, 1 jalka<\/td>\n<td class=\"fourty\"><strong>1250 \u20ac *<\/strong><\/td>\n<\/tr>\n<tr>\n<td class=\"sixty\">Laskimonsis\u00e4inen laserhoito, 2 jalkaa<\/td>\n<td class=\"fourty\"><strong>1850 \u20ac *<\/strong><\/td>\n<\/tr>\n<tr>\n<td class=\"sixty\">Laskimonsis\u00e4inen radiotaajuushoito, 1 jalka<\/td>\n<td class=\"fourty\"><strong>1290 \u20ac *<\/strong><\/td>\n<\/tr>\n<tr>\n<td class=\"sixty\">Laskimonsis\u00e4inen radiotaajuushoito, 2 jalkaa<\/td>\n<td class=\"fourty\"><strong>1950 \u20ac *<\/strong><\/td>\n<\/tr>\n<tr>\n<td class=\"sixty\">Laskimoiden sulkeminen Venaseal-liimalla, 1 jalka<\/td>\n<td class=\"fourty\"><strong>2490 \u20ac *<\/strong><\/td>\n<\/tr>\n<tr>\n<td class=\"sixty\">Laskimoiden sulkeminen Venaseal-liimalla, 2 jalkaa<\/td>\n<td class=\"fourty\"><strong>2990 \u20ac *<\/strong><\/td>\n<\/tr>\n<tr>\n<td class=\"sixty\">Miniflebektomia (keskivaikea vaikeusaste), 1 jalka<\/td>\n<td class=\"fourty\"><strong>790 \u20ac<\/strong><\/td>\n<\/tr>\n<tr>\n<td class=\"sixty\">Miniflebektomia (vaikea vaikeusaste), 1 jalka<\/td>\n<td class=\"fourty\"><strong>alkaen 1090 \u20ac<\/strong><\/td>\n<\/tr>\n<tr>\n<td class=\"sixty\">Laskimon sivuhaarojen sulkeminen Endosealer liimausj\u00e4rjestelm\u00e4ll\u00e4<\/td>\n<td class=\"fourty\"><strong>alkaen 490 \u20ac<\/strong><\/td>\n<\/tr>\n<tr>\n<td class=\"sixty\">Flebektomia, 1 jalka<\/td>\n<td class=\"fourty\"><strong>490 \u20ac<\/strong><\/td>\n<\/tr>\n<tr>\n<td class=\"sixty\">Flebektomia, 1 jalka (vaikea vaikeusaste)<\/td>\n<td class=\"fourty\"><strong>990 \u20ac<\/strong><\/td>\n<\/tr>\n<tr>\n<td class=\"sixty\">Vaahtoruiskutus (30 min)<\/td>\n<td class=\"fourty\"><strong>alkaen 300 \u20ac<\/strong><\/td>\n<\/tr>\n<tr>\n<td class=\"sixty\">Vaahtoruiskutus (45 min)<\/td>\n<td class=\"fourty\"><strong>alkaen 450 \u20ac<\/strong><\/td>\n<\/tr>\n<tr>\n<td class=\"sixty\">\nKapillaarien poisto vartalosta 5 cm\u00b2<\/td>\n<td class=\"fourty\"><strong>alkaen 129 \u20ac<\/strong><\/td>\n<\/tr>\n<tr>\n<td  colspan=\"2\"><strong>Kroonisen haavauman paikallishoito: <\/strong><\/td>\n<\/tr>\n<tr>\n<td class=\"sixty\">Haavauman l\u00e4pimitta 6 cm:n asti (pieni haavauma) <\/td>\n<td class=\"fourty\"><strong>49 \u20ac<\/strong><\/td>\n<\/tr>\n<tr>\n<td class=\"sixty\">Haavauman l\u00e4pimitta yli 6 cm (iso haavauma)<\/td>\n<td class=\"fourty\"><strong>hinta alkaen 69 \u20ac<\/strong><\/td>\n<\/tr>\n<tr>\n<td class=\"sixty\">L\u00e4\u00e4k\u00e4rin konsultaatiovastauksen k\u00e4\u00e4nn\u00f6s eri kieliin (englanniksi, suomeksi, ven\u00e4j\u00e4ksi)<\/td>\n<td class=\"fourty\"><strong>25 \u20ac<\/strong><\/td>\n<\/tr>\n<\/tbody>\n<\/table>\n<p><strong>*Leikkauksen hintaan lis\u00e4t\u00e4\u00e4n tarvittaessa sivuhaarojen poiston, anestesian ja vuodeosastomaksun hinta.<\/strong><br \/>\n<strong>*Leikkauksen hintaan kuuluvat j\u00e4lkitarkastukset 1-3  kuukauden kuluttua leikkauksesta.<\/strong><br \/>\n<em>HUOM! Kauneusklinikka vipMedicumin asiakasedut eiv\u00e4t ole voimassa Estonian Vein Clinicin hinnastossa.<\/em>[\/et_pb_text][\/et_pb_column][\/et_pb_row][\/et_pb_section]<\/p>\n","protected":false},"excerpt":{"rendered":"<p>Hinnat Kirurgin vastaanotto + ultra\u00e4\u00e4nidiagnostiikka 120 \u20ac Operaation j\u00e4lkeinen tarkistus 85 \u20ac Laskimonsis\u00e4inen laserhoito, 1 jalka 1250 \u20ac * Laskimonsis\u00e4inen laserhoito, 2 jalkaa 1850 \u20ac * Laskimonsis\u00e4inen radiotaajuushoito, 1 jalka 1290 \u20ac * Laskimonsis\u00e4inen radiotaajuushoito, 2 jalkaa 1950 \u20ac * Laskimoiden sulkeminen Venaseal-liimalla, 1 jalka 2490 \u20ac * Laskimoiden sulkeminen Venaseal-liimalla, 2 jalkaa 2990 \u20ac [&hellip;]<\/p>\n","protected":false},"author":3,"featured_media":0,"parent":0,"menu_order":0,"comment_status":"open","ping_status":"open","template":"","meta":{"_et_pb_use_builder":"on","_et_pb_old_content":"<h4 style=\"text-align: center;\"><span style=\"font-size: medium;\">Estonian Vein Clinic \u043f\u0440\u0435\u0434\u043e\u0441\u0442\u0430\u0432\u043b\u044f\u0435\u0442\u0432\u043e\u0437\u043c\u043e\u0436\u043d\u043e\u0441\u0442\u044c \u0431\u0435\u0441\u043f\u0440\u043e\u0446\u0435\u043d\u0442\u043d\u043e\u0439\r\n\u0440\u0430\u0441\u0441\u0440\u043e\u0447\u043a\u0438\u00a0\u043f\u043b\u0430\u0442\u0435\u0436\u0430\u00a0\u0441\u0440\u043e\u043a\u043e\u043c \u0434\u043e 6 \u043c\u0435\u0441\u044f\u0446\u0435\u0432<\/span><\/h4>\r\n<a href=\"https:\/\/evc.ee\/ceny\/rassrochka\/%20\"><img class=\"size-full wp-image-2678 aligncenter\" src=\"https:\/\/evc.ee\/wp-content\/uploads\/2013\/11\/rassrochka-vipmedicum-1.jpg\" alt=\"rassrochka-vipmedicum-1\" width=\"590\" height=\"205\" \/><\/a>\r\n<table style=\"width: 100%;\" border=\"0\" cellspacing=\"0\" cellpadding=\"0\">\r\n<tbody>\r\n<tr>\r\n<td width=\"90%\" height=\"14\">\u041a\u043e\u043d\u0441\u0443\u043b\u044c\u0442\u0430\u0446\u0438\u044f \u0444\u043b\u0435\u0431\u043e\u043b\u043e\u0433\u0430<\/td>\r\n<td style=\"text-align: right;\"><strong><span style=\"color: #000000;\">35<\/span><\/strong><\/td>\r\n<\/tr>\r\n<tr>\r\n<td width=\"90%\" height=\"14\">\u041a\u043e\u043d\u0441\u0443\u043b\u044c\u0442\u0430\u0446\u0438\u044f \u0444\u043b\u0435\u0431\u043e\u043b\u043e\u0433\u0430 + \u0443\u043b\u044c\u0442\u0440\u0430\u0437\u0432\u0443\u043a\u043e\u0432\u0430\u044f \u0434\u0438\u0430\u0433\u043d\u043e\u0441\u0442\u0438\u043a\u0430<\/td>\r\n<td style=\"text-align: right;\"><strong><span style=\"color: #000000;\">69<\/span><\/strong><\/td>\r\n<\/tr>\r\n<tr>\r\n<td height=\"14\"><\/td>\r\n<td style=\"text-align: right;\"><strong><span style=\"color: #000000;\">\u00a0<\/span><\/strong><\/td>\r\n<\/tr>\r\n<tr>\r\n<td height=\"14\">\u042d\u043d\u0434\u043e\u0432\u0435\u043d\u043e\u0437\u043d\u043e\u0435 \u043b\u0430\u0437\u0435\u0440\u043d\u0430\u043e\u0435 \u043b\u0435\u0447\u0435\u043d\u0438\u0435, 1 \u043d\u043e\u0433\u0430<\/td>\r\n<td style=\"text-align: right;\"><strong><span style=\"color: #000000;\">890*<\/span><\/strong><\/td>\r\n<\/tr>\r\n<tr>\r\n<td height=\"14\">\u042d\u043d\u0434\u043e\u0432\u0435\u043d\u043e\u0437\u043d\u043e\u0435 \u043b\u0430\u0437\u0435\u0440\u043d\u0430\u043e\u0435 \u043b\u0435\u0447\u0435\u043d\u0438\u0435, 2 \u043d\u043e\u0433\u0438<\/td>\r\n<td style=\"text-align: right;\"><strong><span style=\"color: #000000;\">1390*<\/span><\/strong><\/td>\r\n<\/tr>\r\n<tr>\r\n<td height=\"14\"><\/td>\r\n<td style=\"text-align: right;\"><strong><span style=\"color: #000000;\">\u00a0<\/span><\/strong><\/td>\r\n<\/tr>\r\n<tr>\r\n<td height=\"14\">\u042d\u043d\u0434\u043e\u0432\u0435\u043d\u043e\u0437\u043d\u0430\u044f \u0440\u0430\u0434\u0438\u043e\u0447\u0430\u0441\u0442\u043e\u0442\u043d\u043e\u0435 \u043b\u0435\u0447\u0435\u043d\u0438\u0435, 1 \u043d\u043e\u0433\u0430<\/td>\r\n<td style=\"text-align: right;\"><strong><span style=\"color: #000000;\">890*<\/span><\/strong><\/td>\r\n<\/tr>\r\n<tr>\r\n<td height=\"14\">\u042d\u043d\u0434\u043e\u0432\u0435\u043d\u043e\u0437\u043d\u0430\u044f \u0440\u0430\u0434\u0438\u043e\u0447\u0430\u0441\u0442\u043e\u0442\u043d\u043e\u0435 \u043b\u0435\u0447\u0435\u043d\u0438\u0435, 2 \u043d\u043e\u0433\u0438<\/td>\r\n<td style=\"text-align: right;\"><strong><span style=\"color: #000000;\">1390*<\/span><\/strong><\/td>\r\n<\/tr>\r\n<tr>\r\n<td height=\"14\"><\/td>\r\n<td style=\"text-align: right;\"><strong><span style=\"color: #000000;\">\u00a0<\/span><\/strong><\/td>\r\n<\/tr>\r\n<tr>\r\n<td height=\"14\">\u0417\u0430\u043a\u0440\u044b\u0442\u0438\u0435 \u0432\u0435\u043d\u044b \u043a\u043b\u0435\u0435\u043c Venaseal, 1 \u043d\u043e\u0433\u0430<\/td>\r\n<td style=\"text-align: right;\"><strong><span style=\"color: #000000;\">2490*<\/span><\/strong><\/td>\r\n<\/tr>\r\n<tr>\r\n<td height=\"14\">\u0417\u0430\u043a\u0440\u044b\u0442\u0438\u0435 \u0432\u0435\u043d\u044b \u043a\u043b\u0435\u0435\u043c Venaseal, 2 \u043d\u043e\u0433\u0438<\/td>\r\n<td style=\"text-align: right;\"><strong><span style=\"color: #000000;\">2990*<\/span><\/strong><\/td>\r\n<\/tr>\r\n<tr>\r\n<td height=\"14\"><\/td>\r\n<td style=\"text-align: right;\"><strong><span style=\"color: #000000;\">\u00a0<\/span><\/strong><\/td>\r\n<\/tr>\r\n<tr>\r\n<td height=\"14\">\u041c\u0438\u043d\u0438\u0444\u043b\u0435\u0431\u044d\u043a\u0442\u043e\u043c\u0438\u044f (\u043d\u0438\u0437\u043a\u0430\u044f \u0441\u0442\u0435\u043f\u0435\u043d\u044c \u0441\u043b\u043e\u0436\u043d\u043e\u0441\u0442\u0438),\u00a01 \u043d\u043e\u0433\u0430<\/td>\r\n<td style=\"text-align: right;\"><strong><span style=\"color: #000000;\">290<\/span><\/strong><\/td>\r\n<\/tr>\r\n<tr>\r\n<td height=\"14\">\u041c\u0438\u043d\u0438\u0444\u043b\u0435\u0431\u044d\u043a\u0442\u043e\u043c\u0438\u044f (\u0441\u0440\u0435\u0434\u043d\u044f\u044f \u0441\u0442\u0435\u043f\u0435\u043d\u044c \u0441\u043b\u043e\u0436\u043d\u043e\u0441\u0442\u0438),\u00a01 \u043d\u043e\u0433\u0430<\/td>\r\n<td style=\"text-align: right;\"><strong><span style=\"color: #000000;\">490<\/span><\/strong><\/td>\r\n<\/tr>\r\n<tr>\r\n<td height=\"14\">\u041c\u0438\u043d\u0438\u0444\u043b\u0435\u0431\u044d\u043a\u0442\u043e\u043c\u0438\u044f (\u0432\u044b\u0441\u043e\u043a\u0430\u044f \u0441\u0442\u0435\u043f\u0435\u043d\u044c \u0441\u043b\u043e\u0436\u043d\u043e\u0441\u0442\u0438),\u00a01 \u043d\u043e\u0433\u0430<\/td>\r\n<td style=\"text-align: right;\"><strong><span style=\"color: #000000;\">790<\/span><\/strong><\/td>\r\n<\/tr>\r\n<tr>\r\n<td height=\"14\"><\/td>\r\n<td style=\"text-align: right;\"><\/td>\r\n<\/tr>\r\n<tr>\r\n<td height=\"14\">\u041b\u0438\u043a\u0432\u0438\u0434\u0430\u0446\u0438\u044f \u0431\u043e\u043a\u043e\u0432\u044b\u0445 \u0432\u0435\u0442\u043e\u043a<\/td>\r\n<td style=\"text-align: right;\"><strong><span style=\"color: #000000;\">120-350<\/span><\/strong><\/td>\r\n<\/tr>\r\n<tr>\r\n<td height=\"14\">\u0422\u0435\u043c\u0435\u043d\u0435\u0441\u0446\u0435\u043d\u0442\u043d\u0430\u044f \u0430\u043d\u0435\u0441\u0442\u0435\u0437\u0438\u044f<\/td>\r\n<td style=\"text-align: right;\"><strong><span style=\"color: #000000;\">70<\/span><\/strong><\/td>\r\n<\/tr>\r\n<tr>\r\n<td height=\"14\">\u0424\u043b\u0435\u0431\u0435\u043a\u0442\u043e\u043c\u0438\u044f, 1 \u043d\u043e\u0433\u0430<\/td>\r\n<td style=\"text-align: right;\"><strong><span style=\"color: #000000;\">390<\/span><\/strong><\/td>\r\n<\/tr>\r\n<tr>\r\n<td height=\"14\">\u0424\u043b\u0435\u0431\u0435\u043a\u0442\u043e\u043c\u0438\u044f,\u00a01 \u043d\u043e\u0433\u0430\u00a0(\u0432\u044b\u0441\u043e\u043a\u0430\u044f \u0441\u0442\u0435\u043f\u0435\u043d\u044c \u0441\u043b\u043e\u0436\u043d\u043e\u0441\u0442\u0438)<\/td>\r\n<td style=\"text-align: right;\"><strong><span style=\"color: #000000;\">890<\/span><\/strong><\/td>\r\n<\/tr>\r\n<tr>\r\n<td height=\"14\">\u0421\u043a\u043b\u0435\u0440\u043e\u0442\u0435\u0440\u0430\u043f\u0438\u044f 1\u00a0\u0430\u043c\u043f\u0443\u043b\u0430<\/td>\r\n<td style=\"text-align: right;\"><strong><span style=\"color: #000000;\">69<\/span><\/strong><\/td>\r\n<\/tr>\r\n<tr>\r\n<td height=\"14\"><\/td>\r\n<td><span style=\"color: #000000;\">\u00a0<\/span><\/td>\r\n<\/tr>\r\n<tr>\r\n<td height=\"14\">*\u0426\u0435\u043d\u0430 \u043e\u043f\u0435\u0440\u0430\u0446\u0438\u0438 \u0431\u0435\u0437 \u0431\u043e\u043a\u043e\u0432\u044b\u0445 \u0432\u0435\u0442\u0432\u0435\u0439, \u0430\u043d\u0435\u0441\u0442\u0435\u0437\u0438\u0438, \u0434\u043d\u0435\u0432\u043d\u043e\u0433\u043e \u0441\u0442\u0430\u0446\u0438\u043e\u043d\u0430\u0440\u0430.<\/td>\r\n<td><span style=\"color: #000000;\">\u00a0<\/span><\/td>\r\n<\/tr>\r\n<tr>\r\n<td height=\"14\">\u00a0\u0412\u0441\u0435 \u0446\u0435\u043d\u044b \u0432 Euro<\/td>\r\n<td><\/td>\r\n<\/tr>\r\n<tr>\r\n<td height=\"14\"><\/td>\r\n<td><\/td>\r\n<\/tr>\r\n<\/tbody>\r\n<\/table>\r\n<em>NB! \u041d\u0430 \u043f\u0440\u043e\u0446\u0435\u0434\u0443\u0440\u044b Estonian Vein Clinic \u043d\u0435 \u0440\u0430\u0441\u043f\u0440\u043e\u0441\u0442\u0440\u0430\u043d\u044f\u0435\u0442\u0441\u044f \u0441\u043a\u0438\u0434\u043a\u0430 \u043f\u043e\u0441\u0442\u043e\u044f\u043d\u043d\u043e\u0433\u043e \u043a\u043b\u0438\u0435\u043d\u0442\u0430 \u043a\u043b\u0438\u043d\u0438\u043a\u0438 \u043a\u0440\u0430\u0441\u043e\u0442\u044b\u00a0vipMedicum<\/em>\r\n\r\n<strong>*\u0412 \u0441\u0442\u043e\u0438\u043c\u043e\u0441\u0442\u044c \u043e\u043f\u0435\u0440\u0430\u0446\u0438\u0438 \u0432\u0445\u043e\u0434\u0438\u0442 \u043a\u043e\u043d\u0442\u0440\u043e\u043b\u044c \u0447\u0435\u0440\u0435\u0437 2 \u043d\u0435\u0434\u0435\u043b\u0438, 1 \u0438 3 \u043c\u0435\u0441\u044f\u0446\u0430 \u043f\u043e\u0441\u043b\u0435 \u043f\u0440\u043e\u0432\u0435\u0434\u0435\u043d\u0438\u044f \u043e\u043f\u0435\u0440\u0430\u0446\u0438\u0438.\r\n<\/strong><strong>*\u041f\u0440\u0438 \u043d\u0435\u043e\u0431\u0445\u043e\u0434\u0438\u043c\u043e\u0441\u0442\u0438, \u043a \u0441\u0442\u043e\u0438\u043c\u043e\u0441\u0442\u0438 \u043e\u043f\u0435\u0440\u0430\u0446\u0438\u0438, \u043c\u043e\u0436\u0435\u0442 \u043f\u0440\u0438\u0431\u0430\u0432\u043b\u044f\u0442\u044c\u0441\u044f \u043b\u0438\u043a\u0432\u0438\u0434\u0430\u0446\u0438\u044f \u0431\u043e\u043a\u043e\u0432\u044b\u0445 \u0432\u0435\u0442\u0432\u0435\u0439 \u0438 \u0430\u043d\u0435\u0441\u0442\u0435\u0437\u0438\u044f.<\/strong>","_et_gb_content_width":"","footnotes":""},"dipi_cpt_category":[],"class_list":["post-2676","page","type-page","status-publish","hentry"],"_links":{"self":[{"href":"https:\/\/evc.ee\/fi\/wp-json\/wp\/v2\/pages\/2676","targetHints":{"allow":["GET"]}}],"collection":[{"href":"https:\/\/evc.ee\/fi\/wp-json\/wp\/v2\/pages"}],"about":[{"href":"https:\/\/evc.ee\/fi\/wp-json\/wp\/v2\/types\/page"}],"author":[{"embeddable":true,"href":"https:\/\/evc.ee\/fi\/wp-json\/wp\/v2\/users\/3"}],"replies":[{"embeddable":true,"href":"https:\/\/evc.ee\/fi\/wp-json\/wp\/v2\/comments?post=2676"}],"version-history":[{"count":5,"href":"https:\/\/evc.ee\/fi\/wp-json\/wp\/v2\/pages\/2676\/revisions"}],"predecessor-version":[{"id":16651,"href":"https:\/\/evc.ee\/fi\/wp-json\/wp\/v2\/pages\/2676\/revisions\/16651"}],"wp:attachment":[{"href":"https:\/\/evc.ee\/fi\/wp-json\/wp\/v2\/media?parent=2676"}],"wp:term":[{"taxonomy":"dipi_cpt_category","embeddable":true,"href":"https:\/\/evc.ee\/fi\/wp-json\/wp\/v2\/dipi_cpt_category?post=2676"}],"curies":[{"name":"wp","href":"https:\/\/api.w.org\/{rel}","templated":true}]}}