{"id":2596,"date":"2017-07-25T10:03:10","date_gmt":"2017-07-25T08:03:10","guid":{"rendered":"https:\/\/evc.ee\/fi\/?page_id=2596"},"modified":"2017-11-14T09:27:46","modified_gmt":"2017-11-14T07:27:46","slug":"hoito","status":"publish","type":"page","link":"https:\/\/evc.ee\/fi\/hoito\/","title":{"rendered":"Suonikohjujen hoito"},"content":{"rendered":"<p>[et_pb_section bb_built=&#8221;1&#8243; fullwidth=&#8221;on&#8221; specialty=&#8221;off&#8221; background_image=&#8221;https:\/\/evc.ee\/wp-content\/uploads\/2016\/10\/doctor.jpg&#8221; transparent_background=&#8221;off&#8221; allow_player_pause=&#8221;off&#8221; inner_shadow=&#8221;off&#8221; parallax=&#8221;off&#8221; parallax_method=&#8221;off&#8221; custom_padding=&#8221;100px||100px|&#8221; padding_mobile=&#8221;on&#8221; make_fullwidth=&#8221;off&#8221; use_custom_width=&#8221;off&#8221; width_unit=&#8221;on&#8221; make_equal=&#8221;off&#8221; use_custom_gutter=&#8221;off&#8221; custom_padding_tablet=&#8221;100px||100px|&#8221;][et_pb_fullwidth_header title=&#8221;Suonikohjujen hoito&#8221; background_layout=&#8221;light&#8221; text_orientation=&#8221;left&#8221; header_fullscreen=&#8221;off&#8221; header_scroll_down=&#8221;off&#8221; button_one_text=&#8221;Lis\u00e4tietoa&#8221; button_two_text=&#8221;Varaa aika&#8221; content_orientation=&#8221;center&#8221; image_orientation=&#8221;center&#8221; custom_button_one=&#8221;on&#8221; button_one_letter_spacing=&#8221;0&#8243; button_one_icon_placement=&#8221;right&#8221; button_one_letter_spacing_hover=&#8221;0&#8243; custom_button_two=&#8221;on&#8221; button_two_letter_spacing=&#8221;0&#8243; button_two_icon_placement=&#8221;right&#8221; button_two_letter_spacing_hover=&#8221;0&#8243; button_one_url=&#8221;#more&#8221; button_two_url=&#8221;#broneeri&#8221; title_font=&#8221;|on|||&#8221; title_font_size=&#8221;34px&#8221; button_one_text_color=&#8221;#97cc06&#8243; button_one_bg_color=&#8221;#ffffff&#8221; button_one_border_color=&#8221;#97cc06&#8243; button_one_icon_color=&#8221;#97cc06&#8243; button_one_text_color_hover=&#8221;#97cc06&#8243; button_one_bg_color_hover=&#8221;#ffffff&#8221; button_one_border_color_hover=&#8221;#97cc06&#8243; button_two_text_color=&#8221;#ffffff&#8221; _builder_version=&#8221;3.0.73&#8243; \/][\/et_pb_section][et_pb_section bb_built=&#8221;1&#8243; admin_label=&#8221;section&#8221;][et_pb_row admin_label=&#8221;row&#8221; background_position=&#8221;top_left&#8221; background_repeat=&#8221;repeat&#8221; background_size=&#8221;initial&#8221;][et_pb_column type=&#8221;4_4&#8243;][et_pb_text background_layout=&#8221;light&#8221; border_style=&#8221;solid&#8221; module_id=&#8221;more&#8221; background_position=&#8221;top_left&#8221; background_repeat=&#8221;repeat&#8221; background_size=&#8221;initial&#8221; _builder_version=&#8221;3.0.79&#8243; module_alignment=&#8221;left&#8221;]<\/p>\n<h2>Perinteinen suonikohjujen leikkaus<\/h2>\n<p>1900-luvun alusta alkaen verisuonikirurgia keskittyi vain viallisten suonien (vena saphena magna tai vena saphena parva) poistamiseen leikkauksella (engl. stripping). Viel\u00e4 t\u00e4n\u00e4p\u00e4iv\u00e4n\u00e4kin joillain klinikoilla suonikohjujen leikkausta k\u00e4ytet\u00e4\u00e4n suonikohjuhoidoissa, kyll\u00e4kin hieman paranneltuna toimenpiteen\u00e4.<br \/>\nSuonikohjuleikkauksessa potilaalle tehd\u00e4\u00e4n joko selk\u00e4ydinpuudutuksessa tai nukutuksessa. Nivuseen tehd\u00e4\u00e4n leikkaus haava ja viallisen pinnallisen laskimon yhteys syviin laskimoihin suljetaan. T\u00e4m\u00e4n j\u00e4lkeen lis\u00e4haavasta nilkan korkeudelta vied\u00e4\u00e4n suoneen instrumentti (fleboekstrator) ja viallinen laskimorunko nyht\u00e4ist\u00e4\u00e4n nivusen haavan kautta pois.<\/p>\n<p>Perinteisess\u00e4 leikkauksessa hermovaurioden, leikkaushaava tulehduksien ja verenvuotojen mahdollisuus on suurempi kuin nykyaikaisilla hoitomenetelmill\u00e4.<\/p>\n<p>Lis\u00e4ksi ongelman uusiutumisen mahdollisuus on 20 \u2013 60 % luokkaa 5 vuoden kuluessa.<br \/>\nSyit\u00e4 uusien suonikohjujen muodostumiselle on arveltu olevan useita \u2013 riitt\u00e4m\u00e4t\u00f6n diagnosointi alussa, riitt\u00e4m\u00e4t\u00f6n alkuhoito, uusien verisuonten muodostuminen.<\/p>\n<p>Lis\u00e4ksi perinteinen leikkaus vaatii sairaalaolosuhteet ja selk\u00e4ydinpuudutuksen tai nukutuksen. Toipumisaika leikkauksesta on pitk\u00e4, mik\u00e4 tarkoittaa potilaille pitk\u00e4\u00e4 sairaslomaa.<\/p>\n<p>Edell\u00e4mainittua hoitomuotoa k\u00e4ytet\u00e4\u00e4n maailmalla v\u00e4henev\u00e4ss\u00e4 m\u00e4\u00e4rin ja esim. Isossa-Britanniassa on kielletty perinteisen leikkaushoidon k\u00e4ytt\u00f6 ensisijaisena hoitomuotona (<a href=\"https:\/\/www.nice.org.uk\/guidance\/cg168\" target=\"_blank\" rel=\"nofollow noopener\">NICE Guidance<\/a>). Meid\u00e4n kantamme EVC klinikalla onkin, ett\u00e4 2000-luvulla yhdenk\u00e4\u00e4n potilaan ei tulisi en\u00e4\u00e4 joutua perinteiseen suonikohjuleikkaukseen.<\/p>\n<p>[\/et_pb_text][et_pb_text background_layout=&#8221;light&#8221; border_style=&#8221;solid&#8221; module_id=&#8221;more&#8221; background_position=&#8221;top_left&#8221; background_repeat=&#8221;repeat&#8221; background_size=&#8221;initial&#8221; _builder_version=&#8221;3.0.79&#8243; module_alignment=&#8221;left&#8221;]<\/p>\n<h3>Nykyaikainen suonikohju leikkaus<\/h3>\n<p>Viimeisten kahden vuosikymmenen ajan maailma on liikkunut mini-invasiivisten suonensis\u00e4isten hoitomuotojen suuntaan. K\u00e4ytt\u00f6\u00f6n on otettu v\u00e4lineit\u00e4, mitk\u00e4 mahdollistaa leikkauksien tekemisen ilman nukutusta tai selk\u00e4ydinpuudutusta eik\u00e4 isoja leikkaushaavojakaan tarvitse en\u00e4\u00e4 tehd\u00e4.<\/p>\n<p>Verisuonikirurgiasta on muodostunut niinsanottu walk-in-walk-out toiminpide, miss\u00e4 potilas on klinikalla vain muutaman tunnin ja l\u00e4htee heti toiminpiteen j\u00e4lkeen normaali rutiineihinsa. Kultaiseksi standardiksi on my\u00f6s tullut jalkojen verisuonten tutkiminen ja kartoittaminen ultra\u00e4\u00e4nitutkimuksella. Ilman ultra\u00e4\u00e4nitutkimusta yhdenk\u00e4\u00e4n potilaan ei tulisi joutua leikkaussaliin.<\/p>\n<p>Riippuen ultra\u00e4\u00e4nitutkimuksen tuloksista on mahdollista valita sopivin hoitomuoto huomioonottaen my\u00f6s potilaan toivomukset.<\/p>\n<p>T\u00e4rkeimm\u00e4t hoitomuodot ovat  <a href=\"https:\/\/evc.ee\/fi\/hoito\/radioablaatiohoito-rfa\/\" target=\"_blank\">raadiotaajuushoito (RFA)<\/a>, <a href=\"https:\/\/evc.ee\/fi\/hoito\/suonikohjujen-laserhoito-evla\/\" target=\"_blank\">laser (EVLA)<\/a> sek\u00e4 <a href=\"https:\/\/evc.ee\/fi\/hoito\/venaseal\/\" target=\"_blank\">liima (VenaSeal)<\/a>. V\u00e4hemm\u00e4n vakavien suonikohjuongelmien hoitona tai t\u00e4ydent\u00e4vin\u00e4 hoitoina voidaan k\u00e4ytt\u00e4\u00e4n my\u00f6s <a href=\"https:\/\/evc.ee\/fi\/hoito\/miniflebektomia\/\" target=\"_blank\">miniflebektoomiaa <\/a>(l.koukutus) tai <a href=\"https:\/\/evc.ee\/fi\/hoito\/vaahtoruiskutus\/\" target=\"_blank\">skleroteraapiaa<\/a>.<\/p>\n<p>[\/et_pb_text][\/et_pb_column][\/et_pb_row][\/et_pb_section][et_pb_section bb_built=&#8221;1&#8243; fullwidth=&#8221;off&#8221; specialty=&#8221;off&#8221;][et_pb_row background_position=&#8221;top_left&#8221; background_repeat=&#8221;repeat&#8221; background_size=&#8221;initial&#8221;][et_pb_column type=&#8221;1_2&#8243;][et_pb_text _builder_version=&#8221;3.0.79&#8243; saved_tabs=&#8221;all&#8221; background_layout=&#8221;light&#8221; border_style=&#8221;solid&#8221; module_id=&#8221;broneeri&#8221; global_module=&#8221;3467&#8243;]<\/p>\n\n<div class=\"wpcf7 no-js\" id=\"wpcf7-f2565-o1\" lang=\"et\" dir=\"ltr\" data-wpcf7-id=\"2565\">\n<div class=\"screen-reader-response\"><p role=\"status\" aria-live=\"polite\" aria-atomic=\"true\"><\/p> <ul><\/ul><\/div>\n<form action=\"\/fi\/wp-json\/wp\/v2\/pages\/2596#wpcf7-f2565-o1\" method=\"post\" class=\"wpcf7-form init wpcf7-acceptance-as-validation\" aria-label=\"Contact form\" novalidate=\"novalidate\" data-status=\"init\">\n<fieldset class=\"hidden-fields-container\"><input type=\"hidden\" name=\"_wpcf7\" value=\"2565\" \/><input type=\"hidden\" name=\"_wpcf7_version\" value=\"6.1.5\" \/><input type=\"hidden\" name=\"_wpcf7_locale\" value=\"et\" \/><input type=\"hidden\" name=\"_wpcf7_unit_tag\" value=\"wpcf7-f2565-o1\" \/><input type=\"hidden\" name=\"_wpcf7_container_post\" value=\"0\" \/><input type=\"hidden\" name=\"_wpcf7_posted_data_hash\" value=\"\" \/><input type=\"hidden\" name=\"_wpcf7_recaptcha_response\" value=\"\" \/>\n<\/fieldset>\n<p><label> Nimi (*pakollinen):<br \/>\n<span class=\"wpcf7-form-control-wrap\" data-name=\"your-name\"><input size=\"40\" maxlength=\"400\" class=\"wpcf7-form-control wpcf7-text wpcf7-validates-as-required\" aria-required=\"true\" aria-invalid=\"false\" value=\"\" type=\"text\" name=\"your-name\" \/><\/span> <\/label>\n<\/p>\n<p><label> S\u00e4hk\u00f6postiosoite *:<br \/>\n<span class=\"wpcf7-form-control-wrap\" data-name=\"your-email\"><input size=\"40\" maxlength=\"400\" class=\"wpcf7-form-control wpcf7-email wpcf7-validates-as-required wpcf7-text wpcf7-validates-as-email\" aria-required=\"true\" aria-invalid=\"false\" value=\"\" type=\"email\" name=\"your-email\" \/><\/span> <\/label>\n<\/p>\n<p><label> Puhelinnumero *:<br \/>\n<span class=\"wpcf7-form-control-wrap\" data-name=\"tel-118\"><input size=\"40\" maxlength=\"400\" class=\"wpcf7-form-control wpcf7-tel wpcf7-validates-as-required wpcf7-text wpcf7-validates-as-tel\" aria-required=\"true\" aria-invalid=\"false\" value=\"\" type=\"tel\" name=\"tel-118\" \/><\/span><\/label>\n<\/p>\n<p><label> Toivottu p\u00e4iv\u00e4 *<br \/>\n<span class=\"wpcf7-form-control-wrap\" data-name=\"text-410\"><input size=\"40\" maxlength=\"400\" class=\"wpcf7-form-control wpcf7-text wpcf7-validates-as-required walcf7-datepicker\" aria-required=\"true\" aria-invalid=\"false\" value=\"\" type=\"text\" name=\"text-410\" \/><\/span><\/label>\n<\/p>\n<p><label> Viesti<br \/>\n<span class=\"wpcf7-form-control-wrap\" data-name=\"your-message\"><textarea cols=\"40\" rows=\"3\" maxlength=\"2000\" class=\"wpcf7-form-control wpcf7-textarea\" aria-invalid=\"false\" name=\"your-message\"><\/textarea><\/span> <\/label>\n<\/p>\n<p style=\"line-height: 1em; padding-bottom: 1em;\"><span class=\"wpcf7-form-control-wrap\" data-name=\"acceptance-12\"><span class=\"wpcf7-form-control wpcf7-acceptance\"><span class=\"wpcf7-list-item\"><label><input type=\"checkbox\" name=\"acceptance-12\" value=\"1\" checked=\"checked\" class=\"littleFont withMarin\" aria-invalid=\"false\" \/><span class=\"wpcf7-list-item-label\">Hyv\u00e4ksyn henkil\u00f6tietojeni k\u00e4sittelyn*<\/span><\/label><\/span><\/span><\/span><br \/>\n(<a class=\"littleFont\" href=\"https:\/\/evc.ee\/fi\/seloste-asiakasrekisterin-kasittelytoimista\/\" target=\"_blank\">Lue lis\u00e4\u00e4 henkil\u00f6tietojen k\u00e4yt\u00f6st\u00e4<\/a>)\n<\/p>\n<p><input class=\"wpcf7-form-control wpcf7-submit has-spinner\" type=\"submit\" value=\"L\u00c4HET\u00c4\" \/>\n<\/p><p style=\"display: none !important;\" class=\"akismet-fields-container\" data-prefix=\"_wpcf7_ak_\"><label>&#916;<textarea name=\"_wpcf7_ak_hp_textarea\" cols=\"45\" rows=\"8\" maxlength=\"100\"><\/textarea><\/label><input type=\"hidden\" id=\"ak_js_1\" name=\"_wpcf7_ak_js\" value=\"140\"\/><script>document.getElementById( \"ak_js_1\" ).setAttribute( \"value\", ( new Date() ).getTime() );<\/script><\/p><input type='hidden' class='wpcf7-pum' value='{\"closepopup\":false,\"closedelay\":0,\"openpopup\":false,\"openpopup_id\":0}' \/><div class=\"wpcf7-response-output\" aria-hidden=\"true\"><\/div>\n<\/form>\n<\/div>\n\n<p>[\/et_pb_text][\/et_pb_column][et_pb_column type=&#8221;1_2&#8243;][et_pb_text _builder_version=&#8221;3.0.79&#8243; background_layout=&#8221;light&#8221; text_orientation=&#8221;left&#8221; border_style=&#8221;solid&#8221; saved_tabs=&#8221;all&#8221; use_background_color_gradient=&#8221;off&#8221; background_color_gradient_start=&#8221;#2b87da&#8221; background_color_gradient_end=&#8221;#29c4a9&#8243; background_color_gradient_type=&#8221;linear&#8221; background_color_gradient_direction=&#8221;180deg&#8221; background_color_gradient_direction_radial=&#8221;center&#8221; background_color_gradient_start_position=&#8221;0%&#8221; background_color_gradient_end_position=&#8221;100%&#8221; parallax=&#8221;off&#8221; parallax_method=&#8221;on&#8221; background_size=&#8221;cover&#8221; background_position=&#8221;center&#8221; background_repeat=&#8221;no-repeat&#8221; background_blend=&#8221;normal&#8221; allow_player_pause=&#8221;off&#8221; text_font=&#8221;||||&#8221; text_font_size=&#8221;14&#8243; text_font_size_tablet=&#8221;14&#8243; text_font_size_phone=&#8221;14&#8243; text_letter_spacing=&#8221;0px&#8221; text_letter_spacing_tablet=&#8221;0px&#8221; text_letter_spacing_phone=&#8221;0px&#8221; text_line_height=&#8221;1.7em&#8221; text_line_height_tablet=&#8221;1.7em&#8221; text_line_height_phone=&#8221;1.7em&#8221; header_font=&#8221;||||&#8221; header_font_size=&#8221;30px&#8221; header_font_size_tablet=&#8221;30px&#8221; header_font_size_phone=&#8221;30px&#8221; header_letter_spacing=&#8221;0px&#8221; header_letter_spacing_tablet=&#8221;0px&#8221; header_letter_spacing_phone=&#8221;0px&#8221; header_line_height=&#8221;1em&#8221; header_line_height_tablet=&#8221;1em&#8221; header_line_height_phone=&#8221;1em&#8221; use_border_color=&#8221;off&#8221; border_color=&#8221;#ffffff&#8221; border_width=&#8221;1px&#8221; animation_style=&#8221;none&#8221; animation_repeat=&#8221;once&#8221; animation_direction=&#8221;center&#8221; animation_duration=&#8221;1000ms&#8221; animation_delay=&#8221;0ms&#8221; animation_intensity_slide=&#8221;50%&#8221; animation_intensity_zoom=&#8221;50%&#8221; animation_intensity_flip=&#8221;50%&#8221; animation_intensity_fold=&#8221;50%&#8221; animation_intensity_roll=&#8221;50%&#8221; animation_starting_opacity=&#8221;0%&#8221; animation_speed_curve=&#8221;ease-in-out&#8221; max_width=&#8221;100%&#8221; max_width_tablet=&#8221;50px&#8221; max_width_phone=&#8221;50px&#8221; global_module=&#8221;3407&#8243; module_alignment=&#8221;left&#8221;]<\/p>\n<p style=\"text-align: center;\"><img loading=\"lazy\" decoding=\"async\" class=\"alignnone size-full wp-image-1506 round\" src=\"https:\/\/evc.ee\/wp-content\/uploads\/2016\/12\/greete-1.png\" alt=\"Administraator\" width=\"190\" height=\"190\"><\/p>\n<p style=\"text-align: center;\"><strong>Vastaanottovirkailija<\/strong><br \/>Greete Tomson<\/p>\n<p>T\u00e4ytetty\u00e4nne lomakkeen Teihin otetaan yhteytt\u00e4 24 h kuluessa ja sovitaan vastaanottoaika.<\/p>\n<p>Lis\u00e4kysymyksiin vastaamme numerosta <strong>619 0020<\/strong>.<\/p>\n<p>[\/et_pb_text][\/et_pb_column][\/et_pb_row][\/et_pb_section]<\/p>\n","protected":false},"excerpt":{"rendered":"<p>Perinteinen suonikohjujen leikkaus 1900-luvun alusta alkaen verisuonikirurgia keskittyi vain viallisten suonien (vena saphena magna tai vena saphena parva) poistamiseen leikkauksella (engl. stripping). Viel\u00e4 t\u00e4n\u00e4p\u00e4iv\u00e4n\u00e4kin joillain klinikoilla suonikohjujen leikkausta k\u00e4ytet\u00e4\u00e4n suonikohjuhoidoissa, kyll\u00e4kin hieman paranneltuna toimenpiteen\u00e4. Suonikohjuleikkauksessa potilaalle tehd\u00e4\u00e4n joko selk\u00e4ydinpuudutuksessa tai nukutuksessa. Nivuseen tehd\u00e4\u00e4n leikkaus haava ja viallisen pinnallisen laskimon yhteys syviin laskimoihin suljetaan. T\u00e4m\u00e4n j\u00e4lkeen [&hellip;]<\/p>\n","protected":false},"author":3,"featured_media":0,"parent":0,"menu_order":0,"comment_status":"open","ping_status":"closed","template":"","meta":{"_et_pb_use_builder":"on","_et_pb_old_content":"<a href=\"https:\/\/evc.ee\/wp-content\/uploads\/2013\/08\/\u0444\u043e\u0442\u043e\u0433\u0440\u0430\u0444\u0438\u044f-4.jpg\"><img class=\"alignnone wp-image-255\" src=\"https:\/\/evc.ee\/wp-content\/uploads\/2013\/08\/\u0444\u043e\u0442\u043e\u0433\u0440\u0430\u0444\u0438\u044f-4.jpg\" alt=\"\u0444\u043e\u0442\u043e\u0433\u0440\u0430\u0444\u0438\u044f (4)\" width=\"540\" height=\"252\" \/><\/a>\r\n\r\n\u041a\u0430\u0436\u0434\u044b\u0439 \u0433\u043e\u0434 \u043a \u0443\u0436\u0435 \u0441\u0443\u0449\u0435\u0441\u0442\u0432\u0443\u044e\u0449\u0438\u043c, \u0438\u0437\u0432\u0435\u0441\u0442\u043d\u044b\u043c \u0432\u043e \u0432\u0441\u0435\u043c \u043c\u0438\u0440\u0435, \u0440\u0430\u0446\u0438\u043e\u043d\u0430\u043b\u044c\u043d\u044b\u043c \u043c\u0435\u0442\u043e\u0434\u0430\u043c \u043b\u0435\u0447\u0435\u043d\u0438\u044f \u0432\u0435\u043d \u0434\u043e\u0431\u0430\u0432\u043b\u044f\u044e\u0442\u0441\u044f \u043d\u043e\u0432\u044b\u0435 - \u043a\u0430\u043a \u0434\u043b\u044f \u043b\u0435\u0447\u0435\u0431\u043d\u044b\u0445 \u0446\u0435\u043b\u0435\u0439, \u0442\u0430\u043a \u0438 \u0434\u043b\u044f \u043a\u043e\u0441\u043c\u0435\u0442\u0438\u0447\u0435\u0441\u043a\u0438\u0445. \u0422\u043e, \u043a\u0430\u043a\u043e\u0439 \u0438\u0437 \u043c\u0435\u0442\u043e\u0434\u043e\u0432 \u044f\u0432\u043b\u044f\u0435\u0442\u0441\u044f \u0431\u043e\u043b\u0435\u0435 \u043f\u043e\u0434\u0445\u043e\u0434\u044f\u0449\u0438\u043c \u0438 \u0449\u0430\u0434\u044f\u0449\u0438\u043c \u0432 \u043a\u043e\u043d\u043a\u0440\u0435\u0442\u043d\u043e\u043c \u0441\u043b\u0443\u0447\u0430\u0435, \u0440\u0435\u0448\u0430\u044e\u0442 \u0441\u043f\u0435\u0446\u0438\u0430\u043b\u0438\u0441\u0442 \u0432\u043c\u0435\u0441\u0442\u0435 \u0441 \u043f\u0430\u0446\u0438\u0435\u043d\u0442\u043e\u043c, \u0443\u0447\u0438\u0442\u044b\u0432\u0430\u044f \u0444\u043e\u0440\u043c\u0443 \u0437\u0430\u0431\u043e\u043b\u0435\u0432\u0430\u043d\u0438\u044f \u0438 \u0444\u0438\u043d\u0430\u043d\u0441\u043e\u0432\u044b\u0435 \u0432\u043e\u0437\u043c\u043e\u0436\u043d\u043e\u0441\u0442\u0438.\r\n\r\n\u0425\u043e\u0440\u043e\u0448\u0438\u0445 \u0440\u0435\u0437\u0443\u043b\u044c\u0442\u0430\u0442\u043e\u0432 \u043b\u0435\u0447\u0435\u043d\u0438\u044f \u043c\u043e\u0436\u043d\u043e \u0434\u043e\u0441\u0442\u0438\u0447\u044c \u0442\u043e\u043b\u044c\u043a\u043e \u043f\u0440\u0438 \u043a\u043e\u043c\u043f\u043b\u0435\u043a\u0441\u043d\u043e\u043c \u0440\u0435\u0448\u0435\u043d\u0438\u0438 \u043f\u0440\u043e\u0431\u043b\u0435\u043c\u044b, \u043d\u0430\u0447\u0438\u043d\u0430\u044f \u0441 \u0442\u043e\u0447\u043d\u043e\u0439 \u0434\u0438\u0430\u0433\u043d\u043e\u0441\u0442\u0438\u043a\u0438 \u0438 \u0437\u0430\u043a\u0430\u043d\u0447\u0438\u0432\u0430\u044f \u0430\u043a\u0442\u0438\u0432\u043d\u043e\u0439 \u0440\u0435\u0430\u0431\u0438\u043b\u0438\u0442\u0430\u0446\u0438\u0435\u0439.\r\n\r\n\u041c\u044b \u043f\u0440\u0435\u0434\u043b\u0430\u0433\u0430\u0435\u043c \u0432\u0441\u0435 \u0440\u0430\u0446\u0438\u043e\u043d\u0430\u043b\u044c\u043d\u044b\u0435 \u043c\u0435\u0442\u043e\u0434\u044b \u043b\u0435\u0447\u0435\u043d\u0438\u044f \u0438 \u0438\u0445 \u043a\u043e\u043c\u0431\u0438\u043d\u0430\u0446\u0438\u0438 \u0432 \u043b\u0435\u0447\u0435\u043d\u0438\u0438 \u0432\u0435\u043d:\r\n<ul>\r\n\t<li>\u041c\u0435\u0434\u0438\u043a\u0430\u043c\u0435\u043d\u0442\u043e\u0437\u043d\u0430\u044f \u0442\u0435\u0440\u0430\u043f\u0438\u044f.<\/li>\r\n\t<li>\u041a\u043e\u043c\u043f\u0440\u0435\u0441\u0441\u0438\u043e\u043d\u043d\u0430\u044f \u0442\u0435\u0440\u0430\u043f\u0438\u044f. \u0415\u0434\u0438\u043d\u0441\u0442\u0432\u0435\u043d\u043d\u043e\u0435 \u0432 \u042d\u0441\u0442\u043e\u043d\u0438\u0438 \u0438\u0437\u043c\u0435\u0440\u0435\u043d\u0438\u0435 \u0430\u043f\u043f\u0430\u0440\u0430\u0442\u0443\u0440\u043e\u0439 IMAGE 3D \u0434\u043b\u044f \u043e\u043f\u0440\u0435\u0434\u0435\u043b\u0435\u043d\u0438\u044f \u0442\u043e\u0447\u043d\u043e\u0433\u043e \u0440\u0430\u0437\u043c\u0435\u0440\u0430 \u043a\u043e\u043c\u043f\u0440\u0435\u0441\u0441\u0438\u043e\u043d\u043d\u044b\u0445 \u0447\u0443\u043b\u043e\u043a! \u041a\u043e\u043c\u043f\u0440\u0435\u0441\u0441\u0438\u043e\u043d\u043d\u0430\u044f \u0442\u0435\u0440\u0430\u043f\u0438\u044f\u00a0\u043e\u0442 \u0444\u0438\u0440\u043c\u044b\u00a0<a href=\"http:\/\/www.tursekeskus.ee\">Bauerfeind<\/a>.<\/li>\r\n\t<li><a href=\"https:\/\/evc.ee\/lechenie\/skleroterapija\/\"><strong>\u0421\u043a\u043b\u0435\u0440\u043e\u0442\u0435\u0440\u0430\u043f\u0438\u044f<\/strong><\/a> (\u043f\u0435\u043d\u043d\u0430\u044f \u0442\u0435\u0445\u043d\u0438\u043a\u0430 \u0438 \u043f\u043e\u0434 \u043a\u043e\u043d\u0442\u0440\u043e\u043b\u0435\u043c \u0443\u043b\u044c\u0442\u0440\u0430\u0441\u043e\u043d\u043e\u0433\u0440\u0430\u0444\u0438\u0438), \u0434\u043b\u044f \u043e\u0431\u0435\u0441\u043f\u0435\u0447\u0435\u043d\u0438\u044f \u0442\u043e\u0447\u043d\u043e\u0441\u0442\u0438 (\u0432 \u0441\u043b\u0443\u0447\u0430\u0435 \u043c\u0430\u043b\u044b\u0445 \u043a\u0440\u043e\u0432\u0435\u043d\u043e\u0441\u043d\u044b\u0445 \u0441\u043e\u0441\u0443\u0434\u043e\u0432) \u0434\u043e\u043f\u043e\u043b\u043d\u0438\u0442\u0435\u043b\u044c\u043d\u043e \u0438\u0441\u043f\u043e\u043b\u044c\u0437\u0443\u044e\u0442 \u0443\u0441\u0442\u0440\u043e\u0439\u0441\u0442\u0432\u043e \u0433\u0430\u043b\u043e\u0433\u0435\u043d\u043e\u0432\u043e\u0433\u043e \u0441\u0432\u0435\u0442\u0430 Veinlite\u00ae Transilluminator,<\/li>\r\n\t<li>\u041e\u043f\u0435\u0440\u0430\u0446\u0438\u044f \u0432\u0435\u043d \u043f\u043e \u043c\u0435\u0442\u043e\u0434\u0443 \u0412\u0430\u0440\u0430\u0434\u0438 (\u043c\u0438\u043d\u0438\u0444\u043b\u0435\u0431\u044d\u043a\u0442\u043e\u043c\u0438\u044f) \u0441 \u043c\u0438\u043d\u0438\u043c\u0430\u043b\u044c\u043d\u044b\u043c\u0438, 1-3 \u043c\u043c \u0440\u0430\u0437\u0440\u0435\u0437\u0430\u043c\u0438 \u043a\u043e\u0436\u0438,<\/li>\r\n\t<li><a href=\"https:\/\/evc.ee\/lechenie\/lasernye-operacii-ven-evlt\/\"><strong>\u042d\u043d\u0434\u043e\u0432\u0435\u043d\u043e\u0437\u043d\u0430\u044f \u043b\u0430\u0437\u0435\u0440\u043d\u0430\u044f \u0445\u0438\u0440\u0443\u0440\u0433\u0438\u044f (\u043b\u0430\u0437\u0435\u0440\u043d\u0430\u044f \u043a\u043e\u0430\u0433\u0443\u043b\u044f\u0446\u0438\u044f) - EVLT<\/strong><\/a> ( Eufoton \u043b\u0430\u0437\u0435\u0440 \u201cLasemar 1500\u201d 1470 \u043d\u043c \u0434\u0438\u043e\u0434\u043d\u044b\u0439 \u043b\u0430\u0437\u0435\u0440),<\/li>\r\n\t<li><strong><a href=\"https:\/\/evc.ee\/lechenie\/radiochastotnye-operacii-ven\/\">\u042d\u043d\u0434\u043e\u0432\u0435\u043d\u043e\u0437\u043d\u0430\u044f \u0445\u0438\u0440\u0443\u0440\u0433\u0438\u044f \u0440\u0430\u0434\u0438\u043e\u0447\u0430\u0441\u0442\u043e\u0442 (\u043e\u0431\u043b\u0438\u0442\u0435\u0440\u0430\u0446\u0438\u044f) - RFO<\/a><\/strong> (\u0440\u0430\u0434\u0438\u043e\u0447\u0430\u0441\u0442\u043e\u0442\u043d\u043e\u0435 \u0443\u0441\u0442\u0440\u043e\u0439\u0441\u0442\u0432\u043e VNUS Medical Technologies 6301 Premier).<\/li>\r\n\t<li><a href=\"https:\/\/evc.ee\/lechenie\/zakrytie_ven_biologicheskim_klejem\/\"><strong>\u0417\u0430\u043a\u0440\u044b\u0442\u0438\u0435 \u0432\u0435\u043d \u043a\u043b\u0435\u0435\u043c Venaseal<\/strong><\/a>\u00a0- \u044d\u0442\u043e \u043d\u0435 \u043c\u0435\u0442\u043e\u0434 \u0442\u0435\u0440\u043c\u0438\u0447\u0435\u0441\u043a\u043e\u0439 \u0438\u043b\u0438 \u0445\u0438\u043c\u0438\u0447\u0435\u0441\u043a\u043e\u0439 \u0430\u0431\u043b\u044f\u0446\u0438\u0438. \u0412\u0435\u043d\u0430 \u0438\u0437\u043d\u0443\u0442\u0440\u0438 \u0437\u0430\u043a\u043b\u0435\u0438\u0432\u0430\u0435\u0442\u0441\u044f \u0441\u043f\u0435\u0446\u0438\u0430\u043b\u044c\u043d\u044b\u043c \u043a\u043b\u0435\u0435\u043c.<\/li>\r\n<\/ul>\r\n\u00a0\r\n<table border=\"0\" cellspacing=\"0\" cellpadding=\"5\">\r\n<tbody>\r\n<tr>\r\n<td style=\"border: none;\" align=\"center\" valign=\"middle\"><a href=\"https:\/\/evc.ee\/lechenie\/zakrytie_ven_biologicheskim_klejem\/\"><img class=\"size-full wp-image-50 \" title=\"\u0417\u0430\u043a\u0440\u044b\u0442\u0438\u0435 \u0432\u0435\u043d \u0431\u0438\u043e\u043b\u043e\u0433\u0438\u0447\u0435\u0441\u043a\u0438\u043c \u043a\u043b\u0435\u0435\u043c \" src=\"https:\/\/evc.ee\/wp-content\/uploads\/2013\/08\/evc_venaseal.jpg\" alt=\"\u0417\u0430\u043a\u0440\u044b\u0442\u0438\u0435 \u0432\u0435\u043d \u0431\u0438\u043e\u043b\u043e\u0433\u0438\u0447\u0435\u0441\u043a\u0438\u043c \u043a\u043b\u0435\u0435\u043c \" width=\"200\" height=\"200\" \/><\/a>\r\n\u0417\u0430\u043a\u0440\u044b\u0442\u0438\u0435 \u0432\u0435\u043d \u043a\u043b\u0435\u0435\u043c Venaseal<\/td>\r\n<td style=\"border: none;\" align=\"center\" valign=\"middle\"><a href=\"https:\/\/evc.ee\/lechenie\/lasernye-operacii-ven-evlt\/\"><img class=\"size-full wp-image-47 \" src=\"https:\/\/evc.ee\/wp-content\/uploads\/2013\/08\/evc_biolitec.jpg\" alt=\"\u042d\u043d\u0434\u043e\u0432\u0435\u043d\u043e\u0437\u043d\u0430\u044f \u043b\u0430\u0437\u0435\u0440\u043d\u0430\u044f \u043a\u043e\u0430\u0433\u0443\u043b\u044f\u0446\u0438\u044f\" width=\"200\" height=\"133\" \/><\/a>\r\n\u042d\u043d\u0434\u043e\u0432\u0435\u043d\u043e\u0437\u043d\u0430\u044f \u043b\u0430\u0437\u0435\u0440\u043d\u0430\u044f \u043a\u043e\u0430\u0433\u0443\u043b\u044f\u0446\u0438\u044f<\/td>\r\n<\/tr>\r\n<tr>\r\n<td style=\"border: none;\" align=\"center\" valign=\"middle\"><a href=\"https:\/\/evc.ee\/lechenie\/radiochastotnye-operacii-ven\"><img class=\"size-full wp-image-48 \" src=\"https:\/\/evc.ee\/wp-content\/uploads\/2013\/08\/evc_rfo.jpg\" alt=\"\u042d\u043d\u0434\u043e\u0432\u0435\u043d\u043e\u0437\u043d\u0430\u044f \u0440\u0430\u0434\u0438\u043e\u0447\u0430\u0441\u0442\u043e\u0442\u043d\u0430\u044f \u043e\u0431\u043b\u0438\u0442\u0435\u0440\u0430\u0446\u0438\u044f\" width=\"200\" height=\"118\" \/><\/a>\r\n\u042d\u043d\u0434\u043e\u0432\u0435\u043d\u043e\u0437\u043d\u0430\u044f \u0440\u0430\u0434\u0438\u043e\u0447\u0430\u0441\u0442\u043e\u0442\u043d\u0430\u044f \u043e\u0431\u043b\u0438\u0442\u0435\u0440\u0430\u0446\u0438\u044f<\/td>\r\n<td style=\"border: none;\" align=\"center\" valign=\"middle\"><\/td>\r\n<\/tr>\r\n<\/tbody>\r\n<\/table>\r\n\u00a0\r\n<p style=\"text-align: center;\"><a href=\"https:\/\/evc.ee\/zapis-online\/\"><img class=\"size-full wp-image-322 aligncenter\" src=\"https:\/\/evc.ee\/wp-content\/uploads\/2013\/08\/Estonskaja-Klinika-Ven-diagnostika-lechenije-ven-1.png\" alt=\"Estonskaja-Klinika-Ven-diagnostika-lechenije-ven-1\" width=\"220\" height=\"51\" \/><\/a><strong>\u0438\u043b\u0438 \u043f\u043e \u0442\u0435\u043b\u0435\u0444\u043e\u043d\u0443 (+372) 619 0020<\/strong><\/p>","_et_gb_content_width":"","footnotes":""},"dipi_cpt_category":[],"class_list":["post-2596","page","type-page","status-publish","hentry"],"_links":{"self":[{"href":"https:\/\/evc.ee\/fi\/wp-json\/wp\/v2\/pages\/2596","targetHints":{"allow":["GET"]}}],"collection":[{"href":"https:\/\/evc.ee\/fi\/wp-json\/wp\/v2\/pages"}],"about":[{"href":"https:\/\/evc.ee\/fi\/wp-json\/wp\/v2\/types\/page"}],"author":[{"embeddable":true,"href":"https:\/\/evc.ee\/fi\/wp-json\/wp\/v2\/users\/3"}],"replies":[{"embeddable":true,"href":"https:\/\/evc.ee\/fi\/wp-json\/wp\/v2\/comments?post=2596"}],"version-history":[{"count":6,"href":"https:\/\/evc.ee\/fi\/wp-json\/wp\/v2\/pages\/2596\/revisions"}],"predecessor-version":[{"id":3685,"href":"https:\/\/evc.ee\/fi\/wp-json\/wp\/v2\/pages\/2596\/revisions\/3685"}],"wp:attachment":[{"href":"https:\/\/evc.ee\/fi\/wp-json\/wp\/v2\/media?parent=2596"}],"wp:term":[{"taxonomy":"dipi_cpt_category","embeddable":true,"href":"https:\/\/evc.ee\/fi\/wp-json\/wp\/v2\/dipi_cpt_category?post=2596"}],"curies":[{"name":"wp","href":"https:\/\/api.w.org\/{rel}","templated":true}]}}