{"id":2571,"date":"2017-07-25T09:03:01","date_gmt":"2017-07-25T07:03:01","guid":{"rendered":"https:\/\/evc.ee\/fi\/?page_id=2571"},"modified":"2026-03-18T16:40:36","modified_gmt":"2026-03-18T13:40:36","slug":"yhteystiedot","status":"publish","type":"page","link":"https:\/\/evc.ee\/fi\/yhteystiedot\/","title":{"rendered":"Yhteystiedot"},"content":{"rendered":"<p>[et_pb_section fb_built=&#8221;1&#8243; admin_label=&#8221;section&#8221; _builder_version=&#8221;4.16&#8243; global_colors_info=&#8221;{}&#8221;][et_pb_row _builder_version=&#8221;4.16&#8243; background_size=&#8221;initial&#8221; background_position=&#8221;top_left&#8221; background_repeat=&#8221;repeat&#8221; global_colors_info=&#8221;{}&#8221;][et_pb_column type=&#8221;4_4&#8243; _builder_version=&#8221;4.16&#8243; custom_padding=&#8221;|||&#8221; global_colors_info=&#8221;{}&#8221; custom_padding__hover=&#8221;|||&#8221;][et_pb_text _builder_version=&#8221;4.16&#8243; background_size=&#8221;initial&#8221; background_position=&#8221;top_left&#8221; background_repeat=&#8221;repeat&#8221; module_alignment=&#8221;left&#8221; use_border_color=&#8221;off&#8221; border_color=&#8221;#ffffff&#8221; border_style=&#8221;solid&#8221; global_colors_info=&#8221;{}&#8221;]<\/p>\n<h1>Yhteystiedot<\/h1>\n<p>[\/et_pb_text][\/et_pb_column][\/et_pb_row][et_pb_row column_structure=&#8221;1_3,1_3,1_3&#8243; _builder_version=&#8221;4.16&#8243; background_size=&#8221;initial&#8221; background_position=&#8221;top_left&#8221; background_repeat=&#8221;repeat&#8221; global_colors_info=&#8221;{}&#8221;][et_pb_column type=&#8221;1_3&#8243; _builder_version=&#8221;4.16&#8243; custom_padding=&#8221;|||&#8221; global_colors_info=&#8221;{}&#8221; custom_padding__hover=&#8221;|||&#8221;][et_pb_text _builder_version=&#8221;4.17.1&#8243; background_size=&#8221;initial&#8221; background_position=&#8221;top_left&#8221; background_repeat=&#8221;repeat&#8221; module_alignment=&#8221;left&#8221; border_style=&#8221;solid&#8221; global_colors_info=&#8221;{}&#8221;]<\/p>\n<h2>Yhteystiedot<\/h2>\n<p>Estonian Clinic O\u00dc<br \/> Toimintalupa nr L05618, L05619<\/p>\n<p><strong>Puhelin<\/strong>: (+358) 40 554 9903<br \/> <strong>S\u00e4hk\u00f6posti<\/strong>: klinikka[@]evc.ee<\/p>\n<p><strong>Olemme avoinna<\/strong>:<br \/> Ma &#8211; Pe 09.00-19.00<br \/>Lauantai &#8211; ajanvarauksella<\/p>\n<p><strong>Mainostus ja yhteisty\u00f6<\/strong>:<br \/> Puhelin:(+ 372) 619 0022<br \/> S\u00e4hk\u00f6posti: info [a] evc.ee<\/p>\n<p>[\/et_pb_text][et_pb_social_media_follow _builder_version=&#8221;4.27.6&#8243; _module_preset=&#8221;default&#8221; global_colors_info=&#8221;{}&#8221;][et_pb_social_media_follow_network social_network=&#8221;facebook&#8221; url=&#8221;https:\/\/www.facebook.com\/EstonianVeinClinic&#8221; _builder_version=&#8221;4.19.5&#8243; _module_preset=&#8221;default&#8221; background_color=&#8221;#3b5998&#8243; global_colors_info=&#8221;{}&#8221; follow_button=&#8221;off&#8221; url_new_window=&#8221;on&#8221;]facebook[\/et_pb_social_media_follow_network][et_pb_social_media_follow_network social_network=&#8221;instagram&#8221; url=&#8221;https:\/\/www.instagram.com\/estonianveinclinic\/&#8221; _builder_version=&#8221;4.19.5&#8243; _module_preset=&#8221;default&#8221; background_color=&#8221;#ea2c59&#8243; global_colors_info=&#8221;{}&#8221; follow_button=&#8221;off&#8221; url_new_window=&#8221;on&#8221;]instagram[\/et_pb_social_media_follow_network][et_pb_social_media_follow_network social_network=&#8221;youtube&#8221; url=&#8221;https:\/\/www.youtube.com\/@estonianveinclinic-evc7893&#8243; _builder_version=&#8221;4.27.6&#8243; _module_preset=&#8221;default&#8221; background_color=&#8221;#a82400&#8243; global_colors_info=&#8221;{}&#8221; follow_button=&#8221;off&#8221; url_new_window=&#8221;on&#8221;]youtube[\/et_pb_social_media_follow_network][\/et_pb_social_media_follow][\/et_pb_column][et_pb_column type=&#8221;1_3&#8243; _builder_version=&#8221;4.16&#8243; custom_padding=&#8221;|||&#8221; global_colors_info=&#8221;{}&#8221; custom_padding__hover=&#8221;|||&#8221;][et_pb_text disabled_on=&#8221;off|off|off&#8221; _builder_version=&#8221;4.27.6&#8243; background_size=&#8221;initial&#8221; background_position=&#8221;top_left&#8221; background_repeat=&#8221;repeat&#8221; module_alignment=&#8221;left&#8221; hover_enabled=&#8221;0&#8243; use_border_color=&#8221;off&#8221; border_color=&#8221;#ffffff&#8221; border_style=&#8221;solid&#8221; global_colors_info=&#8221;{}&#8221; sticky_enabled=&#8221;0&#8243;]<\/p>\n<h2>Miten meid\u00e4t l\u00f6yt\u00e4\u00e4<\/h2>\n<p><strong>Sijaitsemme osoitteessa<\/strong><br \/>Vesiv\u00e4rava 50, Tallinn 10126<br \/>Kadrioru Plaza<\/p>\n<p><strong>HUOM!<\/strong> Torupilli Selverin pys\u00e4k\u00f6inti on ilmaista 2 tuntia (pys\u00e4k\u00f6intikellon kanssa). L\u00e4hell\u00e4 on my\u00f6s maksullinen Pargi ja Reisi -pys\u00e4k\u00f6intialue.<\/p>\n<p>Bussipys\u00e4kit Vesiv\u00e4rava tai Laulupeo<\/p>\n<p>Bussit: 31, 42, 55.<\/p>\n<h3>Tartu<\/h3>\n<p>Vastaanotto tapahtuu Biokliinik<br \/>osoitteessa Raatuse 86, Tartu<\/p>\n<h3>P\u00e4rnu<\/h3>\n<p>Vastaanotto tapahtuu Tervis ravispaahotellissa<br \/>osoitteessa Seedri katu 6, P\u00e4rnu<\/p>\n<h3>Narva<\/h3>\n<p>Vastaanotto tapahtuu Promelauks O\u00dc<br \/>osoitteessa Haigla 6, Narva<\/p>\n<p>[\/et_pb_text][\/et_pb_column][et_pb_column type=&#8221;1_3&#8243; _builder_version=&#8221;4.16&#8243; custom_padding=&#8221;|||&#8221; global_colors_info=&#8221;{}&#8221; custom_padding__hover=&#8221;|||&#8221;][et_pb_text _builder_version=&#8221;4.16&#8243; background_size=&#8221;initial&#8221; background_position=&#8221;top_left&#8221; background_repeat=&#8221;repeat&#8221; module_alignment=&#8221;left&#8221; use_border_color=&#8221;off&#8221; border_color=&#8221;#ffffff&#8221; border_style=&#8221;solid&#8221; global_colors_info=&#8221;{}&#8221;]<\/p>\n<h2>Kirjoita meille<\/h2>\n<p>\n<div class=\"wpcf7 no-js\" id=\"wpcf7-f2572-o1\" lang=\"et\" dir=\"ltr\" data-wpcf7-id=\"2572\">\n<div class=\"screen-reader-response\"><p role=\"status\" aria-live=\"polite\" aria-atomic=\"true\"><\/p> <ul><\/ul><\/div>\n<form action=\"\/fi\/wp-json\/wp\/v2\/pages\/2571#wpcf7-f2572-o1\" method=\"post\" class=\"wpcf7-form init wpcf7-acceptance-as-validation\" aria-label=\"Contact form\" novalidate=\"novalidate\" data-status=\"init\">\n<fieldset class=\"hidden-fields-container\"><input type=\"hidden\" name=\"_wpcf7\" value=\"2572\" \/><input type=\"hidden\" name=\"_wpcf7_version\" value=\"6.1.5\" \/><input type=\"hidden\" name=\"_wpcf7_locale\" value=\"et\" \/><input type=\"hidden\" name=\"_wpcf7_unit_tag\" value=\"wpcf7-f2572-o1\" \/><input type=\"hidden\" name=\"_wpcf7_container_post\" value=\"0\" \/><input type=\"hidden\" name=\"_wpcf7_posted_data_hash\" value=\"\" \/><input type=\"hidden\" name=\"_wpcf7_recaptcha_response\" value=\"\" \/>\n<\/fieldset>\n<p><label> Nimi (*pakollinen):<br \/>\n<span class=\"wpcf7-form-control-wrap\" data-name=\"your-name\"><input size=\"40\" maxlength=\"400\" class=\"wpcf7-form-control wpcf7-text wpcf7-validates-as-required\" aria-required=\"true\" aria-invalid=\"false\" value=\"\" type=\"text\" name=\"your-name\" \/><\/span> <\/label>\n<\/p>\n<p><label> S\u00e4hk\u00f6postiosoite *:<br \/>\n<span class=\"wpcf7-form-control-wrap\" data-name=\"your-email\"><input size=\"40\" maxlength=\"400\" class=\"wpcf7-form-control wpcf7-email wpcf7-validates-as-required wpcf7-text wpcf7-validates-as-email\" aria-required=\"true\" aria-invalid=\"false\" value=\"\" type=\"email\" name=\"your-email\" \/><\/span> <\/label>\n<\/p>\n<p><label> Puhelinnumero*:<br \/>\n<span class=\"wpcf7-form-control-wrap\" data-name=\"tel-118\"><input size=\"40\" maxlength=\"400\" class=\"wpcf7-form-control wpcf7-tel wpcf7-validates-as-required wpcf7-text wpcf7-validates-as-tel\" aria-required=\"true\" aria-invalid=\"false\" value=\"\" type=\"tel\" name=\"tel-118\" \/><\/span><\/label>\n<\/p>\n<p><label> Viesti<br \/>\n<span class=\"wpcf7-form-control-wrap\" data-name=\"your-message\"><textarea cols=\"40\" rows=\"3\" maxlength=\"2000\" class=\"wpcf7-form-control wpcf7-textarea\" aria-invalid=\"false\" name=\"your-message\"><\/textarea><\/span> <\/label>\n<\/p>\n<p style=\"line-height: 1em; padding-bottom: 1em;\"><span class=\"wpcf7-form-control-wrap\" data-name=\"acceptance-12\"><span class=\"wpcf7-form-control wpcf7-acceptance\"><span class=\"wpcf7-list-item\"><label><input type=\"checkbox\" name=\"acceptance-12\" value=\"1\" checked=\"checked\" class=\"littleFont withMarin\" aria-invalid=\"false\" \/><span class=\"wpcf7-list-item-label\">Hyv\u00e4ksyn henkil\u00f6tietojeni k\u00e4sittelyn*<\/span><\/label><\/span><\/span><\/span><br \/>\n(<a  class=\"littleFont\" href=\"https:\/\/evc.ee\/fi\/seloste-asiakasrekisterin-kasittelytoimista\/\" target=\"_blank\">Lue lis\u00e4\u00e4 henkil\u00f6tietojen k\u00e4yt\u00f6st\u00e4<\/a>)\n<\/p>\n<p><input class=\"wpcf7-form-control wpcf7-submit has-spinner\" type=\"submit\" value=\"L\u00e4hett\u00e4\u00e4\" \/>\n<\/p><p style=\"display: none !important;\" class=\"akismet-fields-container\" data-prefix=\"_wpcf7_ak_\"><label>&#916;<textarea name=\"_wpcf7_ak_hp_textarea\" cols=\"45\" rows=\"8\" maxlength=\"100\"><\/textarea><\/label><input type=\"hidden\" id=\"ak_js_1\" name=\"_wpcf7_ak_js\" value=\"227\"\/><script>document.getElementById( \"ak_js_1\" ).setAttribute( \"value\", ( new Date() ).getTime() );<\/script><\/p><input type='hidden' class='wpcf7-pum' value='{\"closepopup\":false,\"closedelay\":0,\"openpopup\":false,\"openpopup_id\":0}' \/><div class=\"wpcf7-response-output\" aria-hidden=\"true\"><\/div>\n<\/form>\n<\/div>\n<br \/>\n[\/et_pb_text][\/et_pb_column][\/et_pb_row][et_pb_row column_structure=&#8221;1_2,1_2&#8243; _builder_version=&#8221;4.16&#8243; background_size=&#8221;initial&#8221; background_position=&#8221;top_left&#8221; background_repeat=&#8221;repeat&#8221; global_colors_info=&#8221;{}&#8221;][et_pb_column type=&#8221;1_2&#8243; _builder_version=&#8221;4.16&#8243; custom_padding=&#8221;|||&#8221; global_colors_info=&#8221;{}&#8221; custom_padding__hover=&#8221;|||&#8221;][et_pb_video src=&#8221;https:\/\/www.youtube.com\/watch?v=djUqJJvI4tg&#8221; disabled_on=&#8221;off|off|off&#8221; _builder_version=&#8221;4.16&#8243; _module_preset=&#8221;default&#8221; global_colors_info=&#8221;{}&#8221;][\/et_pb_video][\/et_pb_column][et_pb_column type=&#8221;1_2&#8243; _builder_version=&#8221;4.16&#8243; custom_padding=&#8221;|||&#8221; global_colors_info=&#8221;{}&#8221; custom_padding__hover=&#8221;|||&#8221;][et_pb_code _builder_version=&#8221;4.19.5&#8243; _module_preset=&#8221;default&#8221; global_colors_info=&#8221;{}&#8221;]<iframe onClick=\"style.pointerEvents='none'\" src=\"https:\/\/www.google.com\/maps\/embed?pb=!1m18!1m12!1m3!1d1014.5111753231783!2d24.778521857383954!3d59.43270178169509!2m3!1f0!2f0!3f0!3m2!1i1024!2i768!4f13.1!3m3!1m2!1s0x4692935bc0e29e97%3A0xcdae936cbb36fed!2sEstonian%20Vein%20Clinic%20-%20EVC!5e0!3m2!1sen!2see!4v1678099174935!5m2!1sen!2see\" width=\"100%\" height=\"330\" style=\"border:0;\" allowfullscreen=\"\" loading=\"lazy\" referrerpolicy=\"no-referrer-when-downgrade\"><\/iframe>[\/et_pb_code][\/et_pb_column][\/et_pb_row][\/et_pb_section]<\/p>\n","protected":false},"excerpt":{"rendered":"<p>Yhteystiedot Yhteystiedot Estonian Clinic O\u00dc Toimintalupa nr L05618, L05619 Puhelin: (+358) 40 554 9903 S\u00e4hk\u00f6posti: klinikka[@]evc.ee Olemme avoinna: Ma &#8211; Pe 09.00-19.00Lauantai &#8211; ajanvarauksella Mainostus ja yhteisty\u00f6: Puhelin:(+ 372) 619 0022 S\u00e4hk\u00f6posti: info [a] evc.eeMiten meid\u00e4t l\u00f6yt\u00e4\u00e4 Sijaitsemme osoitteessaVesiv\u00e4rava 50, Tallinn 10126Kadrioru Plaza HUOM! Torupilli Selverin pys\u00e4k\u00f6inti on ilmaista 2 tuntia (pys\u00e4k\u00f6intikellon kanssa). L\u00e4hell\u00e4 on [&hellip;]<\/p>\n","protected":false},"author":3,"featured_media":0,"parent":0,"menu_order":0,"comment_status":"open","ping_status":"closed","template":"","meta":{"_et_pb_use_builder":"on","_et_pb_old_content":"<h4>\u041a\u0430\u043a \u043d\u0430\u0441 \u043d\u0430\u0439\u0442\u0438<\/h4>\r\n<h4>Estonian Vein Clinic<\/h4>\r\n<p><strong>Estonian Clinic O\u00dc<br \/><\/strong>\u041b\u0438\u0446\u0435\u043d\u0437\u0438\u044f \u041c\u0438\u043d\u0438\u0441\u0442\u0435\u0440\u0441\u0442\u0432\u0430 \u0417\u0434\u0440\u0430\u0432\u043e\u043e\u0445\u0440\u0430\u043d\u0435\u043d\u0438\u044f nr.\u00a0L03767<strong><br \/><\/strong><\/p>\r\n<p>\u041c\u044b \u043d\u0430\u0445\u043e\u0434\u0438\u043c\u0441\u044f \u043f\u043e \u0430\u0434\u0440\u0435\u0441\u0443:<br \/> \u0443\u043b. Raua 32, \u0422\u0430\u043b\u043b\u0438\u043d\u043d 10152<\/p>\r\n<p><strong>\u0422\u0435\u043b. \u0430\u0434\u043c\u0438\u043d\u0438\u0441\u0442\u0440\u0430\u0442\u043e\u0440\u0430: (+ 372) 619 0020 \u0441 9.00 \u0434\u043e 18.00<\/strong><br \/> <strong>E-mail:<\/strong> info[a]evc.ee<\/p>\r\n<p>\u0412\u0440\u0435\u043c\u044f \u0440\u0430\u0431\u043e\u0442\u044b: \u041f\u043d \u2013 \u041f\u0442 09.00-19.00<br \/> \u0412 \u0441\u0443\u0431\u0431\u043e\u0442\u0443 c 10.00 \u0434\u043e 15.00<\/p>\r\n<p><strong>\u0412\u043e\u043f\u0440\u043e\u0441\u044b \u043f\u043e \u0440\u0435\u043a\u043b\u0430\u043c\u0435:<\/strong> <br \/>\u0417\u043e\u044f \u041b\u0438\u0445\u0430\u0447e\u0432\u0430<br \/>(+372) 5 5698 200<br \/> E-mail: info [a] evc.ee<\/p>\r\n<p><strong>NB! \u041f\u0430\u0440\u043a\u043e\u0432\u043a\u0430<\/strong> \u2013 \u043f\u0435\u0440\u0435\u0434 \u0434\u043e\u043c\u043e\u043c \u041d\u0410 \u0422\u0420\u041e\u0422\u0423\u0410\u0420\u0415 \u0435\u0441\u0442\u044c 4 \u0431\u0435\u0441\u043f\u043b\u0430\u0442\u043d\u044b\u0445 \u043f\u0430\u0440\u043a\u043e\u0432\u043e\u0447\u043d\u044b\u0445 \u043c\u0435\u0441\u0442\u0430. <strong>\u0412\u0434\u043e\u043b\u044c \u0443\u043b\u0438\u0446\u044b \u0420\u0430\u0443\u0430<\/strong> \u043c\u043e\u0436\u043d\u043e \u043f\u0430\u0440\u043a\u043e\u0432\u0430\u0442\u044c\u0441\u044f \u043f\u043e \u0442\u0430\u0440\u0438\u0444\u0443 \u00abKesklinn\u00bb.<\/p>\r\n<p>\u041e\u0441\u0442\u0430\u043d\u043e\u0432\u043a\u0438 \u0430\u0432\u0442\u043e\u0431\u0443\u0441\u043e\u0432 Kreutzwaldi \u0438\u043b\u0438 Uus-Sadama<\/p>\r\n<p>\u0410\u0432\u0442\u043e\u0431\u0443\u0441\u044b: 19, 29, 35, 44, 51, 60, 63, 209, 1\u0410, 5, 8, 34\u0410, 38, 260<\/p>\r\n<p>\u041e\u0441\u0442\u0430\u043d\u043e\u0432\u043a\u0430 \u0442\u0440\u0430\u043c\u0432\u0430\u044f L.Koidula<br \/> \u041d\u043e\u043c\u0435\u0440\u0430: 1 \u0438 3<\/p>\r\n<p><strong>\u041d\u0430\u0439\u0434\u0438\u0442\u0435 \u043d\u0430\u0441 \u043d\u0430 \u043a\u0430\u0440\u0442\u0435 <a href=\"https:\/\/maps.google.com\/maps?q=Raua+32,+Tallinn,+Tallinna+linn,+Estonia&hl=en&ll=59.437526,24.774417&spn=0.003682,0.013078&sll=37.0625,-95.677068&sspn=46.677964,107.138672&oq=Raua+32+&hnear=Raua+32,+10152+Tallinn,+Estonia&t=m&z=17\" target=\"_blank\">\u0417\u0414\u0415\u0421\u042c<\/a>:<\/strong><\/p>\r\n<p><iframe src=\"https:\/\/maps.google.com\/maps?f=q&source=s_q&hl=ru&geocode=&q=vipMedicum++&aq=&sll=59.471693,24.738241&sspn=0.596434,2.113495&ie=UTF8&hq=vipMedicum&hnear=&t=m&ll=59.437875,24.774942&spn=0.006546,0.027466&z=15&output=embed\" height=\"300\" width=\"640\" frameborder=\"0\" marginwidth=\"0\" marginheight=\"0\" scrolling=\"no\"><\/iframe><\/p>","_et_gb_content_width":"","footnotes":""},"dipi_cpt_category":[],"class_list":["post-2571","page","type-page","status-publish","hentry"],"_links":{"self":[{"href":"https:\/\/evc.ee\/fi\/wp-json\/wp\/v2\/pages\/2571","targetHints":{"allow":["GET"]}}],"collection":[{"href":"https:\/\/evc.ee\/fi\/wp-json\/wp\/v2\/pages"}],"about":[{"href":"https:\/\/evc.ee\/fi\/wp-json\/wp\/v2\/types\/page"}],"author":[{"embeddable":true,"href":"https:\/\/evc.ee\/fi\/wp-json\/wp\/v2\/users\/3"}],"replies":[{"embeddable":true,"href":"https:\/\/evc.ee\/fi\/wp-json\/wp\/v2\/comments?post=2571"}],"version-history":[{"count":4,"href":"https:\/\/evc.ee\/fi\/wp-json\/wp\/v2\/pages\/2571\/revisions"}],"predecessor-version":[{"id":18280,"href":"https:\/\/evc.ee\/fi\/wp-json\/wp\/v2\/pages\/2571\/revisions\/18280"}],"wp:attachment":[{"href":"https:\/\/evc.ee\/fi\/wp-json\/wp\/v2\/media?parent=2571"}],"wp:term":[{"taxonomy":"dipi_cpt_category","embeddable":true,"href":"https:\/\/evc.ee\/fi\/wp-json\/wp\/v2\/dipi_cpt_category?post=2571"}],"curies":[{"name":"wp","href":"https:\/\/api.w.org\/{rel}","templated":true}]}}