{"id":2566,"date":"2017-07-25T08:46:45","date_gmt":"2017-07-25T06:46:45","guid":{"rendered":"https:\/\/evc.ee\/fi\/?page_id=2566"},"modified":"2017-07-25T08:47:15","modified_gmt":"2017-07-25T06:47:15","slug":"kiitos","status":"publish","type":"page","link":"https:\/\/evc.ee\/fi\/kiitos\/","title":{"rendered":"Kiitos"},"content":{"rendered":"<p>[et_pb_section bb_built=&#8221;1&#8243; admin_label=&#8221;section&#8221;][et_pb_row admin_label=&#8221;row&#8221; make_fullwidth=&#8221;off&#8221; use_custom_width=&#8221;off&#8221; width_unit=&#8221;on&#8221; use_custom_gutter=&#8221;off&#8221; custom_padding=&#8221;||0px|&#8221; allow_player_pause=&#8221;off&#8221; parallax=&#8221;off&#8221; parallax_method=&#8221;off&#8221; make_equal=&#8221;off&#8221; parallax_1=&#8221;off&#8221; parallax_method_1=&#8221;off&#8221; custom_css_main_1=&#8221;margin-bottom: 0;&#8221;][et_pb_column type=&#8221;4_4&#8243;][et_pb_text admin_label=&#8221;Text&#8221; background_layout=&#8221;light&#8221; text_orientation=&#8221;center&#8221; use_border_color=&#8221;off&#8221; border_color=&#8221;#ffffff&#8221; border_style=&#8221;solid&#8221;]<\/p>\n<h1>Kiitos!<\/h1>\n<p><i class=\"fa thnx fa-check\" aria-hidden=\"true\"><\/i><\/p>\n<p>Kiit\u00e4mme tiedustelustasi. Otamme sinuun yhteytt\u00e4 mahdollisimman pian, yleens\u00e4 ty\u00f6p\u00e4iv\u00e4n kuluessa. Siihen asti suosittelemme vierailemaan Facebook-sivullamme ja seuraamaan meit\u00e4 sek\u00e4 uutisiamme.<\/p>\n<p>Estonian Vein Clinic sosiaalisessa mediassa:<\/p>\n<p>[\/et_pb_text][\/et_pb_column][\/et_pb_row][et_pb_row admin_label=&#8221;Row&#8221;][et_pb_column type=&#8221;1_4&#8243;][\/et_pb_column][et_pb_column type=&#8221;1_2&#8243;][et_pb_blurb admin_label=&#8221;Blurb&#8221; url=&#8221;https:\/\/www.facebook.com\/EVC-Estonian-Vein-Clinic-831904290261222\/&#8221; url_new_window=&#8221;on&#8221; use_icon=&#8221;on&#8221; font_icon=&#8221;%%337%%&#8221; icon_color=&#8221;#39579a&#8221; use_circle=&#8221;off&#8221; circle_color=&#8221;#97cc06&#8243; use_circle_border=&#8221;off&#8221; circle_border_color=&#8221;#97cc06&#8243; icon_placement=&#8221;top&#8221; animation=&#8221;off&#8221; background_layout=&#8221;light&#8221; text_orientation=&#8221;center&#8221; use_icon_font_size=&#8221;on&#8221; use_border_color=&#8221;off&#8221; border_color=&#8221;#ffffff&#8221; border_style=&#8221;solid&#8221; body_font_size=&#8221;16&#8243; icon_font_size=&#8221;32px&#8221; custom_css_blurb_image=&#8221;margin-bottom: 15px;&#8221;]<\/p>\n<p><a href=\"https:\/\/www.facebook.com\/EVC-Estonian-Vein-Clinic-831904290261222\/\" target=\"_blank\" rel=\"noopener\"><strong>facebook.com\/EVC-Estonian-Vein-Clinic<\/strong><\/a><\/p>\n<p>[\/et_pb_blurb][\/et_pb_column][et_pb_column type=&#8221;1_4&#8243;][\/et_pb_column][\/et_pb_row][\/et_pb_section]<\/p>\n","protected":false},"excerpt":{"rendered":"<p>Kiitos! Kiit\u00e4mme tiedustelustasi. Otamme sinuun yhteytt\u00e4 mahdollisimman pian, yleens\u00e4 ty\u00f6p\u00e4iv\u00e4n kuluessa. Siihen asti suosittelemme vierailemaan Facebook-sivullamme ja seuraamaan meit\u00e4 sek\u00e4 uutisiamme. Estonian Vein Clinic sosiaalisessa mediassa: facebook.com\/EVC-Estonian-Vein-Clinic<\/p>\n","protected":false},"author":3,"featured_media":0,"parent":0,"menu_order":0,"comment_status":"closed","ping_status":"closed","template":"","meta":{"_et_pb_use_builder":"on","_et_pb_old_content":"[et_pb_section admin_label=\"section\"][et_pb_row admin_label=\"row\" make_fullwidth=\"off\" use_custom_width=\"off\" width_unit=\"on\" use_custom_gutter=\"off\" custom_padding=\"||0px|\" allow_player_pause=\"off\" parallax=\"off\" parallax_method=\"off\" make_equal=\"off\" parallax_1=\"off\" parallax_method_1=\"off\" custom_css_main_1=\"margin-bottom: 0;\"][et_pb_column type=\"4_4\"][et_pb_text admin_label=\"Text\" background_layout=\"light\" text_orientation=\"center\" use_border_color=\"off\" border_color=\"#ffffff\" border_style=\"solid\"]\r\n\r\n<h1>Ait\u00e4h!<\/h1>\r\n<p><i class=\"fa thnx fa-check\" aria-hidden=\"true\"><\/i><\/p>\r\n<p>T\u00e4name Teid p\u00e4ringu eest, meie administraator v\u00f5tab Teiega \u00fchendust esimesel v\u00f5imalusel, tavalisel t\u00f6\u00f6p\u00e4eva jooksul. Seni soovitame Teil k\u00fclastada meie Facebooki lehte ning j\u00e4lgida meie tegemisi ja uudiseid.<\/p>\r\n<p>Estonian Vein Clinic sotsiaalv\u00f5rkudes:<\/p>\r\n\r\n[\/et_pb_text][\/et_pb_column][\/et_pb_row][et_pb_row admin_label=\"Row\"][et_pb_column type=\"1_4\"][\/et_pb_column][et_pb_column type=\"1_2\"][et_pb_blurb admin_label=\"Blurb\" url=\"https:\/\/www.facebook.com\/EVC-Estonian-Vein-Clinic-831904290261222\/\" url_new_window=\"on\" use_icon=\"on\" font_icon=\"%%337%%\" icon_color=\"#39579a\" use_circle=\"off\" circle_color=\"#97cc06\" use_circle_border=\"off\" circle_border_color=\"#97cc06\" icon_placement=\"top\" animation=\"off\" background_layout=\"light\" text_orientation=\"center\" use_icon_font_size=\"on\" use_border_color=\"off\" border_color=\"#ffffff\" border_style=\"solid\" body_font_size=\"16\" icon_font_size=\"32px\" custom_css_blurb_image=\"margin-bottom: 15px;\"]\r\n\r\n<p><a href=\"https:\/\/www.facebook.com\/EVC-Estonian-Vein-Clinic-831904290261222\/\" target=\"_blank\"><strong>facebook.com\/EVC-Estonian-Vein-Clinic<\/strong><\/a><\/p>\r\n\r\n[\/et_pb_blurb][\/et_pb_column][et_pb_column type=\"1_4\"][\/et_pb_column][\/et_pb_row][\/et_pb_section]","_et_gb_content_width":"","footnotes":""},"dipi_cpt_category":[],"class_list":["post-2566","page","type-page","status-publish","hentry"],"_links":{"self":[{"href":"https:\/\/evc.ee\/fi\/wp-json\/wp\/v2\/pages\/2566","targetHints":{"allow":["GET"]}}],"collection":[{"href":"https:\/\/evc.ee\/fi\/wp-json\/wp\/v2\/pages"}],"about":[{"href":"https:\/\/evc.ee\/fi\/wp-json\/wp\/v2\/types\/page"}],"author":[{"embeddable":true,"href":"https:\/\/evc.ee\/fi\/wp-json\/wp\/v2\/users\/3"}],"replies":[{"embeddable":true,"href":"https:\/\/evc.ee\/fi\/wp-json\/wp\/v2\/comments?post=2566"}],"version-history":[{"count":1,"href":"https:\/\/evc.ee\/fi\/wp-json\/wp\/v2\/pages\/2566\/revisions"}],"predecessor-version":[{"id":2567,"href":"https:\/\/evc.ee\/fi\/wp-json\/wp\/v2\/pages\/2566\/revisions\/2567"}],"wp:attachment":[{"href":"https:\/\/evc.ee\/fi\/wp-json\/wp\/v2\/media?parent=2566"}],"wp:term":[{"taxonomy":"dipi_cpt_category","embeddable":true,"href":"https:\/\/evc.ee\/fi\/wp-json\/wp\/v2\/dipi_cpt_category?post=2566"}],"curies":[{"name":"wp","href":"https:\/\/api.w.org\/{rel}","templated":true}]}}