{"id":833,"date":"2016-10-14T14:24:54","date_gmt":"2016-10-14T12:24:54","guid":{"rendered":"https:\/\/evc.ee\/?page_id=833"},"modified":"2022-07-21T13:01:48","modified_gmt":"2022-07-21T11:01:48","slug":"endovenous-laser-ablation","status":"publish","type":"page","link":"https:\/\/evc.ee\/en\/procedures\/endovenous-laser-ablation\/","title":{"rendered":"Endovenous laser ablation (EVLA\/EVLT)"},"content":{"rendered":"<p>[et_pb_section fb_built=&#8221;1&#8243; fullwidth=&#8221;on&#8221; _builder_version=&#8221;4.17.1&#8243; background_image=&#8221;https:\/\/evc.ee\/wp-content\/uploads\/2022\/07\/endovenoosne.jpg&#8221; custom_padding=&#8221;100px||100px|&#8221; hover_enabled=&#8221;0&#8243; global_colors_info=&#8221;{}&#8221; title_text=&#8221;endovenoosne&#8221; sticky_enabled=&#8221;0&#8243;][et_pb_fullwidth_header title=&#8221;Endovenous laser ablation (EVLA \/ EVLT)&#8221; subhead=&#8221;Closure of veins with laser&#8221; button_one_text=&#8221;Read more&#8221; button_one_url=&#8221;#more&#8221; button_two_text=&#8221;Book&#8221; button_two_url=&#8221;#broneeri&#8221; _builder_version=&#8221;4.17.1&#8243; title_font=&#8221;|on|||&#8221; background_color=&#8221;rgba(255, 255, 255, 0)&#8221; custom_button_one=&#8221;on&#8221; button_one_text_color=&#8221;#97cc06&#8243; button_one_bg_color=&#8221;#ffffff&#8221; button_one_border_color=&#8221;#97cc06&#8243; button_one_icon_color=&#8221;#97cc06&#8243; custom_button_two=&#8221;on&#8221; button_two_text_color=&#8221;#ffffff&#8221; button_two_bg_color=&#8221;#97cc06&#8243; button_two_border_color=&#8221;#97cc06&#8243; button_two_icon_color=&#8221;#ffffff&#8221; background_layout=&#8221;light&#8221; max_width_tablet=&#8221;50px&#8221; hover_enabled=&#8221;0&#8243; button_one_text_color_hover=&#8221;#97cc06&#8243; button_two_text_color_hover=&#8221;#ffffff&#8221; button_one_border_color_hover=&#8221;#97cc06&#8243; button_two_border_color_hover=&#8221;#97cc06&#8243; button_one_letter_spacing_hover=&#8221;0&#8243; button_two_letter_spacing_hover=&#8221;0&#8243; button_one_bg_color_hover=&#8221;#ffffff&#8221; button_two_bg_color_hover=&#8221;#97cc06&#8243; global_colors_info=&#8221;{}&#8221; button_one_text_size__hover_enabled=&#8221;off&#8221; button_two_text_size__hover_enabled=&#8221;off&#8221; button_one_text_color__hover_enabled=&#8221;on&#8221; button_one_text_color__hover=&#8221;#97cc06&#8243; button_two_text_color__hover_enabled=&#8221;on&#8221; button_two_text_color__hover=&#8221;#ffffff&#8221; button_one_border_width__hover_enabled=&#8221;off&#8221; button_two_border_width__hover_enabled=&#8221;off&#8221; button_one_border_color__hover_enabled=&#8221;on&#8221; button_one_border_color__hover=&#8221;#97cc06&#8243; button_two_border_color__hover_enabled=&#8221;on&#8221; button_two_border_color__hover=&#8221;#97cc06&#8243; button_one_border_radius__hover_enabled=&#8221;off&#8221; button_two_border_radius__hover_enabled=&#8221;off&#8221; button_one_letter_spacing__hover_enabled=&#8221;on&#8221; button_one_letter_spacing__hover=&#8221;0&#8243; button_two_letter_spacing__hover_enabled=&#8221;on&#8221; button_two_letter_spacing__hover=&#8221;0&#8243; button_one_bg_color__hover_enabled=&#8221;on&#8221; button_one_bg_color__hover=&#8221;#ffffff&#8221; button_two_bg_color__hover_enabled=&#8221;on&#8221; button_two_bg_color__hover=&#8221;#97cc06&#8243; sticky_enabled=&#8221;0&#8243;][\/et_pb_fullwidth_header][\/et_pb_section][et_pb_section fb_built=&#8221;1&#8243; admin_label=&#8221;section&#8221; _builder_version=&#8221;4.16&#8243; global_colors_info=&#8221;{}&#8221;][et_pb_row admin_label=&#8221;row&#8221; _builder_version=&#8221;4.16&#8243; background_size=&#8221;initial&#8221; background_position=&#8221;top_left&#8221; background_repeat=&#8221;repeat&#8221; global_colors_info=&#8221;{}&#8221;][et_pb_column type=&#8221;4_4&#8243; _builder_version=&#8221;4.16&#8243; custom_padding=&#8221;|||&#8221; global_colors_info=&#8221;{}&#8221; custom_padding__hover=&#8221;|||&#8221;][et_pb_text _builder_version=&#8221;4.16&#8243; module_alignment=&#8221;left&#8221; border_style=&#8221;solid&#8221; global_colors_info=&#8221;{}&#8221;]<\/p>\n<h2 id=\"more\">Endovenous laser ablation (EVLA \/ EVLT)<\/h2>\n<p>Endovenous laser ablation or treatment (also known as EVLA or EVLT accordingly) is a minimally invasive internationally acknowledged endovenous treatment of varicose veins with a laser catheter. The procedure takes approximately 45 minutes. Laser catheter is connected to a generator which closes the vein with local heating and directs the blood to flow through healthy veins. You are allowed to leave the clinic right after the procedure.<\/p>\n<p>The procedure is done under local anaesthesia &#8211; no general anaesthesia is used.<br \/>\n[\/et_pb_text][\/et_pb_column][\/et_pb_row][et_pb_row admin_label=&#8221;row&#8221; _builder_version=&#8221;4.16&#8243; background_size=&#8221;initial&#8221; background_position=&#8221;top_left&#8221; background_repeat=&#8221;repeat&#8221; global_colors_info=&#8221;{}&#8221;][et_pb_column type=&#8221;4_4&#8243; _builder_version=&#8221;4.16&#8243; custom_padding=&#8221;|||&#8221; global_colors_info=&#8221;{}&#8221; custom_padding__hover=&#8221;|||&#8221;][et_pb_text _builder_version=&#8221;4.16&#8243; module_alignment=&#8221;left&#8221; border_style=&#8221;solid&#8221; global_colors_info=&#8221;{}&#8221;]<\/p>\n<h2>What happens during EVLA procedure?<\/h2>\n<p>Before the procedure the vein needing treatment is marked under ultrasound guidance. Visible varicosities may also be marked if phlebectomy is planned.<\/p>\n<p>To freeze the skin a small injection is used and the vein is cannulated just below the knee. Through the cannula laser catheter is inserted up to required height. The correct position of the probe is checked with ultrasound and further local anaesthetic will be injected around the vein again guided by ultrasound.<\/p>\n<p>The generator then creates heat energy to seal the vein up from inside. This takes just a few minutes. The patient should not feel anything during the treatment. Once the vein has been sealed, the probe is removed.<br \/>\n[\/et_pb_text][\/et_pb_column][\/et_pb_row][et_pb_row admin_label=&#8221;row&#8221; _builder_version=&#8221;4.16&#8243; background_size=&#8221;initial&#8221; background_position=&#8221;top_left&#8221; background_repeat=&#8221;repeat&#8221; global_colors_info=&#8221;{}&#8221;][et_pb_column type=&#8221;4_4&#8243; _builder_version=&#8221;4.16&#8243; custom_padding=&#8221;|||&#8221; global_colors_info=&#8221;{}&#8221; custom_padding__hover=&#8221;|||&#8221;][et_pb_text _builder_version=&#8221;4.16&#8243; module_alignment=&#8221;left&#8221; border_style=&#8221;solid&#8221; global_colors_info=&#8221;{}&#8221;]<\/p>\n<h2>Getting up after endovenous laser ablation<\/h2>\n<p>Recovery after endovenous laser ablation is quick. You can return to your usual daily activities on the same day,<br \/>\n[\/et_pb_text][\/et_pb_column][\/et_pb_row][\/et_pb_section][et_pb_section fb_built=&#8221;1&#8243; _builder_version=&#8221;4.16&#8243; transparent_background=&#8221;off&#8221; make_fullwidth=&#8221;off&#8221; use_custom_width=&#8221;off&#8221; width_unit=&#8221;on&#8221; global_colors_info=&#8221;{}&#8221;][et_pb_row _builder_version=&#8221;4.16&#8243; background_size=&#8221;initial&#8221; background_position=&#8221;top_left&#8221; background_repeat=&#8221;repeat&#8221; global_colors_info=&#8221;{}&#8221; column_structure=&#8221;1_2,1_2&#8243;][et_pb_column type=&#8221;1_2&#8243; _builder_version=&#8221;4.16&#8243; custom_padding=&#8221;|||&#8221; global_colors_info=&#8221;{}&#8221; custom_padding__hover=&#8221;|||&#8221;][et_pb_text admin_label=&#8221;Registeration cf7&#8243; module_id=&#8221;broneeri&#8221; _builder_version=&#8221;4.16&#8243; text_font=&#8221;||||&#8221; text_font_size=&#8221;14&#8243; header_font=&#8221;||||&#8221; background_size=&#8221;initial&#8221; background_position=&#8221;top_left&#8221; background_repeat=&#8221;repeat&#8221; max_width=&#8221;100%&#8221; max_width_tablet=&#8221;100%&#8221; max_width_phone=&#8221;100%&#8221; module_alignment=&#8221;left&#8221; text_font_size_tablet=&#8221;14&#8243; text_font_size_phone=&#8221;14&#8243; text_letter_spacing_tablet=&#8221;0px&#8221; text_letter_spacing_phone=&#8221;0px&#8221; text_line_height_tablet=&#8221;1.7em&#8221; text_line_height_phone=&#8221;1.7em&#8221; header_font_size_tablet=&#8221;30px&#8221; header_font_size_phone=&#8221;30px&#8221; header_letter_spacing_tablet=&#8221;0px&#8221; header_letter_spacing_phone=&#8221;0px&#8221; header_line_height_tablet=&#8221;1em&#8221; header_line_height_phone=&#8221;1em&#8221; use_border_color=&#8221;off&#8221; border_color=&#8221;#ffffff&#8221; border_width=&#8221;1px&#8221; border_style=&#8221;solid&#8221; global_module=&#8221;3453&#8243; saved_tabs=&#8221;all&#8221; global_colors_info=&#8221;{}&#8221;]<\/p>\n\n<div class=\"wpcf7 no-js\" id=\"wpcf7-f1775-o1\" lang=\"et\" dir=\"ltr\" data-wpcf7-id=\"1775\">\n<div class=\"screen-reader-response\"><p role=\"status\" aria-live=\"polite\" aria-atomic=\"true\"><\/p> <ul><\/ul><\/div>\n<form action=\"\/en\/wp-json\/wp\/v2\/pages\/833#wpcf7-f1775-o1\" method=\"post\" class=\"wpcf7-form init wpcf7-acceptance-as-validation\" aria-label=\"Contact form\" novalidate=\"novalidate\" data-status=\"init\">\n<fieldset class=\"hidden-fields-container\"><input type=\"hidden\" name=\"_wpcf7\" value=\"1775\" \/><input type=\"hidden\" name=\"_wpcf7_version\" value=\"6.1.5\" \/><input type=\"hidden\" name=\"_wpcf7_locale\" value=\"et\" \/><input type=\"hidden\" name=\"_wpcf7_unit_tag\" value=\"wpcf7-f1775-o1\" \/><input type=\"hidden\" name=\"_wpcf7_container_post\" value=\"0\" \/><input type=\"hidden\" name=\"_wpcf7_posted_data_hash\" value=\"\" \/><input type=\"hidden\" name=\"_wpcf7_recaptcha_response\" value=\"\" \/>\n<\/fieldset>\n<p><label> Your name (*required):<br \/>\n<span class=\"wpcf7-form-control-wrap\" data-name=\"your-name\"><input size=\"40\" maxlength=\"400\" class=\"wpcf7-form-control wpcf7-text wpcf7-validates-as-required\" aria-required=\"true\" aria-invalid=\"false\" value=\"\" type=\"text\" name=\"your-name\" \/><\/span> <\/label>\n<\/p>\n<p><label> Your surename (*required):<br \/>\n<span class=\"wpcf7-form-control-wrap\" data-name=\"your-surename\"><input size=\"40\" maxlength=\"400\" class=\"wpcf7-form-control wpcf7-text wpcf7-validates-as-required\" aria-required=\"true\" aria-invalid=\"false\" value=\"\" type=\"text\" name=\"your-surename\" \/><\/span> <\/label>\n<\/p>\n<p><label> Your e-mail *:<br \/>\n<span class=\"wpcf7-form-control-wrap\" data-name=\"your-email\"><input size=\"40\" maxlength=\"400\" class=\"wpcf7-form-control wpcf7-email wpcf7-validates-as-required wpcf7-text wpcf7-validates-as-email\" aria-required=\"true\" aria-invalid=\"false\" value=\"\" type=\"email\" name=\"your-email\" \/><\/span> <\/label>\n<\/p>\n<p><label> Your phone *:<br \/>\n<span class=\"wpcf7-form-control-wrap\" data-name=\"tel-118\"><input size=\"40\" maxlength=\"400\" class=\"wpcf7-form-control wpcf7-tel wpcf7-validates-as-required wpcf7-text wpcf7-validates-as-tel\" aria-required=\"true\" aria-invalid=\"false\" value=\"\" type=\"tel\" name=\"tel-118\" \/><\/span><\/label>\n<\/p>\n<p><span class=\"wpcf7-form-control-wrap\" data-name=\"menu-776\"><select class=\"wpcf7-form-control wpcf7-select wpcf7-validates-as-required\" aria-required=\"true\" aria-invalid=\"false\" name=\"menu-776\"><option value=\"Flebologist\u2019s consultation + ultrasonic diagnostics - 120\u20ac\">Flebologist\u2019s consultation + ultrasonic diagnostics - 120\u20ac<\/option><\/select><\/span>\n<\/p>\n<p><label> Choose appropriate date *<br \/>\n<span class=\"wpcf7-form-control-wrap\" data-name=\"text-410\"><input size=\"40\" maxlength=\"400\" class=\"wpcf7-form-control wpcf7-text wpcf7-validates-as-required walcf7-datepicker\" aria-required=\"true\" aria-invalid=\"false\" value=\"\" type=\"text\" name=\"text-410\" \/><\/span><\/label>\n<\/p>\n<p><label> Message<br \/>\n<span class=\"wpcf7-form-control-wrap\" data-name=\"your-message\"><textarea cols=\"40\" rows=\"3\" maxlength=\"2000\" class=\"wpcf7-form-control wpcf7-textarea\" aria-invalid=\"false\" name=\"your-message\"><\/textarea><\/span> <\/label>\n<\/p>\n<p style=\"line-height: 1em; padding-bottom: 1em;\"><span class=\"wpcf7-form-control-wrap\" data-name=\"acceptance-12\"><span class=\"wpcf7-form-control wpcf7-acceptance\"><span class=\"wpcf7-list-item\"><label><input type=\"checkbox\" name=\"acceptance-12\" value=\"1\" checked=\"checked\" class=\"littleFont withMarin\" aria-invalid=\"false\" \/><span class=\"wpcf7-list-item-label\">Annan EVC n\u00f5usoleku enda isikuandmete t\u00f6\u00f6tlemiseks*<\/span><\/label><\/span><\/span><\/span><br \/>\n(<a  class=\"littleFont\" href=\"https:\/\/evc.ee\/en\/procedure-for-customer-data-processing\/\" target=\"_blank\">Lisateave isikuandmete t\u00f6\u00f6tlemise kohta<\/a>)\n<\/p>\n<p><input class=\"wpcf7-form-control wpcf7-submit has-spinner\" type=\"submit\" value=\"Book\" \/>\n<\/p><p style=\"display: none !important;\" class=\"akismet-fields-container\" data-prefix=\"_wpcf7_ak_\"><label>&#916;<textarea name=\"_wpcf7_ak_hp_textarea\" cols=\"45\" rows=\"8\" maxlength=\"100\"><\/textarea><\/label><input type=\"hidden\" id=\"ak_js_1\" name=\"_wpcf7_ak_js\" value=\"107\"\/><script>document.getElementById( \"ak_js_1\" ).setAttribute( \"value\", ( new Date() ).getTime() );<\/script><\/p><input type='hidden' class='wpcf7-pum' value='{\"closepopup\":false,\"closedelay\":0,\"openpopup\":false,\"openpopup_id\":0}' \/><div class=\"wpcf7-response-output\" aria-hidden=\"true\"><\/div>\n<\/form>\n<\/div>\n\n<p>[\/et_pb_text][\/et_pb_column][et_pb_column type=&#8221;1_2&#8243; _builder_version=&#8221;4.16&#8243; custom_padding=&#8221;|||&#8221; global_colors_info=&#8221;{}&#8221; custom_padding__hover=&#8221;|||&#8221;][et_pb_text admin_label=&#8221;Administrator en&#8221; _builder_version=&#8221;4.16&#8243; text_font=&#8221;||||&#8221; text_font_size=&#8221;14&#8243; header_font=&#8221;||||&#8221; background_size=&#8221;initial&#8221; background_position=&#8221;top_left&#8221; background_repeat=&#8221;repeat&#8221; max_width=&#8221;100%&#8221; max_width_tablet=&#8221;100%&#8221; max_width_phone=&#8221;100%&#8221; module_alignment=&#8221;left&#8221; text_font_size_tablet=&#8221;14&#8243; text_font_size_phone=&#8221;14&#8243; text_letter_spacing_tablet=&#8221;0px&#8221; text_letter_spacing_phone=&#8221;0px&#8221; text_line_height_tablet=&#8221;1.7em&#8221; text_line_height_phone=&#8221;1.7em&#8221; header_font_size_tablet=&#8221;30px&#8221; header_font_size_phone=&#8221;30px&#8221; header_letter_spacing_tablet=&#8221;0px&#8221; header_letter_spacing_phone=&#8221;0px&#8221; header_line_height_tablet=&#8221;1em&#8221; header_line_height_phone=&#8221;1em&#8221; use_border_color=&#8221;off&#8221; border_color=&#8221;#ffffff&#8221; border_width=&#8221;1px&#8221; border_style=&#8221;solid&#8221; global_module=&#8221;3455&#8243; saved_tabs=&#8221;all&#8221; global_colors_info=&#8221;{}&#8221;]<\/p>\n<p style=\"text-align: center;\"><img loading=\"lazy\" decoding=\"async\" class=\"aligncenter size-full wp-image-8312 round\" src=\"https:\/\/evc.ee\/wp-content\/uploads\/2017\/10\/anitra.jpg\" width=\"190\" height=\"190\" alt=\"-\"><\/p>\n<p style=\"text-align: center;\">Administrator<\/p>\n<p style=\"text-align: center;\">Alternatively, you can call us:<br \/><strong>+372<\/strong> <strong>619 0022<\/strong>.<\/p>\n<p>[\/et_pb_text][\/et_pb_column][\/et_pb_row][\/et_pb_section]<\/p>\n","protected":false},"excerpt":{"rendered":"<p>Endovenous laser ablation (EVLA \/ EVLT) Endovenous laser ablation or treatment (also known as EVLA or EVLT accordingly) is a minimally invasive internationally acknowledged endovenous treatment of varicose veins with a laser catheter. The procedure takes approximately 45 minutes. Laser catheter is connected to a generator which closes the vein with local heating and directs [&hellip;]<\/p>\n","protected":false},"author":2,"featured_media":0,"parent":823,"menu_order":6,"comment_status":"open","ping_status":"closed","template":"","meta":{"_et_pb_use_builder":"on","_et_pb_old_content":"<p>\u042d\u043d\u0434\u043e\u0432\u0435\u043d\u043e\u0437\u043d\u0430\u044f \u043b\u0430\u0437\u0435\u0440\u043d\u0430\u044f \u0445\u0438\u0440\u0443\u0440\u0433\u0438\u044f \u0432\u0435\u043d \u043d\u0430\u0438\u0431\u043e\u043b\u0435\u0435 \u043f\u0440\u0438\u043c\u0435\u043d\u044f\u0435\u043c\u044b\u0439 <b>\u0432 \u0415\u0432\u0440\u043e\u043f\u0435 \u043c\u0435\u0442\u043e\u0434 \u044d\u043d\u0434\u043e\u043c\u0438\u043d\u0430\u043b\u044c\u043d\u043e\u0439 \u0430\u0431\u043b\u044f\u0446\u0438\u0438 \u0432\u0435\u043d.<\/b> \u041a\u0430\u043a \u0438\u0441\u0442\u043e\u0447\u043d\u0438\u043a \u044d\u043d\u0435\u0440\u0433\u0438\u0438 \u0438\u0441\u043f\u043e\u043b\u044c\u0437\u0443\u0435\u0442\u0441\u044f \u043b\u0430\u0437\u0435\u0440\u043d\u044b\u0439 \u0441\u0432\u0435\u0442. \u0412 \u043d\u0430\u0447\u0430\u043b\u0435 \u043f\u0440\u0438\u043c\u0435\u043d\u044f\u043b\u0441\u044f \u043a\u043e\u0440\u043e\u0442\u043a\u043e\u0432\u043e\u043b\u043d\u043e\u0432\u044b\u0439 \u043b\u0430\u0437\u0435\u0440\u043d\u044b\u0439 \u0441\u0432\u0435\u0442 \u0438 \u0441\u0432\u0435\u0442\u043e\u0432\u043e\u0439 \u043f\u0440\u043e\u0432\u043e\u0434 \u043a\u043e\u043d\u0435\u0447\u043d\u043e\u0433\u043e \u0442\u0438\u043f\u0430, \u043f\u043e\u0437\u0436\u0435, \u043f\u0440\u0438 \u0440\u0430\u0437\u0432\u0438\u0442\u0438\u0438 \u0442\u0435\u0445\u043d\u043e\u043b\u043e\u0433\u0438\u0439, \u0438\u0445 \u0441\u043c\u0435\u043d\u0438\u043b \u043f\u0440\u043e\u0432\u043e\u0434 \u0440\u0430\u0434\u0438\u0430\u043b\u044c\u043d\u043e\u0433\u043e \u0441\u0432\u0435\u0442\u0430 \u0438 \u0434\u043b\u0438\u043d\u043d\u043e\u0432\u043e\u043b\u043d\u043e\u0432\u043e\u0439 \u043b\u0430\u0437\u0435\u0440. \u0418\u0445 \u0432\u043e\u0437\u0434\u0435\u0439\u0441\u0442\u0432\u0438\u0435 \u0431\u044b\u043b\u043e \u0433\u043e\u0440\u0430\u0437\u0434\u043e \u0431\u043e\u043b\u0435\u0435 \u0441\u0435\u043b\u0435\u043a\u0442\u0438\u0432\u043d\u044b\u043c \u0438 \u043f\u043e\u0441\u043b\u0435\u043e\u043f\u0435\u0440\u0430\u0446\u0438\u043e\u043d\u043d\u044b\u0439 \u043f\u0435\u0440\u0438\u043e\u0434 \u0441\u0442\u0430\u043b \u043f\u043e\u043b\u043d\u043e\u0441\u0442\u044c\u044e \u0431\u0435\u0437\u0431\u043e\u043b\u0435\u0437\u043d\u0435\u043d\u043d\u044b\u043c.<\/p>\r\n<p>\u042d\u0442\u043e\u0442 \u043c\u0435\u0442\u043e\u0434 \u043f\u043e\u044f\u0432\u0438\u043b\u0441\u044f \u0432 \u043c\u0438\u0440\u0435 \u0432 2001 \u0433\u043e\u0434\u0443.<\/p>\r\n<p>\u041b\u0430\u0437\u0435\u0440\u044b \u0434\u0435\u0439\u0441\u0442\u0432\u0443\u044e\u0442 \u0438\u043c\u0435\u043d\u043d\u043e \u043d\u0430 \u043d\u0430\u0445\u043e\u0434\u044f\u0449\u0443\u044e\u0441\u044f \u0432 \u043a\u0440\u043e\u0432\u0435\u043d\u043e\u0441\u043d\u043e\u043c \u0441\u043e\u0441\u0443\u0434\u0435 \u0432\u043e\u0434\u0443 \u0438 \u0437\u0430\u043a\u0440\u044b\u0432\u0430\u044e\u0442 \u0432\u0435\u043d\u0443, \u043a\u043e\u0442\u043e\u0440\u0430\u044f \u043f\u043e\u0442\u043e\u043c \u0432\u0441\u0430\u0441\u044b\u0432\u0430\u0435\u0442\u0441\u044f \u0432 \u0442\u043a\u0430\u043d\u0438. \u0422\u0430\u043a\u0438\u043c \u043e\u0431\u0440\u0430\u0437\u043e\u043c, \u0434\u043e \u043c\u0438\u043d\u0438\u043c\u0443\u043c\u0430 \u0441\u043d\u0438\u0436\u0430\u044e\u0442\u0441\u044f \u0441\u0438\u043c\u043f\u0442\u043e\u043c\u044b \u0431\u043e\u043b\u0438 \u043f\u043e\u0441\u043b\u0435 \u043e\u043f\u0435\u0440\u0430\u0446\u0438\u0438, \u0438 \u043f\u0440\u043e\u0438\u0441\u0445\u043e\u0434\u0438\u0442 \u0441\u0442\u0440\u0435\u043c\u0438\u0442\u0435\u043b\u044c\u043d\u043e\u0435 \u0432\u044b\u0437\u0434\u043e\u0440\u043e\u0432\u043b\u0435\u043d\u0438\u0435.<\/p>\r\n<p>\u0412 <b>Estonian Vein Clinic <\/b>\u0438\u0441\u043f\u043e\u043b\u044c\u0437\u0443\u044e\u0442 \u043b\u0430\u0437\u0435\u0440\u043d\u043e\u0435 \u0443\u0441\u0442\u0440\u043e\u0439\u0441\u0442\u0432\u043e (<i>\u0434\u0438\u043e\u0434\u043d\u044b\u0439 \u043b\u0430\u0437\u0435\u0440 Eufoton \u043b\u0430\u0437\u0435\u0440\u201cLasemar 1500\u201d (1470 \u043d\u043c)<\/i>).<\/p>\r\n<p><b>\u041f\u0440\u0435\u0438\u043c\u0443\u0449\u0435\u0441\u0442\u0432\u0430 \u043e\u043f\u0435\u0440\u0430\u0446\u0438\u0438 <\/b>\u2013 \u0441\u0430\u043c\u044b\u0439 \u0434\u043e\u0441\u0442\u0443\u043f\u043d\u044b\u0439 \u043f\u0430\u0446\u0438\u0435\u043d\u0442\u0430\u043c \u043c\u0435\u0442\u043e\u0434 \u0432 \u043f\u043b\u0430\u043d\u0435 \u0446\u0435\u043d\u044b.<\/p>\r\n<p>\u00a0<\/p>\r\n<p style=\"text-align: center;\"><strong>\u042d\u043d\u0434\u043e\u0432\u0435\u043d\u043e\u0437\u043d\u0430\u044f \u043b\u0430\u0437\u0435\u0440\u043d\u0430\u044f \u043e\u043f\u0435\u0440\u0430\u0446\u0438\u044f. \u0418\u043b\u043b\u044e\u0441\u0442\u0440\u0430\u0442\u0438\u0432\u043d\u043e\u0435 \u0432\u0438\u0434\u0435\u043e<\/strong><\/p>\r\n<p align=\"center\"><iframe src=\"\/\/www.youtube.com\/embed\/8Say6i344k4?list=PL46C7FA49BE361B44\" height=\"315\" width=\"560\" allowfullscreen=\"\" frameborder=\"0\"><\/iframe><\/p>\r\n<p align=\"center\"><b>\u0414\u041e<\/b><\/p>\r\n<table style=\"width: 100%;\" border=\"0\" cellspacing=\"10\" cellpadding=\"0\" align=\"center\">\r\n<tbody>\r\n<tr>\r\n<td align=\"center\"><img class=\"alignnone size-full wp-image-676\" alt=\"pirms2\" src=\"https:\/\/evc.ee\/wp-content\/uploads\/2013\/08\/pirms22.jpg\" width=\"203\" height=\"270\" \/><\/td>\r\n<td align=\"center\"><img class=\"alignnone size-full wp-image-674\" alt=\"pirms1\" src=\"https:\/\/evc.ee\/wp-content\/uploads\/2013\/08\/pirms12.jpg\" width=\"203\" height=\"270\" \/><\/td>\r\n<\/tr>\r\n<\/tbody>\r\n<\/table>\r\n<p align=\"center\"><b>\u041f\u041e\u0421\u041b\u0415<\/b><\/p>\r\n<table style=\"width: 100%;\" border=\"0\" cellspacing=\"10\" cellpadding=\"0\" align=\"center\">\r\n<tbody>\r\n<tr>\r\n<td align=\"center\"><img class=\"alignnone size-full wp-image-672\" alt=\"pec2\" src=\"https:\/\/evc.ee\/wp-content\/uploads\/2013\/08\/pec22.jpg\" width=\"203\" height=\"270\" \/><\/td>\r\n<td align=\"center\"><img class=\"alignnone size-full wp-image-670\" alt=\"pec1\" src=\"https:\/\/evc.ee\/wp-content\/uploads\/2013\/08\/pec12.jpg\" width=\"203\" height=\"270\" \/><\/td>\r\n<\/tr>\r\n<\/tbody>\r\n<\/table>\r\n<p style=\"text-align: center;\"><a href=\"https:\/\/evc.ee\/zapis-online\/\"><br \/><img class=\"alignnone size-full wp-image-716 aligncenter\" alt=\"Estonskaja-Klinika-Ven-diagnostika-lechenije-ven-1\" src=\"https:\/\/evc.ee\/wp-content\/uploads\/2013\/08\/Estonskaja-Klinika-Ven-diagnostika-lechenije-ven-1.png\" width=\"220\" height=\"51\" \/><\/a><strong>\u0438\u043b\u0438 \u043f\u043e \u0442\u0435\u043b\u0435\u0444\u043e\u043d\u0443 (+372) 619 0020<\/strong><\/p>","_et_gb_content_width":"","footnotes":""},"dipi_cpt_category":[],"class_list":["post-833","page","type-page","status-publish","hentry"],"_links":{"self":[{"href":"https:\/\/evc.ee\/en\/wp-json\/wp\/v2\/pages\/833","targetHints":{"allow":["GET"]}}],"collection":[{"href":"https:\/\/evc.ee\/en\/wp-json\/wp\/v2\/pages"}],"about":[{"href":"https:\/\/evc.ee\/en\/wp-json\/wp\/v2\/types\/page"}],"author":[{"embeddable":true,"href":"https:\/\/evc.ee\/en\/wp-json\/wp\/v2\/users\/2"}],"replies":[{"embeddable":true,"href":"https:\/\/evc.ee\/en\/wp-json\/wp\/v2\/comments?post=833"}],"version-history":[{"count":6,"href":"https:\/\/evc.ee\/en\/wp-json\/wp\/v2\/pages\/833\/revisions"}],"predecessor-version":[{"id":12501,"href":"https:\/\/evc.ee\/en\/wp-json\/wp\/v2\/pages\/833\/revisions\/12501"}],"up":[{"embeddable":true,"href":"https:\/\/evc.ee\/en\/wp-json\/wp\/v2\/pages\/823"}],"wp:attachment":[{"href":"https:\/\/evc.ee\/en\/wp-json\/wp\/v2\/media?parent=833"}],"wp:term":[{"taxonomy":"dipi_cpt_category","embeddable":true,"href":"https:\/\/evc.ee\/en\/wp-json\/wp\/v2\/dipi_cpt_category?post=833"}],"curies":[{"name":"wp","href":"https:\/\/api.w.org\/{rel}","templated":true}]}}