{"id":831,"date":"2016-10-14T14:24:22","date_gmt":"2016-10-14T12:24:22","guid":{"rendered":"https:\/\/evc.ee\/?page_id=831"},"modified":"2026-04-20T12:24:48","modified_gmt":"2026-04-20T09:24:48","slug":"sclerotherapy","status":"publish","type":"page","link":"https:\/\/evc.ee\/en\/procedures\/sclerotherapy\/","title":{"rendered":"Sclerotherapy"},"content":{"rendered":"<p>[et_pb_section fb_built=&#8221;1&#8243; fullwidth=&#8221;on&#8221; _builder_version=&#8221;4.16&#8243; background_image=&#8221;https:\/\/evc.ee\/wp-content\/uploads\/2016\/10\/sklero.jpg&#8221; custom_padding=&#8221;100px||100px|&#8221; global_colors_info=&#8221;{}&#8221;][et_pb_fullwidth_header title=&#8221;Sclerotherapy&#8221; subhead=&#8221;Used to eradicate spider veins and thread veins&#8221; text_orientation=&#8221;right&#8221; button_one_text=&#8221;Read more&#8221; button_one_url=&#8221;#more&#8221; button_two_text=&#8221;Book&#8221; button_two_url=&#8221;#broneeri&#8221; _builder_version=&#8221;4.16&#8243; title_font=&#8221;|on|||&#8221; background_color=&#8221;rgba(255, 255, 255, 0)&#8221; custom_button_one=&#8221;on&#8221; button_one_text_color=&#8221;#97cc06&#8243; button_one_bg_color=&#8221;#ffffff&#8221; button_one_border_color=&#8221;#97cc06&#8243; button_one_icon_color=&#8221;#97cc06&#8243; custom_button_two=&#8221;on&#8221; button_two_text_color=&#8221;#ffffff&#8221; button_two_bg_color=&#8221;#97cc06&#8243; button_two_border_color=&#8221;#97cc06&#8243; button_two_icon_color=&#8221;#ffffff&#8221; background_layout=&#8221;light&#8221; max_width_tablet=&#8221;50px&#8221; button_one_text_color_hover=&#8221;#97cc06&#8243; button_two_text_color_hover=&#8221;#ffffff&#8221; button_one_border_color_hover=&#8221;#97cc06&#8243; button_two_border_color_hover=&#8221;#97cc06&#8243; button_one_letter_spacing_hover=&#8221;0&#8243; button_two_letter_spacing_hover=&#8221;0&#8243; button_one_bg_color_hover=&#8221;#ffffff&#8221; button_two_bg_color_hover=&#8221;#97cc06&#8243; global_colors_info=&#8221;{}&#8221; button_one_text_size__hover_enabled=&#8221;off&#8221; button_two_text_size__hover_enabled=&#8221;off&#8221; button_one_text_color__hover_enabled=&#8221;on&#8221; button_one_text_color__hover=&#8221;#97cc06&#8243; button_two_text_color__hover_enabled=&#8221;on&#8221; button_two_text_color__hover=&#8221;#ffffff&#8221; button_one_border_width__hover_enabled=&#8221;off&#8221; button_two_border_width__hover_enabled=&#8221;off&#8221; button_one_border_color__hover_enabled=&#8221;on&#8221; button_one_border_color__hover=&#8221;#97cc06&#8243; button_two_border_color__hover_enabled=&#8221;on&#8221; button_two_border_color__hover=&#8221;#97cc06&#8243; button_one_border_radius__hover_enabled=&#8221;off&#8221; button_two_border_radius__hover_enabled=&#8221;off&#8221; button_one_letter_spacing__hover_enabled=&#8221;on&#8221; button_one_letter_spacing__hover=&#8221;0&#8243; button_two_letter_spacing__hover_enabled=&#8221;on&#8221; button_two_letter_spacing__hover=&#8221;0&#8243; button_one_bg_color__hover_enabled=&#8221;on&#8221; button_one_bg_color__hover=&#8221;#ffffff&#8221; button_two_bg_color__hover_enabled=&#8221;on&#8221; button_two_bg_color__hover=&#8221;#97cc06&#8243;][\/et_pb_fullwidth_header][\/et_pb_section][et_pb_section fb_built=&#8221;1&#8243; admin_label=&#8221;section&#8221; module_id=&#8221;more&#8221; _builder_version=&#8221;4.16&#8243; global_colors_info=&#8221;{}&#8221;][et_pb_row admin_label=&#8221;row&#8221; _builder_version=&#8221;4.16&#8243; background_size=&#8221;initial&#8221; background_position=&#8221;top_left&#8221; background_repeat=&#8221;repeat&#8221; global_colors_info=&#8221;{}&#8221;][et_pb_column type=&#8221;4_4&#8243; _builder_version=&#8221;4.16&#8243; custom_padding=&#8221;|||&#8221; global_colors_info=&#8221;{}&#8221; custom_padding__hover=&#8221;|||&#8221;][et_pb_text _builder_version=&#8221;4.16&#8243; module_alignment=&#8221;left&#8221; border_style=&#8221;solid&#8221; global_colors_info=&#8221;{}&#8221;]<\/p>\n<h2>What is sclerotherapy?<\/h2>\n<p>Sclerotherapy is used to close smaller varicose veins, spider veins and thread veins by injecting them with sclerosant (sclerosant is a dedicated medical solution used to irritate the lining of the vein) using a very fine needle. This causes the vein to shrink and close. The blood will stop flowing through the vein. Then, over a period of 3-6 weeks the residue is absorbed by the body&#8217;s natural immune system.<\/p>\n<h2>How fast should I see the results?<\/h2>\n<p>Sclerotherapy itself takes around 30 minutes and is followed by a period of 3 weeks when the patient needs to wear compression stockings. At first the treated veins will look worse than before the procedure but with time the veins will start to fade away. Depending on the size of the vein treated, the vein will completely fade away with 3-6 weeks.<\/p>\n<h2>Is there any downtime?<\/h2>\n<p>There is no downtime and the patient can return to normal daily activities on the same day. It is recommended to avoid any strenuous physical activities for the first 72 hours after the procedure.<br \/>\n[\/et_pb_text][et_pb_video src=&#8221;https:\/\/www.youtube.com\/watch?v=n7eBOIzmrJQ&#8221; image_src=&#8221;https:\/\/evc.ee\/wp-content\/uploads\/2016\/10\/sklero-1.jpg&#8221; _builder_version=&#8221;4.16&#8243; global_colors_info=&#8221;{}&#8221;][\/et_pb_video][\/et_pb_column][\/et_pb_row][\/et_pb_section][et_pb_section fb_built=&#8221;1&#8243; _builder_version=&#8221;4.16&#8243; transparent_background=&#8221;off&#8221; make_fullwidth=&#8221;off&#8221; use_custom_width=&#8221;off&#8221; width_unit=&#8221;on&#8221; global_colors_info=&#8221;{}&#8221;][et_pb_row column_structure=&#8221;1_2,1_2&#8243; _builder_version=&#8221;4.16&#8243; background_size=&#8221;initial&#8221; background_position=&#8221;top_left&#8221; background_repeat=&#8221;repeat&#8221; global_colors_info=&#8221;{}&#8221;][et_pb_column type=&#8221;1_2&#8243; _builder_version=&#8221;4.16&#8243; custom_padding=&#8221;|||&#8221; global_colors_info=&#8221;{}&#8221; custom_padding__hover=&#8221;|||&#8221;][et_pb_text admin_label=&#8221;Registeration cf7&#8243; module_id=&#8221;broneeri&#8221; _builder_version=&#8221;4.16&#8243; text_font=&#8221;||||&#8221; text_font_size=&#8221;14&#8243; header_font=&#8221;||||&#8221; background_size=&#8221;initial&#8221; background_position=&#8221;top_left&#8221; background_repeat=&#8221;repeat&#8221; max_width=&#8221;100%&#8221; max_width_tablet=&#8221;100%&#8221; max_width_phone=&#8221;100%&#8221; module_alignment=&#8221;left&#8221; text_font_size_tablet=&#8221;14&#8243; text_font_size_phone=&#8221;14&#8243; text_letter_spacing_tablet=&#8221;0px&#8221; text_letter_spacing_phone=&#8221;0px&#8221; text_line_height_tablet=&#8221;1.7em&#8221; text_line_height_phone=&#8221;1.7em&#8221; header_font_size_tablet=&#8221;30px&#8221; header_font_size_phone=&#8221;30px&#8221; header_letter_spacing_tablet=&#8221;0px&#8221; header_letter_spacing_phone=&#8221;0px&#8221; header_line_height_tablet=&#8221;1em&#8221; header_line_height_phone=&#8221;1em&#8221; use_border_color=&#8221;off&#8221; border_color=&#8221;#ffffff&#8221; border_width=&#8221;1px&#8221; border_style=&#8221;solid&#8221; global_module=&#8221;3453&#8243; saved_tabs=&#8221;all&#8221; global_colors_info=&#8221;{}&#8221;]<\/p>\n\n<div class=\"wpcf7 no-js\" id=\"wpcf7-f1775-o1\" lang=\"et\" dir=\"ltr\" data-wpcf7-id=\"1775\">\n<div class=\"screen-reader-response\"><p role=\"status\" aria-live=\"polite\" aria-atomic=\"true\"><\/p> <ul><\/ul><\/div>\n<form action=\"\/en\/wp-json\/wp\/v2\/pages\/831#wpcf7-f1775-o1\" method=\"post\" class=\"wpcf7-form init wpcf7-acceptance-as-validation\" aria-label=\"Contact form\" novalidate=\"novalidate\" data-status=\"init\">\n<fieldset class=\"hidden-fields-container\"><input type=\"hidden\" name=\"_wpcf7\" value=\"1775\" \/><input type=\"hidden\" name=\"_wpcf7_version\" value=\"6.1.5\" \/><input type=\"hidden\" name=\"_wpcf7_locale\" value=\"et\" \/><input type=\"hidden\" name=\"_wpcf7_unit_tag\" value=\"wpcf7-f1775-o1\" \/><input type=\"hidden\" name=\"_wpcf7_container_post\" value=\"0\" \/><input type=\"hidden\" name=\"_wpcf7_posted_data_hash\" value=\"\" \/><input type=\"hidden\" name=\"_wpcf7_recaptcha_response\" value=\"\" \/>\n<\/fieldset>\n<p><label> Your name (*required):<br \/>\n<span class=\"wpcf7-form-control-wrap\" data-name=\"your-name\"><input size=\"40\" maxlength=\"400\" class=\"wpcf7-form-control wpcf7-text wpcf7-validates-as-required\" aria-required=\"true\" aria-invalid=\"false\" value=\"\" type=\"text\" name=\"your-name\" \/><\/span> <\/label>\n<\/p>\n<p><label> Your surename (*required):<br \/>\n<span class=\"wpcf7-form-control-wrap\" data-name=\"your-surename\"><input size=\"40\" maxlength=\"400\" class=\"wpcf7-form-control wpcf7-text wpcf7-validates-as-required\" aria-required=\"true\" aria-invalid=\"false\" value=\"\" type=\"text\" name=\"your-surename\" \/><\/span> <\/label>\n<\/p>\n<p><label> Your e-mail *:<br \/>\n<span class=\"wpcf7-form-control-wrap\" data-name=\"your-email\"><input size=\"40\" maxlength=\"400\" class=\"wpcf7-form-control wpcf7-email wpcf7-validates-as-required wpcf7-text wpcf7-validates-as-email\" aria-required=\"true\" aria-invalid=\"false\" value=\"\" type=\"email\" name=\"your-email\" \/><\/span> <\/label>\n<\/p>\n<p><label> Your phone *:<br \/>\n<span class=\"wpcf7-form-control-wrap\" data-name=\"tel-118\"><input size=\"40\" maxlength=\"400\" class=\"wpcf7-form-control wpcf7-tel wpcf7-validates-as-required wpcf7-text wpcf7-validates-as-tel\" aria-required=\"true\" aria-invalid=\"false\" value=\"\" type=\"tel\" name=\"tel-118\" \/><\/span><\/label>\n<\/p>\n<p><span class=\"wpcf7-form-control-wrap\" data-name=\"menu-776\"><select class=\"wpcf7-form-control wpcf7-select wpcf7-validates-as-required\" aria-required=\"true\" aria-invalid=\"false\" name=\"menu-776\"><option value=\"Flebologist\u2019s consultation + ultrasonic diagnostics - 120\u20ac\">Flebologist\u2019s consultation + ultrasonic diagnostics - 120\u20ac<\/option><\/select><\/span>\n<\/p>\n<p><label> Choose appropriate date *<br \/>\n<span class=\"wpcf7-form-control-wrap\" data-name=\"text-410\"><input size=\"40\" maxlength=\"400\" class=\"wpcf7-form-control wpcf7-text wpcf7-validates-as-required walcf7-datepicker\" aria-required=\"true\" aria-invalid=\"false\" value=\"\" type=\"text\" name=\"text-410\" \/><\/span><\/label>\n<\/p>\n<p><label> Message<br \/>\n<span class=\"wpcf7-form-control-wrap\" data-name=\"your-message\"><textarea cols=\"40\" rows=\"3\" maxlength=\"2000\" class=\"wpcf7-form-control wpcf7-textarea\" aria-invalid=\"false\" name=\"your-message\"><\/textarea><\/span> <\/label>\n<\/p>\n<p style=\"line-height: 1em; padding-bottom: 1em;\"><span class=\"wpcf7-form-control-wrap\" data-name=\"acceptance-12\"><span class=\"wpcf7-form-control wpcf7-acceptance\"><span class=\"wpcf7-list-item\"><label><input type=\"checkbox\" name=\"acceptance-12\" value=\"1\" checked=\"checked\" class=\"littleFont withMarin\" aria-invalid=\"false\" \/><span class=\"wpcf7-list-item-label\">Annan EVC n\u00f5usoleku enda isikuandmete t\u00f6\u00f6tlemiseks*<\/span><\/label><\/span><\/span><\/span><br \/>\n(<a  class=\"littleFont\" href=\"https:\/\/evc.ee\/en\/procedure-for-customer-data-processing\/\" target=\"_blank\">Lisateave isikuandmete t\u00f6\u00f6tlemise kohta<\/a>)\n<\/p>\n<p><input class=\"wpcf7-form-control wpcf7-submit has-spinner\" type=\"submit\" value=\"Book\" \/>\n<\/p><p style=\"display: none !important;\" class=\"akismet-fields-container\" data-prefix=\"_wpcf7_ak_\"><label>&#916;<textarea name=\"_wpcf7_ak_hp_textarea\" cols=\"45\" rows=\"8\" maxlength=\"100\"><\/textarea><\/label><input type=\"hidden\" id=\"ak_js_1\" name=\"_wpcf7_ak_js\" value=\"1\"\/><script>document.getElementById( \"ak_js_1\" ).setAttribute( \"value\", ( new Date() ).getTime() );<\/script><\/p><input type='hidden' class='wpcf7-pum' value='{\"closepopup\":false,\"closedelay\":0,\"openpopup\":false,\"openpopup_id\":0}' \/><div class=\"wpcf7-response-output\" aria-hidden=\"true\"><\/div>\n<\/form>\n<\/div>\n\n<p>[\/et_pb_text][\/et_pb_column][et_pb_column type=&#8221;1_2&#8243; _builder_version=&#8221;4.16&#8243; custom_padding=&#8221;|||&#8221; global_colors_info=&#8221;{}&#8221; custom_padding__hover=&#8221;|||&#8221;][et_pb_text admin_label=&#8221;Administrator en&#8221; _builder_version=&#8221;4.26.0&#8243; text_font=&#8221;||||&#8221; header_font=&#8221;||||&#8221; background_size=&#8221;initial&#8221; background_position=&#8221;top_left&#8221; background_repeat=&#8221;repeat&#8221; max_width=&#8221;100%&#8221; max_width_tablet=&#8221;100%&#8221; max_width_phone=&#8221;100%&#8221; module_alignment=&#8221;left&#8221; text_font_size_tablet=&#8221;14&#8243; text_font_size_phone=&#8221;14&#8243; text_letter_spacing_tablet=&#8221;0px&#8221; text_letter_spacing_phone=&#8221;0px&#8221; text_line_height_tablet=&#8221;1.7em&#8221; text_line_height_phone=&#8221;1.7em&#8221; header_font_size_tablet=&#8221;30px&#8221; header_font_size_phone=&#8221;30px&#8221; header_letter_spacing_tablet=&#8221;0px&#8221; header_letter_spacing_phone=&#8221;0px&#8221; header_line_height_tablet=&#8221;1em&#8221; header_line_height_phone=&#8221;1em&#8221; use_border_color=&#8221;off&#8221; border_color=&#8221;#ffffff&#8221; border_width=&#8221;1px&#8221; border_style=&#8221;solid&#8221; global_module=&#8221;3455&#8243; saved_tabs=&#8221;all&#8221; global_colors_info=&#8221;{}&#8221;]<\/p>\n<p style=\"text-align: center;\"><img loading=\"lazy\" decoding=\"async\" class=\"aligncenter size-full wp-image-8312 round\" src=\"https:\/\/evc.ee\/wp-content\/uploads\/2017\/07\/admin-img.png\" width=\"190\" height=\"190\" alt=\"-\"><\/p>\n<p style=\"text-align: center;\">Administrator<\/p>\n<p style=\"text-align: center;\">Alternatively, you can call us:<br \/><strong>+372<\/strong> <strong>619 0022<\/strong>.<\/p>\n<p>[\/et_pb_text][\/et_pb_column][\/et_pb_row][\/et_pb_section]<\/p>\n","protected":false},"excerpt":{"rendered":"<p>What is sclerotherapy? Sclerotherapy is used to close smaller varicose veins, spider veins and thread veins by injecting them with sclerosant (sclerosant is a dedicated medical solution used to irritate the lining of the vein) using a very fine needle. This causes the vein to shrink and close. The blood will stop flowing through the [&hellip;]<\/p>\n","protected":false},"author":2,"featured_media":0,"parent":823,"menu_order":5,"comment_status":"closed","ping_status":"closed","template":"","meta":{"_et_pb_use_builder":"on","_et_pb_old_content":"<p>\u0421\u043a\u043b\u0435\u0440\u043e\u0442\u0435\u0440\u0430\u043f\u0438\u044f \u2013 \u044d\u0442\u043e \u0437\u0430\u043a\u0440\u044b\u0442\u0438\u0435 (\u0438\u043b\u0438 \u043b\u0438\u043a\u0432\u0438\u0434\u0430\u0446\u0438\u044f) \u043f\u043e\u0432\u0440\u0435\u0436\u0434\u0435\u043d\u043d\u043e\u0439 \u0438\u043b\u0438 \u0432\u0430\u0440\u0438\u043a\u043e\u0437\u043d\u043e\u0439 \u0432\u0435\u043d\u044b \u043f\u043e\u0441\u0440\u0435\u0434\u0441\u0442\u0432\u043e\u043c \u0432\u0432\u0435\u0434\u0435\u043d\u0438\u044f \u0432 \u043d\u0435\u0435 \u0441\u043f\u0435\u0446\u0438\u0430\u043b\u044c\u043d\u043e\u0433\u043e \u043c\u0435\u0434\u0438\u043a\u0430\u043c\u0435\u043d\u0442\u0430 \u2013 \u0441\u043a\u043b\u0435\u0440\u043e\u0437\u0430\u043d\u0442\u0430. \u0412 \u0437\u0430\u0432\u0438\u0441\u0438\u043c\u043e\u0441\u0442\u0438 \u043e\u0442 \u0434\u0438\u0430\u043c\u0435\u0442\u0440\u0430 \u043f\u043e\u0432\u0440\u0435\u0436\u0434\u0435\u043d\u043d\u043e\u0439 \u0432\u0435\u043d\u044b \u043f\u0440\u0438\u043c\u0435\u043d\u044f\u044e\u0442 \u0441\u043a\u043b\u0435\u0440\u043e\u0437\u0430\u043d\u0442 \u0432 \u0432\u0438\u0434\u0435 \u043f\u0435\u043d\u044b \u0438\u043b\u0438 \u0432 \u0432\u0438\u0434\u0435 \u0436\u0438\u0434\u043a\u043e\u0441\u0442\u0438. \u041f\u0440\u0435\u0438\u043c\u0443\u0449\u0435\u0441\u0442\u0432\u043e \u043f\u0435\u043d\u043d\u043e\u0439 \u0441\u043a\u043b\u0435\u0440\u043e\u0442\u0435\u0440\u0430\u043f\u0438\u0438 \u0432 \u0442\u043e\u043c, \u0447\u0442\u043e \u043f\u0435\u043d\u0430 \u043f\u043e\u043b\u043d\u043e\u0441\u0442\u044c\u044e \u0437\u0430\u043f\u043e\u043b\u043d\u044f\u0435\u0442 \u043f\u043e\u0432\u0440\u0435\u0436\u0434\u0435\u043d\u043d\u044b\u0439 \u0443\u0447\u0430\u0441\u0442\u043e\u043a \u043a\u0440\u043e\u0432\u0435\u043d\u043e\u0441\u043d\u043e\u0433\u043e \u0441\u043e\u0441\u0443\u0434\u0430, \u043c\u0430\u043a\u0441\u0438\u043c\u0430\u043b\u044c\u043d\u043e \u0441\u043e\u043f\u0440\u0438\u043a\u0430\u0441\u0430\u044f\u0441\u044c \u0441 \u0435\u0433\u043e \u0441\u0442\u0435\u043d\u043a\u0430\u043c\u0438, \u0432 \u0441\u0432\u044f\u0437\u0438 \u0441 \u0447\u0435\u043c \u0432\u043e\u0437\u0434\u0435\u0439\u0441\u0442\u0432\u0438\u0435 \u043d\u0430 \u0441\u043e\u0441\u0443\u0434 \u0433\u043e\u0440\u0430\u0437\u0434\u043e \u0431\u043e\u043b\u0435\u0435 \u0441\u0438\u043b\u044c\u043d\u043e\u0435. \u041f\u0435\u043d\u043d\u043e\u0439 \u0441\u043a\u043b\u0435\u0440\u043e\u0442\u0435\u0440\u0430\u043f\u0438\u0435\u0439 \u043c\u043e\u0436\u043d\u043e \u0437f\u043a\u0440\u044b\u0442\u044c \u0442\u0430\u043a\u0436\u0435 \u0431\u043e\u043b\u044c\u0448\u0438\u0435 \u0432\u0430\u0440\u0438\u043a\u043e\u0437\u043d\u044b\u0435 \u0432\u0435\u0442\u0432\u0438, \u0442\u043e \u0435\u0441\u0442\u044c \u043d\u0435 \u0432\u043e \u0432\u0441\u0435\u0445 \u0441\u043b\u0443\u0447\u0430\u044f\u0445 \u043d\u0435\u043e\u0431\u0445\u043e\u0434\u0438\u043c\u043e \u0445\u0438\u0440\u0443\u0440\u0433\u0438\u0447\u0435\u0441\u043a\u043e\u0435 \u0432\u043c\u0435\u0448\u0430\u0442\u0435\u043b\u044c\u0441\u0442\u0432\u043e. \u0421\u043a\u043b\u0435\u0440\u043e\u0442\u0435\u0440\u0430\u043f\u0438\u044e \u0441 \u043f\u0440\u0438\u043c\u0435\u043d\u0435\u043d\u0438\u0435\u043c \u0436\u0438\u0434\u043a\u043e\u0441\u0442\u0438 \u0438\u0441\u043f\u043e\u043b\u044c\u0437\u0443\u044e\u0442, \u0447\u0442\u043e\u0431\u044b \u0437\u0430\u043a\u0440\u044b\u0442\u044c \u043c\u0435\u043b\u043a\u0438\u0435 \u0432\u0435\u043d\u043e\u0437\u043d\u044b\u0435 \u043a\u0430\u043f\u0438\u043b\u043b\u044f\u0440\u044b. \u0427\u0442\u043e\u0431\u044b \u0442\u043e\u0447\u043d\u0435\u0435 \u043c\u043e\u0436\u043d\u043e \u0431\u044b\u043b\u043e \u0432\u0432\u0435\u0441\u0442\u0438 \u043c\u0435\u0434\u0438\u043a\u0430\u043c\u0435\u043d\u0442\u044b, \u0432 \u0441\u043b\u0443\u0447\u0430\u0435 \u043d\u0435\u043e\u0431\u0445\u043e\u0434\u0438\u043c\u043e\u0441\u0442\u0438, \u043f\u0440\u0438\u043c\u0435\u043d\u044f\u0435\u043c \u0441\u043f\u0435\u0446\u0438\u0430\u043b\u044c\u043d\u0443\u044e \u043b\u0430\u043c\u043f\u0443 \u0433\u0430\u043b\u043e\u0433\u0435\u043d\u043e\u0432\u043e\u0433\u043e \u043e\u0441\u0432\u0435\u0449\u0435\u043d\u0438\u044f \u2013 <i>Veinlite transilluminator.<\/i><\/p><p><b>\u041f\u0440\u0435\u0438\u043c\u0443\u0449\u0435\u0441\u0442\u0432\u0430 \u043c\u0435\u0442\u043e\u0434\u0430 <\/b>\u2013 \u043f\u0440\u043e\u0446\u0435\u0434\u0443\u0440\u0430 \u0441\u043a\u043b\u0435\u0440\u043e\u0442\u0435\u0440\u0430\u043f\u0438\u0438 \u043f\u0440\u043e\u0445\u043e\u0434\u0438\u0442 \u043f\u0440\u0438\u043c\u0435\u0440\u043d\u043e 30 \u043c\u0438\u043d\u0443\u0442, \u043f\u043e\u0441\u043b\u0435 \u043f\u0440\u043e\u0446\u0435\u0434\u0443\u0440\u044b \u043f\u0430\u0446\u0438\u0435\u043d\u0442 \u0434\u043e\u043b\u0436\u0435\u043d \u043d\u0430\u0434\u0435\u0442\u044c \u043d\u0430\u0437\u043d\u0430\u0447\u0435\u043d\u043d\u044b\u0435 \u0432\u0440\u0430\u0447\u043e\u043c \u043a\u043e\u043c\u043f\u0440\u0435\u0441\u0441\u0438\u043e\u043d\u043d\u044b\u0435 \u0447\u0443\u043b\u043a\u0438, \u043a\u043e\u0442\u043e\u0440\u044b\u0435 \u043d\u0435\u043e\u0431\u0445\u043e\u0434\u0438\u043c\u043e \u043d\u043e\u0441\u0438\u0442\u044c 14-20 \u0434\u043d\u0435\u0439. \u041f\u0430\u0446\u0438\u0435\u043d\u0442 \u043c\u043e\u0436\u0435\u0442 \u043f\u0440\u043e\u0434\u043e\u043b\u0436\u0430\u0442\u044c \u043f\u0440\u0438\u0432\u044b\u0447\u043d\u044b\u0435 \u0434\u0435\u0439\u0441\u0442\u0432\u0438\u044f, \u043e\u0442\u043a\u0430\u0437\u0430\u0432\u0448\u0438\u0441\u044c \u0442\u043e\u043b\u044c\u043a\u043e \u043e\u0442 \u0433\u043e\u0440\u044f\u0447\u0438\u0445 \u0432\u0430\u043d\u043d, \u0431\u0430\u043d\u0438 \u0438, \u0436\u0435\u043b\u0430\u0442\u0435\u043b\u044c\u043d\u043e, \u043e\u0442 \u043f\u043e\u043b\u0435\u0442\u043e\u0432 \u043d\u0430 \u0441\u0430\u043c\u043e\u043b\u0435\u0442\u0435.<\/p><p>\u0421\u0443\u0449\u0435\u0441\u0442\u0432\u0443\u0435\u0442 \u043c\u0438\u0444, \u0447\u0442\u043e \u043f\u043e\u0441\u043b\u0435 \u043f\u0440\u043e\u0432\u0435\u0434\u0435\u043d\u043d\u043e\u0439 \u0441\u043a\u043b\u0435\u0440\u043e\u0442\u0435\u0440\u0430\u043f\u0438\u0438 \u043f\u043e\u0432\u0440\u0435\u0436\u0434\u0435\u043d\u043d\u0430\u044f \u0432\u0435\u043d\u0430 \u0432\u043e\u0441\u0441\u0442\u0430\u043d\u0430\u0432\u043b\u0438\u0432\u0430\u0435\u0442\u0441\u044f \u0447\u0435\u0440\u0435\u0437 \u043a\u0430\u043a\u043e\u0435-\u0442\u043e \u0432\u0440\u0435\u043c\u044f. \u042d\u0442\u043e \u043e\u0448\u0438\u0431\u043e\u0447\u043d\u043e, \u043a\u0440\u043e\u0432\u0435\u043d\u043e\u0441\u043d\u044b\u0439 \u0441\u043e\u0441\u0443\u0434 \u0432\u043e\u0441\u0441\u0442\u0430\u043d\u043e\u0432\u0438\u0442\u044c\u0441\u044f \u043d\u0435 \u043c\u043e\u0436\u0435\u0442, \u043d\u043e, \u043a\u043e\u043d\u0435\u0447\u043d\u043e, \u0432 \u0442\u0435\u0447\u0435\u043d\u0438\u0435 \u0436\u0438\u0437\u043d\u0438 \u043c\u043e\u0433\u0443\u0442 \u043f\u043e\u044f\u0432\u0438\u0442\u044c\u0441\u044f \u0434\u0440\u0443\u0433\u0438\u0435 \u0431\u043e\u043b\u044c\u043d\u044b\u0435 \u0432\u0435\u043d\u044b.<\/p><p style=\"text-align: center;\"><strong>\u041f\u0440\u043e\u0446\u0435\u0434\u0443\u0440\u0430 \u0441\u043a\u043b\u0435\u0440\u043e\u0442\u0435\u0440\u0430\u043f\u0438\u0438. \u0418\u043b\u043b\u044e\u0441\u0442\u0440\u0430\u0442\u0438\u0432\u043d\u043e\u0435 \u0432\u0438\u0434\u0435\u043e<\/strong><\/p><p align=\"center\"><iframe src=\"\/\/www.youtube.com\/embed\/trgCR1J3EZ0\" width=\"640\" height=\"360\" frameborder=\"0\" allowfullscreen=\"allowfullscreen\"><\/iframe><\/p><p>\u00a0<\/p><p align=\"center\"><strong>\u0414\u041e<\/strong><\/p><table style=\"width: 100%;\" border=\"0\" cellspacing=\"10\" cellpadding=\"0\" align=\"center\"><tbody><tr><td align=\"center\"><img class=\"alignnone size-full wp-image-131\" src=\"https:\/\/evc.ee\/wp-content\/uploads\/2013\/08\/pirms23.jpg\" alt=\"pirms2\" width=\"203\" height=\"270\" \/><\/td><td align=\"center\"><img class=\"alignnone size-full wp-image-130\" src=\"https:\/\/evc.ee\/wp-content\/uploads\/2013\/08\/pirms13.jpg\" alt=\"pirms1\" width=\"203\" height=\"270\" \/><\/td><\/tr><\/tbody><\/table><p align=\"center\"><strong>\u041f\u041e\u0421\u041b\u0415<\/strong><\/p><table style=\"width: 100%;\" border=\"0\" cellspacing=\"10\" cellpadding=\"0\" align=\"center\"><tbody><tr><td align=\"center\"><img class=\"alignnone size-full wp-image-129\" src=\"https:\/\/evc.ee\/wp-content\/uploads\/2013\/08\/pec23.jpg\" alt=\"pec2\" width=\"203\" height=\"270\" \/><\/td><td align=\"center\"><img class=\"alignnone size-full wp-image-128\" src=\"https:\/\/evc.ee\/wp-content\/uploads\/2013\/08\/pec13.jpg\" alt=\"pec1\" width=\"203\" height=\"270\" \/><\/td><\/tr><\/tbody><\/table><p style=\"text-align: center;\"><a href=\"https:\/\/evc.ee\/zapis-online\/\"><img class=\"size-full wp-image-322 aligncenter\" src=\"https:\/\/evc.ee\/wp-content\/uploads\/2013\/08\/Estonskaja-Klinika-Ven-diagnostika-lechenije-ven-1.png\" alt=\"Estonskaja-Klinika-Ven-diagnostika-lechenije-ven-1\" width=\"220\" height=\"51\" \/><\/a><strong>\u0438\u043b\u0438 \u043f\u043e \u0442\u0435\u043b\u0435\u0444\u043e\u043d\u0443 (+372) 619 0020<\/strong><\/p>","_et_gb_content_width":"","footnotes":""},"dipi_cpt_category":[],"class_list":["post-831","page","type-page","status-publish","hentry"],"_links":{"self":[{"href":"https:\/\/evc.ee\/en\/wp-json\/wp\/v2\/pages\/831","targetHints":{"allow":["GET"]}}],"collection":[{"href":"https:\/\/evc.ee\/en\/wp-json\/wp\/v2\/pages"}],"about":[{"href":"https:\/\/evc.ee\/en\/wp-json\/wp\/v2\/types\/page"}],"author":[{"embeddable":true,"href":"https:\/\/evc.ee\/en\/wp-json\/wp\/v2\/users\/2"}],"replies":[{"embeddable":true,"href":"https:\/\/evc.ee\/en\/wp-json\/wp\/v2\/comments?post=831"}],"version-history":[{"count":7,"href":"https:\/\/evc.ee\/en\/wp-json\/wp\/v2\/pages\/831\/revisions"}],"predecessor-version":[{"id":18375,"href":"https:\/\/evc.ee\/en\/wp-json\/wp\/v2\/pages\/831\/revisions\/18375"}],"up":[{"embeddable":true,"href":"https:\/\/evc.ee\/en\/wp-json\/wp\/v2\/pages\/823"}],"wp:attachment":[{"href":"https:\/\/evc.ee\/en\/wp-json\/wp\/v2\/media?parent=831"}],"wp:term":[{"taxonomy":"dipi_cpt_category","embeddable":true,"href":"https:\/\/evc.ee\/en\/wp-json\/wp\/v2\/dipi_cpt_category?post=831"}],"curies":[{"name":"wp","href":"https:\/\/api.w.org\/{rel}","templated":true}]}}