{"id":821,"date":"2016-10-14T14:21:25","date_gmt":"2016-10-14T12:21:25","guid":{"rendered":"https:\/\/evc.ee\/?page_id=821"},"modified":"2026-03-18T16:37:15","modified_gmt":"2026-03-18T13:37:15","slug":"contact-us","status":"publish","type":"page","link":"https:\/\/evc.ee\/en\/contact-us\/","title":{"rendered":"Contact Us"},"content":{"rendered":"<p>[et_pb_section fb_built=&#8221;1&#8243; admin_label=&#8221;section&#8221; _builder_version=&#8221;4.16&#8243; global_colors_info=&#8221;{}&#8221;][et_pb_row admin_label=&#8221;Row&#8221; _builder_version=&#8221;4.16&#8243; background_size=&#8221;initial&#8221; background_position=&#8221;top_left&#8221; background_repeat=&#8221;repeat&#8221; global_colors_info=&#8221;{}&#8221;][et_pb_column type=&#8221;4_4&#8243; _builder_version=&#8221;4.16&#8243; custom_padding=&#8221;|||&#8221; global_colors_info=&#8221;{}&#8221; custom_padding__hover=&#8221;|||&#8221;][et_pb_text admin_label=&#8221;Text&#8221; _builder_version=&#8221;4.16&#8243; background_size=&#8221;initial&#8221; background_position=&#8221;top_left&#8221; background_repeat=&#8221;repeat&#8221; use_border_color=&#8221;off&#8221; border_color=&#8221;#ffffff&#8221; border_style=&#8221;solid&#8221; global_colors_info=&#8221;{}&#8221;]<\/p>\n<h1>Contact Us<\/h1>\n<p>[\/et_pb_text][\/et_pb_column][\/et_pb_row][et_pb_row column_structure=&#8221;1_3,1_3,1_3&#8243; admin_label=&#8221;Row&#8221; _builder_version=&#8221;4.16&#8243; background_size=&#8221;initial&#8221; background_position=&#8221;top_left&#8221; background_repeat=&#8221;repeat&#8221; global_colors_info=&#8221;{}&#8221;][et_pb_column type=&#8221;1_3&#8243; _builder_version=&#8221;4.16&#8243; custom_padding=&#8221;|||&#8221; global_colors_info=&#8221;{}&#8221; custom_padding__hover=&#8221;|||&#8221;][et_pb_text admin_label=&#8221;Text&#8221; _builder_version=&#8221;4.17.1&#8243; background_size=&#8221;initial&#8221; background_position=&#8221;top_left&#8221; background_repeat=&#8221;repeat&#8221; use_border_color=&#8221;off&#8221; border_color=&#8221;#ffffff&#8221; border_style=&#8221;solid&#8221; global_colors_info=&#8221;{}&#8221;]<\/p>\n<h2>Contact information<\/h2>\n<p>Estonian Clinic O\u00dc<br \/>\nLicensed by Ministry of Health L05618, L05619<\/p>\n<p><strong>Phone:<\/strong> (+ 372) 619 0022<br \/>\n<strong>E-mail:<\/strong> info[a]evc.ee<\/p>\n<p>Mon- Fri 09.00-19.00<br \/>\nSat by agreement<br \/>\nSun Closed<\/p>\n<p><strong>Marketing and cooperation:<\/strong><br \/>\n(+ 372) 619 0022<br \/>\nE-mail: info[a]evc.ee[\/et_pb_text][et_pb_social_media_follow _builder_version=&#8221;4.27.6&#8243; _module_preset=&#8221;default&#8221; hover_enabled=&#8221;0&#8243; global_colors_info=&#8221;{}&#8221; sticky_enabled=&#8221;0&#8243;][et_pb_social_media_follow_network social_network=&#8221;facebook&#8221; url=&#8221;https:\/\/www.facebook.com\/EstonianVeinClinic&#8221; _builder_version=&#8221;4.19.5&#8243; _module_preset=&#8221;default&#8221; background_color=&#8221;#3b5998&#8243; global_colors_info=&#8221;{}&#8221; follow_button=&#8221;off&#8221; url_new_window=&#8221;on&#8221;]facebook[\/et_pb_social_media_follow_network][et_pb_social_media_follow_network social_network=&#8221;instagram&#8221; url=&#8221;https:\/\/www.instagram.com\/estonianveinclinic\/&#8221; _builder_version=&#8221;4.19.5&#8243; _module_preset=&#8221;default&#8221; background_color=&#8221;#ea2c59&#8243; global_colors_info=&#8221;{}&#8221; follow_button=&#8221;off&#8221; url_new_window=&#8221;on&#8221;]instagram[\/et_pb_social_media_follow_network][et_pb_social_media_follow_network social_network=&#8221;youtube&#8221; url=&#8221;https:\/\/www.youtube.com\/@estonianveinclinic-evc7893&#8243; _builder_version=&#8221;4.27.6&#8243; _module_preset=&#8221;default&#8221; background_color=&#8221;#a82400&#8243; hover_enabled=&#8221;0&#8243; global_colors_info=&#8221;{}&#8221; follow_button=&#8221;off&#8221; url_new_window=&#8221;on&#8221; sticky_enabled=&#8221;0&#8243;]youtube[\/et_pb_social_media_follow_network][\/et_pb_social_media_follow][\/et_pb_column][et_pb_column type=&#8221;1_3&#8243; _builder_version=&#8221;4.16&#8243; custom_padding=&#8221;|||&#8221; global_colors_info=&#8221;{}&#8221; custom_padding__hover=&#8221;|||&#8221;][et_pb_text disabled_on=&#8221;off|off|off&#8221; admin_label=&#8221;Text&#8221; _builder_version=&#8221;4.27.6&#8243; background_size=&#8221;initial&#8221; background_position=&#8221;top_left&#8221; background_repeat=&#8221;repeat&#8221; hover_enabled=&#8221;0&#8243; use_border_color=&#8221;off&#8221; border_color=&#8221;#ffffff&#8221; border_style=&#8221;solid&#8221; global_colors_info=&#8221;{}&#8221; sticky_enabled=&#8221;0&#8243;]<\/p>\n<h2>How to find us?<\/h2>\n<p>Vesiv\u00e4rava 50, Tallinn 10126, III floor<br \/>\nKadrioru Plaza<\/p>\n<p><strong>NB!<\/strong> Parking at Torupilli Selver is free for 2 hours (with parking clock). There is also paid parking lot Pargi ja Reisi nearby.<\/p>\n<p>Bus stops Vesiv\u00e4rava and Laulupeo.<\/p>\n<p>Busses: 31, 42, 55.<\/p>\n<h3>Tartu<\/h3>\n<p>The consultation will be held at Biokliinik<br \/>\nat Raatuse 86, Tartu<\/p>\n<h3>P\u00e4rnu<\/h3>\n<p>The consultation will be held at Tervis ravispaahotell<br \/>\nat Seedri 6, P\u00e4rnu<\/p>\n<h3>Narva<\/h3>\n<p>The consultation will be held at Promelauks O\u00dc<br \/>\nat Haigla 6, Narva[\/et_pb_text][\/et_pb_column][et_pb_column type=&#8221;1_3&#8243; _builder_version=&#8221;4.16&#8243; custom_padding=&#8221;|||&#8221; global_colors_info=&#8221;{}&#8221; custom_padding__hover=&#8221;|||&#8221;][et_pb_text admin_label=&#8221;Text&#8221; _builder_version=&#8221;4.16&#8243; background_size=&#8221;initial&#8221; background_position=&#8221;top_left&#8221; background_repeat=&#8221;repeat&#8221; use_border_color=&#8221;off&#8221; border_color=&#8221;#ffffff&#8221; border_style=&#8221;solid&#8221; global_colors_info=&#8221;{}&#8221;]<\/p>\n<h2>Write us<\/h2>\n<p>\n<div class=\"wpcf7 no-js\" id=\"wpcf7-f2314-o1\" lang=\"et\" dir=\"ltr\" data-wpcf7-id=\"2314\">\n<div class=\"screen-reader-response\"><p role=\"status\" aria-live=\"polite\" aria-atomic=\"true\"><\/p> <ul><\/ul><\/div>\n<form action=\"\/en\/wp-json\/wp\/v2\/pages\/821#wpcf7-f2314-o1\" method=\"post\" class=\"wpcf7-form init wpcf7-acceptance-as-validation\" aria-label=\"Contact form\" novalidate=\"novalidate\" data-status=\"init\">\n<fieldset class=\"hidden-fields-container\"><input type=\"hidden\" name=\"_wpcf7\" value=\"2314\" \/><input type=\"hidden\" name=\"_wpcf7_version\" value=\"6.1.5\" \/><input type=\"hidden\" name=\"_wpcf7_locale\" value=\"et\" \/><input type=\"hidden\" name=\"_wpcf7_unit_tag\" value=\"wpcf7-f2314-o1\" \/><input type=\"hidden\" name=\"_wpcf7_container_post\" value=\"0\" \/><input type=\"hidden\" name=\"_wpcf7_posted_data_hash\" value=\"\" \/><input type=\"hidden\" name=\"_wpcf7_recaptcha_response\" value=\"\" \/>\n<\/fieldset>\n<p><label> Your name (*required):<br \/>\n<span class=\"wpcf7-form-control-wrap\" data-name=\"your-name\"><input size=\"40\" maxlength=\"400\" class=\"wpcf7-form-control wpcf7-text wpcf7-validates-as-required\" aria-required=\"true\" aria-invalid=\"false\" value=\"\" type=\"text\" name=\"your-name\" \/><\/span> <\/label>\n<\/p>\n<p><label> Your e-mail *:<br \/>\n<span class=\"wpcf7-form-control-wrap\" data-name=\"your-email\"><input size=\"40\" maxlength=\"400\" class=\"wpcf7-form-control wpcf7-email wpcf7-validates-as-required wpcf7-text wpcf7-validates-as-email\" aria-required=\"true\" aria-invalid=\"false\" value=\"\" type=\"email\" name=\"your-email\" \/><\/span> <\/label>\n<\/p>\n<p><label> Your phone:<br \/>\n<span class=\"wpcf7-form-control-wrap\" data-name=\"tel-118\"><input size=\"40\" maxlength=\"400\" class=\"wpcf7-form-control wpcf7-tel wpcf7-text wpcf7-validates-as-tel\" aria-invalid=\"false\" value=\"\" type=\"tel\" name=\"tel-118\" \/><\/span><\/label>\n<\/p>\n<p><label> Message<br \/>\n<span class=\"wpcf7-form-control-wrap\" data-name=\"your-message\"><textarea cols=\"40\" rows=\"3\" maxlength=\"2000\" class=\"wpcf7-form-control wpcf7-textarea\" aria-invalid=\"false\" name=\"your-message\"><\/textarea><\/span> <\/label>\n<\/p>\n<p style=\"line-height: 1em; padding-bottom: 1em;\"><span class=\"wpcf7-form-control-wrap\" data-name=\"acceptance-12\"><span class=\"wpcf7-form-control wpcf7-acceptance\"><span class=\"wpcf7-list-item\"><label><input type=\"checkbox\" name=\"acceptance-12\" value=\"1\" checked=\"checked\" class=\"littleFont withMarin\" aria-invalid=\"false\" \/><span class=\"wpcf7-list-item-label\">Annan EVC n\u00f5usoleku enda isikuandmete t\u00f6\u00f6tlemiseks*<\/span><\/label><\/span><\/span><\/span><br \/>\n(<a  class=\"littleFont\" href=\"https:\/\/evc.ee\/en\/procedure-for-customer-data-processing\/\" target=\"_blank\">Lisateave isikuandmete t\u00f6\u00f6tlemise kohta<\/a>)\n<\/p>\n<p><input class=\"wpcf7-form-control wpcf7-submit has-spinner\" type=\"submit\" value=\"Send\" \/>\n<\/p><p style=\"display: none !important;\" class=\"akismet-fields-container\" data-prefix=\"_wpcf7_ak_\"><label>&#916;<textarea name=\"_wpcf7_ak_hp_textarea\" cols=\"45\" rows=\"8\" maxlength=\"100\"><\/textarea><\/label><input type=\"hidden\" id=\"ak_js_1\" name=\"_wpcf7_ak_js\" value=\"107\"\/><script>document.getElementById( \"ak_js_1\" ).setAttribute( \"value\", ( new Date() ).getTime() );<\/script><\/p><input type='hidden' class='wpcf7-pum' value='{\"closepopup\":false,\"closedelay\":0,\"openpopup\":false,\"openpopup_id\":0}' \/><div class=\"wpcf7-response-output\" aria-hidden=\"true\"><\/div>\n<\/form>\n<\/div>\n<br \/>\n[\/et_pb_text][\/et_pb_column][\/et_pb_row][et_pb_row column_structure=&#8221;1_2,1_2&#8243; admin_label=&#8221;Row&#8221; _builder_version=&#8221;4.16&#8243; background_size=&#8221;initial&#8221; background_position=&#8221;top_left&#8221; background_repeat=&#8221;repeat&#8221; global_colors_info=&#8221;{}&#8221;][et_pb_column type=&#8221;1_2&#8243; _builder_version=&#8221;4.16&#8243; custom_padding=&#8221;|||&#8221; global_colors_info=&#8221;{}&#8221; custom_padding__hover=&#8221;|||&#8221;][et_pb_video src=&#8221;https:\/\/www.youtube.com\/watch?v=djUqJJvI4tg&#8221; disabled_on=&#8221;off|off|off&#8221; _builder_version=&#8221;4.16&#8243; _module_preset=&#8221;default&#8221; global_colors_info=&#8221;{}&#8221;][\/et_pb_video][\/et_pb_column][et_pb_column type=&#8221;1_2&#8243; _builder_version=&#8221;4.16&#8243; custom_padding=&#8221;|||&#8221; global_colors_info=&#8221;{}&#8221; custom_padding__hover=&#8221;|||&#8221;][et_pb_code _builder_version=&#8221;4.19.5&#8243; _module_preset=&#8221;default&#8221; global_colors_info=&#8221;{}&#8221;]<iframe onClick=\"style.pointerEvents='none'\" src=\"https:\/\/www.google.com\/maps\/embed?pb=!1m18!1m12!1m3!1d1014.5111753231783!2d24.778521857383954!3d59.43270178169509!2m3!1f0!2f0!3f0!3m2!1i1024!2i768!4f13.1!3m3!1m2!1s0x4692935bc0e29e97%3A0xcdae936cbb36fed!2sEstonian%20Vein%20Clinic%20-%20EVC!5e0!3m2!1sen!2see!4v1678099174935!5m2!1sen!2see\" width=\"100%\" height=\"330\" style=\"border:0;\" allowfullscreen=\"\" loading=\"lazy\" referrerpolicy=\"no-referrer-when-downgrade\"><\/iframe>[\/et_pb_code][\/et_pb_column][\/et_pb_row][\/et_pb_section]<\/p>\n","protected":false},"excerpt":{"rendered":"<p>Contact Us Contact information Estonian Clinic O\u00dc Licensed by Ministry of Health L05618, L05619 Phone: (+ 372) 619 0022 E-mail: info[a]evc.ee Mon- Fri 09.00-19.00 Sat by agreement Sun Closed Marketing and cooperation: (+ 372) 619 0022 E-mail: info[a]evc.eeHow to find us? Vesiv\u00e4rava 50, Tallinn 10126, III floor Kadrioru Plaza NB! Parking at Torupilli Selver is [&hellip;]<\/p>\n","protected":false},"author":2,"featured_media":0,"parent":0,"menu_order":0,"comment_status":"open","ping_status":"closed","template":"","meta":{"_et_pb_use_builder":"on","_et_pb_old_content":"<h4>\u041a\u0430\u043a \u043d\u0430\u0441 \u043d\u0430\u0439\u0442\u0438<\/h4>\r\n<h4>Estonian Vein Clinic<\/h4>\r\n<p><strong>Estonian Clinic O\u00dc<br \/><\/strong>\u041b\u0438\u0446\u0435\u043d\u0437\u0438\u044f \u041c\u0438\u043d\u0438\u0441\u0442\u0435\u0440\u0441\u0442\u0432\u0430 \u0417\u0434\u0440\u0430\u0432\u043e\u043e\u0445\u0440\u0430\u043d\u0435\u043d\u0438\u044f nr.\u00a0L03767<strong><br \/><\/strong><\/p>\r\n<p>\u041c\u044b \u043d\u0430\u0445\u043e\u0434\u0438\u043c\u0441\u044f \u043f\u043e \u0430\u0434\u0440\u0435\u0441\u0443:<br \/> \u0443\u043b. Raua 32, \u0422\u0430\u043b\u043b\u0438\u043d\u043d 10152<\/p>\r\n<p><strong>\u0422\u0435\u043b. \u0430\u0434\u043c\u0438\u043d\u0438\u0441\u0442\u0440\u0430\u0442\u043e\u0440\u0430: (+ 372) 619 0020 \u0441 9.00 \u0434\u043e 18.00<\/strong><br \/> <strong>E-mail:<\/strong> info[a]evc.ee<\/p>\r\n<p>\u0412\u0440\u0435\u043c\u044f \u0440\u0430\u0431\u043e\u0442\u044b: \u041f\u043d \u2013 \u041f\u0442 09.00-19.00<br \/> \u0412 \u0441\u0443\u0431\u0431\u043e\u0442\u0443 c 10.00 \u0434\u043e 15.00<\/p>\r\n<p><strong>\u0412\u043e\u043f\u0440\u043e\u0441\u044b \u043f\u043e \u0440\u0435\u043a\u043b\u0430\u043c\u0435:<\/strong> <br \/>\u0417\u043e\u044f \u041b\u0438\u0445\u0430\u0447e\u0432\u0430<br \/>(+372) 5 5698 200<br \/> E-mail: info [a] evc.ee<\/p>\r\n<p><strong>NB! \u041f\u0430\u0440\u043a\u043e\u0432\u043a\u0430<\/strong> \u2013 \u043f\u0435\u0440\u0435\u0434 \u0434\u043e\u043c\u043e\u043c \u041d\u0410 \u0422\u0420\u041e\u0422\u0423\u0410\u0420\u0415 \u0435\u0441\u0442\u044c 4 \u0431\u0435\u0441\u043f\u043b\u0430\u0442\u043d\u044b\u0445 \u043f\u0430\u0440\u043a\u043e\u0432\u043e\u0447\u043d\u044b\u0445 \u043c\u0435\u0441\u0442\u0430. <strong>\u0412\u0434\u043e\u043b\u044c \u0443\u043b\u0438\u0446\u044b \u0420\u0430\u0443\u0430<\/strong> \u043c\u043e\u0436\u043d\u043e \u043f\u0430\u0440\u043a\u043e\u0432\u0430\u0442\u044c\u0441\u044f \u043f\u043e \u0442\u0430\u0440\u0438\u0444\u0443 \u00abKesklinn\u00bb.<\/p>\r\n<p>\u041e\u0441\u0442\u0430\u043d\u043e\u0432\u043a\u0438 \u0430\u0432\u0442\u043e\u0431\u0443\u0441\u043e\u0432 Kreutzwaldi \u0438\u043b\u0438 Uus-Sadama<\/p>\r\n<p>\u0410\u0432\u0442\u043e\u0431\u0443\u0441\u044b: 19, 29, 35, 44, 51, 60, 63, 209, 1\u0410, 5, 8, 34\u0410, 38, 260<\/p>\r\n<p>\u041e\u0441\u0442\u0430\u043d\u043e\u0432\u043a\u0430 \u0442\u0440\u0430\u043c\u0432\u0430\u044f L.Koidula<br \/> \u041d\u043e\u043c\u0435\u0440\u0430: 1 \u0438 3<\/p>\r\n<p><strong>\u041d\u0430\u0439\u0434\u0438\u0442\u0435 \u043d\u0430\u0441 \u043d\u0430 \u043a\u0430\u0440\u0442\u0435 <a href=\"https:\/\/maps.google.com\/maps?q=Raua+32,+Tallinn,+Tallinna+linn,+Estonia&hl=en&ll=59.437526,24.774417&spn=0.003682,0.013078&sll=37.0625,-95.677068&sspn=46.677964,107.138672&oq=Raua+32+&hnear=Raua+32,+10152+Tallinn,+Estonia&t=m&z=17\" target=\"_blank\">\u0417\u0414\u0415\u0421\u042c<\/a>:<\/strong><\/p>\r\n<p><iframe src=\"https:\/\/maps.google.com\/maps?f=q&source=s_q&hl=ru&geocode=&q=vipMedicum++&aq=&sll=59.471693,24.738241&sspn=0.596434,2.113495&ie=UTF8&hq=vipMedicum&hnear=&t=m&ll=59.437875,24.774942&spn=0.006546,0.027466&z=15&output=embed\" height=\"300\" width=\"640\" frameborder=\"0\" marginwidth=\"0\" marginheight=\"0\" scrolling=\"no\"><\/iframe><\/p>","_et_gb_content_width":"","footnotes":""},"dipi_cpt_category":[],"class_list":["post-821","page","type-page","status-publish","hentry"],"_links":{"self":[{"href":"https:\/\/evc.ee\/en\/wp-json\/wp\/v2\/pages\/821","targetHints":{"allow":["GET"]}}],"collection":[{"href":"https:\/\/evc.ee\/en\/wp-json\/wp\/v2\/pages"}],"about":[{"href":"https:\/\/evc.ee\/en\/wp-json\/wp\/v2\/types\/page"}],"author":[{"embeddable":true,"href":"https:\/\/evc.ee\/en\/wp-json\/wp\/v2\/users\/2"}],"replies":[{"embeddable":true,"href":"https:\/\/evc.ee\/en\/wp-json\/wp\/v2\/comments?post=821"}],"version-history":[{"count":4,"href":"https:\/\/evc.ee\/en\/wp-json\/wp\/v2\/pages\/821\/revisions"}],"predecessor-version":[{"id":18276,"href":"https:\/\/evc.ee\/en\/wp-json\/wp\/v2\/pages\/821\/revisions\/18276"}],"wp:attachment":[{"href":"https:\/\/evc.ee\/en\/wp-json\/wp\/v2\/media?parent=821"}],"wp:term":[{"taxonomy":"dipi_cpt_category","embeddable":true,"href":"https:\/\/evc.ee\/en\/wp-json\/wp\/v2\/dipi_cpt_category?post=821"}],"curies":[{"name":"wp","href":"https:\/\/api.w.org\/{rel}","templated":true}]}}