{"id":811,"date":"2016-10-14T14:17:13","date_gmt":"2016-10-14T12:17:13","guid":{"rendered":"https:\/\/evc.ee\/?page_id=811"},"modified":"2026-03-06T16:08:00","modified_gmt":"2026-03-06T13:08:00","slug":"diagnosis","status":"publish","type":"page","link":"https:\/\/evc.ee\/en\/diagnosis\/","title":{"rendered":"Diagnosis"},"content":{"rendered":"<p>[et_pb_section fb_built=&#8221;1&#8243; fullwidth=&#8221;on&#8221; admin_label=&#8221;Header&#8221; _builder_version=&#8221;4.16&#8243; background_image=&#8221;https:\/\/evc.ee\/wp-content\/uploads\/2016\/10\/diagnostika.jpg&#8221; custom_padding=&#8221;100px||100px|&#8221; global_colors_info=&#8221;{}&#8221;][et_pb_fullwidth_header title=&#8221;Diagnosis&#8221; subhead=&#8221;Good results rely on accurate diagnostics&#8221; button_one_text=&#8221;Read more&#8221; button_one_url=&#8221;#more&#8221; button_two_text=&#8221;Book&#8221; button_two_url=&#8221;#broneeri&#8221; _builder_version=&#8221;4.27.6&#8243; title_font=&#8221;|on|||&#8221; background_color=&#8221;rgba(255, 255, 255, 0)&#8221; custom_button_one=&#8221;on&#8221; button_one_text_color=&#8221;#97cc06&#8243; button_one_bg_color=&#8221;#ffffff&#8221; button_one_border_color=&#8221;#97cc06&#8243; button_one_icon_color=&#8221;#97cc06&#8243; custom_button_two=&#8221;on&#8221; button_two_text_color=&#8221;#ffffff&#8221; button_two_bg_color=&#8221;#97cc06&#8243; button_two_border_color=&#8221;#97cc06&#8243; button_two_icon_color=&#8221;#ffffff&#8221; background_layout=&#8221;light&#8221; max_width_tablet=&#8221;50px&#8221; hover_enabled=&#8221;0&#8243; button_one_text_color_hover=&#8221;#97cc06&#8243; button_two_text_color_hover=&#8221;#ffffff&#8221; button_one_border_color_hover=&#8221;#97cc06&#8243; button_two_border_color_hover=&#8221;#97cc06&#8243; button_one_letter_spacing_hover=&#8221;0&#8243; button_two_letter_spacing_hover=&#8221;0&#8243; button_one_bg_color_hover=&#8221;#ffffff&#8221; button_two_bg_color_hover=&#8221;#97cc06&#8243; global_colors_info=&#8221;{}&#8221; button_one_text_size__hover_enabled=&#8221;off&#8221; button_two_text_size__hover_enabled=&#8221;off&#8221; button_one_text_color__hover_enabled=&#8221;on&#8221; button_one_text_color__hover=&#8221;#97cc06&#8243; button_two_text_color__hover_enabled=&#8221;on&#8221; button_two_text_color__hover=&#8221;#ffffff&#8221; button_one_border_width__hover_enabled=&#8221;off&#8221; button_two_border_width__hover_enabled=&#8221;off&#8221; button_one_border_color__hover_enabled=&#8221;on&#8221; button_one_border_color__hover=&#8221;#97cc06&#8243; button_two_border_color__hover_enabled=&#8221;on&#8221; button_two_border_color__hover=&#8221;#97cc06&#8243; button_one_border_radius__hover_enabled=&#8221;off&#8221; button_two_border_radius__hover_enabled=&#8221;off&#8221; button_one_letter_spacing__hover_enabled=&#8221;on&#8221; button_one_letter_spacing__hover=&#8221;0&#8243; button_two_letter_spacing__hover_enabled=&#8221;on&#8221; button_two_letter_spacing__hover=&#8221;0&#8243; button_one_bg_color__hover_enabled=&#8221;on&#8221; button_one_bg_color__hover=&#8221;#ffffff&#8221; button_two_bg_color__hover_enabled=&#8221;on&#8221; button_two_bg_color__hover=&#8221;#97cc06&#8243; subhead_font_size=&#8221;20px&#8221; sticky_enabled=&#8221;0&#8243;][\/et_pb_fullwidth_header][\/et_pb_section][et_pb_section fb_built=&#8221;1&#8243; admin_label=&#8221;section&#8221; module_id=&#8221;more&#8221; _builder_version=&#8221;4.16&#8243; global_colors_info=&#8221;{}&#8221;][et_pb_row admin_label=&#8221;row&#8221; _builder_version=&#8221;4.16&#8243; background_size=&#8221;initial&#8221; background_position=&#8221;top_left&#8221; background_repeat=&#8221;repeat&#8221; global_colors_info=&#8221;{}&#8221; column_structure=&#8221;1_2,1_2&#8243;][et_pb_column type=&#8221;1_2&#8243; _builder_version=&#8221;4.16&#8243; custom_padding=&#8221;|||&#8221; global_colors_info=&#8221;{}&#8221; custom_padding__hover=&#8221;|||&#8221;][et_pb_text _builder_version=&#8221;4.27.6&#8243; module_alignment=&#8221;left&#8221; hover_enabled=&#8221;0&#8243; border_style=&#8221;solid&#8221; global_colors_info=&#8221;{}&#8221; sticky_enabled=&#8221;0&#8243;]<\/p>\n<h2>How are varicose veins diagnosed?<\/h2>\n<p>Varicose veins can cause a number of symptoms in the feet \u2013 heaviness and swelling after a longer period of standing, pain, itching, tingling, cramps. Varicose veins don\u2019t always show \u2013 the superficial venous system may be insufficient event without visible varicose veins. Therefore, it\u2019s not enough just to have the legs seen by a doctor \u2013 more precise examinations are needed.<\/p>\n<p>According to the latest guidelines on the management of varicose veins (e.g. <a href=\"https:\/\/www.nice.org.uk\/guidance\/cg168\" target=\"_blank\" rel=\"nofollow noopener\">the Nice guideline<\/a>) the golden standard of examination is the Duplex ultrasound scan.<\/p>\n<p>An overview of the veins of the patient\u2019s legs is obtained with the help of ultrasound. Ultrasound is completely harmless for the patient. No needles or radiation is used during the examination. Basically it\u2019s the same type of examination that\u2019s used for surveillance of babies during pregnancy.<br \/>\n[\/et_pb_text][\/et_pb_column][et_pb_column type=&#8221;1_2&#8243; _builder_version=&#8221;4.16&#8243; custom_padding=&#8221;|||&#8221; global_colors_info=&#8221;{}&#8221; custom_padding__hover=&#8221;|||&#8221;][et_pb_video src=&#8221;https:\/\/www.youtube.com\/watch?v=rIPqtv2AXog&#8221; image_src=&#8221;\/\/i.ytimg.com\/vi\/rIPqtv2AXog\/hqdefault.jpg&#8221; _builder_version=&#8221;4.16&#8243; global_colors_info=&#8221;{}&#8221;][\/et_pb_video][\/et_pb_column][\/et_pb_row][et_pb_row admin_label=&#8221;row&#8221; _builder_version=&#8221;4.16&#8243; background_size=&#8221;initial&#8221; background_position=&#8221;top_left&#8221; background_repeat=&#8221;repeat&#8221; global_colors_info=&#8221;{}&#8221; column_structure=&#8221;1_2,1_2&#8243;][et_pb_column type=&#8221;1_2&#8243; _builder_version=&#8221;4.16&#8243; custom_padding=&#8221;|||&#8221; global_colors_info=&#8221;{}&#8221; custom_padding__hover=&#8221;|||&#8221;][et_pb_image src=&#8221;https:\/\/evc.ee\/wp-content\/uploads\/2018\/07\/DSC_2354.jpg&#8221; align_tablet=&#8221;center&#8221; align_last_edited=&#8221;on|desktop&#8221; _builder_version=&#8221;4.16&#8243; always_center_on_mobile=&#8221;on&#8221; global_colors_info=&#8221;{}&#8221; align_phone=&#8221;center&#8221;][\/et_pb_image][\/et_pb_column][et_pb_column type=&#8221;1_2&#8243; _builder_version=&#8221;4.16&#8243; custom_padding=&#8221;|||&#8221; global_colors_info=&#8221;{}&#8221; custom_padding__hover=&#8221;|||&#8221;][et_pb_text _builder_version=&#8221;4.16&#8243; module_alignment=&#8221;left&#8221; border_style=&#8221;solid&#8221; global_colors_info=&#8221;{}&#8221;]During the Duplex scan all the superficial veins are measured and their function evaluated. Also all the insufficient perforators are mapped. Deep veins are checked as well to exclude any thrombosis or other abnormalities. The Duplex scan gives a precise map of where and why do varicose veins arise from.<\/p>\n<p>The examination takes about 15-20 minutes. During the scan the patient stands on a special podium. The doctor applies a small amount of gel on the leg and uses light calf-squeezes to evaluate the patient\u2019s veins. Both legs are examined from the ankle to the groin, from the front and back.<\/p>\n<p>The result is a detailed map of the patient\u2019s legs which serves as a guide for planning the operation. An optimal plan is then made taking into account patient\u2019s personal preferences.<br \/>\n[\/et_pb_text][\/et_pb_column][\/et_pb_row][\/et_pb_section][et_pb_section fb_built=&#8221;1&#8243; _builder_version=&#8221;4.16&#8243; transparent_background=&#8221;off&#8221; make_fullwidth=&#8221;off&#8221; use_custom_width=&#8221;off&#8221; width_unit=&#8221;on&#8221; global_colors_info=&#8221;{}&#8221;][et_pb_row _builder_version=&#8221;4.16&#8243; background_size=&#8221;initial&#8221; background_position=&#8221;top_left&#8221; background_repeat=&#8221;repeat&#8221; global_colors_info=&#8221;{}&#8221; column_structure=&#8221;1_2,1_2&#8243;][et_pb_column type=&#8221;1_2&#8243; _builder_version=&#8221;4.16&#8243; custom_padding=&#8221;|||&#8221; global_colors_info=&#8221;{}&#8221; custom_padding__hover=&#8221;|||&#8221;][et_pb_text admin_label=&#8221;Registeration cf7&#8243; module_id=&#8221;broneeri&#8221; _builder_version=&#8221;4.16&#8243; text_font=&#8221;||||&#8221; text_font_size=&#8221;14&#8243; header_font=&#8221;||||&#8221; background_size=&#8221;initial&#8221; background_position=&#8221;top_left&#8221; background_repeat=&#8221;repeat&#8221; max_width=&#8221;100%&#8221; max_width_tablet=&#8221;100%&#8221; max_width_phone=&#8221;100%&#8221; module_alignment=&#8221;left&#8221; text_font_size_tablet=&#8221;14&#8243; text_font_size_phone=&#8221;14&#8243; text_letter_spacing_tablet=&#8221;0px&#8221; text_letter_spacing_phone=&#8221;0px&#8221; text_line_height_tablet=&#8221;1.7em&#8221; text_line_height_phone=&#8221;1.7em&#8221; header_font_size_tablet=&#8221;30px&#8221; header_font_size_phone=&#8221;30px&#8221; header_letter_spacing_tablet=&#8221;0px&#8221; header_letter_spacing_phone=&#8221;0px&#8221; header_line_height_tablet=&#8221;1em&#8221; header_line_height_phone=&#8221;1em&#8221; use_border_color=&#8221;off&#8221; border_color=&#8221;#ffffff&#8221; border_width=&#8221;1px&#8221; border_style=&#8221;solid&#8221; global_module=&#8221;3453&#8243; saved_tabs=&#8221;all&#8221; global_colors_info=&#8221;{}&#8221;]<\/p>\n\n<div class=\"wpcf7 no-js\" id=\"wpcf7-f1775-o1\" lang=\"et\" dir=\"ltr\" data-wpcf7-id=\"1775\">\n<div class=\"screen-reader-response\"><p role=\"status\" aria-live=\"polite\" aria-atomic=\"true\"><\/p> <ul><\/ul><\/div>\n<form action=\"\/en\/wp-json\/wp\/v2\/pages\/811#wpcf7-f1775-o1\" method=\"post\" class=\"wpcf7-form init wpcf7-acceptance-as-validation\" aria-label=\"Contact form\" novalidate=\"novalidate\" data-status=\"init\">\n<fieldset class=\"hidden-fields-container\"><input type=\"hidden\" name=\"_wpcf7\" value=\"1775\" \/><input type=\"hidden\" name=\"_wpcf7_version\" value=\"6.1.5\" \/><input type=\"hidden\" name=\"_wpcf7_locale\" value=\"et\" \/><input type=\"hidden\" name=\"_wpcf7_unit_tag\" value=\"wpcf7-f1775-o1\" \/><input type=\"hidden\" name=\"_wpcf7_container_post\" value=\"0\" \/><input type=\"hidden\" name=\"_wpcf7_posted_data_hash\" value=\"\" \/><input type=\"hidden\" name=\"_wpcf7_recaptcha_response\" value=\"\" \/>\n<\/fieldset>\n<p><label> Your name (*required):<br \/>\n<span class=\"wpcf7-form-control-wrap\" data-name=\"your-name\"><input size=\"40\" maxlength=\"400\" class=\"wpcf7-form-control wpcf7-text wpcf7-validates-as-required\" aria-required=\"true\" aria-invalid=\"false\" value=\"\" type=\"text\" name=\"your-name\" \/><\/span> <\/label>\n<\/p>\n<p><label> Your surename (*required):<br \/>\n<span class=\"wpcf7-form-control-wrap\" data-name=\"your-surename\"><input size=\"40\" maxlength=\"400\" class=\"wpcf7-form-control wpcf7-text wpcf7-validates-as-required\" aria-required=\"true\" aria-invalid=\"false\" value=\"\" type=\"text\" name=\"your-surename\" \/><\/span> <\/label>\n<\/p>\n<p><label> Your e-mail *:<br \/>\n<span class=\"wpcf7-form-control-wrap\" data-name=\"your-email\"><input size=\"40\" maxlength=\"400\" class=\"wpcf7-form-control wpcf7-email wpcf7-validates-as-required wpcf7-text wpcf7-validates-as-email\" aria-required=\"true\" aria-invalid=\"false\" value=\"\" type=\"email\" name=\"your-email\" \/><\/span> <\/label>\n<\/p>\n<p><label> Your phone *:<br \/>\n<span class=\"wpcf7-form-control-wrap\" data-name=\"tel-118\"><input size=\"40\" maxlength=\"400\" class=\"wpcf7-form-control wpcf7-tel wpcf7-validates-as-required wpcf7-text wpcf7-validates-as-tel\" aria-required=\"true\" aria-invalid=\"false\" value=\"\" type=\"tel\" name=\"tel-118\" \/><\/span><\/label>\n<\/p>\n<p><span class=\"wpcf7-form-control-wrap\" data-name=\"menu-776\"><select class=\"wpcf7-form-control wpcf7-select wpcf7-validates-as-required\" aria-required=\"true\" aria-invalid=\"false\" name=\"menu-776\"><option value=\"Flebologist\u2019s consultation + ultrasonic diagnostics - 120\u20ac\">Flebologist\u2019s consultation + ultrasonic diagnostics - 120\u20ac<\/option><\/select><\/span>\n<\/p>\n<p><label> Choose appropriate date *<br \/>\n<span class=\"wpcf7-form-control-wrap\" data-name=\"text-410\"><input size=\"40\" maxlength=\"400\" class=\"wpcf7-form-control wpcf7-text wpcf7-validates-as-required walcf7-datepicker\" aria-required=\"true\" aria-invalid=\"false\" value=\"\" type=\"text\" name=\"text-410\" \/><\/span><\/label>\n<\/p>\n<p><label> Message<br \/>\n<span class=\"wpcf7-form-control-wrap\" data-name=\"your-message\"><textarea cols=\"40\" rows=\"3\" maxlength=\"2000\" class=\"wpcf7-form-control wpcf7-textarea\" aria-invalid=\"false\" name=\"your-message\"><\/textarea><\/span> <\/label>\n<\/p>\n<p style=\"line-height: 1em; padding-bottom: 1em;\"><span class=\"wpcf7-form-control-wrap\" data-name=\"acceptance-12\"><span class=\"wpcf7-form-control wpcf7-acceptance\"><span class=\"wpcf7-list-item\"><label><input type=\"checkbox\" name=\"acceptance-12\" value=\"1\" checked=\"checked\" class=\"littleFont withMarin\" aria-invalid=\"false\" \/><span class=\"wpcf7-list-item-label\">Annan EVC n\u00f5usoleku enda isikuandmete t\u00f6\u00f6tlemiseks*<\/span><\/label><\/span><\/span><\/span><br \/>\n(<a class=\"littleFont\" href=\"https:\/\/evc.ee\/en\/procedure-for-customer-data-processing\/\" target=\"_blank\">Lisateave isikuandmete t\u00f6\u00f6tlemise kohta<\/a>)\n<\/p>\n<p><input class=\"wpcf7-form-control wpcf7-submit has-spinner\" type=\"submit\" value=\"Book\" \/>\n<\/p><p style=\"display: none !important;\" class=\"akismet-fields-container\" data-prefix=\"_wpcf7_ak_\"><label>&#916;<textarea name=\"_wpcf7_ak_hp_textarea\" cols=\"45\" rows=\"8\" maxlength=\"100\"><\/textarea><\/label><input type=\"hidden\" id=\"ak_js_1\" name=\"_wpcf7_ak_js\" value=\"215\"\/><script>document.getElementById( \"ak_js_1\" ).setAttribute( \"value\", ( new Date() ).getTime() );<\/script><\/p><input type='hidden' class='wpcf7-pum' value='{\"closepopup\":false,\"closedelay\":0,\"openpopup\":false,\"openpopup_id\":0}' \/><div class=\"wpcf7-response-output\" aria-hidden=\"true\"><\/div>\n<\/form>\n<\/div>\n\n<p>[\/et_pb_text][\/et_pb_column][et_pb_column type=&#8221;1_2&#8243; _builder_version=&#8221;4.16&#8243; custom_padding=&#8221;|||&#8221; global_colors_info=&#8221;{}&#8221; custom_padding__hover=&#8221;|||&#8221;][et_pb_text admin_label=&#8221;Administrator en&#8221; _builder_version=&#8221;4.26.0&#8243; text_font=&#8221;||||&#8221; header_font=&#8221;||||&#8221; background_size=&#8221;initial&#8221; background_position=&#8221;top_left&#8221; background_repeat=&#8221;repeat&#8221; max_width=&#8221;100%&#8221; max_width_tablet=&#8221;100%&#8221; max_width_phone=&#8221;100%&#8221; module_alignment=&#8221;left&#8221; text_font_size_tablet=&#8221;14&#8243; text_font_size_phone=&#8221;14&#8243; text_letter_spacing_tablet=&#8221;0px&#8221; text_letter_spacing_phone=&#8221;0px&#8221; text_line_height_tablet=&#8221;1.7em&#8221; text_line_height_phone=&#8221;1.7em&#8221; header_font_size_tablet=&#8221;30px&#8221; header_font_size_phone=&#8221;30px&#8221; header_letter_spacing_tablet=&#8221;0px&#8221; header_letter_spacing_phone=&#8221;0px&#8221; header_line_height_tablet=&#8221;1em&#8221; header_line_height_phone=&#8221;1em&#8221; use_border_color=&#8221;off&#8221; border_color=&#8221;#ffffff&#8221; border_width=&#8221;1px&#8221; border_style=&#8221;solid&#8221; global_module=&#8221;3455&#8243; saved_tabs=&#8221;all&#8221; global_colors_info=&#8221;{}&#8221;]<\/p>\n<p style=\"text-align: center;\"><img loading=\"lazy\" decoding=\"async\" class=\"aligncenter size-full wp-image-8312 round\" src=\"https:\/\/evc.ee\/wp-content\/uploads\/2017\/07\/admin-img.png\" width=\"190\" height=\"190\" alt=\"-\"><\/p>\n<p style=\"text-align: center;\">Administrator<\/p>\n<p style=\"text-align: center;\">Alternatively, you can call us:<br \/><strong>+372<\/strong> <strong>619 0022<\/strong>.<\/p>\n<p>[\/et_pb_text][\/et_pb_column][\/et_pb_row][\/et_pb_section]<\/p>\n","protected":false},"excerpt":{"rendered":"<p>How are varicose veins diagnosed? Varicose veins can cause a number of symptoms in the feet \u2013 heaviness and swelling after a longer period of standing, pain, itching, tingling, cramps. Varicose veins don\u2019t always show \u2013 the superficial venous system may be insufficient event without visible varicose veins. Therefore, it\u2019s not enough just to have [&hellip;]<\/p>\n","protected":false},"author":2,"featured_media":0,"parent":0,"menu_order":0,"comment_status":"open","ping_status":"closed","template":"","meta":{"_et_pb_use_builder":"on","_et_pb_old_content":"<p><b>\u041a\u0430\u0436\u0434\u043e\u043c\u0443 \u0431\u044b\u043b\u043e \u0431\u044b \u0436\u0435\u043b\u0430\u0442\u0435\u043b\u044c\u043d\u043e \u0440\u0430\u0437 \u0432 \u0433\u043e\u0434 \u043f\u0440\u043e\u0432\u0435\u0440\u044f\u0442\u044c \u0437\u0434\u043e\u0440\u043e\u0432\u044c\u0435 \u0441\u0432\u043e\u0438\u0445 \u0432\u0435\u043d. \u041e\u0441\u043e\u0431\u0435\u043d\u043d\u043e, \u0435\u0441\u043b\u0438:<\/b><\/p><ul><li>\u0435\u0441\u0442\u044c \u0433\u0435\u043d\u0435\u0442\u0438\u0447\u0435\u0441\u043a\u043e\u0435 \u043e\u0442\u043a\u043b\u043e\u043d\u0435\u043d\u0438\u0435,<\/li><li>\u0435\u0441\u043b\u0438 \u043f\u0440\u0438\u043c\u0435\u043d\u044f\u0435\u0442\u0441\u044f \u0433\u043e\u0440\u043c\u043e\u043d\u0430\u043b\u044c\u043d\u0430\u044f \u043a\u043e\u043d\u0442\u0440\u0430\u0446\u0435\u043f\u0446\u0438\u044f,<\/li><li>\u0412\u043e \u0432\u0440\u0435\u043c\u044f \u0431\u0435\u0440\u0435\u043c\u0435\u043d\u043d\u043e\u0441\u0442\u0438, \u043f\u043e\u0441\u043a\u043e\u043b\u044c\u043a\u0443 \u043f\u043e\u0432\u044b\u0448\u0430\u0435\u0442\u0441\u044f \u0440\u0438\u0441\u043a \u0432\u043e\u0437\u043d\u0438\u043a\u043d\u043e\u0432\u0435\u043d\u0438\u044f \u0440\u0430\u0441\u0448\u0438\u0440\u0435\u043d\u043d\u044b\u0445 \u0432\u0435\u043d,<\/li><li>\u0421\u0442\u043e\u044f\u0447\u0430\u044f, \u0441\u0438\u0434\u044f\u0447\u0430\u044f \u0440\u0430\u0431\u043e\u0442\u0430,<\/li><li>\u041f\u043e\u0441\u0442\u043e\u044f\u043d\u043d\u043e\u0435 \u043d\u0430\u0445\u043e\u0436\u0434\u0435\u043d\u0438\u0435 \u0432 \u0443\u0441\u043b\u043e\u0432\u0438\u044f\u0445 \u0436\u0430\u0440\u044b,<\/li><li>\u041b\u0438\u0448\u043d\u0438\u0439 \u0432\u0435\u0441 \u043f\u0440\u043e\u0432\u043e\u0446\u0438\u0440\u0443\u0435\u0442 \u0432\u0430\u0440\u0438\u043a\u043e\u0437 \u0432\u0435\u043d (\u0437\u0430\u0442\u0440\u0443\u0434\u043d\u0435\u043d\u00a0 \u043e\u0442\u0442\u043e\u043a \u0432\u0435\u043d\u043e\u0437\u043d\u043e\u0439 \u043a\u0440\u043e\u0432\u0438, \u0432 \u0440\u0435\u0437\u0443\u043b\u044c\u0442\u0430\u0442\u0435 \u0447\u0435\u0433\u043e \u043f\u043e\u044f\u0432\u043b\u044f\u0435\u0442\u0441\u044f \u0432\u0435\u043d\u043e\u0437\u043d\u044b\u0439 \u0437\u0430\u0441\u0442\u043e\u0439),<\/li><li>\u041f\u0440\u0438 \u0445\u043e\u0434\u044c\u0431\u0435 \u043d\u0430 \u0432\u044b\u0441\u043e\u043a\u0438\u0445 \u043a\u0430\u0431\u043b\u0443\u043a\u0430\u0445 \u043d\u0430\u0442\u044f\u0433\u0438\u0432\u0430\u0435\u0442\u0441\u044f \u0438\u043a\u0440\u043e\u043d\u043e\u0436\u043d\u0430\u044f \u043c\u044b\u0448\u0446\u0430, \u0432 \u0441\u0432\u044f\u0437\u0438 \u0441 \u0447\u0435\u043c \u0441\u043e\u0437\u0434\u0430\u0435\u0442\u0441\u044f \u00ab\u0431\u043b\u0430\u0433\u043e\u043f\u0440\u0438\u044f\u0442\u043d\u0430\u044f \u0441\u0440\u0435\u0434\u0430\u00bb \u0434\u043b\u044f \u0432\u0430\u0440\u0438\u043a\u043e\u0437\u0430 \u0432\u0435\u043d. \u041d\u0435 \u0437\u0440\u044f \u0438\u043c \u0447\u0430\u0449\u0435 \u0431\u043e\u043b\u0435\u044e\u0442 \u0436\u0435\u043d\u0449\u0438\u043d\u044b.\u00a0<\/li><\/ul><p><b>\"Estonian Vein Clinic\"<\/b><b> \u043f\u0440\u0435\u0434\u043b\u0430\u0433\u0430\u0435\u0442 \u0412\u0430\u043c \u0441\u043b\u0435\u0434\u0443\u044e\u0449\u0438\u0435 \u0432\u043e\u0437\u043c\u043e\u0436\u043d\u043e\u0441\u0442\u0438 \u0434\u0438\u0430\u0433\u043d\u043e\u0441\u0442\u0438\u0440\u043e\u0432\u0430\u043d\u0438\u044f:<\/b><\/p><ul><li><b>\u0420\u0430\u0437\u0432\u0435\u0440\u043d\u0443\u0442\u0443\u044e, \u0442\u043e\u0447\u043d\u0443\u044e \u0434\u0443\u043f\u043b\u0435\u043a\u0441\u043d\u0443\u044e \u0443\u043b\u044c\u0442\u0440\u0430\u0441\u043e\u043d\u043e\u0433\u0440\u0430\u0444\u0438\u044e \u043a\u0440\u043e\u0432\u0435\u043d\u043e\u0441\u043d\u044b\u0445 \u0441\u043e\u0441\u0443\u0434\u043e\u0432<\/b>, \u0441 \u043f\u043e\u043c\u043e\u0449\u044c\u044e \u0441\u043e\u0432\u0440\u0435\u043c\u0435\u043d\u043d\u043e\u0433\u043e \u0443\u0441\u0442\u0440\u043e\u0439\u0441\u0442\u0432\u0430 \u0423\u0421\u0413 <i>Premium <\/i>\u043a\u043b\u0430\u0441\u0441\u0430: <i>Esaote My Lab Five.<\/i><\/li><li><b>\u041f\u0440\u0435\u043e\u043f\u0435\u0440\u0430\u0442\u0438\u0432\u043d\u0430\u044f \u043c\u0430\u0440\u043a\u0438\u0440\u043e\u0432\u043a\u0430 \u0432\u0435\u043d(<\/b><b><i>mapping<\/i><\/b><b>)<\/b>, \u0438\u0441\u043f\u043e\u043b\u044c\u0437\u0443\u044f DUPLEX \u0441\u043e\u043d\u043e\u0433\u0440\u0430\u0444\u0438\u044e.<\/li><\/ul><p>\u0414\u043b\u044f \u0442\u043e\u0433\u043e, \u0447\u0442\u043e\u0431\u044b \u0434\u043e\u0441\u0442\u0438\u0447\u044c \u043e\u0436\u0438\u0434\u0430\u0435\u043c\u043e\u0433\u043e \u0440\u0435\u0437\u0443\u043b\u044c\u0442\u0430\u0442\u0430, \u0432\u044b\u0431\u0440\u0430\u0442\u044c \u0431\u043e\u043b\u0435\u0435 \u0432\u0435\u0440\u043d\u043e\u0435 \u0440\u0435\u0448\u0435\u043d\u0438\u0435 \u0438 \u043e\u0431\u0435\u0441\u043f\u0435\u0447\u0438\u0442\u044c \u044d\u0444\u0444\u0435\u043a\u0442\u0438\u0432\u043d\u043e\u0441\u0442\u044c \u0442\u0435\u0440\u0430\u043f\u0438\u0438, \u0432\u0430\u0436\u043d\u043e \u043f\u0440\u043e\u0432\u0435\u0441\u0442\u0438 \u0442\u043e\u0447\u043d\u0443\u044e \u0434\u0438\u0430\u0433\u043d\u043e\u0441\u0442\u0438\u043a\u0443. \u0412\u043e\u0432\u0440\u0435\u043c\u044f \u043f\u0440\u043e\u0432\u0435\u0434\u044f \u0438\u0441\u0441\u043b\u0435\u0434\u043e\u0432\u0430\u043d\u0438\u0435 \u0438 \u043d\u0430\u0447\u0430\u0432 \u043b\u0435\u0447\u0435\u043d\u0438\u0435, \u043c\u043e\u0436\u043d\u043e \u0443\u0441\u0442\u0440\u0430\u043d\u0438\u0442\u044c \u0440\u0430\u0437\u0432\u0438\u0442\u0438\u0435 \u0431\u043e\u043b\u0435\u0437\u043d\u0438, \u043f\u043e\u0441\u043a\u043e\u043b\u044c\u043a\u0443 \u043d\u0435\u0440\u0435\u0434\u043a\u043e \u043d\u0435\u0432\u043e\u043e\u0440\u0443\u0436\u0435\u043d\u043d\u044b\u043c \u0433\u043b\u0430\u0437\u043e\u043c \u0437\u0430\u043c\u0435\u0442\u0438\u0442\u044c \u043f\u0435\u0440\u0432\u044b\u0435 \u043f\u0440\u0438\u0437\u043d\u0430\u043a\u0438 \u0431\u043e\u043b\u0435\u0437\u043d\u0438 \u0432\u0435\u043d, \u0430 \u0442\u0430\u043a\u0436\u0435 \u0441\u043a\u0440\u044b\u0442\u044b\u0435 \u0444\u043e\u0440\u043c\u044b \u0432\u0430\u0440\u0438\u043a\u043e\u0437\u0430\u00a0 \u043d\u0435\u0432\u043e\u0437\u043c\u043e\u0436\u043d\u043e. \u0415\u0441\u0442\u044c \u043c\u043d\u043e\u0433\u043e \u043c\u0435\u0442\u043e\u0434\u043e\u0432 \u0438\u0441\u0441\u043b\u0435\u0434\u043e\u0432\u0430\u043d\u0438\u044f \u0432\u0435\u043d, \u043d\u043e \u00ab\u0437\u043e\u043b\u043e\u0442\u044b\u043c \u0441\u0442\u0430\u043d\u0434\u0430\u0440\u0442\u043e\u043c\u00bb \u0441\u0447\u0438\u0442\u0430\u0435\u0442\u0441\u044f <b>\u0423\u043b\u044c\u0442\u0440\u0430\u0437\u0432\u0443\u043a\u043e\u0432\u0430\u044f \u0434\u043e\u043f\u043f\u043b\u0435\u0440\u043e\u0433\u0440\u0430\u0444\u0438\u044f.<\/b><\/p><p>\u00a0<\/p><p style=\"text-align: center;\"><a href=\"https:\/\/evc.ee\/zapis-online\/\"><img class=\"size-full wp-image-322 aligncenter\" src=\"https:\/\/evc.ee\/wp-content\/uploads\/2013\/08\/Estonskaja-Klinika-Ven-diagnostika-lechenije-ven-1.png\" alt=\"Estonskaja-Klinika-Ven-diagnostika-lechenije-ven-1\" width=\"220\" height=\"51\" \/><\/a><strong>\u0438\u043b\u0438 \u043f\u043e \u0442\u0435\u043b\u0435\u0444\u043e\u043d\u0443 (+372) 619 0020<\/strong><\/p><p>\u00a0<\/p><p>\u00a0<\/p>","_et_gb_content_width":"","footnotes":""},"dipi_cpt_category":[],"class_list":["post-811","page","type-page","status-publish","hentry"],"_links":{"self":[{"href":"https:\/\/evc.ee\/en\/wp-json\/wp\/v2\/pages\/811","targetHints":{"allow":["GET"]}}],"collection":[{"href":"https:\/\/evc.ee\/en\/wp-json\/wp\/v2\/pages"}],"about":[{"href":"https:\/\/evc.ee\/en\/wp-json\/wp\/v2\/types\/page"}],"author":[{"embeddable":true,"href":"https:\/\/evc.ee\/en\/wp-json\/wp\/v2\/users\/2"}],"replies":[{"embeddable":true,"href":"https:\/\/evc.ee\/en\/wp-json\/wp\/v2\/comments?post=811"}],"version-history":[{"count":7,"href":"https:\/\/evc.ee\/en\/wp-json\/wp\/v2\/pages\/811\/revisions"}],"predecessor-version":[{"id":17881,"href":"https:\/\/evc.ee\/en\/wp-json\/wp\/v2\/pages\/811\/revisions\/17881"}],"wp:attachment":[{"href":"https:\/\/evc.ee\/en\/wp-json\/wp\/v2\/media?parent=811"}],"wp:term":[{"taxonomy":"dipi_cpt_category","embeddable":true,"href":"https:\/\/evc.ee\/en\/wp-json\/wp\/v2\/dipi_cpt_category?post=811"}],"curies":[{"name":"wp","href":"https:\/\/api.w.org\/{rel}","templated":true}]}}